{"id":850,"date":"2020-12-18T08:41:27","date_gmt":"2020-12-18T07:41:27","guid":{"rendered":"https:\/\/blogsaverroes.juntadeandalucia.es\/pre\/plantilla-pencil\/?page_id=850"},"modified":"2021-08-11T19:40:01","modified_gmt":"2021-08-11T18:40:01","slug":"planes-y-proyectos","status":"publish","type":"page","link":"https:\/\/blogsaverroes.juntadeandalucia.es\/ecoescuelapadremarchena\/planes-y-proyectos\/","title":{"rendered":"Planes y Proyectos"},"content":{"rendered":"<p>[et_pb_section fb_built=&#8221;1&#8243; _builder_version=&#8221;4.5.0&#8243; hover_enabled=&#8221;0&#8243; background_color=&#8221;#61c1f4&#8243;][et_pb_row _builder_version=&#8221;3.25&#8243; background_size=&#8221;initial&#8221; background_position=&#8221;top_left&#8221; background_repeat=&#8221;repeat&#8221;][et_pb_column type=&#8221;4_4&#8243; _builder_version=&#8221;3.25&#8243; custom_padding=&#8221;|||&#8221; custom_padding__hover=&#8221;|||&#8221;][et_pb_image src=&#8221;https:\/\/blogsaverroes.juntadeandalucia.es\/ecoescuelapadremarchena\/files\/2021\/08\/plantilla-banner-PLANES-Y-PROGRAMAS-1.jpg&#8221; title_text=&#8221;plantilla banner PLANES Y PROGRAMAS&#8221; admin_label=&#8221;Imagen de la portada&#8221; _builder_version=&#8221;4.5.0&#8243; hover_enabled=&#8221;0&#8243; z_index_tablet=&#8221;500&#8243; box_shadow_horizontal_tablet=&#8221;0px&#8221; box_shadow_vertical_tablet=&#8221;0px&#8221; box_shadow_blur_tablet=&#8221;40px&#8221; box_shadow_spread_tablet=&#8221;0px&#8221; module_alignment=&#8221;center&#8221; align=&#8221;center&#8221;][\/et_pb_image][et_pb_text admin_label=&#8221;Texto descriptivo&#8221; _builder_version=&#8221;4.5.0&#8243; _module_preset=&#8221;default&#8221; hover_enabled=&#8221;0&#8243;]<\/p>\n<h6 style=\"text-align: justify\">La Consejer\u00eda de educaci\u00f3n de la junta de Andaluc\u00eda a trav\u00e9s de su Plan estrat\u00e9gico de innovaci\u00f3n educativa ha dise\u00f1ando un variado programa de actuaciones para desarrollar las distintas tem\u00e1ticas y aspectos que preocupan en nuestra sociedad, tanto en los centros educativos como fuera de ellos.<\/h6>\n<h6 style=\"text-align: justify\">Las actuaciones de los planes y programas abarcan desde la salud y la prevenci\u00f3n a la seguridad vial, desde el medio ambiente y el consumo responsable hasta la lectura y las bibliotecas escolares, las conmemoraciones de hechos o personajes relevantes, etc.<\/h6>\n<h6 style=\"text-align: justify\">Todo ello agrupado por tem\u00e1ticas para facilitar su localizaci\u00f3n y desarrollado en portales educativos espec\u00edficos.<\/h6>\n<h6 style=\"text-align: justify\">En nuestro centro estos son los planes y programas que se imparten.<\/h6>\n<p>[\/et_pb_text][\/et_pb_column][\/et_pb_row][\/et_pb_section][et_pb_section fb_built=&#8221;1&#8243; specialty=&#8221;on&#8221; _builder_version=&#8221;4.5.0&#8243; _module_preset=&#8221;default&#8221; use_background_color_gradient=&#8221;on&#8221; background_color_gradient_start=&#8221;rgba(98,232,234,0.82)&#8221; background_color_gradient_end=&#8221;#e1ea91&#8243; hover_enabled=&#8221;0&#8243; top_divider_style=&#8221;mountains2&#8243; bottom_divider_style=&#8221;wave2&#8243; prev_background_color=&#8221;#61c1f4&#8243; next_background_color=&#8221;#ffffff&#8221;][et_pb_column type=&#8221;1_2&#8243; specialty_columns=&#8221;2&#8243;][et_pb_row_inner _builder_version=&#8221;4.5.0&#8243; _module_preset=&#8221;default&#8221; hover_enabled=&#8221;0&#8243; locked=&#8221;off&#8221;][et_pb_column_inner _builder_version=&#8221;4.5.0&#8243; _module_preset=&#8221;default&#8221; background_color=&#8221;#6d89e8&#8243; border_radii=&#8221;on|14px|14px|14px|14px&#8221; box_shadow_style=&#8221;preset2&#8243; hover_enabled=&#8221;0&#8243; saved_specialty_column_type=&#8221;1_2&#8243;][et_pb_text _builder_version=&#8221;4.5.0&#8243; _module_preset=&#8221;default&#8221; hover_enabled=&#8221;0&#8243; text_orientation=&#8221;center&#8221; header_text_align=&#8221;center&#8221; custom_margin=&#8221;0px||6px||false|false&#8221; custom_padding=&#8221;11px||0px||false|false&#8221;]<\/p>\n<h2 style=\"text-align: center\">PLANES EDUCATIVOS<\/h2>\n<p>[\/et_pb_text][et_pb_toggle _builder_version=&#8221;4.5.0&#8243; _module_preset=&#8221;default&#8221; title_text=&#8221;BANNER IGUALDAD&#8221; background_enable_image=&#8221;off&#8221; background_color=&#8221;rgba(196,89,242,0.82)&#8221; admin_label=&#8221;COMNUTADOR IGUALDAD&#8221; title=&#8221;PLAN DE IGUALDAD ENTRE HOMBRE Y MUJERES&#8221; icon_color=&#8221;#ffffff&#8221; use_icon_font_size=&#8221;on&#8221; icon_font_size=&#8221;26px&#8221; text_orientation=&#8221;center&#8221; open_toggle_text_color=&#8221;rgba(0,0,0,0.55)&#8221; title_level=&#8221;h4&#8243; title_font=&#8221;|600|||||||&#8221; border_radii=&#8221;on|5px|5px|5px|5px&#8221; box_shadow_style=&#8221;preset2&#8243; hover_enabled=&#8221;0&#8243; closed_toggle_text_color=&#8221;#000000&#8243;]<\/p>\n<p><img loading=\"lazy\" decoding=\"async\" src=\"https:\/\/blogsaverroes.juntadeandalucia.es\/ecoescuelapadremarchena\/files\/2021\/08\/BANNER-IGUALDAD-150x150.jpg\" width=\"150\" height=\"150\" alt=\"\" class=\"wp-image-2081 alignleft size-thumbnail\" \/><\/p>\n<p>&nbsp;<\/p>\n<p style=\"text-align: left\">\u00a0 \u00a0<a href=\"https:\/\/www.juntadeandalucia.es\/educacion\/portals\/web\/igualdad\/coordinacion-plan-igualdad-centros\" target=\"_blank\" rel=\"noopener noreferrer\" title=\"PORTAL DE IGUALDAD\"><strong>Ir al portal de igualdad.<\/strong><\/a><\/p>\n<p style=\"text-align: left\"><strong><\/strong><\/p>\n<p style=\"text-align: left\"><strong><\/strong><\/p>\n<p style=\"text-align: left\"><strong><\/strong><\/p>\n<p style=\"text-align: left\"><strong><\/strong><\/p>\n<p style=\"text-align: left\"><strong><\/strong><\/p>\n<p style=\"text-align: left\"><strong><\/strong><\/p>\n<p style=\"text-align: left\">\n<p>[\/et_pb_toggle][et_pb_toggle _builder_version=&#8221;4.5.0&#8243; _module_preset=&#8221;default&#8221; title_text=&#8221;BANNER IGUALDAD&#8221; background_enable_image=&#8221;off&#8221; background_color=&#8221;rgba(196,89,242,0.82)&#8221; admin_label=&#8221;COMNUTADOR IGUALDAD&#8221; title=&#8221;ESCUELA ESPACIO DE PAZ&#8221; icon_color=&#8221;#ffffff&#8221; use_icon_font_size=&#8221;on&#8221; icon_font_size=&#8221;26px&#8221; text_orientation=&#8221;center&#8221; open_toggle_text_color=&#8221;rgba(0,0,0,0.55)&#8221; title_level=&#8221;h4&#8243; title_font=&#8221;|600|||||||&#8221; border_radii=&#8221;on|5px|5px|5px|5px&#8221; box_shadow_style=&#8221;preset2&#8243; hover_enabled=&#8221;0&#8243; closed_toggle_text_color=&#8221;#000000&#8243; open_toggle_background_color=&#8221;#eeef97&#8243; closed_toggle_background_color=&#8221;#eeef97&#8243; custom_margin=&#8221;-17px||||false|false&#8221; title_font_size=&#8221;18px&#8221;]<\/p>\n<p><img loading=\"lazy\" decoding=\"async\" src=\"https:\/\/blogsaverroes.juntadeandalucia.es\/ecoescuelapadremarchena\/files\/2021\/08\/Logo-RAEEP-sin-borde-1-150x150.jpg\" width=\"150\" height=\"150\" alt=\"\" class=\"wp-image-2087 alignleft size-thumbnail\" \/><\/p>\n<p>&nbsp;<\/p>\n<p style=\"text-align: left\">\u00a0 \u00a0<a href=\"https:\/\/www.juntadeandalucia.es\/educacion\/portals\/web\/convivencia-escolar\/red-escuela-espacio-de-paz\" target=\"_blank\" rel=\"noopener noreferrer\" title=\"PORTAL DE  ESCUELA ESPACIO DE PAZ\"><strong>Ir al portal de escuela espacio de paz.<\/strong><\/a><\/p>\n<p style=\"text-align: justify\">Escuela: Espacio de Paz se proponen seis \u00e1mbitos de actuaci\u00f3n y profundizaci\u00f3n para la mejora de la convivencia escolar.<\/p>\n<p>[\/et_pb_toggle][\/et_pb_column_inner][\/et_pb_row_inner][et_pb_row_inner _builder_version=&#8221;4.5.0&#8243; _module_preset=&#8221;default&#8221;][et_pb_column_inner saved_specialty_column_type=&#8221;1_2&#8243; _builder_version=&#8221;4.5.0&#8243; _module_preset=&#8221;default&#8221;][et_pb_toggle _builder_version=&#8221;4.5.0&#8243; _module_preset=&#8221;default&#8221; title_text=&#8221;BANNER IGUALDAD&#8221; background_enable_image=&#8221;off&#8221; background_color=&#8221;rgba(196,89,242,0.82)&#8221; admin_label=&#8221;COMNUTADOR IGUALDAD&#8221; title=&#8221;BIBLIOTECA ESCOLARES&#8221; icon_color=&#8221;#ffffff&#8221; use_icon_font_size=&#8221;on&#8221; icon_font_size=&#8221;26px&#8221; text_orientation=&#8221;center&#8221; open_toggle_text_color=&#8221;rgba(0,0,0,0.55)&#8221; title_level=&#8221;h4&#8243; title_font=&#8221;|600|||||||&#8221; border_radii=&#8221;on|5px|5px|5px|5px&#8221; box_shadow_style=&#8221;preset2&#8243; hover_enabled=&#8221;0&#8243; closed_toggle_text_color=&#8221;#000000&#8243; open_toggle_background_color=&#8221;#e0b760&#8243; closed_toggle_background_color=&#8221;#e0b760&#8243; custom_margin=&#8221;-17px||||false|false&#8221; title_font_size=&#8221;18px&#8221;]<\/p>\n<p><img decoding=\"async\" src=\"https:\/\/www.juntadeandalucia.es\/educacion\/portals\/ishare-servlet\/content\/b170e308-f829-40d5-8929-832e2975bc7a\" alt=\"Bibliotecas Escolares\" style=\"margin-left: auto;margin-right: auto\" \/><\/p>\n<p>&nbsp;<\/p>\n<p style=\"text-align: justify\">Las bibliotecas escolares son un factor de compensaci\u00f3n social, que posibilitan el acceso a los recursos informativos y culturales a quienes carecen de ellos, procurando as\u00ed paliar la brecha digital y social.<\/p>\n<p style=\"text-align: justify\">Como centros de recursos, deben permitir el acceso a materiales informativos actualizados, diversos, apropiados, suficientes en n\u00famero y calidad para todas las \u00e1reas del curr\u00edculo, as\u00ed como atender la diversidad y apoyar los planes y proyectos del centro.<\/p>\n<p style=\"text-align: left\">\u00a0 \u00a0<a href=\"https:\/\/www.juntadeandalucia.es\/educacion\/portals\/web\/lecturas-bibliotecas-escolares\/bibliotecas-escolares\" target=\"_blank\" rel=\"noopener noreferrer\" title=\"PORTAL BIBLIOTECAS ESCOLARES\"><strong>Ir al portal de bibliotecas escolares.<\/strong><\/a><\/p>\n<p style=\"text-align: justify\">\n[\/et_pb_toggle][\/et_pb_column_inner][\/et_pb_row_inner][\/et_pb_column][et_pb_column type=&#8221;1_2&#8243;][et_pb_text _builder_version=&#8221;4.5.0&#8243; _module_preset=&#8221;default&#8221; text_orientation=&#8221;center&#8221; header_text_align=&#8221;center&#8221; custom_margin=&#8221;0px||6px||false|false&#8221; custom_padding=&#8221;11px||0px||false|false&#8221; background_color=&#8221;rgba(24,160,67,0.85)&#8221; border_radii=&#8221;off|5px|5px||&#8221; box_shadow_style=&#8221;preset2&#8243; hover_enabled=&#8221;0&#8243;]<\/p>\n<h3 style=\"text-align: center\">PROGRAMAS PARA LA INNOVACI\u00d3N EDUCATIVA<\/h3>\n<p>[\/et_pb_text][et_pb_toggle _builder_version=&#8221;4.5.0&#8243; _module_preset=&#8221;default&#8221; title_text=&#8221;BANNER IGUALDAD&#8221; background_enable_image=&#8221;off&#8221; background_color=&#8221;rgba(196,89,242,0.82)&#8221; admin_label=&#8221;COMNUTADOR IGUALDAD&#8221; title=&#8221;PROGRAMA ALDEA (modalidad A): ECOESCUELA&#8221; icon_color=&#8221;#ffffff&#8221; use_icon_font_size=&#8221;on&#8221; icon_font_size=&#8221;26px&#8221; text_orientation=&#8221;center&#8221; open_toggle_text_color=&#8221;rgba(0,0,0,0.55)&#8221; title_level=&#8221;h4&#8243; title_font=&#8221;|600|||||||&#8221; border_radii=&#8221;on|5px|5px|5px|5px&#8221; box_shadow_style=&#8221;preset2&#8243; hover_enabled=&#8221;0&#8243; closed_toggle_text_color=&#8221;#000000&#8243; open_toggle_background_color=&#8221;#58a372&#8243; closed_toggle_background_color=&#8221;#58a372&#8243;]<\/p>\n<p><img decoding=\"async\" src=\"https:\/\/www.juntadeandalucia.es\/educacion\/portals\/documents\/146301\/655265\/banner+ecoescuela.png\/3dfd45b3-141a-4f40-a50c-9bcc32f74b5e?t=1616070423769\" alt=\"Ecoescuelas\" \/><\/p>\n<p style=\"text-align: justify\">Programa de educaci\u00f3n ambiental desde una perspectiva integral, con enfoques did\u00e1cticos innovadores, fomentando la participaci\u00f3n de toda la comunidad educativa en las actuaciones de educaci\u00f3n ambiental que se desarrollen y promoviendo tem\u00e1ticas y l\u00edneas de intervenci\u00f3n sobre distintos escenarios y problem\u00e1ticas ambientales: medio urbano, cambio clim\u00e1tico, relaciones del ser humano con su entorno social y natural (\u00e1mbito ecosocial), energ\u00edas, biodiversidad, h\u00e1bitats y espacios naturales, litoral, agua, bosques, aves, residuos y\/o consumo.<br \/> Se trata en definitiva de promover las escuelas como entornos de aprendizaje sostenible, donde profesorado y alumnado integren los principios de la sostenibilidad en su pr\u00e1ctica cotidiana.<\/p>\n<p style=\"text-align: justify\">\n<p style=\"text-align: justify\">\n<h4 style=\"text-align: justify\"><a href=\"https:\/\/www.juntadeandalucia.es\/educacion\/portals\/web\/aldea\/inicio\" target=\"_blank\" rel=\"noopener noreferrer\" title=\"Programa Aldea\">\u00a0<strong>Ir al portal del programa aldea.<\/strong><\/a><\/h4>\n<p>[\/et_pb_toggle][et_pb_toggle _builder_version=&#8221;4.5.0&#8243; _module_preset=&#8221;default&#8221; title_text=&#8221;BANNER IGUALDAD&#8221; background_enable_image=&#8221;off&#8221; background_color=&#8221;rgba(196,89,242,0.82)&#8221; admin_label=&#8221;COMNUTADOR IGUALDAD&#8221; title=&#8221;CRECIENDO EN SALUD&#8221; icon_color=&#8221;#ffffff&#8221; use_icon_font_size=&#8221;on&#8221; icon_font_size=&#8221;26px&#8221; text_orientation=&#8221;center&#8221; open_toggle_text_color=&#8221;rgba(0,0,0,0.55)&#8221; title_level=&#8221;h4&#8243; title_font=&#8221;|600|||||||&#8221; border_radii=&#8221;on|5px|5px|5px|5px&#8221; box_shadow_style=&#8221;preset2&#8243; hover_enabled=&#8221;0&#8243; closed_toggle_text_color=&#8221;#000000&#8243; open_toggle_background_color=&#8221;#fca39f&#8221; closed_toggle_background_color=&#8221;#fca39f&#8221; custom_margin=&#8221;-17px||||false|false&#8221; title_font_size=&#8221;18px&#8221;]<\/p>\n<p>&nbsp;<\/p>\n<p style=\"text-align: justify\">\u00a0<img loading=\"lazy\" decoding=\"async\" src=\"https:\/\/blogsaverroes.juntadeandalucia.es\/ecoescuelapadremarchena\/files\/2021\/08\/banner-creciendo-en-salud-x150X60.jpg\" width=\"183\" height=\"90\" alt=\"\" class=\"wp-image-2096 alignleft size-full\" srcset=\"https:\/\/blogsaverroes.juntadeandalucia.es\/ecoescuelapadremarchena\/files\/2021\/08\/banner-creciendo-en-salud-x150X60.jpg 183w, https:\/\/blogsaverroes.juntadeandalucia.es\/ecoescuelapadremarchena\/files\/2021\/08\/banner-creciendo-en-salud-x150X60-24x12.jpg 24w, https:\/\/blogsaverroes.juntadeandalucia.es\/ecoescuelapadremarchena\/files\/2021\/08\/banner-creciendo-en-salud-x150X60-36x18.jpg 36w, https:\/\/blogsaverroes.juntadeandalucia.es\/ecoescuelapadremarchena\/files\/2021\/08\/banner-creciendo-en-salud-x150X60-48x24.jpg 48w\" sizes=\"(max-width: 183px) 100vw, 183px\" \/><span style=\"text-align: justify\">Englobado dentro del Programa de H\u00e1bitos de Vida Saludable constituye una herramienta para el desarrollo de las competencias clave del alumnado, el intercambio de experiencias, el trabajo en equipo, la creaci\u00f3n de redes interprofesionales y el desarrollo de metodolog\u00edas innovadoras en materia de promoci\u00f3n de la salud, facilitando el tratamiento de los contenidos curriculares relacionados con el bienestar emocional, la alimentaci\u00f3n y la actividad f\u00edsica, los h\u00e1bitos de higiene y el autocuidado, la educaci\u00f3n vial, la sexualidad y las relaciones igualitarias, el uso responsable de las tecnolog\u00edas.<\/span><\/p>\n<p style=\"text-align: justify\"><span style=\"text-align: justify\"><\/span><\/p>\n<p style=\"text-align: justify\"><span style=\"text-align: justify\"> \u00a0<a href=\"https:\/\/www.juntadeandalucia.es\/educacion\/portals\/web\/habitos-vida-saludable\/creciendo-en-salud\" target=\"_blank\" rel=\"noopener noreferrer\" title=\"PORTAL CRECIENDO EN SALUD\"><strong>Ir al portal de creciendo en salud.<\/strong><\/a><\/span><\/p>\n<p>[\/et_pb_toggle][et_pb_toggle _builder_version=&#8221;4.5.0&#8243; _module_preset=&#8221;default&#8221; title_text=&#8221;BANNER IGUALDAD&#8221; background_enable_image=&#8221;off&#8221; background_color=&#8221;rgba(196,89,242,0.82)&#8221; admin_label=&#8221;COMNUTADOR IGUALDAD&#8221; title=&#8221;INNICIA&#8221; icon_color=&#8221;#ffffff&#8221; use_icon_font_size=&#8221;on&#8221; icon_font_size=&#8221;26px&#8221; text_orientation=&#8221;center&#8221; open_toggle_text_color=&#8221;rgba(0,0,0,0.55)&#8221; title_level=&#8221;h4&#8243; title_font=&#8221;|600|||||||&#8221; border_radii=&#8221;on|5px|5px|5px|5px&#8221; box_shadow_style=&#8221;preset2&#8243; hover_enabled=&#8221;0&#8243; closed_toggle_text_color=&#8221;#000000&#8243; open_toggle_background_color=&#8221;#fcf828&#8243; closed_toggle_background_color=&#8221;#fcf828&#8243; custom_margin=&#8221;-17px||||false|false&#8221; title_font_size=&#8221;18px&#8221;]<\/p>\n<p><span style=\"text-align: justify\"><img loading=\"lazy\" decoding=\"async\" src=\"https:\/\/static.wixstatic.com\/media\/9c1ce0_ee4a53d0c6244393bfbb476b0864fb1b~mv2.png\/v1\/fill\/w_401,h_224,al_c,q_85,usm_0.66_1.00_0.01\/9c1ce0_ee4a53d0c6244393bfbb476b0864fb1b~mv2.webp\" width=\"132\" height=\"74\" style=\"margin-left: auto;margin-right: auto\" \/><\/span><\/p>\n<p style=\"text-align: justify\"><span style=\"text-align: justify\">Innicia es un programa para estimular en el alumnado la adquisici\u00f3n y desarrollo de competencias emprendedoras desde todos los \u00e1ngulos y \u00e1reas pedag\u00f3gicas, considerando el emprendimiento como una estrategia fundamental en la formaci\u00f3n de las personas a lo largo de la vida.<\/span><\/p>\n<p style=\"text-align: justify\">El emprendimiento educativo va m\u00e1s all\u00e1 de su dimensi\u00f3n productiva, mediante la simulaci\u00f3n de experiencias empresariales, e incorpora de manera integrada las dimensiones personal y social que le son inherentes.<\/p>\n<p style=\"text-align: justify\"><span style=\"text-align: justify\"><\/span><\/p>\n<p style=\"text-align: justify\"><span style=\"text-align: justify\"> \u00a0<a href=\"https:\/\/planesyprogramased.wixsite.com\/innicia\" target=\"_blank\" rel=\"noopener noreferrer\" title=\"PORTAL INNICIA\"><strong>Ir al portal de Innicia.<\/strong><\/a><\/span><\/p>\n<p>[\/et_pb_toggle][et_pb_toggle _builder_version=&#8221;4.5.0&#8243; _module_preset=&#8221;default&#8221; title_text=&#8221;BANNER IGUALDAD&#8221; background_enable_image=&#8221;off&#8221; background_color=&#8221;rgba(196,89,242,0.82)&#8221; admin_label=&#8221;COMNUTADOR IGUALDAD&#8221; title=&#8221;COMUNICA&#8221; icon_color=&#8221;#ffffff&#8221; use_icon_font_size=&#8221;on&#8221; icon_font_size=&#8221;26px&#8221; text_orientation=&#8221;center&#8221; open_toggle_text_color=&#8221;rgba(0,0,0,0.55)&#8221; title_level=&#8221;h4&#8243; title_font=&#8221;|600|||||||&#8221; border_radii=&#8221;on|5px|5px|5px|5px&#8221; box_shadow_style=&#8221;preset2&#8243; hover_enabled=&#8221;0&#8243; closed_toggle_text_color=&#8221;#000000&#8243; open_toggle_background_color=&#8221;#6be0d6&#8243; closed_toggle_background_color=&#8221;#6be0d6&#8243; custom_margin=&#8221;-17px||||false|false&#8221; title_font_size=&#8221;18px&#8221;]<\/p>\n<p><span style=\"text-align: justify\">\u00a0<\/span><\/p>\n<p><span style=\"text-align: justify\"><img loading=\"lazy\" decoding=\"async\" src=\"https:\/\/www.juntadeandalucia.es\/educacion\/portals\/ishare-servlet\/content\/3cdaf879-45ee-42ce-8905-9de0e100e651\" alt=\"ComunicA\" width=\"186\" height=\"62\" style=\"float: left\" \/><\/span><\/p>\n<p style=\"text-align: justify\">ComunicA es un Programa para la Innovaci\u00f3n Educativa que presenta una visi\u00f3n integradora de las tipolog\u00edas textuales como manifestaci\u00f3n cultural, ling\u00fc\u00edstica, est\u00e9tica, social, \u00e9tica e individual que se vinculan con las competencias clave y las nuevas metodolog\u00edas educativas.<\/p>\n<p style=\"text-align: justify\">Tiene como objetivo primordial ofrecer estrategias y recursos metodol\u00f3gicos que puedan complementar el curr\u00edculum escolar con medidas de apoyo para la mejora de la lectura, la escritura y la lengua oral<\/p>\n<p style=\"text-align: justify\"><span style=\"text-align: justify\"><\/span><\/p>\n<p style=\"text-align: justify\"><span style=\"text-align: justify\"> \u00a0<a href=\"https:\/\/www.juntadeandalucia.es\/educacion\/portals\/web\/lecturas-bibliotecas-escolares\/programa-comunica\" target=\"_blank\" rel=\"noopener noreferrer\" title=\"PORTAL COMUNICA\"><strong>Ir al portal de Comunica.<\/strong><\/a><\/span><\/p>\n<p>[\/et_pb_toggle][et_pb_toggle _builder_version=&#8221;4.5.0&#8243; _module_preset=&#8221;default&#8221; title_text=&#8221;BANNER IGUALDAD&#8221; background_enable_image=&#8221;off&#8221; background_color=&#8221;rgba(196,89,242,0.82)&#8221; admin_label=&#8221;COMNUTADOR IGUALDAD&#8221; title=&#8221;TRANSFORMACI\u00d3N DIGITAL DE CENTROS (#TDE)&#8221; icon_color=&#8221;#ffffff&#8221; use_icon_font_size=&#8221;on&#8221; icon_font_size=&#8221;26px&#8221; text_orientation=&#8221;center&#8221; open_toggle_text_color=&#8221;rgba(0,0,0,0.55)&#8221; title_level=&#8221;h4&#8243; title_font=&#8221;|600|||||||&#8221; border_radii=&#8221;on|5px|5px|5px|5px&#8221; box_shadow_style=&#8221;preset2&#8243; hover_enabled=&#8221;0&#8243; closed_toggle_text_color=&#8221;#000000&#8243; open_toggle_background_color=&#8221;#6878f2&#8243; closed_toggle_background_color=&#8221;#6878f2&#8243; custom_margin=&#8221;-17px||||false|false&#8221; title_font_size=&#8221;18px&#8221;]<\/p>\n<p><span style=\"text-align: justify\">\u00a0<\/span><\/p>\n<p><img decoding=\"async\" src=\"https:\/\/www.juntadeandalucia.es\/educacion\/portals\/image\/layout_set_logo?img_id=602903&amp;t=1628705624582\" alt=\"Transformaci\u00f3n Digital Educativa\" style=\"float: left\" \/><\/p>\n<p style=\"text-align: justify\">Tomando como referente el Marco Europeo para Organizaciones Educativas Digitalmente Competentes <strong>(DigCompOrg)<\/strong>, la Consejer\u00eda de Educaci\u00f3n puso en marcha para el curso 2018\/19 el Programa de Digitalizaci\u00f3n de Centros (#PRODIG), con el objetivo fundamental de impulsar y apoyar la transformaci\u00f3n de los centros docentes en organizaciones educativas digitalmente competentes.<\/p>\n<p style=\"text-align: justify\">#PRODIG est\u00e1 asumiendo el liderazgo en el proceso de <strong>Transformaci\u00f3n Digital Educativa (#TDE)<\/strong> en Andaluc\u00eda, estableciendo pautas y ofreciendo herramientas a los centros para su diagn\u00f3stico y mejora general y especialmente en el desarrollo de la Competencia Digital, mediante la formaci\u00f3n y la implementaci\u00f3n de actuaciones en cada de sus \u00e1mbitos: Organizaci\u00f3n, Informaci\u00f3n y Comunicaci\u00f3n, y procesos de Ense\u00f1anza-Aprendizaje.<\/p>\n<p style=\"text-align: justify\"><span style=\"text-align: justify\"><\/span><\/p>\n<p style=\"text-align: justify\"><a href=\"https:\/\/www.juntadeandalucia.es\/educacion\/portals\/web\/transformacion-digital-educativa\" target=\"_blank\" rel=\"noopener noreferrer\" title=\"TDE\"><span style=\"text-align: justify\"> \u00a0<strong>Ir al portal de la #TDE.<\/strong><\/span><\/a><\/p>\n<p>[\/et_pb_toggle][\/et_pb_column][\/et_pb_section]<\/p>\n","protected":false},"excerpt":{"rendered":"<p>La Consejer\u00eda de educaci\u00f3n de la junta de Andaluc\u00eda a trav\u00e9s de su Plan estrat\u00e9gico de innovaci\u00f3n educativa ha dise\u00f1ando un variado programa de actuaciones para desarrollar las distintas tem\u00e1ticas y aspectos que preocupan en nuestra sociedad, tanto en los centros educativos como fuera de ellos. Las actuaciones de los planes y programas abarcan desde [&hellip;]<\/p>\n","protected":false},"author":7051,"featured_media":0,"parent":0,"menu_order":0,"comment_status":"closed","ping_status":"closed","template":"","meta":{"_et_pb_use_builder":"on","_et_pb_old_content":"","_et_gb_content_width":"","ngg_post_thumbnail":0,"footnotes":""},"aioseo_notices":[],"_links":{"self":[{"href":"https:\/\/blogsaverroes.juntadeandalucia.es\/ecoescuelapadremarchena\/wp-json\/wp\/v2\/pages\/850"}],"collection":[{"href":"https:\/\/blogsaverroes.juntadeandalucia.es\/ecoescuelapadremarchena\/wp-json\/wp\/v2\/pages"}],"about":[{"href":"https:\/\/blogsaverroes.juntadeandalucia.es\/ecoescuelapadremarchena\/wp-json\/wp\/v2\/types\/page"}],"author":[{"embeddable":true,"href":"https:\/\/blogsaverroes.juntadeandalucia.es\/ecoescuelapadremarchena\/wp-json\/wp\/v2\/users\/7051"}],"replies":[{"embeddable":true,"href":"https:\/\/blogsaverroes.juntadeandalucia.es\/ecoescuelapadremarchena\/wp-json\/wp\/v2\/comments?post=850"}],"version-history":[{"count":15,"href":"https:\/\/blogsaverroes.juntadeandalucia.es\/ecoescuelapadremarchena\/wp-json\/wp\/v2\/pages\/850\/revisions"}],"predecessor-version":[{"id":2105,"href":"https:\/\/blogsaverroes.juntadeandalucia.es\/ecoescuelapadremarchena\/wp-json\/wp\/v2\/pages\/850\/revisions\/2105"}],"wp:attachment":[{"href":"https:\/\/blogsaverroes.juntadeandalucia.es\/ecoescuelapadremarchena\/wp-json\/wp\/v2\/media?parent=850"}],"curies":[{"name":"wp","href":"https:\/\/api.w.org\/{rel}","templated":true}]}}