{"id":853,"date":"2020-12-18T08:50:47","date_gmt":"2020-12-18T07:50:47","guid":{"rendered":"https:\/\/blogsaverroes.juntadeandalucia.es\/pre\/plantilla-pencil\/?page_id=853"},"modified":"2021-08-12T01:26:49","modified_gmt":"2021-08-12T00:26:49","slug":"el-cole","status":"publish","type":"page","link":"https:\/\/blogsaverroes.juntadeandalucia.es\/ecoescuelapadremarchena\/el-cole\/","title":{"rendered":"Nuestra Historia"},"content":{"rendered":"<p>[et_pb_section fb_built=&#8221;1&#8243; _builder_version=&#8221;4.5.0&#8243; background_image=&#8221;https:\/\/blogsaverroes.juntadeandalucia.es\/ecoescuelapadremarchena\/files\/2021\/08\/hand-painted-watercolor-background-with-sky-and-clouds-shape-scaled.jpg&#8221;][et_pb_row _builder_version=&#8221;3.25&#8243; background_size=&#8221;initial&#8221; background_position=&#8221;top_left&#8221; background_repeat=&#8221;repeat&#8221;][et_pb_column type=&#8221;4_4&#8243; _builder_version=&#8221;3.25&#8243; custom_padding=&#8221;|||&#8221; custom_padding__hover=&#8221;|||&#8221;][et_pb_image src=&#8221;https:\/\/blogsaverroes.juntadeandalucia.es\/ecoescuelapadremarchena\/files\/2021\/08\/Porches-padre-marchena.jpg&#8221; alt=&#8221;porche padre marchena&#8221; title_text=&#8221;Porches padre marchena&#8221; admin_label=&#8221;Imagen de la portada&#8221; _builder_version=&#8221;4.5.0&#8243; z_index_tablet=&#8221;500&#8243; box_shadow_horizontal_tablet=&#8221;0px&#8221; box_shadow_vertical_tablet=&#8221;0px&#8221; box_shadow_blur_tablet=&#8221;40px&#8221; box_shadow_spread_tablet=&#8221;0px&#8221;][\/et_pb_image][et_pb_text admin_label=&#8221;Texto descriptivo&#8221; _builder_version=&#8221;4.5.0&#8243; background_enable_image=&#8221;off&#8221; z_index_tablet=&#8221;500&#8243; text_text_shadow_horizontal_length_tablet=&#8221;0px&#8221; text_text_shadow_vertical_length_tablet=&#8221;0px&#8221; text_text_shadow_blur_strength_tablet=&#8221;1px&#8221; link_text_shadow_horizontal_length_tablet=&#8221;0px&#8221; link_text_shadow_vertical_length_tablet=&#8221;0px&#8221; link_text_shadow_blur_strength_tablet=&#8221;1px&#8221; ul_text_shadow_horizontal_length_tablet=&#8221;0px&#8221; ul_text_shadow_vertical_length_tablet=&#8221;0px&#8221; ul_text_shadow_blur_strength_tablet=&#8221;1px&#8221; ol_text_shadow_horizontal_length_tablet=&#8221;0px&#8221; ol_text_shadow_vertical_length_tablet=&#8221;0px&#8221; ol_text_shadow_blur_strength_tablet=&#8221;1px&#8221; quote_text_shadow_horizontal_length_tablet=&#8221;0px&#8221; quote_text_shadow_vertical_length_tablet=&#8221;0px&#8221; quote_text_shadow_blur_strength_tablet=&#8221;1px&#8221; header_text_shadow_horizontal_length_tablet=&#8221;0px&#8221; header_text_shadow_vertical_length_tablet=&#8221;0px&#8221; header_text_shadow_blur_strength_tablet=&#8221;1px&#8221; header_2_text_shadow_horizontal_length_tablet=&#8221;0px&#8221; header_2_text_shadow_vertical_length_tablet=&#8221;0px&#8221; header_2_text_shadow_blur_strength_tablet=&#8221;1px&#8221; header_3_text_shadow_horizontal_length_tablet=&#8221;0px&#8221; header_3_text_shadow_vertical_length_tablet=&#8221;0px&#8221; header_3_text_shadow_blur_strength_tablet=&#8221;1px&#8221; header_4_text_shadow_horizontal_length_tablet=&#8221;0px&#8221; header_4_text_shadow_vertical_length_tablet=&#8221;0px&#8221; header_4_text_shadow_blur_strength_tablet=&#8221;1px&#8221; header_5_text_shadow_horizontal_length_tablet=&#8221;0px&#8221; header_5_text_shadow_vertical_length_tablet=&#8221;0px&#8221; header_5_text_shadow_blur_strength_tablet=&#8221;1px&#8221; header_6_text_shadow_horizontal_length_tablet=&#8221;0px&#8221; header_6_text_shadow_vertical_length_tablet=&#8221;0px&#8221; header_6_text_shadow_blur_strength_tablet=&#8221;1px&#8221; box_shadow_horizontal_tablet=&#8221;0px&#8221; box_shadow_vertical_tablet=&#8221;0px&#8221; box_shadow_blur_tablet=&#8221;40px&#8221; box_shadow_spread_tablet=&#8221;0px&#8221;]<\/p>\n<h1><strong><span style=\"color: #333399\">Nuestro centro<\/span><\/strong><\/h1>\n<p><span style=\"color: #0000ff\">El centro CEIP Padre Marchena, primer centro graduado de Marchena y mixto desde su inicio, aunque segregados, ha sido testigo y art\u00edfice de la formaci\u00f3n de muchas generaciones de marcheneros y marcheneras.&nbsp; Como todo organismo vivo, ha pasado por etapas m\u00e1s o menos brillantes o felices, condicionadas por el crecimiento o depresi\u00f3n de la poblaci\u00f3n de su entorno, de los avatares econ\u00f3micos y sociales generales y particulares de su comunidad educativa, de las colaboraciones recibidas desde los diversos \u00e1mbitos de las administraciones educativas, municipales, provinciales, etc.<\/span><\/p>\n<h1><strong><span style=\"color: #333399\">Instalaciones<\/span><\/strong><\/h1>\n<p><span style=\"color: #0000ff\">El Centro de gran amplitud y tradici\u00f3n en la localidad cuenta con dos edificios de dos plantas.<\/span><\/p>\n<p><span style=\"color: #0000ff\">El principal y m\u00e1s antiguo del a\u00f1o 1955. Las aulas son, en su mayor\u00eda, amplias para los cursos de Educaci\u00f3n Infantil y de Educaci\u00f3n Primaria.<\/span><\/p>\n<p><span style=\"color: #0000ff\">Tambi\u00e9n cuenta con varios servicios, aula de m\u00fasica, aula de pedagog\u00eda terap\u00e9utica, aula de fisioterapeuta y audici\u00f3n y lenguaje, aula del E.O.E., la secretar\u00eda del AMPA y la biblioteca situada en una tercera planta.&nbsp;<\/span><\/p>\n<p><span style=\"color: #0000ff\">En la parte de nueva construcci\u00f3n (1990) se encuentran el resto de aulas de Primaria, el comedor y la cocina, despachos de direcci\u00f3n, administraci\u00f3n, aula espec\u00edfica, dos servicios y la sala de profesores.<\/span><\/p>\n<p><span style=\"color: #0000ff\">La planta alta y baja tienen tanto acceso por escaleras como por ascensor.<\/span><\/p>\n<p>[\/et_pb_text][\/et_pb_column][\/et_pb_row][et_pb_row _builder_version=&#8221;4.5.0&#8243; _module_preset=&#8221;default&#8221;][et_pb_column type=&#8221;4_4&#8243; _builder_version=&#8221;4.5.0&#8243; _module_preset=&#8221;default&#8221;][et_pb_text _builder_version=&#8221;4.5.0&#8243; _module_preset=&#8221;default&#8221;]<\/p>\n<h1><strong>PLANOS<\/strong><\/h1>\n<p>[\/et_pb_text][\/et_pb_column][\/et_pb_row][et_pb_row column_structure=&#8221;1_2,1_2&#8243; _builder_version=&#8221;4.5.0&#8243; _module_preset=&#8221;default&#8221;][et_pb_column type=&#8221;1_2&#8243; _builder_version=&#8221;4.5.0&#8243; _module_preset=&#8221;default&#8221;][et_pb_image src=&#8221;https:\/\/blogsaverroes.juntadeandalucia.es\/ecoescuelapadremarchena\/files\/2021\/08\/plano-planta-baja.jpg&#8221; alt=&#8221;plano plant baja&#8221; title_text=&#8221;plano planta baja&#8221; _builder_version=&#8221;4.5.0&#8243; _module_preset=&#8221;default&#8221;][\/et_pb_image][\/et_pb_column][et_pb_column type=&#8221;1_2&#8243; _builder_version=&#8221;4.5.0&#8243; _module_preset=&#8221;default&#8221;][et_pb_image src=&#8221;https:\/\/blogsaverroes.juntadeandalucia.es\/ecoescuelapadremarchena\/files\/2021\/08\/plano-planta-primera.jpg&#8221; alt=&#8221;plano planta alta&#8221; title_text=&#8221;plano planta primera&#8221; _builder_version=&#8221;4.5.0&#8243; _module_preset=&#8221;default&#8221;][\/et_pb_image][\/et_pb_column][\/et_pb_row][\/et_pb_section][et_pb_section fb_built=&#8221;1&#8243; _builder_version=&#8221;4.5.0&#8243; background_image=&#8221;https:\/\/blogsaverroes.juntadeandalucia.es\/ecoescuelapadremarchena\/files\/2021\/08\/hand-painted-watercolor-background-with-sky-and-clouds-shape-scaled.jpg&#8221;][et_pb_row column_structure=&#8221;1_2,1_2&#8243; _builder_version=&#8221;4.5.0&#8243; _module_preset=&#8221;default&#8221; locked=&#8221;off&#8221;][et_pb_column type=&#8221;1_2&#8243; _builder_version=&#8221;4.5.0&#8243; _module_preset=&#8221;default&#8221;][\/et_pb_column][et_pb_column type=&#8221;1_2&#8243; _builder_version=&#8221;4.5.0&#8243; _module_preset=&#8221;default&#8221;][et_pb_text _builder_version=&#8221;4.5.0&#8243; _module_preset=&#8221;default&#8221; text_text_color=&#8221;#007fe0&#8243; text_font_size=&#8221;20px&#8221; background_enable_color=&#8221;off&#8221; text_orientation=&#8221;center&#8221; custom_margin=&#8221;22px||22px||true|false&#8221; text_text_shadow_style=&#8221;preset1&#8243;]<\/p>\n<p><strong><span style=\"font-size: 18pt\">\u00bfD\u00d3NDE ESTAMOS?<\/span><\/strong><\/p>\n<p>[\/et_pb_text][et_pb_code _builder_version=&#8221;4.5.0&#8243; _module_preset=&#8221;default&#8221; background_color=&#8221;#d6d6d6&#8243; max_height=&#8221;458px&#8221; border_radii=&#8221;on|10px|10px|10px|10px&#8221; box_shadow_style=&#8221;preset4&#8243;]<iframe loading=\"lazy\" src=\"https:\/\/www.google.com\/maps\/embed?pb=!1m18!1m12!1m3!1d3172.4311353862586!2d-5.42071218534216!3d37.33230054526675!2m3!1f0!2f0!3f0!3m2!1i1024!2i768!4f13.1!3m3!1m2!1s0xd12983cebfc7669%3A0x4a00c43e12b37cce!2sCEIP%20Padre%20Marchena!5e0!3m2!1ses!2ses!4v1619513341760!5m2!1ses!2ses\" width=\"100%\" height=\"458\"><\/iframe>[\/et_pb_code][\/et_pb_column][\/et_pb_row][\/et_pb_section]<\/p>\n","protected":false},"excerpt":{"rendered":"<p>Nuestro centro El centro CEIP Padre Marchena, primer centro graduado de Marchena y mixto desde su inicio, aunque segregados, ha sido testigo y art\u00edfice de la formaci\u00f3n de muchas generaciones de marcheneros y marcheneras.&nbsp; Como todo organismo vivo, ha pasado por etapas m\u00e1s o menos brillantes o felices, condicionadas por el crecimiento o depresi\u00f3n de [&hellip;]<\/p>\n","protected":false},"author":7051,"featured_media":0,"parent":0,"menu_order":0,"comment_status":"closed","ping_status":"closed","template":"","meta":{"_et_pb_use_builder":"on","_et_pb_old_content":"","_et_gb_content_width":"","ngg_post_thumbnail":0,"footnotes":""},"aioseo_notices":[],"_links":{"self":[{"href":"https:\/\/blogsaverroes.juntadeandalucia.es\/ecoescuelapadremarchena\/wp-json\/wp\/v2\/pages\/853"}],"collection":[{"href":"https:\/\/blogsaverroes.juntadeandalucia.es\/ecoescuelapadremarchena\/wp-json\/wp\/v2\/pages"}],"about":[{"href":"https:\/\/blogsaverroes.juntadeandalucia.es\/ecoescuelapadremarchena\/wp-json\/wp\/v2\/types\/page"}],"author":[{"embeddable":true,"href":"https:\/\/blogsaverroes.juntadeandalucia.es\/ecoescuelapadremarchena\/wp-json\/wp\/v2\/users\/7051"}],"replies":[{"embeddable":true,"href":"https:\/\/blogsaverroes.juntadeandalucia.es\/ecoescuelapadremarchena\/wp-json\/wp\/v2\/comments?post=853"}],"version-history":[{"count":3,"href":"https:\/\/blogsaverroes.juntadeandalucia.es\/ecoescuelapadremarchena\/wp-json\/wp\/v2\/pages\/853\/revisions"}],"predecessor-version":[{"id":2149,"href":"https:\/\/blogsaverroes.juntadeandalucia.es\/ecoescuelapadremarchena\/wp-json\/wp\/v2\/pages\/853\/revisions\/2149"}],"wp:attachment":[{"href":"https:\/\/blogsaverroes.juntadeandalucia.es\/ecoescuelapadremarchena\/wp-json\/wp\/v2\/media?parent=853"}],"curies":[{"name":"wp","href":"https:\/\/api.w.org\/{rel}","templated":true}]}}