{"id":871,"date":"2020-12-18T08:57:29","date_gmt":"2020-12-18T07:57:29","guid":{"rendered":"https:\/\/blogsaverroes.juntadeandalucia.es\/pre\/plantilla-pencil\/?page_id=871"},"modified":"2021-09-14T13:53:46","modified_gmt":"2021-09-14T12:53:46","slug":"comedor-escolar","status":"publish","type":"page","link":"https:\/\/blogsaverroes.juntadeandalucia.es\/ecoescuelapadremarchena\/comedor-escolar\/","title":{"rendered":"Comedor escolar"},"content":{"rendered":"<p>[et_pb_section fb_built=&#8221;1&#8243; _builder_version=&#8221;3.23.3&#8243; custom_padding=&#8221;0px||0px|&#8221; z_index_tablet=&#8221;500&#8243; box_shadow_horizontal_tablet=&#8221;0px&#8221; box_shadow_vertical_tablet=&#8221;0px&#8221; box_shadow_blur_tablet=&#8221;40px&#8221; box_shadow_spread_tablet=&#8221;0px&#8221;][et_pb_row _builder_version=&#8221;3.25&#8243; background_size=&#8221;initial&#8221; background_position=&#8221;top_left&#8221; background_repeat=&#8221;repeat&#8221;][et_pb_column type=&#8221;4_4&#8243; _builder_version=&#8221;3.25&#8243; custom_padding=&#8221;|||&#8221; custom_padding__hover=&#8221;|||&#8221;][et_pb_image src=&#8221;https:\/\/blogsaverroes.juntadeandalucia.es\/ecoescuelapadremarchena\/files\/2021\/08\/banner-comedor.jpg&#8221; title_text=&#8221;banner comedor&#8221; admin_label=&#8221;Imagen de la portada&#8221; _builder_version=&#8221;4.5.0&#8243; z_index_tablet=&#8221;500&#8243; box_shadow_horizontal_tablet=&#8221;0px&#8221; box_shadow_vertical_tablet=&#8221;0px&#8221; box_shadow_blur_tablet=&#8221;40px&#8221; box_shadow_spread_tablet=&#8221;0px&#8221;][\/et_pb_image][et_pb_text admin_label=&#8221;Texto descriptivo&#8221; _builder_version=&#8221;4.5.0&#8243; custom_padding=&#8221;3px|||||&#8221; z_index_tablet=&#8221;500&#8243; text_text_shadow_horizontal_length_tablet=&#8221;0px&#8221; text_text_shadow_vertical_length_tablet=&#8221;0px&#8221; text_text_shadow_blur_strength_tablet=&#8221;1px&#8221; link_text_shadow_horizontal_length_tablet=&#8221;0px&#8221; link_text_shadow_vertical_length_tablet=&#8221;0px&#8221; link_text_shadow_blur_strength_tablet=&#8221;1px&#8221; ul_text_shadow_horizontal_length_tablet=&#8221;0px&#8221; ul_text_shadow_vertical_length_tablet=&#8221;0px&#8221; ul_text_shadow_blur_strength_tablet=&#8221;1px&#8221; ol_text_shadow_horizontal_length_tablet=&#8221;0px&#8221; ol_text_shadow_vertical_length_tablet=&#8221;0px&#8221; ol_text_shadow_blur_strength_tablet=&#8221;1px&#8221; quote_text_shadow_horizontal_length_tablet=&#8221;0px&#8221; quote_text_shadow_vertical_length_tablet=&#8221;0px&#8221; quote_text_shadow_blur_strength_tablet=&#8221;1px&#8221; header_text_shadow_horizontal_length_tablet=&#8221;0px&#8221; header_text_shadow_vertical_length_tablet=&#8221;0px&#8221; header_text_shadow_blur_strength_tablet=&#8221;1px&#8221; header_2_text_shadow_horizontal_length_tablet=&#8221;0px&#8221; header_2_text_shadow_vertical_length_tablet=&#8221;0px&#8221; header_2_text_shadow_blur_strength_tablet=&#8221;1px&#8221; header_3_text_shadow_horizontal_length_tablet=&#8221;0px&#8221; header_3_text_shadow_vertical_length_tablet=&#8221;0px&#8221; header_3_text_shadow_blur_strength_tablet=&#8221;1px&#8221; header_4_text_shadow_horizontal_length_tablet=&#8221;0px&#8221; header_4_text_shadow_vertical_length_tablet=&#8221;0px&#8221; header_4_text_shadow_blur_strength_tablet=&#8221;1px&#8221; header_5_text_shadow_horizontal_length_tablet=&#8221;0px&#8221; header_5_text_shadow_vertical_length_tablet=&#8221;0px&#8221; header_5_text_shadow_blur_strength_tablet=&#8221;1px&#8221; header_6_text_shadow_horizontal_length_tablet=&#8221;0px&#8221; header_6_text_shadow_vertical_length_tablet=&#8221;0px&#8221; header_6_text_shadow_blur_strength_tablet=&#8221;1px&#8221; box_shadow_horizontal_tablet=&#8221;0px&#8221; box_shadow_vertical_tablet=&#8221;0px&#8221; box_shadow_blur_tablet=&#8221;40px&#8221; box_shadow_spread_tablet=&#8221;0px&#8221;]<\/p>\n<h1><strong>Comedor escolar<\/strong><\/h1>\n<p>&nbsp;<\/p>\n<p>El servicio de comedor escolar ofrece comida diaria (dos platos, pan, agua y postre),&nbsp;servida por el catering Luis Sosa, contratado por la Junta de Andaluc\u00eda.<\/p>\n<h4 style=\"text-align: center\"><strong><span style=\"text-decoration: underline\"><a href=\"https:\/\/micomedor.es\/\">Web de Luis Sosa<\/a><\/span><\/strong><\/h4>\n<p>El servicio se ofrece de lunes a viernes de 14:00 h. a 16:00 h., y en \u00e9l se pretende que sea continuaci\u00f3n de la tarea educativa.<\/p>\n<p>El comedor escolar debe entenderse como un servicio educativo que completa la labor del centro docente, por lo que en \u00e9l debe desarrollarse las siguientes funciones:<\/p>\n<ul>\n<li>Educar en h\u00e1bitos alimentarios saludables utilizando un plan de alimentaci\u00f3n equilibrado.<\/li>\n<li>Promover la adaptaci\u00f3n del alumnado a una diversidad de men\u00fas y a una disciplina que incluya la cortes\u00eda, la tolerancia, la solidaridad y la educaci\u00f3n para la convivencia (educaci\u00f3n en la mesa, postura correcta\u2026).<\/li>\n<li>Ofrecer una planificaci\u00f3n alimentaria que aporte las sustancias nutritivas que los alumnos y alumnas necesitan para su normal desarrollo.<\/li>\n<li>Contribuir a la integraci\u00f3n de la familia en la medida que facilite a los padres y madres el ejercicio de sus funciones laborales y sociales.<\/li>\n<li>Facilitar que mujeres y hombres andaluces puedan optar libremente a su proyecto de desarrollo personal y profesional.<\/li>\n<li>Interesar a las familias en los beneficios que puedan obtenerse de una colaboraci\u00f3n conjunta con los responsables del comedor escolar, tanto en lo referido a la salud como en su educaci\u00f3n nutricional.<\/li>\n<li>Concienciar a las familias en los patrones de conducta adquiridos en el comedor del centro escolar.<\/li>\n<li>Informar y concienciar a los alumnos de programas y pr\u00e1cticas de higiene personal: aseo general, lavado de manos, cepillado de dientes, manipulaci\u00f3n en el consumo de alimentos\u2026<\/li>\n<li>Educar a los alumnos y alumnas en la relaci\u00f3n social: fomento de la comunicaci\u00f3n, la buena convivencia y las relaciones con los compa\u00f1eros y compa\u00f1eras de mesa.<\/li>\n<\/ul>\n<p>[\/et_pb_text][et_pb_text _builder_version=&#8221;4.5.0&#8243; _module_preset=&#8221;default&#8221; hover_enabled=&#8221;0&#8243;]<\/p>\n<table style=\"border-collapse: collapse;width: 100%\">\n<tbody>\n<tr style=\"height: 58.2245px\">\n<td style=\"width: 10%;height: 58.2245px\"><img loading=\"lazy\" decoding=\"async\" class=\"wp-image-1656 aligncenter\" src=\"https:\/\/blogsaverroes.juntadeandalucia.es\/ecoescuelapadremarchena\/files\/2021\/08\/icono_pdf_2.png\" alt=\"\" width=\"41\" height=\"51\" srcset=\"https:\/\/blogsaverroes.juntadeandalucia.es\/ecoescuelapadremarchena\/files\/2021\/08\/icono_pdf_2.png 57w, https:\/\/blogsaverroes.juntadeandalucia.es\/ecoescuelapadremarchena\/files\/2021\/08\/icono_pdf_2-20x24.png 20w, https:\/\/blogsaverroes.juntadeandalucia.es\/ecoescuelapadremarchena\/files\/2021\/08\/icono_pdf_2-29x36.png 29w, https:\/\/blogsaverroes.juntadeandalucia.es\/ecoescuelapadremarchena\/files\/2021\/08\/icono_pdf_2-39x48.png 39w\" sizes=\"(max-width: 41px) 100vw, 41px\" \/><\/td>\n<td style=\"width: 89%;height: 58.2245px\"><span style=\"color: #5167e8\"><strong>\u00a0<a title=\"Pulse para visualizar el documento:\u00a0Anexo II.- Servicio de Aula Matinal, Comedor Escolar y actividades Extraescolares\" href=\"https:\/\/www.juntadeandalucia.es\/educacion\/portals\/delegate\/content\/6c4342f7-1581-4c26-bc7e-2e49b4b64cee\/Anexo%20II.-%20Servicio%20de%20Aula%20Matinal,%20Comedor%20Escolar%20y%20actividades%20Extraescolares\" target=\"_blank\" rel=\"noopener noreferrer\" style=\"color: #5167e8;text-decoration: underline\">Anexo II.- Servicio de Aula Matinal, Comedor Escolar y actividades Extraescolares<\/a><\/strong><\/span><\/td>\n<\/tr>\n<tr style=\"height: 50px\">\n<td style=\"width: 10%;height: 50px\"><img loading=\"lazy\" decoding=\"async\" class=\"wp-image-1656 aligncenter\" src=\"https:\/\/blogsaverroes.juntadeandalucia.es\/ecoescuelapadremarchena\/files\/2021\/08\/icono_pdf_2.png\" alt=\"\" width=\"41\" height=\"51\" srcset=\"https:\/\/blogsaverroes.juntadeandalucia.es\/ecoescuelapadremarchena\/files\/2021\/08\/icono_pdf_2.png 57w, https:\/\/blogsaverroes.juntadeandalucia.es\/ecoescuelapadremarchena\/files\/2021\/08\/icono_pdf_2-20x24.png 20w, https:\/\/blogsaverroes.juntadeandalucia.es\/ecoescuelapadremarchena\/files\/2021\/08\/icono_pdf_2-29x36.png 29w, https:\/\/blogsaverroes.juntadeandalucia.es\/ecoescuelapadremarchena\/files\/2021\/08\/icono_pdf_2-39x48.png 39w\" sizes=\"(max-width: 41px) 100vw, 41px\" \/><\/td>\n<td style=\"width: 89%;height: 50px\"><span style=\"color: #5167e8\"><strong><span style=\"text-decoration: underline\">\u00a0<span style=\"font-size: 14px\"><a title=\"Pulse para visualizar el documento:\u00a0Anexo V.- Gratuidad\/bonificaci\u00f3n del precio p\u00fablico por los servicios complementarios de Aula Matinal, Comedor Escolar y Actividades Extraescolares\" href=\"https:\/\/www.juntadeandalucia.es\/educacion\/portals\/delegate\/content\/fcc8b9c5-53ad-46ca-9098-80d7b3c81097\/Anexo%20V.-%20Gratuidad\/bonificaci%C3%B3n%20del%20precio%20p%C3%BAblico%20por%20los%20servicios%20complementarios%20de%20Aula%20Matinal,%20Comedor%20Escolar%20y%20Actividades%20Extraescolares\" target=\"_blank\" rel=\"noopener noreferrer\" style=\"color: #5167e8;text-decoration: underline\">Anexo V.- Gratuidad\/bonificaci\u00f3n del precio p\u00fablico por los servicios complementarios de Aula Matinal, Comedor Escolar y Actividades Extraescolares<\/a><\/span><\/span><\/strong><\/span><\/td>\n<\/tr>\n<tr style=\"height: 50px\">\n<td style=\"width: 10%;height: 50px\"><img loading=\"lazy\" decoding=\"async\" class=\"wp-image-1656 aligncenter\" src=\"https:\/\/blogsaverroes.juntadeandalucia.es\/ecoescuelapadremarchena\/files\/2021\/08\/icono_pdf_2.png\" alt=\"\" width=\"41\" height=\"51\" srcset=\"https:\/\/blogsaverroes.juntadeandalucia.es\/ecoescuelapadremarchena\/files\/2021\/08\/icono_pdf_2.png 57w, https:\/\/blogsaverroes.juntadeandalucia.es\/ecoescuelapadremarchena\/files\/2021\/08\/icono_pdf_2-20x24.png 20w, https:\/\/blogsaverroes.juntadeandalucia.es\/ecoescuelapadremarchena\/files\/2021\/08\/icono_pdf_2-29x36.png 29w, https:\/\/blogsaverroes.juntadeandalucia.es\/ecoescuelapadremarchena\/files\/2021\/08\/icono_pdf_2-39x48.png 39w\" sizes=\"(max-width: 41px) 100vw, 41px\" \/><\/td>\n<td style=\"width: 89%;height: 50px\"><a href=\"https:\/\/drive.google.com\/file\/d\/12Y1J6lYmmz1FpvqlZM3IETEgZ7P9tqDM\/view?usp=sharing\"><span style=\"color: #5167e8\"><strong><span style=\"text-decoration: underline\">Solicitud de baja<\/span><\/strong><\/span><\/a><\/td>\n<\/tr>\n<\/tbody>\n<\/table>\n<p>&nbsp;<\/p>\n<p class=\"title icopdf\">\n[\/et_pb_text][\/et_pb_column][\/et_pb_row][\/et_pb_section]<\/p>\n","protected":false},"excerpt":{"rendered":"<p>Comedor escolar &nbsp; El servicio de comedor escolar ofrece comida diaria (dos platos, pan, agua y postre),&nbsp;servida por el catering Luis Sosa, contratado por la Junta de Andaluc\u00eda. Web de Luis Sosa El servicio se ofrece de lunes a viernes de 14:00 h. a 16:00 h., y en \u00e9l se pretende que sea continuaci\u00f3n de [&hellip;]<\/p>\n","protected":false},"author":7051,"featured_media":0,"parent":0,"menu_order":0,"comment_status":"closed","ping_status":"closed","template":"","meta":{"_et_pb_use_builder":"on","_et_pb_old_content":"","_et_gb_content_width":"","ngg_post_thumbnail":0,"footnotes":""},"aioseo_notices":[],"_links":{"self":[{"href":"https:\/\/blogsaverroes.juntadeandalucia.es\/ecoescuelapadremarchena\/wp-json\/wp\/v2\/pages\/871"}],"collection":[{"href":"https:\/\/blogsaverroes.juntadeandalucia.es\/ecoescuelapadremarchena\/wp-json\/wp\/v2\/pages"}],"about":[{"href":"https:\/\/blogsaverroes.juntadeandalucia.es\/ecoescuelapadremarchena\/wp-json\/wp\/v2\/types\/page"}],"author":[{"embeddable":true,"href":"https:\/\/blogsaverroes.juntadeandalucia.es\/ecoescuelapadremarchena\/wp-json\/wp\/v2\/users\/7051"}],"replies":[{"embeddable":true,"href":"https:\/\/blogsaverroes.juntadeandalucia.es\/ecoescuelapadremarchena\/wp-json\/wp\/v2\/comments?post=871"}],"version-history":[{"count":13,"href":"https:\/\/blogsaverroes.juntadeandalucia.es\/ecoescuelapadremarchena\/wp-json\/wp\/v2\/pages\/871\/revisions"}],"predecessor-version":[{"id":2302,"href":"https:\/\/blogsaverroes.juntadeandalucia.es\/ecoescuelapadremarchena\/wp-json\/wp\/v2\/pages\/871\/revisions\/2302"}],"wp:attachment":[{"href":"https:\/\/blogsaverroes.juntadeandalucia.es\/ecoescuelapadremarchena\/wp-json\/wp\/v2\/media?parent=871"}],"curies":[{"name":"wp","href":"https:\/\/api.w.org\/{rel}","templated":true}]}}