{"id":2427,"date":"2021-12-03T12:14:48","date_gmt":"2021-12-03T12:14:48","guid":{"rendered":"https:\/\/blogsaverroes.juntadeandalucia.es\/ecoescuelapulpi\/?page_id=2427"},"modified":"2021-12-03T12:18:56","modified_gmt":"2021-12-03T12:18:56","slug":"admision","status":"publish","type":"page","link":"https:\/\/blogsaverroes.juntadeandalucia.es\/ecoescuelapulpi\/admision\/","title":{"rendered":"Admisi\u00f3n"},"content":{"rendered":"<h2><strong>ADMISI\u00d3N <\/strong>(DEL 1 AL 31 DE MARZO)<\/h2>\n<h2>&nbsp;<\/h2>\n<p>A continuaci\u00f3n encontrar\u00e9is los distintos documentos para solicitud de admisi\u00f3n del alumnado. Encontrar\u00e9is toda la informaci\u00f3n de este proceso en el portal de Escolarizaci\u00f3n y Matricula de la Junta de Andaluc\u00eda <a href=\"https:\/\/www.juntadeandalucia.es\/temas\/estudiar\/primaria-eso\/matriculacion.html\" target=\"_blank\" rel=\"noopener noreferrer\">AQU\u00cd<\/a><\/p>\n<h3>&nbsp;<\/h3>\n<p>Solicitud de admisi\u00f3n en infantil y primaria (v\u00e1lido del 1 al 31 de Marzo) <a href=\"https:\/\/www.juntadeandalucia.es\/educacion\/portals\/delegate\/content\/7e1d7b27-eaa4-42e7-bfa3-ac436db80ed6\/ANEXO%20III\">ANEXO III<\/a><\/p>\n<p>&nbsp;<\/p>\n","protected":false},"excerpt":{"rendered":"<p>ADMISI\u00d3N (DEL 1 AL 31 DE MARZO) &nbsp; A continuaci\u00f3n encontrar\u00e9is los distintos documentos para solicitud de admisi\u00f3n del alumnado. Encontrar\u00e9is toda la informaci\u00f3n de este proceso en el portal de Escolarizaci\u00f3n y Matricula&#46;&#46;&#46;<\/p>\n","protected":false},"author":13664,"featured_media":0,"parent":0,"menu_order":0,"comment_status":"closed","ping_status":"closed","template":"","meta":{"ngg_post_thumbnail":0,"footnotes":"","_mc_calendar":[]},"aioseo_notices":[],"_links":{"self":[{"href":"https:\/\/blogsaverroes.juntadeandalucia.es\/ecoescuelapulpi\/wp-json\/wp\/v2\/pages\/2427"}],"collection":[{"href":"https:\/\/blogsaverroes.juntadeandalucia.es\/ecoescuelapulpi\/wp-json\/wp\/v2\/pages"}],"about":[{"href":"https:\/\/blogsaverroes.juntadeandalucia.es\/ecoescuelapulpi\/wp-json\/wp\/v2\/types\/page"}],"author":[{"embeddable":true,"href":"https:\/\/blogsaverroes.juntadeandalucia.es\/ecoescuelapulpi\/wp-json\/wp\/v2\/users\/13664"}],"replies":[{"embeddable":true,"href":"https:\/\/blogsaverroes.juntadeandalucia.es\/ecoescuelapulpi\/wp-json\/wp\/v2\/comments?post=2427"}],"version-history":[{"count":3,"href":"https:\/\/blogsaverroes.juntadeandalucia.es\/ecoescuelapulpi\/wp-json\/wp\/v2\/pages\/2427\/revisions"}],"predecessor-version":[{"id":2437,"href":"https:\/\/blogsaverroes.juntadeandalucia.es\/ecoescuelapulpi\/wp-json\/wp\/v2\/pages\/2427\/revisions\/2437"}],"wp:attachment":[{"href":"https:\/\/blogsaverroes.juntadeandalucia.es\/ecoescuelapulpi\/wp-json\/wp\/v2\/media?parent=2427"}],"curies":[{"name":"wp","href":"https:\/\/api.w.org\/{rel}","templated":true}]}}