{"id":2432,"date":"2021-12-03T12:15:12","date_gmt":"2021-12-03T12:15:12","guid":{"rendered":"https:\/\/blogsaverroes.juntadeandalucia.es\/ecoescuelapulpi\/?page_id=2432"},"modified":"2021-12-03T12:24:38","modified_gmt":"2021-12-03T12:24:38","slug":"matriculacion","status":"publish","type":"page","link":"https:\/\/blogsaverroes.juntadeandalucia.es\/ecoescuelapulpi\/matriculacion\/","title":{"rendered":"Matriculaci\u00f3n"},"content":{"rendered":"<h2>MATRICULACI\u00d3N (DEL 1 AL 8 DE JUNIO)<\/h2>\n<p>A continuaci\u00f3n encontrar\u00e9is los distintos documentos para solicitud de matriculaci\u00f3n del alumnado. Encontrar\u00e9is toda la informaci\u00f3n de este proceso en el portal de Escolarizaci\u00f3n y Matricula de la Junta de Andaluc\u00eda <a href=\"https:\/\/www.juntadeandalucia.es\/temas\/estudiar\/primaria-eso\/matriculacion.html\" target=\"_blank\" rel=\"noopener noreferrer\">AQU\u00cd<\/a><\/p>\n<p>&nbsp;<\/p>\n<p>Matr\u00edcula en segundo ciclo de Educaci\u00f3n Infantil&nbsp; <a href=\"https:\/\/www.juntadeandalucia.es\/educacion\/portals\/delegate\/content\/d26442b2-4b4a-433a-9c1e-e1790a29f781\/ANEXO%20IV\">ANEXO IV<\/a><\/p>\n<p>Solicitud para cursar la ense\u00f1anza de religi\u00f3n en primaria <a href=\"https:\/\/www.juntadeandalucia.es\/educacion\/portals\/delegate\/content\/12c1f402-4ea8-4a01-a921-5baa061cc442\/ANEXO%20-%20RELIGI%C3%93N\">ANEXO RELIGI\u00d3N<\/a><\/p>\n<p>Matr\u00edcula en Educaci\u00f3n Primaria <a href=\"https:\/\/www.juntadeandalucia.es\/educacion\/portals\/delegate\/content\/55fad88e-7bb3-40e3-bbe4-198107487345\/ANEXO%20V\">ANEXO V<\/a><\/p>\n<h3>&nbsp;<\/h3>\n<h3>PERIODO DE MATRICULACI\u00d3N EXTRAORDINARIO<\/h3>\n<h3>(en cualquier momento del curso)<\/h3>\n<p>Solicitud del proceso de matriculaci\u00f3n extraordinario <a href=\"https:\/\/www.juntadeandalucia.es\/educacion\/portals\/delegate\/content\/dcec9582-b20c-494b-bfbd-2886c7b8be94\/ANEXO%20IX\">ANEXO IX<\/a><\/p>\n","protected":false},"excerpt":{"rendered":"<p>MATRICULACI\u00d3N (DEL 1 AL 8 DE JUNIO) A continuaci\u00f3n encontrar\u00e9is los distintos documentos para solicitud de matriculaci\u00f3n del alumnado. Encontrar\u00e9is toda la informaci\u00f3n de este proceso en el portal de Escolarizaci\u00f3n y Matricula de&#46;&#46;&#46;<\/p>\n","protected":false},"author":13664,"featured_media":0,"parent":0,"menu_order":0,"comment_status":"closed","ping_status":"closed","template":"","meta":{"ngg_post_thumbnail":0,"footnotes":"","_mc_calendar":[]},"aioseo_notices":[],"_links":{"self":[{"href":"https:\/\/blogsaverroes.juntadeandalucia.es\/ecoescuelapulpi\/wp-json\/wp\/v2\/pages\/2432"}],"collection":[{"href":"https:\/\/blogsaverroes.juntadeandalucia.es\/ecoescuelapulpi\/wp-json\/wp\/v2\/pages"}],"about":[{"href":"https:\/\/blogsaverroes.juntadeandalucia.es\/ecoescuelapulpi\/wp-json\/wp\/v2\/types\/page"}],"author":[{"embeddable":true,"href":"https:\/\/blogsaverroes.juntadeandalucia.es\/ecoescuelapulpi\/wp-json\/wp\/v2\/users\/13664"}],"replies":[{"embeddable":true,"href":"https:\/\/blogsaverroes.juntadeandalucia.es\/ecoescuelapulpi\/wp-json\/wp\/v2\/comments?post=2432"}],"version-history":[{"count":3,"href":"https:\/\/blogsaverroes.juntadeandalucia.es\/ecoescuelapulpi\/wp-json\/wp\/v2\/pages\/2432\/revisions"}],"predecessor-version":[{"id":2439,"href":"https:\/\/blogsaverroes.juntadeandalucia.es\/ecoescuelapulpi\/wp-json\/wp\/v2\/pages\/2432\/revisions\/2439"}],"wp:attachment":[{"href":"https:\/\/blogsaverroes.juntadeandalucia.es\/ecoescuelapulpi\/wp-json\/wp\/v2\/media?parent=2432"}],"curies":[{"name":"wp","href":"https:\/\/api.w.org\/{rel}","templated":true}]}}