{"id":2535,"date":"2022-10-08T23:12:23","date_gmt":"2022-10-08T23:12:23","guid":{"rendered":"https:\/\/blogsaverroes.juntadeandalucia.es\/ecoescuelapulpi\/?page_id=2535"},"modified":"2022-10-08T23:12:23","modified_gmt":"2022-10-08T23:12:23","slug":"programa-reto","status":"publish","type":"page","link":"https:\/\/blogsaverroes.juntadeandalucia.es\/ecoescuelapulpi\/programa-reto\/","title":{"rendered":"PROGRAMA RETO"},"content":{"rendered":"<h3>Estimadas familias,<\/h3>\n<h3>Este a\u00f1o hemos puesto en marcha el programa RETO. Respeto, empat\u00eda y tolerancia. Un proyecto de educaci\u00f3n emocional destinado a nuestro alumnado de educaci\u00f3n infantil y primaria.<\/h3>\n<h3>A trav\u00e9s del programa RETO queremos dotar a los alumnos y alumnas de las competencias emocionales necesarias para su desarrollo integral, cognitivo y emocional.<\/h3>\n<h3>Necesitamos que escuela y familia caminen de la mano en este proceso, por lo que tambi\u00e9n tenemos propuestas para vosotros y vosotras.<\/h3>\n<h3>En primer lugar, os enviamos una bibliograf\u00eda para ayudaros a crear en vuestras casas un rinc\u00f3n de educaci\u00f3n emocional. En este rinc\u00f3n, tendremos tanto libros para conocer mejor y ayudarnos en el proceso de acompa\u00f1amiento emocional de vuestros hijos y vuestras hijas, como tambi\u00e9n cuentos, a trav\u00e9s de los cuales vuestros hijos e hijas van a poder disfrutar mientras ampl\u00edan su vocabulario y conciencia emocional.<\/h3>\n<h3>Adem\u00e1s, en este nuevo rinc\u00f3n de casa, iremos colocando cada trimestre recursos que realizaremos para aprender a gestionar las emociones, a regularnos, relajarnos&#8230; Recursos que os iremos presentado&nbsp; a lo largo del curso escolar.<\/h3>\n<h3>&nbsp;&nbsp;&nbsp;&nbsp;&nbsp;&nbsp;&nbsp;&nbsp;&nbsp;&nbsp;&nbsp;&nbsp;&nbsp;&nbsp;&nbsp;&nbsp;&nbsp;&nbsp;&nbsp;&nbsp;&nbsp;&nbsp;&nbsp;&nbsp;&nbsp;&nbsp;&nbsp;&nbsp;&nbsp;&nbsp;&nbsp;&nbsp;&nbsp;&nbsp;&nbsp;&nbsp;&nbsp;&nbsp;&nbsp;&nbsp;&nbsp;&nbsp;&nbsp;&nbsp;&nbsp;&nbsp;&nbsp;&nbsp;&nbsp;&nbsp;&nbsp;&nbsp;&nbsp;&nbsp;&nbsp;&nbsp;&nbsp;&nbsp;&nbsp;&nbsp;&nbsp;&nbsp;&nbsp;&nbsp;&nbsp;&nbsp;&nbsp;&nbsp;&nbsp;&nbsp;&nbsp;&nbsp;&nbsp;&nbsp;&nbsp; Gracias por vuestra colaboraci\u00f3n<\/h3>\n<p>&nbsp;<\/p>\n<p><iframe loading=\"lazy\" src=\"https:\/\/drive.google.com\/file\/d\/10n56xwtKFWaQwObUFdNKPoQcQKMqjcp_\/preview\" width=\"700\" height=\"600\"><span style=\"width: 0px;overflow: hidden;line-height: 0\" data-mce-type=\"bookmark\" class=\"mce_SELRES_start\">\ufeff<\/span><\/iframe><\/p>\n<p><iframe loading=\"lazy\" src=\"https:\/\/drive.google.com\/file\/d\/1EWq3sqYjbEfkXNMg8aU0RW6djk0fBouF\/preview\" width=\"700\" height=\"600\"><\/iframe><\/p>\n<p>&nbsp;<\/p>\n","protected":false},"excerpt":{"rendered":"<p>Estimadas familias, Este a\u00f1o hemos puesto en marcha el programa RETO. Respeto, empat\u00eda y tolerancia. Un proyecto de educaci\u00f3n emocional destinado a nuestro alumnado de educaci\u00f3n infantil y primaria. A trav\u00e9s del programa RETO&#46;&#46;&#46;<\/p>\n","protected":false},"author":9787,"featured_media":0,"parent":0,"menu_order":0,"comment_status":"closed","ping_status":"closed","template":"","meta":{"ngg_post_thumbnail":0,"footnotes":"","_mc_calendar":[]},"aioseo_notices":[],"_links":{"self":[{"href":"https:\/\/blogsaverroes.juntadeandalucia.es\/ecoescuelapulpi\/wp-json\/wp\/v2\/pages\/2535"}],"collection":[{"href":"https:\/\/blogsaverroes.juntadeandalucia.es\/ecoescuelapulpi\/wp-json\/wp\/v2\/pages"}],"about":[{"href":"https:\/\/blogsaverroes.juntadeandalucia.es\/ecoescuelapulpi\/wp-json\/wp\/v2\/types\/page"}],"author":[{"embeddable":true,"href":"https:\/\/blogsaverroes.juntadeandalucia.es\/ecoescuelapulpi\/wp-json\/wp\/v2\/users\/9787"}],"replies":[{"embeddable":true,"href":"https:\/\/blogsaverroes.juntadeandalucia.es\/ecoescuelapulpi\/wp-json\/wp\/v2\/comments?post=2535"}],"version-history":[{"count":6,"href":"https:\/\/blogsaverroes.juntadeandalucia.es\/ecoescuelapulpi\/wp-json\/wp\/v2\/pages\/2535\/revisions"}],"predecessor-version":[{"id":2541,"href":"https:\/\/blogsaverroes.juntadeandalucia.es\/ecoescuelapulpi\/wp-json\/wp\/v2\/pages\/2535\/revisions\/2541"}],"wp:attachment":[{"href":"https:\/\/blogsaverroes.juntadeandalucia.es\/ecoescuelapulpi\/wp-json\/wp\/v2\/media?parent=2535"}],"curies":[{"name":"wp","href":"https:\/\/api.w.org\/{rel}","templated":true}]}}