{"id":35,"date":"2015-03-13T08:21:43","date_gmt":"2015-03-13T08:21:43","guid":{"rendered":"http:\/\/blogsaverroes.juntadeandalucia.es\/pre\/ceip\/?page_id=35"},"modified":"2022-06-28T17:25:18","modified_gmt":"2022-06-28T17:25:18","slug":"el-centro-2","status":"publish","type":"page","link":"https:\/\/blogsaverroes.juntadeandalucia.es\/ecoescuelapulpi\/el-centro-2\/","title":{"rendered":"Datos del centro"},"content":{"rendered":"<p><iframe loading=\"lazy\" src=\"https:\/\/www.google.com\/maps\/embed?pb=!1m18!1m12!1m3!1d1585.0174667037127!2d-1.7467660240613838!3d37.38900612603284!2m3!1f0!2f0!3f0!3m2!1i1024!2i768!4f13.1!3m3!1m2!1s0xd64d1487047fd05%3A0xb0c2d432f2473862!2sColegio%20P%C3%BAblico%20Federico%20Garc%C3%ADa%20Lorca!5e0!3m2!1ses!2ses!4v1587820096271!5m2!1ses!2ses\" width=\"600\" height=\"450\" frameborder=\"0\"><\/iframe><\/p>\n<h4>&nbsp;<\/h4>\n<h4>&nbsp;<\/h4>\n<h4>Datos de contacto<\/h4>\n<p>CEIP FEDERICO GARC\u00cdA LORCA<\/p>\n<p><strong>Direcci\u00f3n:<\/strong> &nbsp;Calle Vicente Alexandre s\/n 04647, La Fuente (Pulp\u00ed) ALMER\u00cfA<\/p>\n<p><strong>Tel\u00e9fono&nbsp; 950451570<\/strong><br \/>\n<strong>Email:<\/strong> 04601865@g.educaand.es<\/p>\n<h4><strong>Horarios<\/strong><\/h4>\n<p>Aula Matinal de lunes a viernes desde las 7:30<\/p>\n<p>Jornada escolar de lunes a viernes de 9:00 a 14:00<\/p>\n<p>Comedor escolar de 14:00 a 13:00<\/p>\n<p>Actividades extraescolares de lunes a jueves. de 15:00 a 17:00<\/p>\n<p>&nbsp;<\/p>\n<h4>Instalaciones<\/h4>\nngg_shortcode_0_placeholder\n","protected":false},"excerpt":{"rendered":"<p>&nbsp; &nbsp; Datos de contacto CEIP FEDERICO GARC\u00cdA LORCA Direcci\u00f3n: &nbsp;Calle Vicente Alexandre s\/n 04647, La Fuente (Pulp\u00ed) ALMER\u00cfA Tel\u00e9fono&nbsp; 950451570 Email: 04601865@g.educaand.es Horarios Aula Matinal de lunes a viernes desde las 7:30 Jornada&#46;&#46;&#46;<\/p>\n","protected":false},"author":1,"featured_media":0,"parent":0,"menu_order":0,"comment_status":"closed","ping_status":"open","template":"page-cs.php","meta":{"ngg_post_thumbnail":0,"footnotes":"","_mc_calendar":[]},"aioseo_notices":[],"_links":{"self":[{"href":"https:\/\/blogsaverroes.juntadeandalucia.es\/ecoescuelapulpi\/wp-json\/wp\/v2\/pages\/35"}],"collection":[{"href":"https:\/\/blogsaverroes.juntadeandalucia.es\/ecoescuelapulpi\/wp-json\/wp\/v2\/pages"}],"about":[{"href":"https:\/\/blogsaverroes.juntadeandalucia.es\/ecoescuelapulpi\/wp-json\/wp\/v2\/types\/page"}],"author":[{"embeddable":true,"href":"https:\/\/blogsaverroes.juntadeandalucia.es\/ecoescuelapulpi\/wp-json\/wp\/v2\/users\/1"}],"replies":[{"embeddable":true,"href":"https:\/\/blogsaverroes.juntadeandalucia.es\/ecoescuelapulpi\/wp-json\/wp\/v2\/comments?post=35"}],"version-history":[{"count":26,"href":"https:\/\/blogsaverroes.juntadeandalucia.es\/ecoescuelapulpi\/wp-json\/wp\/v2\/pages\/35\/revisions"}],"predecessor-version":[{"id":2493,"href":"https:\/\/blogsaverroes.juntadeandalucia.es\/ecoescuelapulpi\/wp-json\/wp\/v2\/pages\/35\/revisions\/2493"}],"wp:attachment":[{"href":"https:\/\/blogsaverroes.juntadeandalucia.es\/ecoescuelapulpi\/wp-json\/wp\/v2\/media?parent=35"}],"curies":[{"name":"wp","href":"https:\/\/api.w.org\/{rel}","templated":true}]}}