{"id":34,"date":"2022-09-08T21:23:43","date_gmt":"2022-09-08T21:23:43","guid":{"rendered":"https:\/\/blogsaverroes.juntadeandalucia.es\/ecoescuelasulayr\/?page_id=34"},"modified":"2023-02-21T18:23:05","modified_gmt":"2023-02-21T18:23:05","slug":"blog","status":"publish","type":"page","link":"https:\/\/blogsaverroes.juntadeandalucia.es\/ecoescuelasulayr\/blog\/","title":{"rendered":"IES Sulayr"},"content":{"rendered":"<p data-start=\"125\" data-end=\"641\">&nbsp;<\/p>\n<p data-start=\"125\" data-end=\"641\"><img loading=\"lazy\" decoding=\"async\" class=\"aligncenter wp-image-444 size-full\" src=\"https:\/\/blogsaverroes.juntadeandalucia.es\/ecoescuelasulayr\/files\/2025\/10\/IES-Sulayr-1.jpg\" alt=\"\" width=\"1748\" height=\"633\" srcset=\"https:\/\/blogsaverroes.juntadeandalucia.es\/ecoescuelasulayr\/files\/2025\/10\/IES-Sulayr-1.jpg 1748w, https:\/\/blogsaverroes.juntadeandalucia.es\/ecoescuelasulayr\/files\/2025\/10\/IES-Sulayr-1-300x109.jpg 300w, https:\/\/blogsaverroes.juntadeandalucia.es\/ecoescuelasulayr\/files\/2025\/10\/IES-Sulayr-1-1024x371.jpg 1024w, https:\/\/blogsaverroes.juntadeandalucia.es\/ecoescuelasulayr\/files\/2025\/10\/IES-Sulayr-1-768x278.jpg 768w, https:\/\/blogsaverroes.juntadeandalucia.es\/ecoescuelasulayr\/files\/2025\/10\/IES-Sulayr-1-1536x556.jpg 1536w\" sizes=\"(max-width: 1748px) 100vw, 1748px\" \/><\/p>\n<p data-start=\"125\" data-end=\"641\">El <strong data-start=\"128\" data-end=\"142\">IES Sulayr<\/strong> se encuentra en <strong data-start=\"159\" data-end=\"169\">Pitres<\/strong>, en pleno coraz\u00f3n de <strong data-start=\"191\" data-end=\"202\">La Taha<\/strong>, aunque nuestro alumnado tambi\u00e9n procede de P\u00f3rtugos, Busqu\u00edstar, Trev\u00e9lez, Pampaneira, Bubi\u00f3n y Capileira. Todos estos municipios forman parte de la <strong data-start=\"353\" data-end=\"371\">Alta Alpujarra<\/strong>, una de las zonas de Europa con m\u00e1s superficie protegida legalmente, tanto por su riqueza natural (Parque Nacional y Parque Natural de Sierra Nevada) como por su patrimonio hist\u00f3rico y cultural. Un lugar de una belleza que quita el aliento y que nos inspira cada d\u00eda.<\/p>\n<p data-start=\"643\" data-end=\"1122\">Nuestro centro abri\u00f3 sus puertas en <strong data-start=\"679\" data-end=\"687\">2006<\/strong>, y las instalaciones actuales datan de <strong data-start=\"727\" data-end=\"735\">2007<\/strong>. Desde el curso <strong data-start=\"752\" data-end=\"765\">2017-2018<\/strong> somos un centro <strong data-start=\"782\" data-end=\"804\">biling\u00fce en ingl\u00e9s<\/strong>, y en el curso <strong data-start=\"827\" data-end=\"840\">2020-2021<\/strong>&nbsp;iniciamos nuestra andadura como <strong data-start=\"932\" data-end=\"960\">Comunidad de Aprendizaje.<\/strong><\/p>\n<p data-start=\"1124\" data-end=\"1471\">En el IES Sulayr no solo ense\u00f1amos asignaturas; trabajamos para ofrecer una educaci\u00f3n <strong data-start=\"1210\" data-end=\"1236\">integral y transversal<\/strong>. Queremos que nuestro alumnado crezca no solo como estudiante, sino como <strong data-start=\"1310\" data-end=\"1349\">ciudadano consciente y comprometido<\/strong>. Por eso coordinamos todos nuestros proyectos para que se complementen entre s\u00ed y enriquezcan la experiencia educativa.<\/p>\n<p data-start=\"1473\" data-end=\"1496\">Entre ellos destacan:<\/p>\n<ul data-start=\"1498\" data-end=\"1790\">\n<li data-start=\"1498\" data-end=\"1545\">\n<p data-start=\"1500\" data-end=\"1545\"><strong data-start=\"1500\" data-end=\"1543\">Plan de Igualdad de G\u00e9nero en Educaci\u00f3n<\/strong><\/p>\n<\/li>\n<li data-start=\"1546\" data-end=\"1576\">\n<p data-start=\"1548\" data-end=\"1576\"><strong data-start=\"1548\" data-end=\"1574\">Escuela Espacio de Paz<\/strong><\/p>\n<\/li>\n<li data-start=\"1577\" data-end=\"1596\">\n<p data-start=\"1579\" data-end=\"1596\"><strong data-start=\"1579\" data-end=\"1594\">Forma Joven<\/strong><\/p>\n<\/li>\n<li data-start=\"1597\" data-end=\"1610\">\n<p data-start=\"1599\" data-end=\"1610\"><strong data-start=\"1599\" data-end=\"1608\">STEAM<\/strong><\/p>\n<\/li>\n<li data-start=\"1611\" data-end=\"1636\">\n<p data-start=\"1613\" data-end=\"1636\"><strong data-start=\"1613\" data-end=\"1634\">Programa Biling\u00fce<\/strong><\/p>\n<\/li>\n<li data-start=\"1637\" data-end=\"1673\">\n<p data-start=\"1639\" data-end=\"1673\"><strong data-start=\"1639\" data-end=\"1671\">Vivir y Sentir el Patrimonio<\/strong><\/p>\n<\/li>\n<li data-start=\"1674\" data-end=\"1736\">\n<p data-start=\"1676\" data-end=\"1736\"><strong data-start=\"1676\" data-end=\"1734\">Bibliotecas Escolares<\/strong><\/p>\n<\/li>\n<li data-start=\"1758\" data-end=\"1790\">\n<p data-start=\"1760\" data-end=\"1790\"><strong data-start=\"1760\" data-end=\"1788\">Comunidad de Aprendizaje<\/strong><\/p>\n<\/li>\n<\/ul>\n<p data-start=\"1792\" data-end=\"2015\">En el IES Sulayr aprendemos, exploramos y crecemos juntos, conectando el aula con nuestro entorno y nuestra cultura, y haciendo de cada d\u00eda una oportunidad para descubrir, experimentar y sentirse parte de algo m\u00e1s grande.<\/p>\n","protected":false},"excerpt":{"rendered":"<p>&nbsp; El IES Sulayr se encuentra en Pitres, en pleno coraz\u00f3n de La Taha, aunque nuestro alumnado tambi\u00e9n procede de P\u00f3rtugos, Busqu\u00edstar, Trev\u00e9lez, Pampaneira, Bubi\u00f3n y Capileira. Todos estos municipios forman parte de la&#46;&#46;&#46;<\/p>\n","protected":false},"author":15578,"featured_media":0,"parent":0,"menu_order":0,"comment_status":"closed","ping_status":"closed","template":"","meta":{"ngg_post_thumbnail":0,"footnotes":""},"aioseo_notices":[],"_links":{"self":[{"href":"https:\/\/blogsaverroes.juntadeandalucia.es\/ecoescuelasulayr\/wp-json\/wp\/v2\/pages\/34"}],"collection":[{"href":"https:\/\/blogsaverroes.juntadeandalucia.es\/ecoescuelasulayr\/wp-json\/wp\/v2\/pages"}],"about":[{"href":"https:\/\/blogsaverroes.juntadeandalucia.es\/ecoescuelasulayr\/wp-json\/wp\/v2\/types\/page"}],"author":[{"embeddable":true,"href":"https:\/\/blogsaverroes.juntadeandalucia.es\/ecoescuelasulayr\/wp-json\/wp\/v2\/users\/15578"}],"replies":[{"embeddable":true,"href":"https:\/\/blogsaverroes.juntadeandalucia.es\/ecoescuelasulayr\/wp-json\/wp\/v2\/comments?post=34"}],"version-history":[{"count":6,"href":"https:\/\/blogsaverroes.juntadeandalucia.es\/ecoescuelasulayr\/wp-json\/wp\/v2\/pages\/34\/revisions"}],"predecessor-version":[{"id":445,"href":"https:\/\/blogsaverroes.juntadeandalucia.es\/ecoescuelasulayr\/wp-json\/wp\/v2\/pages\/34\/revisions\/445"}],"wp:attachment":[{"href":"https:\/\/blogsaverroes.juntadeandalucia.es\/ecoescuelasulayr\/wp-json\/wp\/v2\/media?parent=34"}],"curies":[{"name":"wp","href":"https:\/\/api.w.org\/{rel}","templated":true}]}}