{"id":355,"date":"2023-02-09T22:23:53","date_gmt":"2023-02-09T22:23:53","guid":{"rendered":"https:\/\/blogsaverroes.juntadeandalucia.es\/ecoescuelasulayr\/?page_id=355"},"modified":"2023-02-21T18:13:48","modified_gmt":"2023-02-21T18:13:48","slug":"recursos","status":"publish","type":"page","link":"https:\/\/blogsaverroes.juntadeandalucia.es\/ecoescuelasulayr\/recursos\/","title":{"rendered":"Recursos"},"content":{"rendered":"<table style=\"border-collapse: collapse;width: 94.2693%;height: 304px\">\n<tbody>\n<tr style=\"height: 400px\">\n<td style=\"width: 25%;height: 100px;text-align: center\"><a href=\"https:\/\/blogsaverroes.juntadeandalucia.es\/ecoescuelasulayr\/files\/2023\/02\/Recursos-Materiales-y-Residuos.pdf\" target=\"_blank\" rel=\"noopener noreferrer\"><img loading=\"lazy\" decoding=\"async\" class=\"wp-image-368 size-medium aligncenter\" src=\"https:\/\/blogsaverroes.juntadeandalucia.es\/ecoescuelasulayr\/files\/2023\/02\/screenshoteasy-2023-02-21T183303.197-213x300.png\" alt=\"\" width=\"213\" height=\"300\" srcset=\"https:\/\/blogsaverroes.juntadeandalucia.es\/ecoescuelasulayr\/files\/2023\/02\/screenshoteasy-2023-02-21T183303.197-213x300.png 213w, https:\/\/blogsaverroes.juntadeandalucia.es\/ecoescuelasulayr\/files\/2023\/02\/screenshoteasy-2023-02-21T183303.197.png 596w\" sizes=\"(max-width: 213px) 100vw, 213px\" \/><\/a>Recursos \u00abMateriales y Residuos\u00bb<\/td>\n<td style=\"width: 25%;text-align: center\"><a href=\"https:\/\/blogsaverroes.juntadeandalucia.es\/ecoescuelasulayr\/files\/2023\/02\/Recursos-Entorno-F\u00edsico-y-Humano.pdf\" target=\"_blank\" rel=\"noopener noreferrer\"><img loading=\"lazy\" decoding=\"async\" class=\"aligncenter wp-image-371 size-medium\" src=\"https:\/\/blogsaverroes.juntadeandalucia.es\/ecoescuelasulayr\/files\/2023\/02\/screenshoteasy-2023-02-21T184153.626-213x300.png\" alt=\"\" width=\"213\" height=\"300\" srcset=\"https:\/\/blogsaverroes.juntadeandalucia.es\/ecoescuelasulayr\/files\/2023\/02\/screenshoteasy-2023-02-21T184153.626-213x300.png 213w, https:\/\/blogsaverroes.juntadeandalucia.es\/ecoescuelasulayr\/files\/2023\/02\/screenshoteasy-2023-02-21T184153.626.png 594w\" sizes=\"(max-width: 213px) 100vw, 213px\" \/><\/a>Recursos \u00abEntorno F\u00edsico y Humano\u00bb<\/td>\n<td style=\"width: 25%;text-align: center\"><a href=\"https:\/\/blogsaverroes.juntadeandalucia.es\/ecoescuelasulayr\/files\/2023\/02\/Recursos-Energia.pdf\" target=\"_blank\" rel=\"noopener noreferrer\"><img loading=\"lazy\" decoding=\"async\" class=\"aligncenter wp-image-372 size-medium\" src=\"https:\/\/blogsaverroes.juntadeandalucia.es\/ecoescuelasulayr\/files\/2023\/02\/screenshoteasy-2023-02-21T184425.163-214x300.png\" alt=\"\" width=\"214\" height=\"300\" srcset=\"https:\/\/blogsaverroes.juntadeandalucia.es\/ecoescuelasulayr\/files\/2023\/02\/screenshoteasy-2023-02-21T184425.163-214x300.png 214w, https:\/\/blogsaverroes.juntadeandalucia.es\/ecoescuelasulayr\/files\/2023\/02\/screenshoteasy-2023-02-21T184425.163.png 595w\" sizes=\"(max-width: 214px) 100vw, 214px\" \/><\/a> Recursos \u00abEnerg\u00eda\u00bb<\/td>\n<td style=\"width: 25%;text-align: center\"><a href=\"https:\/\/blogsaverroes.juntadeandalucia.es\/ecoescuelasulayr\/files\/2023\/02\/Recursos-Agua.pdf\" target=\"_blank\" rel=\"noopener noreferrer\"><img loading=\"lazy\" decoding=\"async\" class=\"aligncenter wp-image-374 size-medium\" src=\"https:\/\/blogsaverroes.juntadeandalucia.es\/ecoescuelasulayr\/files\/2023\/02\/screenshoteasy-2023-02-21T185113.285-212x300.png\" alt=\"\" width=\"212\" height=\"300\" srcset=\"https:\/\/blogsaverroes.juntadeandalucia.es\/ecoescuelasulayr\/files\/2023\/02\/screenshoteasy-2023-02-21T185113.285-212x300.png 212w, https:\/\/blogsaverroes.juntadeandalucia.es\/ecoescuelasulayr\/files\/2023\/02\/screenshoteasy-2023-02-21T185113.285.png 529w\" sizes=\"(max-width: 212px) 100vw, 212px\" \/><\/a> Recursos \u00abAgua\u00bb<\/td>\n<\/tr>\n<tr style=\"height: 400px\">\n<td style=\"width: 25%;height: 348px\">&nbsp;<\/td>\n<td style=\"width: 25%;text-align: center\"><a href=\"https:\/\/blogsaverroes.juntadeandalucia.es\/ecoescuelasulayr\/files\/2023\/02\/GU%C3%8DA-PR%C3%81CTICA-para-la-depuraci%C3%B3n-de-aguas-residuales-en-peque%C3%B1as-poblaciones.pdf\" target=\"_blank\" rel=\"https:\/\/blogsaverroes.juntadeandalucia.es\/ecoescuelasulayr\/files\/2023\/02\/GU%C3%8DA-PR%C3%81CTICA-para-la-depuraci%C3%B3n-de-aguas-residuales-en-peque%C3%B1as-poblaciones.pdf noopener noreferrer\"><img loading=\"lazy\" decoding=\"async\" class=\"wp-image-357 aligncenter\" src=\"https:\/\/blogsaverroes.juntadeandalucia.es\/ecoescuelasulayr\/files\/2023\/02\/screenshoteasy-2023-02-09T225727.806-e1675980469263-209x300.png\" alt=\"\" width=\"209\" height=\"300\" srcset=\"https:\/\/blogsaverroes.juntadeandalucia.es\/ecoescuelasulayr\/files\/2023\/02\/screenshoteasy-2023-02-09T225727.806-e1675980469263-209x300.png 209w, https:\/\/blogsaverroes.juntadeandalucia.es\/ecoescuelasulayr\/files\/2023\/02\/screenshoteasy-2023-02-09T225727.806-e1675980469263.png 332w\" sizes=\"(max-width: 209px) 100vw, 209px\" \/><\/a>Gu\u00eda pr\u00e1ctica para la depuraci\u00f3n de aguas residuales en peque\u00f1as poblaciones<\/td>\n<td style=\"width: 25%;height: 348px\">\n<p style=\"text-align: center\"><a href=\"https:\/\/blogsaverroes.juntadeandalucia.es\/ecoescuelasulayr\/files\/2023\/02\/DOSIER-ECOESCUELAS-22-23.pdf\" target=\"_blank\" rel=\"noopener noreferrer\"><img loading=\"lazy\" decoding=\"async\" class=\"aligncenter wp-image-377 size-medium\" src=\"https:\/\/blogsaverroes.juntadeandalucia.es\/ecoescuelasulayr\/files\/2023\/02\/screenshoteasy-2023-02-21T191006.873-213x300.png\" alt=\"\" width=\"213\" height=\"300\"><\/a><\/p>\n<p style=\"text-align: center\">Dosier Ecoescuelas 22-23<\/p>\n<\/td>\n<td style=\"width: 25%\">&nbsp;<\/td>\n<\/tr>\n<\/tbody>\n<\/table>\n<p>&nbsp;<\/p>\n<p>&nbsp;<\/p>\n<p>&nbsp;<\/p>\n","protected":false},"excerpt":{"rendered":"<p>Recursos \u00abMateriales y Residuos\u00bb Recursos \u00abEntorno F\u00edsico y Humano\u00bb Recursos \u00abEnerg\u00eda\u00bb Recursos \u00abAgua\u00bb &nbsp; Gu\u00eda pr\u00e1ctica para la depuraci\u00f3n de aguas residuales en peque\u00f1as poblaciones Dosier Ecoescuelas 22-23 &nbsp; &nbsp; &nbsp; &nbsp;<\/p>\n","protected":false},"author":15578,"featured_media":0,"parent":0,"menu_order":0,"comment_status":"closed","ping_status":"closed","template":"","meta":{"ngg_post_thumbnail":0,"footnotes":""},"aioseo_notices":[],"_links":{"self":[{"href":"https:\/\/blogsaverroes.juntadeandalucia.es\/ecoescuelasulayr\/wp-json\/wp\/v2\/pages\/355"}],"collection":[{"href":"https:\/\/blogsaverroes.juntadeandalucia.es\/ecoescuelasulayr\/wp-json\/wp\/v2\/pages"}],"about":[{"href":"https:\/\/blogsaverroes.juntadeandalucia.es\/ecoescuelasulayr\/wp-json\/wp\/v2\/types\/page"}],"author":[{"embeddable":true,"href":"https:\/\/blogsaverroes.juntadeandalucia.es\/ecoescuelasulayr\/wp-json\/wp\/v2\/users\/15578"}],"replies":[{"embeddable":true,"href":"https:\/\/blogsaverroes.juntadeandalucia.es\/ecoescuelasulayr\/wp-json\/wp\/v2\/comments?post=355"}],"version-history":[{"count":7,"href":"https:\/\/blogsaverroes.juntadeandalucia.es\/ecoescuelasulayr\/wp-json\/wp\/v2\/pages\/355\/revisions"}],"predecessor-version":[{"id":361,"href":"https:\/\/blogsaverroes.juntadeandalucia.es\/ecoescuelasulayr\/wp-json\/wp\/v2\/pages\/355\/revisions\/361"}],"wp:attachment":[{"href":"https:\/\/blogsaverroes.juntadeandalucia.es\/ecoescuelasulayr\/wp-json\/wp\/v2\/media?parent=355"}],"curies":[{"name":"wp","href":"https:\/\/api.w.org\/{rel}","templated":true}]}}