{"id":84,"date":"2022-09-10T07:58:51","date_gmt":"2022-09-10T07:58:51","guid":{"rendered":"https:\/\/blogsaverroes.juntadeandalucia.es\/ecoescuelasulayr\/?page_id=84"},"modified":"2022-09-10T08:07:33","modified_gmt":"2022-09-10T08:07:33","slug":"inicio","status":"publish","type":"page","link":"https:\/\/blogsaverroes.juntadeandalucia.es\/ecoescuelasulayr\/inicio\/","title":{"rendered":"Inicio"},"content":{"rendered":"<p><img decoding=\"async\" class=\"aligncenter\" src=\"https:\/\/static.wixstatic.com\/media\/53387e_bf19c1ab785b4d6bacb708c5c70c2245~mv2.png\/v1\/fill\/w_792,h_371,al_c,lg_1,q_85,enc_auto\/screenshoteasy%20-%202022-09-06T215919_744.png\" alt=\"screenshoteasy - 2022-09-06T215919.744.png\"><\/p>\n<blockquote>\n<p style=\"text-align: center\"><span style=\"font-family: 'trebuchet ms', geneva, sans-serif\"><em>\u00abTodos debemos ir engrosando ese peque\u00f1o ej\u00e9rcito, \u00a1que el d\u00eda de ma\u00f1ana se considerar\u00e1 heroico!, mucho m\u00e1s que los que lucharon con las armas en la mano: el ej\u00e9rcito de los que un buen d\u00eda dijeron que hab\u00eda que hacer algo para proteger a una Madre que no se queja, que nos ha dado todo lo que tenemos, \u00a1y a la que estamos matando!\u00bb<\/em><\/span><\/p>\n<\/blockquote>\n<div id=\"bgLayers_comp-l51b0rdj2\" class=\"_3wnIc\" data-hook=\"bgLayers\">\n<div id=\"bgMedia_comp-l51b0rdj2\" class=\"_2GUhU\" style=\"text-align: center\"><span style=\"color: #999999;font-family: 'trebuchet ms', geneva, sans-serif;font-size: 12pt\">F\u00e9lix Rodr\u00edguez de la Fuente (1928-1980), naturalista y divulgador ambientalista espa\u00f1ol.<\/span><\/div>\n<\/div>\n","protected":false},"excerpt":{"rendered":"<p>\u00abTodos debemos ir engrosando ese peque\u00f1o ej\u00e9rcito, \u00a1que el d\u00eda de ma\u00f1ana se considerar\u00e1 heroico!, mucho m\u00e1s que los que lucharon con las armas en la mano: el ej\u00e9rcito de los que un buen&#46;&#46;&#46;<\/p>\n","protected":false},"author":15578,"featured_media":0,"parent":0,"menu_order":0,"comment_status":"closed","ping_status":"closed","template":"","meta":{"ngg_post_thumbnail":0,"footnotes":""},"aioseo_notices":[],"_links":{"self":[{"href":"https:\/\/blogsaverroes.juntadeandalucia.es\/ecoescuelasulayr\/wp-json\/wp\/v2\/pages\/84"}],"collection":[{"href":"https:\/\/blogsaverroes.juntadeandalucia.es\/ecoescuelasulayr\/wp-json\/wp\/v2\/pages"}],"about":[{"href":"https:\/\/blogsaverroes.juntadeandalucia.es\/ecoescuelasulayr\/wp-json\/wp\/v2\/types\/page"}],"author":[{"embeddable":true,"href":"https:\/\/blogsaverroes.juntadeandalucia.es\/ecoescuelasulayr\/wp-json\/wp\/v2\/users\/15578"}],"replies":[{"embeddable":true,"href":"https:\/\/blogsaverroes.juntadeandalucia.es\/ecoescuelasulayr\/wp-json\/wp\/v2\/comments?post=84"}],"version-history":[{"count":5,"href":"https:\/\/blogsaverroes.juntadeandalucia.es\/ecoescuelasulayr\/wp-json\/wp\/v2\/pages\/84\/revisions"}],"predecessor-version":[{"id":91,"href":"https:\/\/blogsaverroes.juntadeandalucia.es\/ecoescuelasulayr\/wp-json\/wp\/v2\/pages\/84\/revisions\/91"}],"wp:attachment":[{"href":"https:\/\/blogsaverroes.juntadeandalucia.es\/ecoescuelasulayr\/wp-json\/wp\/v2\/media?parent=84"}],"curies":[{"name":"wp","href":"https:\/\/api.w.org\/{rel}","templated":true}]}}