{"id":24,"date":"2020-05-13T18:31:36","date_gmt":"2020-05-13T16:31:36","guid":{"rendered":"https:\/\/blogsaverroes.juntadeandalucia.es\/educacionfisica10\/?page_id=24"},"modified":"2020-08-21T13:03:52","modified_gmt":"2020-08-21T11:03:52","slug":"bienvenidos","status":"publish","type":"page","link":"https:\/\/blogsaverroes.juntadeandalucia.es\/educacionfisica10\/","title":{"rendered":"Bienvenidos"},"content":{"rendered":"<p>\u00a1Gracias por visitar esta p\u00e1gina!&nbsp;<\/p>\n<p>Aqu\u00ed podr\u00e1s conocer una gran cantidad de recursos, enlaces e informaci\u00f3n relacionada con la Educaci\u00f3n F\u00edsica y el deporte.<\/p>\n<p><img loading=\"lazy\" decoding=\"async\" class=\"size-medium wp-image-59 alignright\" src=\"https:\/\/blogsaverroes.juntadeandalucia.es\/educacionfisica10\/files\/2020\/05\/dock-1846008_1920-300x169.jpg\" alt=\"\" width=\"300\" height=\"169\" srcset=\"https:\/\/blogsaverroes.juntadeandalucia.es\/educacionfisica10\/files\/2020\/05\/dock-1846008_1920-300x169.jpg 300w, https:\/\/blogsaverroes.juntadeandalucia.es\/educacionfisica10\/files\/2020\/05\/dock-1846008_1920-768x432.jpg 768w, https:\/\/blogsaverroes.juntadeandalucia.es\/educacionfisica10\/files\/2020\/05\/dock-1846008_1920-1024x576.jpg 1024w, https:\/\/blogsaverroes.juntadeandalucia.es\/educacionfisica10\/files\/2020\/05\/dock-1846008_1920-24x14.jpg 24w, https:\/\/blogsaverroes.juntadeandalucia.es\/educacionfisica10\/files\/2020\/05\/dock-1846008_1920-36x20.jpg 36w, https:\/\/blogsaverroes.juntadeandalucia.es\/educacionfisica10\/files\/2020\/05\/dock-1846008_1920-48x27.jpg 48w, https:\/\/blogsaverroes.juntadeandalucia.es\/educacionfisica10\/files\/2020\/05\/dock-1846008_1920.jpg 1920w\" sizes=\"(max-width: 300px) 100vw, 300px\" \/><\/p>\n<p>Esta p\u00e1gina esta destinada para mi grupo de alumnos\/as; &nbsp;pero si eres maestro\/a o te dedicas al \u00e1mbito de la Educaci\u00f3n F\u00edsica, espero que tambi\u00e9n te sirva de gran ayuda.&nbsp;<\/p>\n<p>Si crees que algo se puede mejorar, o necesitas cualquier otra informaci\u00f3n que no aparece, h\u00e1zmelo saber en el buz\u00f3n de sugerencias (Contacto).&nbsp;<\/p>\n<p>Un abrazo muy fuerte!&nbsp;<\/p>\n<p>&nbsp;<\/p>\n<p><a href=\"https:\/\/www.easycounter.com\/es\/\"><br \/>\n<img decoding=\"async\" src=\"https:\/\/www.easycounter.com\/counter.php?samuef\" border=\"0\" alt=\"Counter\"><\/a><br \/>\n<br \/><a href=\"https:\/\/www.easycounter.com\/es\/\">Contador Gratis<\/a><\/p>\n","protected":false},"excerpt":{"rendered":"<p>\u00a1Gracias por visitar esta p\u00e1gina!&nbsp; Aqu\u00ed podr\u00e1s conocer una gran cantidad de recursos, enlaces e informaci\u00f3n relacionada con la Educaci\u00f3n F\u00edsica y el deporte. Esta p\u00e1gina esta destinada para mi grupo de alumnos\/as; &nbsp;pero&#46;&#46;&#46;<\/p>\n","protected":false},"author":10045,"featured_media":0,"parent":0,"menu_order":0,"comment_status":"closed","ping_status":"closed","template":"","meta":{"ngg_post_thumbnail":0,"footnotes":""},"aioseo_notices":[],"_links":{"self":[{"href":"https:\/\/blogsaverroes.juntadeandalucia.es\/educacionfisica10\/index.php?rest_route=\/wp\/v2\/pages\/24"}],"collection":[{"href":"https:\/\/blogsaverroes.juntadeandalucia.es\/educacionfisica10\/index.php?rest_route=\/wp\/v2\/pages"}],"about":[{"href":"https:\/\/blogsaverroes.juntadeandalucia.es\/educacionfisica10\/index.php?rest_route=\/wp\/v2\/types\/page"}],"author":[{"embeddable":true,"href":"https:\/\/blogsaverroes.juntadeandalucia.es\/educacionfisica10\/index.php?rest_route=\/wp\/v2\/users\/10045"}],"replies":[{"embeddable":true,"href":"https:\/\/blogsaverroes.juntadeandalucia.es\/educacionfisica10\/index.php?rest_route=%2Fwp%2Fv2%2Fcomments&post=24"}],"version-history":[{"count":4,"href":"https:\/\/blogsaverroes.juntadeandalucia.es\/educacionfisica10\/index.php?rest_route=\/wp\/v2\/pages\/24\/revisions"}],"predecessor-version":[{"id":180,"href":"https:\/\/blogsaverroes.juntadeandalucia.es\/educacionfisica10\/index.php?rest_route=\/wp\/v2\/pages\/24\/revisions\/180"}],"wp:attachment":[{"href":"https:\/\/blogsaverroes.juntadeandalucia.es\/educacionfisica10\/index.php?rest_route=%2Fwp%2Fv2%2Fmedia&parent=24"}],"curies":[{"name":"wp","href":"https:\/\/api.w.org\/{rel}","templated":true}]}}