{"id":474,"date":"2023-05-01T12:25:14","date_gmt":"2023-05-01T10:25:14","guid":{"rendered":"https:\/\/blogsaverroes.juntadeandalucia.es\/educacionfisicapoveda\/?page_id=474"},"modified":"2023-05-09T09:20:12","modified_gmt":"2023-05-09T07:20:12","slug":"situaciones-de-aprendizaje","status":"publish","type":"page","link":"https:\/\/blogsaverroes.juntadeandalucia.es\/educacionfisicapoveda\/situaciones-de-aprendizaje\/","title":{"rendered":"Situaciones de Aprendizaje"},"content":{"rendered":"<p>En esta secci\u00f3n realizaremos un peque\u00f1o resumen visual del producto final de las situaciones de aprendizaje :<\/p>\n<p><span style=\"font-size: 24pt\">Curso 22-23<\/span><\/p>\n<p><strong><span style=\"font-size: 14pt\">Situaci\u00f3n de Aprendizaje: El rey de los deportes<\/span> <\/strong>(Curso 1\u00ba de ESO)<\/p>\n<p>Producto final: en esta situaci\u00f3n de aprendizaje hay dos productos finales, la participaci\u00f3n en una carrera solidaria en el estadio municipal de Guadix y la participaci\u00f3n en unas miniolimpiadas de atletismo en el centro.<\/p>\n<p>Elaboraci\u00f3n de dorsales por parte del alumnado&nbsp;<\/p>\n<div id=\"attachment_482\" style=\"width: 310px\" class=\"wp-caption alignnone\"><img loading=\"lazy\" decoding=\"async\" aria-describedby=\"caption-attachment-482\" class=\"size-medium wp-image-482\" src=\"https:\/\/blogsaverroes.juntadeandalucia.es\/educacionfisicapoveda\/files\/2023\/05\/IMG_20230503_130525-300x225.jpg\" alt=\"\" width=\"300\" height=\"225\" srcset=\"https:\/\/blogsaverroes.juntadeandalucia.es\/educacionfisicapoveda\/files\/2023\/05\/IMG_20230503_130525-300x225.jpg 300w, https:\/\/blogsaverroes.juntadeandalucia.es\/educacionfisicapoveda\/files\/2023\/05\/IMG_20230503_130525-768x576.jpg 768w, https:\/\/blogsaverroes.juntadeandalucia.es\/educacionfisicapoveda\/files\/2023\/05\/IMG_20230503_130525.jpg 800w\" sizes=\"(max-width: 300px) 100vw, 300px\" \/><p id=\"caption-attachment-482\" class=\"wp-caption-text\">&nbsp; smart<\/p><\/div>\n<div id=\"attachment_483\" style=\"width: 310px\" class=\"wp-caption alignnone\"><img loading=\"lazy\" decoding=\"async\" aria-describedby=\"caption-attachment-483\" class=\"size-medium wp-image-483\" src=\"https:\/\/blogsaverroes.juntadeandalucia.es\/educacionfisicapoveda\/files\/2023\/05\/IMG_20230503_130543-300x225.jpg\" alt=\"\" width=\"300\" height=\"225\" srcset=\"https:\/\/blogsaverroes.juntadeandalucia.es\/educacionfisicapoveda\/files\/2023\/05\/IMG_20230503_130543-300x225.jpg 300w, https:\/\/blogsaverroes.juntadeandalucia.es\/educacionfisicapoveda\/files\/2023\/05\/IMG_20230503_130543-768x576.jpg 768w, https:\/\/blogsaverroes.juntadeandalucia.es\/educacionfisicapoveda\/files\/2023\/05\/IMG_20230503_130543.jpg 800w\" sizes=\"(max-width: 300px) 100vw, 300px\" \/><p id=\"caption-attachment-483\" class=\"wp-caption-text\">smart<\/p><\/div>\n<div id=\"attachment_484\" style=\"width: 310px\" class=\"wp-caption alignnone\"><img loading=\"lazy\" decoding=\"async\" aria-describedby=\"caption-attachment-484\" class=\"size-medium wp-image-484\" src=\"https:\/\/blogsaverroes.juntadeandalucia.es\/educacionfisicapoveda\/files\/2023\/05\/IMG_20230503_130641-300x225.jpg\" alt=\"\" width=\"300\" height=\"225\" srcset=\"https:\/\/blogsaverroes.juntadeandalucia.es\/educacionfisicapoveda\/files\/2023\/05\/IMG_20230503_130641-300x225.jpg 300w, https:\/\/blogsaverroes.juntadeandalucia.es\/educacionfisicapoveda\/files\/2023\/05\/IMG_20230503_130641-768x576.jpg 768w, https:\/\/blogsaverroes.juntadeandalucia.es\/educacionfisicapoveda\/files\/2023\/05\/IMG_20230503_130641.jpg 800w\" sizes=\"(max-width: 300px) 100vw, 300px\" \/><p id=\"caption-attachment-484\" class=\"wp-caption-text\">smart<\/p><\/div>\n<div id=\"attachment_485\" style=\"width: 310px\" class=\"wp-caption alignnone\"><img loading=\"lazy\" decoding=\"async\" aria-describedby=\"caption-attachment-485\" class=\"size-medium wp-image-485\" src=\"https:\/\/blogsaverroes.juntadeandalucia.es\/educacionfisicapoveda\/files\/2023\/05\/IMG_20230504_093148-300x225.jpg\" alt=\"\" width=\"300\" height=\"225\" srcset=\"https:\/\/blogsaverroes.juntadeandalucia.es\/educacionfisicapoveda\/files\/2023\/05\/IMG_20230504_093148-300x225.jpg 300w, https:\/\/blogsaverroes.juntadeandalucia.es\/educacionfisicapoveda\/files\/2023\/05\/IMG_20230504_093148-768x576.jpg 768w, https:\/\/blogsaverroes.juntadeandalucia.es\/educacionfisicapoveda\/files\/2023\/05\/IMG_20230504_093148.jpg 800w\" sizes=\"(max-width: 300px) 100vw, 300px\" \/><p id=\"caption-attachment-485\" class=\"wp-caption-text\">smart<\/p><\/div>\n<div id=\"attachment_486\" style=\"width: 310px\" class=\"wp-caption alignnone\"><img loading=\"lazy\" decoding=\"async\" aria-describedby=\"caption-attachment-486\" class=\"size-medium wp-image-486\" src=\"https:\/\/blogsaverroes.juntadeandalucia.es\/educacionfisicapoveda\/files\/2023\/05\/IMG_20230504_093159-300x225.jpg\" alt=\"\" width=\"300\" height=\"225\" srcset=\"https:\/\/blogsaverroes.juntadeandalucia.es\/educacionfisicapoveda\/files\/2023\/05\/IMG_20230504_093159-300x225.jpg 300w, https:\/\/blogsaverroes.juntadeandalucia.es\/educacionfisicapoveda\/files\/2023\/05\/IMG_20230504_093159-768x576.jpg 768w, https:\/\/blogsaverroes.juntadeandalucia.es\/educacionfisicapoveda\/files\/2023\/05\/IMG_20230504_093159.jpg 800w\" sizes=\"(max-width: 300px) 100vw, 300px\" \/><p id=\"caption-attachment-486\" class=\"wp-caption-text\">smart<\/p><\/div>\n<p>&nbsp;<\/p>\n<p>El d\u00eda de la Carrera solidaria&nbsp;<\/p>\n<p>&nbsp;<\/p>\n\n\t\t<style>\n\t\t\t#gallery-1 {\n\t\t\t\tmargin: auto;\n\t\t\t}\n\t\t\t#gallery-1 .gallery-item {\n\t\t\t\tfloat: left;\n\t\t\t\tmargin-top: 10px;\n\t\t\t\ttext-align: center;\n\t\t\t\twidth: 33%;\n\t\t\t}\n\t\t\t#gallery-1 img {\n\t\t\t\tborder: 2px solid #cfcfcf;\n\t\t\t}\n\t\t\t#gallery-1 .gallery-caption {\n\t\t\t\tmargin-left: 0;\n\t\t\t}\n\t\t\t\/* see gallery_shortcode() in wp-includes\/media.php *\/\n\t\t<\/style>\n\t\t<div id='gallery-1' class='gallery galleryid-474 gallery-columns-3 gallery-size-thumbnail'><dl class='gallery-item'>\n\t\t\t<dt class='gallery-icon portrait'>\n\t\t\t\t<a href='https:\/\/blogsaverroes.juntadeandalucia.es\/educacionfisicapoveda\/situaciones-de-aprendizaje\/c1\/'><img loading=\"lazy\" decoding=\"async\" width=\"150\" height=\"150\" src=\"https:\/\/blogsaverroes.juntadeandalucia.es\/educacionfisicapoveda\/files\/2023\/05\/c1-150x150.jpg\" class=\"attachment-thumbnail size-thumbnail\" alt=\"\" srcset=\"https:\/\/blogsaverroes.juntadeandalucia.es\/educacionfisicapoveda\/files\/2023\/05\/c1-150x150.jpg 150w, https:\/\/blogsaverroes.juntadeandalucia.es\/educacionfisicapoveda\/files\/2023\/05\/c1-80x80.jpg 80w, https:\/\/blogsaverroes.juntadeandalucia.es\/educacionfisicapoveda\/files\/2023\/05\/c1-320x320.jpg 320w\" sizes=\"(max-width: 150px) 100vw, 150px\" \/><\/a>\n\t\t\t<\/dt><\/dl><dl class='gallery-item'>\n\t\t\t<dt class='gallery-icon portrait'>\n\t\t\t\t<a href='https:\/\/blogsaverroes.juntadeandalucia.es\/educacionfisicapoveda\/situaciones-de-aprendizaje\/c2\/'><img loading=\"lazy\" decoding=\"async\" width=\"150\" height=\"150\" src=\"https:\/\/blogsaverroes.juntadeandalucia.es\/educacionfisicapoveda\/files\/2023\/05\/c2-150x150.jpg\" class=\"attachment-thumbnail size-thumbnail\" alt=\"\" srcset=\"https:\/\/blogsaverroes.juntadeandalucia.es\/educacionfisicapoveda\/files\/2023\/05\/c2-150x150.jpg 150w, https:\/\/blogsaverroes.juntadeandalucia.es\/educacionfisicapoveda\/files\/2023\/05\/c2-80x80.jpg 80w, https:\/\/blogsaverroes.juntadeandalucia.es\/educacionfisicapoveda\/files\/2023\/05\/c2-320x320.jpg 320w\" sizes=\"(max-width: 150px) 100vw, 150px\" \/><\/a>\n\t\t\t<\/dt><\/dl><dl class='gallery-item'>\n\t\t\t<dt class='gallery-icon portrait'>\n\t\t\t\t<a href='https:\/\/blogsaverroes.juntadeandalucia.es\/educacionfisicapoveda\/situaciones-de-aprendizaje\/c3\/'><img loading=\"lazy\" decoding=\"async\" width=\"150\" height=\"150\" src=\"https:\/\/blogsaverroes.juntadeandalucia.es\/educacionfisicapoveda\/files\/2023\/05\/c3-150x150.jpg\" class=\"attachment-thumbnail size-thumbnail\" alt=\"\" srcset=\"https:\/\/blogsaverroes.juntadeandalucia.es\/educacionfisicapoveda\/files\/2023\/05\/c3-150x150.jpg 150w, https:\/\/blogsaverroes.juntadeandalucia.es\/educacionfisicapoveda\/files\/2023\/05\/c3-80x80.jpg 80w, https:\/\/blogsaverroes.juntadeandalucia.es\/educacionfisicapoveda\/files\/2023\/05\/c3-320x320.jpg 320w\" sizes=\"(max-width: 150px) 100vw, 150px\" \/><\/a>\n\t\t\t<\/dt><\/dl><br style=\"clear: both\" \/><dl class='gallery-item'>\n\t\t\t<dt class='gallery-icon portrait'>\n\t\t\t\t<a href='https:\/\/blogsaverroes.juntadeandalucia.es\/educacionfisicapoveda\/situaciones-de-aprendizaje\/c4\/'><img loading=\"lazy\" decoding=\"async\" width=\"150\" height=\"150\" src=\"https:\/\/blogsaverroes.juntadeandalucia.es\/educacionfisicapoveda\/files\/2023\/05\/c4-150x150.jpg\" class=\"attachment-thumbnail size-thumbnail\" alt=\"\" srcset=\"https:\/\/blogsaverroes.juntadeandalucia.es\/educacionfisicapoveda\/files\/2023\/05\/c4-150x150.jpg 150w, https:\/\/blogsaverroes.juntadeandalucia.es\/educacionfisicapoveda\/files\/2023\/05\/c4-80x80.jpg 80w, https:\/\/blogsaverroes.juntadeandalucia.es\/educacionfisicapoveda\/files\/2023\/05\/c4-320x320.jpg 320w\" sizes=\"(max-width: 150px) 100vw, 150px\" \/><\/a>\n\t\t\t<\/dt><\/dl><dl class='gallery-item'>\n\t\t\t<dt class='gallery-icon portrait'>\n\t\t\t\t<a href='https:\/\/blogsaverroes.juntadeandalucia.es\/educacionfisicapoveda\/situaciones-de-aprendizaje\/c5\/'><img loading=\"lazy\" decoding=\"async\" width=\"150\" height=\"150\" src=\"https:\/\/blogsaverroes.juntadeandalucia.es\/educacionfisicapoveda\/files\/2023\/05\/c5-150x150.jpg\" class=\"attachment-thumbnail size-thumbnail\" alt=\"\" srcset=\"https:\/\/blogsaverroes.juntadeandalucia.es\/educacionfisicapoveda\/files\/2023\/05\/c5-150x150.jpg 150w, https:\/\/blogsaverroes.juntadeandalucia.es\/educacionfisicapoveda\/files\/2023\/05\/c5-80x80.jpg 80w, https:\/\/blogsaverroes.juntadeandalucia.es\/educacionfisicapoveda\/files\/2023\/05\/c5-320x320.jpg 320w\" sizes=\"(max-width: 150px) 100vw, 150px\" \/><\/a>\n\t\t\t<\/dt><\/dl><dl class='gallery-item'>\n\t\t\t<dt class='gallery-icon portrait'>\n\t\t\t\t<a href='https:\/\/blogsaverroes.juntadeandalucia.es\/educacionfisicapoveda\/situaciones-de-aprendizaje\/c6\/'><img loading=\"lazy\" decoding=\"async\" width=\"150\" height=\"150\" src=\"https:\/\/blogsaverroes.juntadeandalucia.es\/educacionfisicapoveda\/files\/2023\/05\/c6-150x150.jpg\" class=\"attachment-thumbnail size-thumbnail\" alt=\"\" srcset=\"https:\/\/blogsaverroes.juntadeandalucia.es\/educacionfisicapoveda\/files\/2023\/05\/c6-150x150.jpg 150w, https:\/\/blogsaverroes.juntadeandalucia.es\/educacionfisicapoveda\/files\/2023\/05\/c6-80x80.jpg 80w, https:\/\/blogsaverroes.juntadeandalucia.es\/educacionfisicapoveda\/files\/2023\/05\/c6-320x320.jpg 320w\" sizes=\"(max-width: 150px) 100vw, 150px\" \/><\/a>\n\t\t\t<\/dt><\/dl><br style=\"clear: both\" \/><dl class='gallery-item'>\n\t\t\t<dt class='gallery-icon portrait'>\n\t\t\t\t<a href='https:\/\/blogsaverroes.juntadeandalucia.es\/educacionfisicapoveda\/situaciones-de-aprendizaje\/c7\/'><img loading=\"lazy\" decoding=\"async\" width=\"150\" height=\"150\" src=\"https:\/\/blogsaverroes.juntadeandalucia.es\/educacionfisicapoveda\/files\/2023\/05\/c7-150x150.jpg\" class=\"attachment-thumbnail size-thumbnail\" alt=\"\" srcset=\"https:\/\/blogsaverroes.juntadeandalucia.es\/educacionfisicapoveda\/files\/2023\/05\/c7-150x150.jpg 150w, https:\/\/blogsaverroes.juntadeandalucia.es\/educacionfisicapoveda\/files\/2023\/05\/c7-80x80.jpg 80w, https:\/\/blogsaverroes.juntadeandalucia.es\/educacionfisicapoveda\/files\/2023\/05\/c7-320x320.jpg 320w\" sizes=\"(max-width: 150px) 100vw, 150px\" \/><\/a>\n\t\t\t<\/dt><\/dl>\n\t\t\t<br style='clear: both' \/>\n\t\t<\/div>\n\n","protected":false},"excerpt":{"rendered":"<p>En esta secci\u00f3n realizaremos un peque\u00f1o resumen visual del producto final de las situaciones de aprendizaje : Curso 22-23 Situaci\u00f3n de Aprendizaje: El rey de los deportes (Curso 1\u00ba de ESO) Producto final: en&#46;&#46;&#46;<\/p>\n","protected":false},"author":8125,"featured_media":0,"parent":0,"menu_order":0,"comment_status":"closed","ping_status":"closed","template":"","meta":{"ngg_post_thumbnail":0,"footnotes":""},"aioseo_notices":[],"_links":{"self":[{"href":"https:\/\/blogsaverroes.juntadeandalucia.es\/educacionfisicapoveda\/wp-json\/wp\/v2\/pages\/474"}],"collection":[{"href":"https:\/\/blogsaverroes.juntadeandalucia.es\/educacionfisicapoveda\/wp-json\/wp\/v2\/pages"}],"about":[{"href":"https:\/\/blogsaverroes.juntadeandalucia.es\/educacionfisicapoveda\/wp-json\/wp\/v2\/types\/page"}],"author":[{"embeddable":true,"href":"https:\/\/blogsaverroes.juntadeandalucia.es\/educacionfisicapoveda\/wp-json\/wp\/v2\/users\/8125"}],"replies":[{"embeddable":true,"href":"https:\/\/blogsaverroes.juntadeandalucia.es\/educacionfisicapoveda\/wp-json\/wp\/v2\/comments?post=474"}],"version-history":[{"count":8,"href":"https:\/\/blogsaverroes.juntadeandalucia.es\/educacionfisicapoveda\/wp-json\/wp\/v2\/pages\/474\/revisions"}],"predecessor-version":[{"id":497,"href":"https:\/\/blogsaverroes.juntadeandalucia.es\/educacionfisicapoveda\/wp-json\/wp\/v2\/pages\/474\/revisions\/497"}],"wp:attachment":[{"href":"https:\/\/blogsaverroes.juntadeandalucia.es\/educacionfisicapoveda\/wp-json\/wp\/v2\/media?parent=474"}],"curies":[{"name":"wp","href":"https:\/\/api.w.org\/{rel}","templated":true}]}}