{"id":62,"date":"2019-12-18T10:58:25","date_gmt":"2019-12-18T09:58:25","guid":{"rendered":"https:\/\/blogsaverroes.juntadeandalucia.es\/educacionfisicapoveda\/?page_id=62"},"modified":"2019-12-18T13:46:37","modified_gmt":"2019-12-18T12:46:37","slug":"recuperaciones","status":"publish","type":"page","link":"https:\/\/blogsaverroes.juntadeandalucia.es\/educacionfisicapoveda\/recuperaciones\/","title":{"rendered":"Recuperaciones"},"content":{"rendered":"<p><strong>Recuperaciones de alumnos con la EF pendiente del curso anterior<\/strong><\/p>\n<p>Como se recoge en nuestra programaci\u00f3n anual, el alumnado de 2\u00ba \u00f3 3\u00ba de ESO con el \u00e1rea de Educaci\u00f3n F\u00edsica suspensa del curso anterior, podr\u00e1 recuperar aprobando la evaluaci\u00f3n correspondiente del curso vigente. La recuperaci\u00f3n se llevar\u00e1 a cabo por trimestres.<\/p>\n<p><img loading=\"lazy\" decoding=\"async\" class=\"size-medium wp-image-88 aligncenter\" src=\"https:\/\/blogsaverroes.juntadeandalucia.es\/educacionfisicapoveda\/files\/2019\/12\/examenes-300x200.jpg\" alt=\"\" width=\"300\" height=\"200\" srcset=\"https:\/\/blogsaverroes.juntadeandalucia.es\/educacionfisicapoveda\/files\/2019\/12\/examenes-300x200.jpg 300w, https:\/\/blogsaverroes.juntadeandalucia.es\/educacionfisicapoveda\/files\/2019\/12\/examenes-768x512.jpg 768w, https:\/\/blogsaverroes.juntadeandalucia.es\/educacionfisicapoveda\/files\/2019\/12\/examenes-1024x682.jpg 1024w, https:\/\/blogsaverroes.juntadeandalucia.es\/educacionfisicapoveda\/files\/2019\/12\/examenes-24x16.jpg 24w, https:\/\/blogsaverroes.juntadeandalucia.es\/educacionfisicapoveda\/files\/2019\/12\/examenes-36x24.jpg 36w, https:\/\/blogsaverroes.juntadeandalucia.es\/educacionfisicapoveda\/files\/2019\/12\/examenes-48x32.jpg 48w, https:\/\/blogsaverroes.juntadeandalucia.es\/educacionfisicapoveda\/files\/2019\/12\/examenes.jpg 1280w\" sizes=\"(max-width: 300px) 100vw, 300px\" \/><\/p>\n<p>En el caso de alumnos de 2\u00ba de Bachillerato con la EF pendiente de 1\u00ba de Bachillerato, deber\u00e1n de realizar un trabajo relacionado con los contenidos de 1\u00ba de bachillerato, estructurado en tres bloques, uno para cada trimestre. La nota media de los tres bloques ser\u00e1 la que aparezca en la evaluaci\u00f3n ordinaria de Junio.<\/p>\n<p>&nbsp;<\/p>\n","protected":false},"excerpt":{"rendered":"<p>Recuperaciones de alumnos con la EF pendiente del curso anterior Como se recoge en nuestra programaci\u00f3n anual, el alumnado de 2\u00ba \u00f3 3\u00ba de ESO con el \u00e1rea de Educaci\u00f3n F\u00edsica suspensa del curso&#46;&#46;&#46;<\/p>\n","protected":false},"author":8125,"featured_media":88,"parent":0,"menu_order":0,"comment_status":"closed","ping_status":"closed","template":"","meta":{"ngg_post_thumbnail":0,"footnotes":""},"aioseo_notices":[],"_links":{"self":[{"href":"https:\/\/blogsaverroes.juntadeandalucia.es\/educacionfisicapoveda\/wp-json\/wp\/v2\/pages\/62"}],"collection":[{"href":"https:\/\/blogsaverroes.juntadeandalucia.es\/educacionfisicapoveda\/wp-json\/wp\/v2\/pages"}],"about":[{"href":"https:\/\/blogsaverroes.juntadeandalucia.es\/educacionfisicapoveda\/wp-json\/wp\/v2\/types\/page"}],"author":[{"embeddable":true,"href":"https:\/\/blogsaverroes.juntadeandalucia.es\/educacionfisicapoveda\/wp-json\/wp\/v2\/users\/8125"}],"replies":[{"embeddable":true,"href":"https:\/\/blogsaverroes.juntadeandalucia.es\/educacionfisicapoveda\/wp-json\/wp\/v2\/comments?post=62"}],"version-history":[{"count":5,"href":"https:\/\/blogsaverroes.juntadeandalucia.es\/educacionfisicapoveda\/wp-json\/wp\/v2\/pages\/62\/revisions"}],"predecessor-version":[{"id":89,"href":"https:\/\/blogsaverroes.juntadeandalucia.es\/educacionfisicapoveda\/wp-json\/wp\/v2\/pages\/62\/revisions\/89"}],"wp:featuredmedia":[{"embeddable":true,"href":"https:\/\/blogsaverroes.juntadeandalucia.es\/educacionfisicapoveda\/wp-json\/wp\/v2\/media\/88"}],"wp:attachment":[{"href":"https:\/\/blogsaverroes.juntadeandalucia.es\/educacionfisicapoveda\/wp-json\/wp\/v2\/media?parent=62"}],"curies":[{"name":"wp","href":"https:\/\/api.w.org\/{rel}","templated":true}]}}