{"id":66,"date":"2019-12-18T11:10:28","date_gmt":"2019-12-18T10:10:28","guid":{"rendered":"https:\/\/blogsaverroes.juntadeandalucia.es\/educacionfisicapoveda\/?page_id=66"},"modified":"2020-09-07T18:21:23","modified_gmt":"2020-09-07T16:21:23","slug":"1o-de-eso","status":"publish","type":"page","link":"https:\/\/blogsaverroes.juntadeandalucia.es\/educacionfisicapoveda\/1o-de-eso\/","title":{"rendered":"1\u00ba de ESO"},"content":{"rendered":"<p>En esta secci\u00f3n podr\u00e1s ver informaci\u00f3n relacionada con el curso de 1\u00ba de ESO&nbsp;<\/p>\n<p>&nbsp;<\/p>\n<table style=\"width: 0.579152%;height: 49px\" width=\"1035\">\n<tbody>\n<tr style=\"height: 25px\">\n<td style=\"width: 100%;height: 25px\">&nbsp;<\/td>\n<\/tr>\n<tr style=\"height: 10px\">\n<td style=\"width: 100%;height: 10px\">&nbsp;<\/td>\n<\/tr>\n<\/tbody>\n<\/table>\n<p>&nbsp;<\/p>\n<p>&nbsp;<\/p>\n","protected":false},"excerpt":{"rendered":"<p>En esta secci\u00f3n podr\u00e1s ver informaci\u00f3n relacionada con el curso de 1\u00ba de ESO&nbsp; &nbsp; &nbsp; &nbsp; &nbsp; &nbsp;<\/p>\n","protected":false},"author":8125,"featured_media":0,"parent":0,"menu_order":0,"comment_status":"closed","ping_status":"closed","template":"","meta":{"ngg_post_thumbnail":0,"footnotes":""},"aioseo_notices":[],"_links":{"self":[{"href":"https:\/\/blogsaverroes.juntadeandalucia.es\/educacionfisicapoveda\/wp-json\/wp\/v2\/pages\/66"}],"collection":[{"href":"https:\/\/blogsaverroes.juntadeandalucia.es\/educacionfisicapoveda\/wp-json\/wp\/v2\/pages"}],"about":[{"href":"https:\/\/blogsaverroes.juntadeandalucia.es\/educacionfisicapoveda\/wp-json\/wp\/v2\/types\/page"}],"author":[{"embeddable":true,"href":"https:\/\/blogsaverroes.juntadeandalucia.es\/educacionfisicapoveda\/wp-json\/wp\/v2\/users\/8125"}],"replies":[{"embeddable":true,"href":"https:\/\/blogsaverroes.juntadeandalucia.es\/educacionfisicapoveda\/wp-json\/wp\/v2\/comments?post=66"}],"version-history":[{"count":9,"href":"https:\/\/blogsaverroes.juntadeandalucia.es\/educacionfisicapoveda\/wp-json\/wp\/v2\/pages\/66\/revisions"}],"predecessor-version":[{"id":139,"href":"https:\/\/blogsaverroes.juntadeandalucia.es\/educacionfisicapoveda\/wp-json\/wp\/v2\/pages\/66\/revisions\/139"}],"wp:attachment":[{"href":"https:\/\/blogsaverroes.juntadeandalucia.es\/educacionfisicapoveda\/wp-json\/wp\/v2\/media?parent=66"}],"curies":[{"name":"wp","href":"https:\/\/api.w.org\/{rel}","templated":true}]}}