{"id":69,"date":"2019-12-18T11:07:10","date_gmt":"2019-12-18T10:07:10","guid":{"rendered":"https:\/\/blogsaverroes.juntadeandalucia.es\/educacionfisicapoveda\/?page_id=69"},"modified":"2020-09-07T18:24:37","modified_gmt":"2020-09-07T16:24:37","slug":"3o-de-eso","status":"publish","type":"page","link":"https:\/\/blogsaverroes.juntadeandalucia.es\/educacionfisicapoveda\/3o-de-eso\/","title":{"rendered":"3\u00ba de ESO"},"content":{"rendered":"<p>En esta secci\u00f3n podr\u00e1s ver informaci\u00f3n relacionada con el curso de 3\u00ba de ESO<\/p>\n<p>&nbsp;<\/p>\n<p>&nbsp;<\/p>\n<p>&nbsp;<\/p>\n<p>&nbsp;<\/p>\n<p>&nbsp;<\/p>\n<p>&nbsp;<\/p>\n<p>&nbsp;<\/p>\n<table width=\"1021\">\n<tbody>\n<tr>\n<td width=\"1021\">&nbsp;<\/td>\n<\/tr>\n<tr>\n<td width=\"1021\">&nbsp;<\/p>\n<p>&nbsp;<\/p>\n<p>\u00b7&nbsp;&nbsp;&nbsp;&nbsp;&nbsp;&nbsp;<\/p>\n<p>&nbsp;<\/td>\n<\/tr>\n<\/tbody>\n<\/table>\n<p>&nbsp;<\/p>\n<table>\n<tbody>\n<tr>\n<td width=\"10\">&nbsp;<\/td>\n<\/tr>\n<tr>\n<td>&nbsp;<\/td>\n<td>&nbsp;<\/td>\n<\/tr>\n<\/tbody>\n<\/table>\n<p>&nbsp;<\/p>\n<p>&nbsp;<\/p>\n<table style=\"width: 105.98%;height: 44px\" width=\"1021\">\n<tbody>\n<tr>\n<td width=\"1021\">&nbsp;<\/td>\n<\/tr>\n<tr>\n<td width=\"1021\">&nbsp;<\/td>\n<\/tr>\n<\/tbody>\n<\/table>\n<p>&nbsp;<\/p>\n<p>&nbsp;<\/p>\n<p>&nbsp;<\/p>\n","protected":false},"excerpt":{"rendered":"<p>En esta secci\u00f3n podr\u00e1s ver informaci\u00f3n relacionada con el curso de 3\u00ba de ESO &nbsp; &nbsp; &nbsp; &nbsp; &nbsp; &nbsp; &nbsp; &nbsp; &nbsp; &nbsp; \u00b7&nbsp;&nbsp;&nbsp;&nbsp;&nbsp;&nbsp; &nbsp; &nbsp; &nbsp; &nbsp; &nbsp; &nbsp; &nbsp; &nbsp; &nbsp;&#46;&#46;&#46;<\/p>\n","protected":false},"author":8125,"featured_media":0,"parent":0,"menu_order":0,"comment_status":"closed","ping_status":"closed","template":"","meta":{"ngg_post_thumbnail":0,"footnotes":""},"aioseo_notices":[],"_links":{"self":[{"href":"https:\/\/blogsaverroes.juntadeandalucia.es\/educacionfisicapoveda\/wp-json\/wp\/v2\/pages\/69"}],"collection":[{"href":"https:\/\/blogsaverroes.juntadeandalucia.es\/educacionfisicapoveda\/wp-json\/wp\/v2\/pages"}],"about":[{"href":"https:\/\/blogsaverroes.juntadeandalucia.es\/educacionfisicapoveda\/wp-json\/wp\/v2\/types\/page"}],"author":[{"embeddable":true,"href":"https:\/\/blogsaverroes.juntadeandalucia.es\/educacionfisicapoveda\/wp-json\/wp\/v2\/users\/8125"}],"replies":[{"embeddable":true,"href":"https:\/\/blogsaverroes.juntadeandalucia.es\/educacionfisicapoveda\/wp-json\/wp\/v2\/comments?post=69"}],"version-history":[{"count":9,"href":"https:\/\/blogsaverroes.juntadeandalucia.es\/educacionfisicapoveda\/wp-json\/wp\/v2\/pages\/69\/revisions"}],"predecessor-version":[{"id":245,"href":"https:\/\/blogsaverroes.juntadeandalucia.es\/educacionfisicapoveda\/wp-json\/wp\/v2\/pages\/69\/revisions\/245"}],"wp:attachment":[{"href":"https:\/\/blogsaverroes.juntadeandalucia.es\/educacionfisicapoveda\/wp-json\/wp\/v2\/media?parent=69"}],"curies":[{"name":"wp","href":"https:\/\/api.w.org\/{rel}","templated":true}]}}