{"id":71,"date":"2019-12-18T11:07:40","date_gmt":"2019-12-18T10:07:40","guid":{"rendered":"https:\/\/blogsaverroes.juntadeandalucia.es\/educacionfisicapoveda\/?page_id=71"},"modified":"2020-09-07T18:25:04","modified_gmt":"2020-09-07T16:25:04","slug":"4o-de-eso","status":"publish","type":"page","link":"https:\/\/blogsaverroes.juntadeandalucia.es\/educacionfisicapoveda\/4o-de-eso\/","title":{"rendered":"4\u00ba de ESO"},"content":{"rendered":"<p>En esta secci\u00f3n podr\u00e1s ver informaci\u00f3n relacionada con el curso de 4\u00ba de ESO<\/p>\n<p>&nbsp;<\/p>\n<p>&nbsp;<\/p>\n<p>&nbsp;<\/p>\n<p>&nbsp;<\/p>\n","protected":false},"excerpt":{"rendered":"<p>En esta secci\u00f3n podr\u00e1s ver informaci\u00f3n relacionada con el curso de 4\u00ba de ESO &nbsp; &nbsp; &nbsp; &nbsp;<\/p>\n","protected":false},"author":8125,"featured_media":0,"parent":0,"menu_order":0,"comment_status":"closed","ping_status":"closed","template":"","meta":{"ngg_post_thumbnail":0,"footnotes":""},"aioseo_notices":[],"_links":{"self":[{"href":"https:\/\/blogsaverroes.juntadeandalucia.es\/educacionfisicapoveda\/wp-json\/wp\/v2\/pages\/71"}],"collection":[{"href":"https:\/\/blogsaverroes.juntadeandalucia.es\/educacionfisicapoveda\/wp-json\/wp\/v2\/pages"}],"about":[{"href":"https:\/\/blogsaverroes.juntadeandalucia.es\/educacionfisicapoveda\/wp-json\/wp\/v2\/types\/page"}],"author":[{"embeddable":true,"href":"https:\/\/blogsaverroes.juntadeandalucia.es\/educacionfisicapoveda\/wp-json\/wp\/v2\/users\/8125"}],"replies":[{"embeddable":true,"href":"https:\/\/blogsaverroes.juntadeandalucia.es\/educacionfisicapoveda\/wp-json\/wp\/v2\/comments?post=71"}],"version-history":[{"count":6,"href":"https:\/\/blogsaverroes.juntadeandalucia.es\/educacionfisicapoveda\/wp-json\/wp\/v2\/pages\/71\/revisions"}],"predecessor-version":[{"id":246,"href":"https:\/\/blogsaverroes.juntadeandalucia.es\/educacionfisicapoveda\/wp-json\/wp\/v2\/pages\/71\/revisions\/246"}],"wp:attachment":[{"href":"https:\/\/blogsaverroes.juntadeandalucia.es\/educacionfisicapoveda\/wp-json\/wp\/v2\/media?parent=71"}],"curies":[{"name":"wp","href":"https:\/\/api.w.org\/{rel}","templated":true}]}}