{"id":74,"date":"2019-12-18T11:08:10","date_gmt":"2019-12-18T10:08:10","guid":{"rendered":"https:\/\/blogsaverroes.juntadeandalucia.es\/educacionfisicapoveda\/?page_id=74"},"modified":"2020-09-07T18:18:19","modified_gmt":"2020-09-07T16:18:19","slug":"1o-de-bachillerato","status":"publish","type":"page","link":"https:\/\/blogsaverroes.juntadeandalucia.es\/educacionfisicapoveda\/1o-de-bachillerato\/","title":{"rendered":"1\u00ba de Bachillerato"},"content":{"rendered":"<p>En esta secci\u00f3n podr\u00e1s ver informaci\u00f3n relacionada con el curso de 1\u00ba de bachillerato<\/p>\n<p>&nbsp;<\/p>\n<p>&nbsp;<\/p>\n<p>&nbsp;<\/p>\n<p>&nbsp;<\/p>\n","protected":false},"excerpt":{"rendered":"<p>En esta secci\u00f3n podr\u00e1s ver informaci\u00f3n relacionada con el curso de 1\u00ba de bachillerato &nbsp; &nbsp; &nbsp; &nbsp;<\/p>\n","protected":false},"author":8125,"featured_media":0,"parent":0,"menu_order":0,"comment_status":"closed","ping_status":"closed","template":"","meta":{"ngg_post_thumbnail":0,"footnotes":""},"aioseo_notices":[],"_links":{"self":[{"href":"https:\/\/blogsaverroes.juntadeandalucia.es\/educacionfisicapoveda\/wp-json\/wp\/v2\/pages\/74"}],"collection":[{"href":"https:\/\/blogsaverroes.juntadeandalucia.es\/educacionfisicapoveda\/wp-json\/wp\/v2\/pages"}],"about":[{"href":"https:\/\/blogsaverroes.juntadeandalucia.es\/educacionfisicapoveda\/wp-json\/wp\/v2\/types\/page"}],"author":[{"embeddable":true,"href":"https:\/\/blogsaverroes.juntadeandalucia.es\/educacionfisicapoveda\/wp-json\/wp\/v2\/users\/8125"}],"replies":[{"embeddable":true,"href":"https:\/\/blogsaverroes.juntadeandalucia.es\/educacionfisicapoveda\/wp-json\/wp\/v2\/comments?post=74"}],"version-history":[{"count":8,"href":"https:\/\/blogsaverroes.juntadeandalucia.es\/educacionfisicapoveda\/wp-json\/wp\/v2\/pages\/74\/revisions"}],"predecessor-version":[{"id":242,"href":"https:\/\/blogsaverroes.juntadeandalucia.es\/educacionfisicapoveda\/wp-json\/wp\/v2\/pages\/74\/revisions\/242"}],"wp:attachment":[{"href":"https:\/\/blogsaverroes.juntadeandalucia.es\/educacionfisicapoveda\/wp-json\/wp\/v2\/media?parent=74"}],"curies":[{"name":"wp","href":"https:\/\/api.w.org\/{rel}","templated":true}]}}