{"id":1040,"date":"2021-10-22T07:21:42","date_gmt":"2021-10-22T07:21:42","guid":{"rendered":"https:\/\/blogsaverroes.juntadeandalucia.es\/educacionyflamenco\/?page_id=1040"},"modified":"2025-10-10T10:47:06","modified_gmt":"2025-10-10T10:47:06","slug":"novedades","status":"publish","type":"page","link":"https:\/\/blogsaverroes.juntadeandalucia.es\/educacionyflamenco\/novedades\/","title":{"rendered":"Novedades"},"content":{"rendered":"<p>[et_pb_section fb_built=&#8221;1&#8243; fullwidth=&#8221;on&#8221; _builder_version=&#8221;4.16&#8243; _module_preset=&#8221;default&#8221; background_color=&#8221;#eeeeee&#8221; global_colors_info=&#8221;{}&#8221;][et_pb_fullwidth_image src=&#8221;https:\/\/blogsaverroes.juntadeandalucia.es\/educacionyflamenco\/files\/2025\/09\/BANNER-PAGINAS-CENTRALES-9.png&#8221; title_text=&#8221;BANNER PAGINAS CENTRALES (9)&#8221; _builder_version=&#8221;4.24.2&#8243; _module_preset=&#8221;default&#8221; background_color=&#8221;eee&#8221; global_colors_info=&#8221;{}&#8221;][\/et_pb_fullwidth_image][\/et_pb_section][et_pb_section fb_built=&#8221;1&#8243; _builder_version=&#8221;4.24.2&#8243; _module_preset=&#8221;default&#8221; background_color=&#8221;#FFFFFF&#8221; custom_padding=&#8221;34px|||||&#8221; global_colors_info=&#8221;{}&#8221;][et_pb_row _builder_version=&#8221;4.24.2&#8243; _module_preset=&#8221;default&#8221; min_height=&#8221;734px&#8221; global_colors_info=&#8221;{}&#8221;][et_pb_column type=&#8221;4_4&#8243; _builder_version=&#8221;4.16&#8243; _module_preset=&#8221;default&#8221; global_colors_info=&#8221;{}&#8221;][et_pb_text _builder_version=&#8221;4.24.2&#8243; _module_preset=&#8221;default&#8221; text_font_size=&#8221;24px&#8221; transform_translate=&#8221;0px|-22px&#8221; custom_padding=&#8221;||11px|||&#8221; global_colors_info=&#8221;{}&#8221;]<\/p>\n<p style=\"text-align: center\">Abierto proceso de inscripci\u00f3n<\/p>\n<p>[\/et_pb_text][et_pb_text _builder_version=&#8221;4.24.2&#8243; _module_preset=&#8221;default&#8221; text_font_size=&#8221;18px&#8221; custom_margin=&#8221;-20px||||false|false&#8221; hover_enabled=&#8221;0&#8243; global_colors_info=&#8221;{}&#8221; sticky_enabled=&#8221;0&#8243;]<\/p>\n<p style=\"text-align: justify\"><span class=\"css-901oao css-16my406 r-poiln3 r-bcqeeo r-qvutc0\">Del <strong>11\u00a0 al 13 de noviembre<\/strong> se celebra en Huelva<\/span><span class=\"css-901oao css-16my406 r-poiln3 r-bcqeeo r-qvutc0\">\u00a0el <\/span><span class=\"css-901oao css-16my406 r-poiln3 r-bcqeeo r-qvutc0\">III Congreso de <\/span><span class=\"r-18u37iz\">Educaci\u00f3n y Flamenco, <\/span><span class=\"r-18u37iz\">u<\/span><span class=\"css-901oao css-16my406 r-poiln3 r-bcqeeo r-qvutc0\">n espacio en el que los docentes podr\u00e1n adquirir recursos y herramientas did\u00e1cticas.<\/span><\/p>\n<p style=\"text-align: left\"><span class=\"css-901oao css-16my406 r-poiln3 r-bcqeeo r-qvutc0\"><\/span><\/p>\n<ul>\n<ul>\n<li style=\"text-align: left\"><a href=\"https:\/\/www.juntadeandalucia.es\/educacion\/secretariavirtual\/consultaCEP\/actividad\/269915CIEF03\/\"><strong>Detalle de la actividad formativa y formulario de inscripci\u00f3n.<\/strong><\/a><\/li>\n<\/ul>\n<\/ul>\n<p>&nbsp;<\/p>\n<p>[\/et_pb_text][et_pb_image src=&#8221;https:\/\/blogsaverroes.juntadeandalucia.es\/educacionyflamenco\/files\/2025\/10\/INSCRIPCION-2-scaled.jpg&#8221; title_text=&#8221;INSCRIPCI\u00d3N (2)&#8221; show_in_lightbox=&#8221;on&#8221; align=&#8221;center&#8221; _builder_version=&#8221;4.24.2&#8243; _module_preset=&#8221;default&#8221; transform_translate=&#8221;0px|-22px&#8221; width=&#8221;61%&#8221; custom_margin=&#8221;24px||||false|false&#8221; custom_margin_tablet=&#8221;24px||||false|false&#8221; custom_margin_phone=&#8221;24px||||false|false&#8221; custom_margin_last_edited=&#8221;on|phone&#8221; border_radii=&#8221;on|1px|1px|1px|1px&#8221; border_width_all=&#8221;1px&#8221; border_color_all=&#8221;#247013&#8243; global_colors_info=&#8221;{}&#8221;][\/et_pb_image][\/et_pb_column][\/et_pb_row][\/et_pb_section][et_pb_section fb_built=&#8221;1&#8243; _builder_version=&#8221;4.24.2&#8243; _module_preset=&#8221;default&#8221; global_colors_info=&#8221;{}&#8221;][\/et_pb_section]<\/p>\n","protected":false},"excerpt":{"rendered":"<p>Abierto proceso de inscripci\u00f3nDel 11\u00a0 al 13 de noviembre se celebra en Huelva\u00a0el III Congreso de Educaci\u00f3n y Flamenco, un espacio en el que los docentes podr\u00e1n adquirir recursos y herramientas did\u00e1cticas. Detalle de la actividad formativa y formulario de inscripci\u00f3n. &nbsp;<\/p>\n","protected":false},"author":7051,"featured_media":0,"parent":0,"menu_order":0,"comment_status":"closed","ping_status":"closed","template":"","meta":{"_et_pb_use_builder":"on","_et_pb_old_content":"","_et_gb_content_width":"","ngg_post_thumbnail":0,"footnotes":""},"aioseo_notices":[],"_links":{"self":[{"href":"https:\/\/blogsaverroes.juntadeandalucia.es\/educacionyflamenco\/wp-json\/wp\/v2\/pages\/1040"}],"collection":[{"href":"https:\/\/blogsaverroes.juntadeandalucia.es\/educacionyflamenco\/wp-json\/wp\/v2\/pages"}],"about":[{"href":"https:\/\/blogsaverroes.juntadeandalucia.es\/educacionyflamenco\/wp-json\/wp\/v2\/types\/page"}],"author":[{"embeddable":true,"href":"https:\/\/blogsaverroes.juntadeandalucia.es\/educacionyflamenco\/wp-json\/wp\/v2\/users\/7051"}],"replies":[{"embeddable":true,"href":"https:\/\/blogsaverroes.juntadeandalucia.es\/educacionyflamenco\/wp-json\/wp\/v2\/comments?post=1040"}],"version-history":[{"count":41,"href":"https:\/\/blogsaverroes.juntadeandalucia.es\/educacionyflamenco\/wp-json\/wp\/v2\/pages\/1040\/revisions"}],"predecessor-version":[{"id":2428,"href":"https:\/\/blogsaverroes.juntadeandalucia.es\/educacionyflamenco\/wp-json\/wp\/v2\/pages\/1040\/revisions\/2428"}],"wp:attachment":[{"href":"https:\/\/blogsaverroes.juntadeandalucia.es\/educacionyflamenco\/wp-json\/wp\/v2\/media?parent=1040"}],"curies":[{"name":"wp","href":"https:\/\/api.w.org\/{rel}","templated":true}]}}