{"id":16,"date":"2021-06-22T11:57:42","date_gmt":"2021-06-22T09:57:42","guid":{"rendered":"http:\/\/blogsaverroes.juntadeandalucia.es\/pre\/educacionyflamenco\/?page_id=16"},"modified":"2025-10-29T10:13:18","modified_gmt":"2025-10-29T10:13:18","slug":"home","status":"publish","type":"page","link":"https:\/\/blogsaverroes.juntadeandalucia.es\/educacionyflamenco\/","title":{"rendered":"Home"},"content":{"rendered":"<p>[et_pb_section fb_built=&#8221;1&#8243; admin_label=&#8221;section&#8221; _builder_version=&#8221;4.16&#8243; min_height=&#8221;579.7px&#8221; custom_margin=&#8221;||-97px|||&#8221; custom_padding=&#8221;0px||0px|||&#8221; global_colors_info=&#8221;{}&#8221;][et_pb_row admin_label=&#8221;row&#8221; _builder_version=&#8221;4.24.2&#8243; background_size=&#8221;initial&#8221; background_position=&#8221;top_left&#8221; background_repeat=&#8221;repeat&#8221; width=&#8221;98%&#8221; max_width=&#8221;1363px&#8221; max_width_tablet=&#8221;1363px&#8221; max_width_phone=&#8221;1363px&#8221; max_width_last_edited=&#8221;on|tablet&#8221; global_colors_info=&#8221;{}&#8221;][et_pb_column type=&#8221;4_4&#8243; _builder_version=&#8221;4.16&#8243; custom_padding=&#8221;|||&#8221; global_colors_info=&#8221;{}&#8221; custom_padding__hover=&#8221;|||&#8221;][\/et_pb_column][\/et_pb_row][et_pb_row admin_label=&#8221;row&#8221; _builder_version=&#8221;4.24.2&#8243; background_size=&#8221;initial&#8221; background_position=&#8221;top_left&#8221; background_repeat=&#8221;repeat&#8221; width=&#8221;98%&#8221; max_width=&#8221;1363px&#8221; max_width_tablet=&#8221;1363px&#8221; max_width_phone=&#8221;1363px&#8221; max_width_last_edited=&#8221;on|tablet&#8221; global_colors_info=&#8221;{}&#8221;][et_pb_column type=&#8221;4_4&#8243; _builder_version=&#8221;4.16&#8243; custom_padding=&#8221;|||&#8221; global_colors_info=&#8221;{}&#8221; custom_padding__hover=&#8221;|||&#8221;][et_pb_image src=&#8221;https:\/\/blogsaverroes.juntadeandalucia.es\/educacionyflamenco\/files\/2025\/10\/IIICONGRESOINTERNACIONALDEEDUCACIONYFLAMENCO.BANNER.HOME_.jpg&#8221; title_text=&#8221;IIICONGRESOINTERNACIONALDEEDUCACIONYFLAMENCO.BANNER.HOME&#8221; src_tablet=&#8221;&#8221; src_phone=&#8221;&#8221; src_last_edited=&#8221;on|tablet&#8221; _builder_version=&#8221;4.24.2&#8243; _module_preset=&#8221;default&#8221; width_tablet=&#8221;40%&#8221; width_phone=&#8221;24%&#8221; width_last_edited=&#8221;on|tablet&#8221; max_width=&#8221;100%&#8221; min_height=&#8221;100px&#8221; min_height_tablet=&#8221;100px&#8221; min_height_phone=&#8221;100px&#8221; min_height_last_edited=&#8221;on|tablet&#8221; height=&#8221;478px&#8221; custom_margin=&#8221;-6px|-61px|-5px||false|false&#8221; custom_padding=&#8221;|0px|75px|0px||&#8221; hover_enabled=&#8221;0&#8243; global_colors_info=&#8221;{}&#8221; sticky_enabled=&#8221;0&#8243;][\/et_pb_image][et_pb_testimonial job_title_tablet=&#8221;&#8221; job_title_phone=&#8221;&#8221; job_title_last_edited=&#8221;on|phone&#8221; disabled_on=&#8221;on|on|off&#8221; _builder_version=&#8221;4.24.2&#8243; _module_preset=&#8221;default&#8221; background_color=&#8221;#FFFFFF&#8221; custom_margin=&#8221;31px||31px||true|false&#8221; custom_margin_tablet=&#8221;31px||31px||true|false&#8221; custom_margin_phone=&#8221;31px||31px||true|false&#8221; custom_margin_last_edited=&#8221;on|phone&#8221; global_colors_info=&#8221;{}&#8221;]<\/p>\n<p style=\"text-align: center\"><em>\u00abEl cante empieza a nacerle a uno de eso, de oir cantar a la gente de su tierra\u00bb.<\/em><\/p>\n<p style=\"text-align: center\">Enrique Morente<\/p>\n<p style=\"text-align: center\">[\/et_pb_testimonial][\/et_pb_column][\/et_pb_row][\/et_pb_section][et_pb_section fb_built=&#8221;1&#8243; _builder_version=&#8221;4.24.2&#8243; _module_preset=&#8221;default&#8221; min_height=&#8221;109.5px&#8221; custom_margin=&#8221;-412px|||||&#8221; global_colors_info=&#8221;{}&#8221;][et_pb_row _builder_version=&#8221;4.24.2&#8243; _module_preset=&#8221;default&#8221; global_colors_info=&#8221;{}&#8221;][et_pb_column type=&#8221;4_4&#8243; _builder_version=&#8221;4.24.2&#8243; _module_preset=&#8221;default&#8221; global_colors_info=&#8221;{}&#8221;][et_pb_text _builder_version=&#8221;4.24.2&#8243; _module_preset=&#8221;default&#8221; text_font=&#8221;ABeeZee||||||||&#8221; text_font_size=&#8221;25px&#8221; custom_margin=&#8221;46px||46px||true|false&#8221; global_colors_info=&#8221;{}&#8221;]<\/p>\n<p><strong>Sobre el Congreso<\/strong><\/p>\n<p>[\/et_pb_text][\/et_pb_column][\/et_pb_row][et_pb_row _builder_version=&#8221;4.24.2&#8243; _module_preset=&#8221;default&#8221; custom_margin=&#8221;-33px||||false|false&#8221; custom_padding=&#8221;0px||||false|false&#8221; global_colors_info=&#8221;{}&#8221;][et_pb_column type=&#8221;4_4&#8243; _builder_version=&#8221;4.24.2&#8243; _module_preset=&#8221;default&#8221; global_colors_info=&#8221;{}&#8221;][et_pb_text _builder_version=&#8221;4.24.2&#8243; _module_preset=&#8221;default&#8221; text_orientation=&#8221;justified&#8221; custom_padding=&#8221;||0px|||&#8221; inline_fonts=&#8221;ABeeZee&#8221; global_colors_info=&#8221;{}&#8221;]<\/p>\n<p class=\"western\" lang=\"es-ES\" style=\"text-align: justify\" align=\"left\"><span style=\"font-size: large;font-family: inherit;font-weight: normal\">El III Congreso Internacional de Educaci\u00f3n y Flamenco: Formaci\u00f3n e innovaci\u00f3n en el aula se concibe como un espacio de encuentro, reflexi\u00f3n y aprendizaje compartido donde docentes, investigadores y profesionales del flamenco puedan intercambiar experiencias, investigaciones y propuestas did\u00e1cticas. <\/span><\/p>\n<p class=\"western\" lang=\"es-ES\" style=\"text-align: justify\" align=\"left\"><span style=\"font-size: large;font-family: inherit;font-weight: normal\">Su finalidad es mejorar la formaci\u00f3n inicial y continua del profesorado, dot\u00e1ndolo de recursos y estrategias innovadoras que permitan integrar el flamenco en el curr\u00edculo escolar de manera transversal, inclusiva y creativa. A trav\u00e9s de ponencias, mesas redondas, talleres pr\u00e1cticos y actividades art\u00edsticas, se proporcionar\u00e1n herramientas pedag\u00f3gicas aplicables al aula que conecten con las metodolog\u00edas activas y favorezcan la participaci\u00f3n del alumnado. <\/span><\/p>\n<p class=\"western\" lang=\"es-ES\" style=\"text-align: justify\" align=\"left\"><span style=\"font-size: large;font-family: inherit;font-weight: normal\">El congreso, adem\u00e1s, promueve el acercamiento vivencial al flamenco, impulsando la valoraci\u00f3n, respeto y disfrute de este arte universal como elemento de innovaci\u00f3n educativa.<\/span><\/p>\n<p class=\"western\" lang=\"es-ES\" style=\"text-align: justify\" align=\"left\"><span style=\"font-size: large;font-family: inherit;font-weight: normal\">El evento se articula en torno a cinco l\u00edneas de trabajo:<\/span><\/p>\n<ul>\n<li style=\"list-style-type: none\">\n<ul>\n<li style=\"list-style-type: none\">\n<ul>\n<li style=\"list-style-type: none\">\n<ul>\n<li style=\"list-style-type: none\">\n<ul>\n<li style=\"list-style-type: none\">\n<ul>\n<li class=\"western\" lang=\"es-ES\" style=\"text-align: justify\"><span style=\"font-size: large;font-family: inherit;font-weight: normal\"><strong>L\u00ednea 1<\/strong>. Innovaci\u00f3n did\u00e1ctica y metodolog\u00edas activas con el flamenco.<\/span><\/li>\n<li class=\"western\" lang=\"es-ES\" style=\"text-align: justify\"><span style=\"font-size: large;font-family: inherit;font-weight: normal\"><strong>L\u00ednea 2.<\/strong> Flamenco, tecnolog\u00eda y recursos digitales en el aula.<\/span><\/li>\n<li class=\"western\" lang=\"es-ES\" style=\"text-align: justify\"><span style=\"font-size: large;font-family: inherit;font-weight: normal\"><strong>L\u00ednea 3.<\/strong> Igualdad, diversidad e inclusi\u00f3n a trav\u00e9s del flamenco.<\/span><\/li>\n<li class=\"western\" lang=\"es-ES\" style=\"text-align: justify\"><span style=\"font-size: large;font-family: inherit;font-weight: normal\"><strong>L\u00ednea 4.<\/strong> Investigaci\u00f3n y transferencia educativa en flamenco.<\/span><\/li>\n<li class=\"western\" lang=\"es-ES\" style=\"text-align: justify\"><span style=\"font-size: large;font-family: inherit;font-weight: normal\"><strong>L\u00ednea 5.<\/strong> Pr\u00e1cticas art\u00edsticas y formaci\u00f3n docente.<\/span><\/li>\n<\/ul>\n<\/li>\n<\/ul>\n<\/li>\n<\/ul>\n<\/li>\n<\/ul>\n<\/li>\n<\/ul>\n<\/li>\n<\/ul>\n<p>[\/et_pb_text][\/et_pb_column][\/et_pb_row][\/et_pb_section][et_pb_section fb_built=&#8221;1&#8243; _builder_version=&#8221;4.24.2&#8243; _module_preset=&#8221;default&#8221; custom_padding=&#8221;3px||0px|||&#8221; global_colors_info=&#8221;{}&#8221;][et_pb_row custom_padding_last_edited=&#8221;on|desktop&#8221; _builder_version=&#8221;4.24.2&#8243; _module_preset=&#8221;default&#8221; custom_margin=&#8221;19px||||false|false&#8221; custom_padding=&#8221;25px||||false|false&#8221; custom_padding_tablet=&#8221;25px||||false|false&#8221; custom_padding_phone=&#8221;25px||||false|false&#8221; global_colors_info=&#8221;{}&#8221;][et_pb_column type=&#8221;4_4&#8243; _builder_version=&#8221;4.24.2&#8243; _module_preset=&#8221;default&#8221; global_colors_info=&#8221;{}&#8221;][et_pb_text _builder_version=&#8221;4.24.2&#8243; _module_preset=&#8221;default&#8221; text_font=&#8221;ABeeZee||||||||&#8221; text_font_size=&#8221;25px&#8221; custom_margin=&#8221;-75px||||false|false&#8221; global_colors_info=&#8221;{}&#8221;]<\/p>\n<p><strong>Ponentes Destacados<\/strong><\/p>\n<p>[\/et_pb_text][\/et_pb_column][\/et_pb_row][\/et_pb_section][et_pb_section fb_built=&#8221;1&#8243; _builder_version=&#8221;4.24.2&#8243; _module_preset=&#8221;default&#8221; global_colors_info=&#8221;{}&#8221;][et_pb_row column_structure=&#8221;1_5,1_5,1_5,1_5,1_5&#8243; _builder_version=&#8221;4.24.2&#8243; _module_preset=&#8221;default&#8221; custom_margin=&#8221;-159px||-159px||true|false&#8221; global_colors_info=&#8221;{}&#8221;][et_pb_column type=&#8221;1_5&#8243; _builder_version=&#8221;4.24.2&#8243; _module_preset=&#8221;default&#8221; custom_padding=&#8221;38px||||false|false&#8221; global_colors_info=&#8221;{}&#8221;][et_pb_team_member name=&#8221;Roc\u00edo M\u00e1rquez&#8221; position=&#8221;Artista&#8221; image_url=&#8221;https:\/\/blogsaverroes.juntadeandalucia.es\/educacionyflamenco\/files\/2025\/10\/rocio_marquez_home.png&#8221; _builder_version=&#8221;4.24.2&#8243; _module_preset=&#8221;default&#8221; custom_margin=&#8221;-18px||-18px||true|false&#8221; global_colors_info=&#8221;{}&#8221;]<\/p>\n<p>Roc\u00edo M\u00e1rquez inici\u00f3 su formaci\u00f3n flamenca con solo 9 a\u00f1os en la Pe\u00f1a Flamenca de Huelva, y desde entonces ha recorrido un camino brillante como cantaora, investigadora y docente.<\/p>\n<p>Becada por la Fundaci\u00f3n Cristina Heeren, se form\u00f3 con grandes maestros y obtuvo el doctorado en flamenco por la Universidad de Sevilla. Ha actuado en escenarios internacionales como el Teatro Real y la Filarm\u00f3nica de Par\u00eds, y ha colaborado en cine, televisi\u00f3n y con artistas como Jorge Drexler.<\/p>\n<p>Hoy, adem\u00e1s de su carrera art\u00edstica, comparte su conocimiento como profesora e investigadora del arte jondo.d settings.<\/p>\n<p>[\/et_pb_team_member][\/et_pb_column][et_pb_column type=&#8221;1_5&#8243; _builder_version=&#8221;4.24.2&#8243; _module_preset=&#8221;default&#8221; custom_padding=&#8221;8px||||false|false&#8221; global_colors_info=&#8221;{}&#8221;][et_pb_team_member name=&#8221;Dorantes&#8221; position=&#8221;Pianista&#8221; image_url=&#8221;https:\/\/blogsaverroes.juntadeandalucia.es\/educacionyflamenco\/files\/2025\/10\/dorantes_home.png&#8221; _builder_version=&#8221;4.24.2&#8243; _module_preset=&#8221;default&#8221; global_colors_info=&#8221;{}&#8221;]<\/p>\n<p><span>Es un destacado compositor y pianista flamenco de etnia gitana, pionero en introducir el piano en el flamenco y en crear un lenguaje musical propio que ha influido a nuevas generaciones. Fue el primer gitano en acceder al Conservatorio Superior de M\u00fasica de Sevilla y ha sido reconocido con la <em>Medalla de Oro de la provincia de Sevilla<\/em> y como <em>embajador cultural<\/em>.<\/span><\/p>\n<p><span>Desde su primer disco <em>Orobroy<\/em> (1998), ha desarrollado un estilo que fusiona flamenco, jazz y m\u00fasica cl\u00e1sica, manteniendo siempre la ra\u00edz flamenca. Su obra, de gran profundidad emocional y t\u00e9cnica, se interpreta en escenarios de m\u00fasica culta y se distingue por su solidez y riqueza expresiva.<\/span><\/p>\n<p><span>En homenaje a su trayectoria, se ha nombrado el CEIP DAVID PE\u00d1A DORANTES en Sevilla, consolidando su legado como referente art\u00edstico y cultural.<\/span><\/p>\n<p>[\/et_pb_team_member][\/et_pb_column][et_pb_column type=&#8221;1_5&#8243; _builder_version=&#8221;4.24.2&#8243; _module_preset=&#8221;default&#8221; custom_padding=&#8221;23px||||false|false&#8221; global_colors_info=&#8221;{}&#8221;][et_pb_team_member name=&#8221;Arc\u00e1ngel&#8221; position=&#8221;Artista&#8221; image_url=&#8221;https:\/\/blogsaverroes.juntadeandalucia.es\/educacionyflamenco\/files\/2025\/10\/arcangel_home.png&#8221; _builder_version=&#8221;4.24.2&#8243; _module_preset=&#8221;default&#8221; custom_margin=&#8221;-13px||||false|false&#8221; global_colors_info=&#8221;{}&#8221;]<\/p>\n<p>Arc\u00e1ngel, cantaor onubense, comenz\u00f3 su trayectoria en 1987 y alcanz\u00f3 el reconocimiento en la Bienal de Flamenco de Sevilla en 1998.<\/p>\n<p>Ha colaborado con figuras como Mario Maya, Eva Yerbabuena o Vicente Amigo, y ha sido premiado por su talento en festivales y cert\u00e1menes.<\/p>\n<p>Con una s\u00f3lida discograf\u00eda y propuestas innovadoras, destaca por fusionar tradici\u00f3n y contemporaneidad, como en su \u00faltimo disco <em>Hereje<\/em> (2023), con composiciones de artistas de distintos g\u00e9neros.<\/p>\n<p>Galardonado con la Medalla de Andaluc\u00eda, es una voz imprescindible del flamenco actual.<\/p>\n<p>[\/et_pb_team_member][\/et_pb_column][et_pb_column type=&#8221;1_5&#8243; _builder_version=&#8221;4.24.2&#8243; _module_preset=&#8221;default&#8221; custom_padding=&#8221;0px||||false|false&#8221; global_colors_info=&#8221;{}&#8221;][et_pb_team_member name=&#8221;Ra\u00fal Cantizano&#8221; position=&#8221;Guitarrista&#8221; image_url=&#8221;https:\/\/blogsaverroes.juntadeandalucia.es\/educacionyflamenco\/files\/2025\/10\/raul_cantizano_home.png&#8221; _builder_version=&#8221;4.24.2&#8243; _module_preset=&#8221;default&#8221; custom_margin=&#8221;|-22px||||&#8221; global_colors_info=&#8221;{}&#8221;]<\/p>\n<p>Ra\u00fal Cantizano es un guitarrista experimental que ha revolucionado el flamenco contempor\u00e1neo con su enfoque libre y transgresor.<\/p>\n<p>Ha colaborado con figuras como Ni\u00f1o de Elche, Roc\u00edo M\u00e1rquez y Andr\u00e9s Mar\u00edn, y dirige proyectos esc\u00e9nicos y sonoros desde bulos.net.<\/p>\n<p>Su obra fusiona flamenco, improvisaci\u00f3n, ambient y rock, y ha sido presentada en festivales internacionales y Bienales de Flamenco.<\/p>\n<p>Adem\u00e1s de su prol\u00edfica discograf\u00eda, destaca por su labor como compositor, productor y director musical en propuestas que cruzan arte, territorio y vanguardia.<\/p>\n<p>[\/et_pb_team_member][\/et_pb_column][et_pb_column type=&#8221;1_5&#8243; _builder_version=&#8221;4.24.2&#8243; _module_preset=&#8221;default&#8221; custom_padding=&#8221;36px||||false|false&#8221; global_colors_info=&#8221;{}&#8221;][et_pb_team_member name=&#8221;Remedios Malv\u00e1rez&#8221; position=&#8221;Cineasta&#8221; image_url=&#8221;https:\/\/blogsaverroes.juntadeandalucia.es\/educacionyflamenco\/files\/2025\/10\/remedios_malvarez_home.png&#8221; _builder_version=&#8221;4.24.2&#8243; _module_preset=&#8221;default&#8221; custom_margin=&#8221;-24px||||false|false&#8221; global_colors_info=&#8221;{}&#8221;]<\/p>\n<p>Fot\u00f3grafa y cineasta andaluza con m\u00e1s de tres d\u00e9cadas de trayectoria, destaca por su compromiso con la igualdad y la memoria hist\u00f3rica.<\/p>\n<p>Dirige Producciones Singulares, especializada en documental social y campa\u00f1as institucionales.<\/p>\n<p>Ha recibido numerosos premios por su labor audiovisual y es miembro de la Academia de Cine de Espa\u00f1a<\/p>\n<p>[\/et_pb_team_member][\/et_pb_column][\/et_pb_row][\/et_pb_section][et_pb_section fb_built=&#8221;1&#8243; _builder_version=&#8221;4.24.2&#8243; _module_preset=&#8221;default&#8221; global_colors_info=&#8221;{}&#8221;][\/et_pb_section][et_pb_section fb_built=&#8221;1&#8243; _builder_version=&#8221;4.24.2&#8243; _module_preset=&#8221;default&#8221; global_colors_info=&#8221;{}&#8221;][et_pb_row column_structure=&#8221;1_2,1_2&#8243; _builder_version=&#8221;4.24.2&#8243; _module_preset=&#8221;default&#8221; custom_margin=&#8221;-126px||||false|false&#8221; global_colors_info=&#8221;{}&#8221;][et_pb_column type=&#8221;1_2&#8243; _builder_version=&#8221;4.24.2&#8243; _module_preset=&#8221;default&#8221; global_colors_info=&#8221;{}&#8221;][et_pb_text _builder_version=&#8221;4.24.2&#8243; _module_preset=&#8221;default&#8221; text_font=&#8221;ABeeZee||||||||&#8221; text_font_size=&#8221;25px&#8221; custom_margin_tablet=&#8221;12px||||false|false&#8221; custom_margin_phone=&#8221;78px||||false|false&#8221; custom_margin_last_edited=&#8221;on|phone&#8221; global_colors_info=&#8221;{}&#8221;]<\/p>\n<p><strong>Organiza y Colabora:<\/strong><\/p>\n<p>[\/et_pb_text][\/et_pb_column][et_pb_column type=&#8221;1_2&#8243; _builder_version=&#8221;4.24.2&#8243; _module_preset=&#8221;default&#8221; global_colors_info=&#8221;{}&#8221;][\/et_pb_column][\/et_pb_row][et_pb_row column_structure=&#8221;1_2,1_2&#8243; _builder_version=&#8221;4.24.2&#8243; _module_preset=&#8221;default&#8221; custom_margin=&#8221;-100px||||false|false&#8221; global_colors_info=&#8221;{}&#8221;][et_pb_column type=&#8221;1_2&#8243; _builder_version=&#8221;4.24.2&#8243; _module_preset=&#8221;default&#8221; global_colors_info=&#8221;{}&#8221;][et_pb_image src=&#8221;https:\/\/blogsaverroes.juntadeandalucia.es\/educacionyflamenco\/files\/2025\/09\/ORGANIZA.png&#8221; title_text=&#8221;ORGANIZA&#8221; url=&#8221;https:\/\/www.juntadeandalucia.es\/educacion\/portales\/&#8221; _builder_version=&#8221;4.24.2&#8243; _module_preset=&#8221;default&#8221; global_colors_info=&#8221;{}&#8221;][\/et_pb_image][\/et_pb_column][et_pb_column type=&#8221;1_2&#8243; _builder_version=&#8221;4.24.2&#8243; _module_preset=&#8221;default&#8221; global_colors_info=&#8221;{}&#8221;][et_pb_image src=&#8221;https:\/\/blogsaverroes.juntadeandalucia.es\/educacionyflamenco\/files\/2025\/09\/COLABORA.png&#8221; title_text=&#8221;COLABORA&#8221; url=&#8221;https:\/\/www.uhu.es\/&#8221; _builder_version=&#8221;4.24.2&#8243; _module_preset=&#8221;default&#8221; global_colors_info=&#8221;{}&#8221;][\/et_pb_image][\/et_pb_column][\/et_pb_row][\/et_pb_section]<\/p>\n","protected":false},"excerpt":{"rendered":"<p>\u00abEl cante empieza a nacerle a uno de eso, de oir cantar a la gente de su tierra\u00bb. Enrique Morente Sobre el CongresoEl III Congreso Internacional de Educaci\u00f3n y Flamenco: Formaci\u00f3n e innovaci\u00f3n en el aula se concibe como un espacio de encuentro, reflexi\u00f3n y aprendizaje compartido donde docentes, investigadores y profesionales del flamenco puedan [&hellip;]<\/p>\n","protected":false},"author":7051,"featured_media":0,"parent":0,"menu_order":0,"comment_status":"closed","ping_status":"closed","template":"","meta":{"_et_pb_use_builder":"on","_et_pb_old_content":"","_et_gb_content_width":"","ngg_post_thumbnail":0,"footnotes":""},"aioseo_notices":[],"_links":{"self":[{"href":"https:\/\/blogsaverroes.juntadeandalucia.es\/educacionyflamenco\/wp-json\/wp\/v2\/pages\/16"}],"collection":[{"href":"https:\/\/blogsaverroes.juntadeandalucia.es\/educacionyflamenco\/wp-json\/wp\/v2\/pages"}],"about":[{"href":"https:\/\/blogsaverroes.juntadeandalucia.es\/educacionyflamenco\/wp-json\/wp\/v2\/types\/page"}],"author":[{"embeddable":true,"href":"https:\/\/blogsaverroes.juntadeandalucia.es\/educacionyflamenco\/wp-json\/wp\/v2\/users\/7051"}],"replies":[{"embeddable":true,"href":"https:\/\/blogsaverroes.juntadeandalucia.es\/educacionyflamenco\/wp-json\/wp\/v2\/comments?post=16"}],"version-history":[{"count":238,"href":"https:\/\/blogsaverroes.juntadeandalucia.es\/educacionyflamenco\/wp-json\/wp\/v2\/pages\/16\/revisions"}],"predecessor-version":[{"id":2599,"href":"https:\/\/blogsaverroes.juntadeandalucia.es\/educacionyflamenco\/wp-json\/wp\/v2\/pages\/16\/revisions\/2599"}],"wp:attachment":[{"href":"https:\/\/blogsaverroes.juntadeandalucia.es\/educacionyflamenco\/wp-json\/wp\/v2\/media?parent=16"}],"curies":[{"name":"wp","href":"https:\/\/api.w.org\/{rel}","templated":true}]}}