{"id":2844,"date":"2025-12-05T08:42:11","date_gmt":"2025-12-05T08:42:11","guid":{"rendered":"https:\/\/blogsaverroes.juntadeandalucia.es\/educacionyflamenco\/?page_id=2844"},"modified":"2025-12-10T13:12:52","modified_gmt":"2025-12-10T13:12:52","slug":"documentacion","status":"publish","type":"page","link":"https:\/\/blogsaverroes.juntadeandalucia.es\/educacionyflamenco\/documentacion\/","title":{"rendered":"Documentaci\u00f3n"},"content":{"rendered":"<p>[et_pb_section fb_built=&#8221;1&#8243; fullwidth=&#8221;on&#8221; _builder_version=&#8221;4.24.2&#8243; _module_preset=&#8221;default&#8221; background_color=&#8221;#48824d&#8221; locked=&#8221;off&#8221; collapsed=&#8221;off&#8221; global_colors_info=&#8221;{}&#8221;][et_pb_fullwidth_image src=&#8221;https:\/\/blogsaverroes.juntadeandalucia.es\/educacionyflamenco\/files\/2025\/12\/PRESENTACIONES-Y-MATERIALES.png&#8221; title_text=&#8221;PRESENTACIONES Y MATERIALES&#8221; _builder_version=&#8221;4.24.2&#8243; _module_preset=&#8221;default&#8221; global_colors_info=&#8221;{}&#8221;][\/et_pb_fullwidth_image][\/et_pb_section][et_pb_section fb_built=&#8221;1&#8243; _builder_version=&#8221;4.24.2&#8243; _module_preset=&#8221;default&#8221; global_colors_info=&#8221;{}&#8221;][et_pb_row _builder_version=&#8221;4.24.2&#8243; _module_preset=&#8221;default&#8221; global_colors_info=&#8221;{}&#8221;][et_pb_column type=&#8221;4_4&#8243; _builder_version=&#8221;4.24.2&#8243; _module_preset=&#8221;default&#8221; global_colors_info=&#8221;{}&#8221;][et_pb_text _builder_version=&#8221;4.24.2&#8243; _module_preset=&#8221;default&#8221; text_font=&#8221;ABeeZee||||||||&#8221; text_font_size=&#8221;25px&#8221; custom_padding=&#8221;||2px|||&#8221; global_colors_info=&#8221;{}&#8221;]<\/p>\n<p><strong>Presentaciones y materiales del congreso<\/strong><\/p>\n<p>[\/et_pb_text][\/et_pb_column][\/et_pb_row][et_pb_row _builder_version=&#8221;4.24.2&#8243; _module_preset=&#8221;default&#8221; global_colors_info=&#8221;{}&#8221;][et_pb_column type=&#8221;4_4&#8243; _builder_version=&#8221;4.24.2&#8243; _module_preset=&#8221;default&#8221; global_colors_info=&#8221;{}&#8221;][et_pb_text _builder_version=&#8221;4.24.2&#8243; _module_preset=&#8221;default&#8221; text_font_size=&#8221;20px&#8221; custom_margin=&#8221;-29px||-29px||true|false&#8221; custom_margin_tablet=&#8221;-32px||-32px||true|false&#8221; custom_margin_phone=&#8221;1px||1px||true|false&#8221; custom_margin_last_edited=&#8221;on|desktop&#8221; global_colors_info=&#8221;{}&#8221;]<\/p>\n<p>El Congreso de Educaci\u00f3n y Flamenco ha sido un espacio \u00fanico donde se han encontrado la pedagog\u00eda y el arte. Durante las jornadas, docentes, investigadores y artistas compartieron experiencias, metodolog\u00edas y reflexiones sobre c\u00f3mo el flamenco puede ser una herramienta educativa y, al mismo tiempo, c\u00f3mo la educaci\u00f3n puede contribuir a la preservaci\u00f3n y difusi\u00f3n de nuestro patrimonio cultural.<\/p>\n<p>Aunque el congreso ya ha finalizado, esta web se convierte en un lugar de referencia para seguir aprendiendo. Aqu\u00ed reunimos las presentaciones de los ponentes, con el objetivo de que quienes participaron \u2014y quienes no pudieron asistir\u2014 tengan acceso a los contenidos y puedan profundizar en las ideas que se expusieron.<\/p>\n<p>Este espacio es una invitaci\u00f3n a continuar el di\u00e1logo entre educaci\u00f3n y flamenco, a explorar nuevas formas de ense\u00f1anza, y a mantener viva la transmisi\u00f3n de saberes y emociones que hacen de este arte un legado universal.<\/p>\n<p>&nbsp;<\/p>\n<p>[\/et_pb_text][\/et_pb_column][\/et_pb_row][et_pb_row _builder_version=&#8221;4.24.2&#8243; _module_preset=&#8221;default&#8221; custom_margin=&#8221;1px||||false|false&#8221; custom_margin_tablet=&#8221;1px||||false|false&#8221; custom_margin_phone=&#8221;1px||||false|false&#8221; custom_margin_last_edited=&#8221;on|phone&#8221; global_colors_info=&#8221;{}&#8221;][et_pb_column type=&#8221;4_4&#8243; _builder_version=&#8221;4.24.2&#8243; _module_preset=&#8221;default&#8221; global_colors_info=&#8221;{}&#8221;][et_pb_team_member name=&#8221;Nicol\u00e1s H\u00e9rn\u00e1ndez-Carrillo Valverde&#8221; position=&#8221;Docente en el IES Fernando de los R\u00edos (Fuente Vaqueros)&#8221; image_url=&#8221;https:\/\/blogsaverroes.juntadeandalucia.es\/educacionyflamenco\/files\/2025\/10\/NICOLAS_HERNANDEZ.png&#8221; _builder_version=&#8221;4.24.2&#8243; _module_preset=&#8221;default&#8221; header_font_size=&#8221;18px&#8221; link_option_url_new_window=&#8221;on&#8221; global_colors_info=&#8221;{}&#8221;]<\/p>\n<ul>\n<li>Accede a la presentaci\u00f3n: <a href=\"https:\/\/www.canva.com\/design\/DAG2CqcVRok\/BDixEfCoEfom5xlgj84rSg\/view?utm_content=DAG2CqcVRok&amp;utm_campaign=designshare&amp;utm_medium=link2&amp;utm_source=uniquelinks&amp;utlId=hb95d14358a\">Lorca, flamenco y rock<\/a><\/li>\n<\/ul>\n<p>[\/et_pb_team_member][et_pb_team_member name=&#8221;Antonio Jes\u00fas Rodr\u00edguez Baena&#8221; position=&#8221;Docente en el Colegio Arboleda (Sevilla)&#8221; image_url=&#8221;https:\/\/blogsaverroes.juntadeandalucia.es\/educacionyflamenco\/files\/2025\/10\/ANTONIOJESUS_RODRIGUEZ.png&#8221; _builder_version=&#8221;4.24.2&#8243; _module_preset=&#8221;default&#8221; link_option_url_new_window=&#8221;on&#8221; global_colors_info=&#8221;{}&#8221;]<\/p>\n<ul>\n<li>Accede a la presentaci\u00f3n: <a href=\"https:\/\/www.canva.com\/design\/DAG2Cih-HgQ\/8T4xNrCGnd7F7qBnUzhcjA\/view?utm_content=DAG2Cih-HgQ&amp;utm_campaign=designshare&amp;utm_medium=link2&amp;utm_source=uniquelinks&amp;utlId=h31f304cbb5\">I Festival Flamenco 360\u00ba<\/a><\/li>\n<\/ul>\n<p>[\/et_pb_team_member][et_pb_team_member name=&#8221;Alfredo Mesa Mart\u00ednez&#8221; position=&#8221;Guitarrista profesional de flamenco &#8221; image_url=&#8221;https:\/\/blogsaverroes.juntadeandalucia.es\/educacionyflamenco\/files\/2025\/10\/ALFREDO_MESA.png&#8221; _builder_version=&#8221;4.24.2&#8243; _module_preset=&#8221;default&#8221; link_option_url_new_window=&#8221;on&#8221; global_colors_info=&#8221;{}&#8221;]<\/p>\n<ul>\n<li>Accede a la presentaci\u00f3n: <a href=\"https:\/\/www.canva.com\/design\/DAG2CsbcDeg\/_KhX327zsbEprSJ9vhnnFg\/view?utm_content=DAG2CsbcDeg&amp;utm_campaign=designshare&amp;utm_medium=link2&amp;utm_source=uniquelinks&amp;utlId=h155777f568\">Recursos digitales para la ense\u00f1anza del flamenco.<\/a><\/li>\n<\/ul>\n<p>[\/et_pb_team_member][et_pb_team_member name=&#8221;Ana Bel\u00e9n Nevado Garc\u00eda&#8221; position=&#8221;Maestra de Educaci\u00f3n Musical en el CPR Adersa V&#8221; image_url=&#8221;https:\/\/blogsaverroes.juntadeandalucia.es\/educacionyflamenco\/files\/2025\/10\/ANABELEN_NEVADO.png&#8221; _builder_version=&#8221;4.24.2&#8243; _module_preset=&#8221;default&#8221; link_option_url_new_window=&#8221;on&#8221; global_colors_info=&#8221;{}&#8221;]<\/p>\n<ul>\n<li>Accede a la presentaci\u00f3n:<a href=\"https:\/\/www.canva.com\/design\/DAG2CpGT2EA\/HNAqr8B8ymCYgrY5bKxV9w\/view?utm_content=DAG2CpGT2EA&amp;utm_campaign=designshare&amp;utm_medium=link2&amp;utm_source=uniquelinks&amp;utlId=h54d6d3d6eb\"> El flamenco en el aula<\/a><\/li>\n<\/ul>\n<p>[\/et_pb_team_member][et_pb_team_member name=&#8221;Jos\u00e9 Gil Valencia&#8221; position=&#8221;Ilustrador&#8221; image_url=&#8221;https:\/\/blogsaverroes.juntadeandalucia.es\/educacionyflamenco\/files\/2025\/10\/22.png&#8221; _builder_version=&#8221;4.24.2&#8243; _module_preset=&#8221;default&#8221; link_option_url_new_window=&#8221;on&#8221; global_colors_info=&#8221;{}&#8221;]<\/p>\n<ul>\n<li>Accede a la presentaci\u00f3n:<a href=\"https:\/\/www.canva.com\/design\/DAG2CuRMt8o\/pDUES3nnw-SFAuAvZJKnHQ\/view?utm_content=DAG2CuRMt8o&amp;utm_campaign=designshare&amp;utm_medium=link2&amp;utm_source=uniquelinks&amp;utlId=h13e4255e04\"> Ilustrando lo flamenco<\/a><\/li>\n<\/ul>\n<p>[\/et_pb_team_member][et_pb_team_member name=&#8221;Almudena Navarro Romero&#8221; position=&#8221;Bailaora y  maestra de ingl\u00e9s&#8221; image_url=&#8221;https:\/\/blogsaverroes.juntadeandalucia.es\/educacionyflamenco\/files\/2025\/10\/6.png&#8221; _builder_version=&#8221;4.24.2&#8243; _module_preset=&#8221;default&#8221; link_option_url_new_window=&#8221;on&#8221; global_colors_info=&#8221;{}&#8221;]<\/p>\n<ul>\n<li>Accede a la presentaci\u00f3n:<a href=\"https:\/\/www.canva.com\/design\/DAG2CnOrOQY\/G6yPrA5TpIMBvPhc7PsWFQ\/view?utm_content=DAG2CnOrOQY&amp;utm_campaign=designshare&amp;utm_medium=link2&amp;utm_source=uniquelinks&amp;utlId=h24dde6aaf9\"> De verso a verso. De universo a universo.<\/a><\/li>\n<\/ul>\n<p>[\/et_pb_team_member][et_pb_team_member name=&#8221;Juan Francisco Cara Mu\u00f1oz&#8221; position=&#8221;Profesor de Educaci\u00f3n F\u00edsica&#8221; image_url=&#8221;https:\/\/blogsaverroes.juntadeandalucia.es\/educacionyflamenco\/files\/2025\/10\/14.png&#8221; _builder_version=&#8221;4.24.2&#8243; _module_preset=&#8221;default&#8221; link_option_url_new_window=&#8221;on&#8221; global_colors_info=&#8221;{}&#8221;]<\/p>\n<ul>\n<li>Accede a la presentaci\u00f3n: <a href=\"https:\/\/www.canva.com\/design\/DAG2CsqqF6E\/-cGKqQNNGGNeOddfEoDoTw\/view?utm_content=DAG2CsqqF6E&amp;utm_campaign=designshare&amp;utm_medium=link2&amp;utm_source=uniquelinks&amp;utlId=h1817f3faa8\">\u00c9rase una vez Buler\u00eda<\/a><\/li>\n<\/ul>\n<p>[\/et_pb_team_member][et_pb_team_member name=&#8221;Antonio Conde Gonz\u00e1lez-Carrascosa&#8221; position=&#8221;Inspector de Educaci\u00f3n&#8221; image_url=&#8221;https:\/\/blogsaverroes.juntadeandalucia.es\/educacionyflamenco\/files\/2025\/10\/23.png&#8221; _builder_version=&#8221;4.24.2&#8243; _module_preset=&#8221;default&#8221; link_option_url_new_window=&#8221;on&#8221; global_colors_info=&#8221;{}&#8221;]<\/p>\n<ul>\n<li>Accede a la presentaci\u00f3n: <a href=\"https:\/\/www.canva.com\/design\/DAG2CjluQcc\/mgawZur7QUdbqZAh_uuyMw\/view?utm_content=DAG2CjluQcc&amp;utm_campaign=designshare&amp;utm_medium=link2&amp;utm_source=uniquelinks&amp;utlId=h7e08de26df\"><span class=\"a_GcMg font-feature-liga-off font-feature-clig-off font-feature-calt-off text-decoration-none text-strikethrough-none\">Investigaci\u00f3n en educaci\u00f3n y flamenco: l\u00ednea y enfoques actuales.\u00a0<\/span><\/a><\/li>\n<\/ul>\n<p>[\/et_pb_team_member][et_pb_team_member name=&#8221;Juan Antonio Vel\u00e1zquez Puerto&#8221; position=&#8221;Jefe de departamento en la Gerencia de la Agencia Andaluza de Instituciones Culturales&#8221; image_url=&#8221;https:\/\/blogsaverroes.juntadeandalucia.es\/educacionyflamenco\/files\/2025\/10\/velazquez.png&#8221; _builder_version=&#8221;4.24.2&#8243; _module_preset=&#8221;default&#8221; link_option_url_new_window=&#8221;on&#8221; global_colors_info=&#8221;{}&#8221;]<\/p>\n<ul>\n<li>Accede a la presentaci\u00f3n:<a href=\"https:\/\/www.canva.com\/design\/DAG2CuhW8fc\/gQxcgJOAp4D4JZwTMaOYGQ\/view?utm_content=DAG2CuhW8fc&amp;utm_campaign=designshare&amp;utm_medium=link2&amp;utm_source=uniquelinks&amp;utlId=h25d2b19fd9\"> <span class=\"a_GcMg font-feature-liga-off font-feature-clig-off font-feature-calt-off text-decoration-none text-strikethrough-none\">Programa Andaluz de Arte y Educaci\u00f3n<\/span><\/a><\/li>\n<\/ul>\n<p>[\/et_pb_team_member][et_pb_team_member name=&#8221;Jos\u00e9 Alberto Amador Fern\u00e1ndez&#8221; position=&#8221;Profesor de M\u00fasica, Artes Esc\u00e9nicas y Danza en el IES Antonio de Mendoza (Alcal\u00e1 la Real, Ja\u00e9n)&#8221; image_url=&#8221;https:\/\/blogsaverroes.juntadeandalucia.es\/educacionyflamenco\/files\/2025\/10\/13.png&#8221; _builder_version=&#8221;4.24.2&#8243; _module_preset=&#8221;default&#8221; link_option_url_new_window=&#8221;on&#8221; global_colors_info=&#8221;{}&#8221;]<\/p>\n<ul>\n<li>Accede a la presentaci\u00f3n: <a href=\"https:\/\/www.canva.com\/design\/DAG2Cq8NWn0\/ZuK253qV6Ihnoh04qTecnQ\/view?utm_content=DAG2Cq8NWn0&amp;utm_campaign=designshare&amp;utm_medium=link2&amp;utm_source=uniquelinks&amp;utlId=ha467c0afb5\">Habitar el flamenco<\/a><\/li>\n<\/ul>\n<p>[\/et_pb_team_member][et_pb_team_member name=&#8221;Gloria Garc\u00eda Fern\u00e1ndez&#8221; position=&#8221; Docente, m\u00fasica e investigadora &#8221; image_url=&#8221;https:\/\/blogsaverroes.juntadeandalucia.es\/educacionyflamenco\/files\/2025\/10\/2.png&#8221; _builder_version=&#8221;4.24.2&#8243; _module_preset=&#8221;default&#8221; link_option_url_new_window=&#8221;on&#8221; global_colors_info=&#8221;{}&#8221;]<\/p>\n<ul>\n<li>Accede a la presentaci\u00f3n:<a href=\"https:\/\/www.canva.com\/design\/DAG2CiYSzO8\/kna4RZObd-OMkaDFFyfu7Q\/view?utm_content=DAG2CiYSzO8&amp;utm_campaign=designshare&amp;utm_medium=link2&amp;utm_source=uniquelinks&amp;utlId=h9a84a981e9\"> I<span class=\"a_GcMg font-feature-liga-off font-feature-clig-off font-feature-calt-off text-decoration-none text-strikethrough-none\">mprovisaci\u00f3n y conocimiento a trav\u00e9s de la danza. Programa dise\u00f1ado e impartido por <span class=\"a_GcMg font-feature-liga-off font-feature-clig-off font-feature-calt-off text-strikethrough-none text-decoration-underline\">Yinka Esi Graves.<\/span><\/span><\/a><\/li>\n<\/ul>\n<p>[\/et_pb_team_member][et_pb_team_member name=&#8221;Pedro Jim\u00e9nez Alv\u00e1rez&#8221; position=&#8221;Comunicador, mediador cultural y creador audiovisual &#8221; image_url=&#8221;https:\/\/blogsaverroes.juntadeandalucia.es\/educacionyflamenco\/files\/2025\/10\/1.png&#8221; _builder_version=&#8221;4.24.2&#8243; _module_preset=&#8221;default&#8221; link_option_url_new_window=&#8221;on&#8221; hover_enabled=&#8221;0&#8243; global_colors_info=&#8221;{}&#8221; sticky_enabled=&#8221;0&#8243;]<\/p>\n<ul>\n<li>Accede a la presentaci\u00f3n:<a href=\"https:\/\/www.canva.com\/design\/DAG2CqFh0l0\/3NqixsJ_GojW2HizQRI3ZA\/view?utm_content=DAG2CqFh0l0&amp;utm_campaign=designshare&amp;utm_medium=link2&amp;utm_source=uniquelinks&amp;utlId=h673c5bf84f\"> Planea, red de arte y escuela.<\/a><\/li>\n<\/ul>\n<p>[\/et_pb_team_member][et_pb_team_member name=&#8221;Pedro Jurado Olid&#8221; position=&#8221;Jefe de servicio del Programas Internacionales&#8221; image_url=&#8221;https:\/\/blogsaverroes.juntadeandalucia.es\/educacionyflamenco\/files\/2025\/11\/pedrojurado-1.png&#8221; _builder_version=&#8221;4.24.2&#8243; _module_preset=&#8221;default&#8221; link_option_url_new_window=&#8221;on&#8221; global_colors_info=&#8221;{}&#8221;]<\/p>\n<ul>\n<li>Accede a la presentaci\u00f3n: <a href=\"https:\/\/www.canva.com\/design\/DAG7Gbg6cKM\/CfJazLIgnf1tfNb22CkVXg\/view?utm_content=DAG7Gbg6cKM&amp;utm_campaign=designshare&amp;utm_medium=link2&amp;utm_source=uniquelinks&amp;utlId=h575ce23920\">Internacionalizaci\u00f3n del flamenco.<\/a><\/li>\n<\/ul>\n<p>[\/et_pb_team_member][et_pb_team_member name=&#8221;Juan Manuel Jim\u00e9nez Alba&#8221; position=&#8221;Int\u00e9rprete, creador, improvisador y pedagogo&#8221; image_url=&#8221;https:\/\/blogsaverroes.juntadeandalucia.es\/educacionyflamenco\/files\/2025\/10\/26.png&#8221; _builder_version=&#8221;4.24.2&#8243; _module_preset=&#8221;default&#8221; link_option_url_new_window=&#8221;on&#8221; global_colors_info=&#8221;{}&#8221;]<\/p>\n<ul>\n<li>Accede a la presentaci\u00f3n: <a href=\"https:\/\/www.canva.com\/design\/DAG7GayRZNY\/g7miAKuFP_P3GbzUAQfb2w\/view?utm_content=DAG7GayRZNY&amp;utm_campaign=designshare&amp;utm_medium=link2&amp;utm_source=uniquelinks&amp;utlId=h4f6ce7214f\">La influencia de instrumentalistas de viento en las m\u00fasicas del flamenco. La transcripci\u00f3n.<\/a><span class=\"a_GcMg font-feature-liga-off font-feature-clig-off font-feature-calt-off text-decoration-none text-strikethrough-none\"><\/span><\/li>\n<\/ul>\n<p>[\/et_pb_team_member][et_pb_team_member name=&#8221;Jos\u00e9 Gal\u00e1n&#8221; position=&#8221;Bailaor y core\u00f3grafo de flamenco inclusivo&#8221; image_url=&#8221;https:\/\/blogsaverroes.juntadeandalucia.es\/educacionyflamenco\/files\/2025\/12\/JOSEGALAN.png&#8221; _builder_version=&#8221;4.24.2&#8243; _module_preset=&#8221;default&#8221; link_option_url_new_window=&#8221;on&#8221; global_colors_info=&#8221;{}&#8221;]<\/p>\n<ul>\n<li>Accede a la presentaci\u00f3n: <a href=\"https:\/\/www.canva.com\/design\/DAG2CsiRQ2U\/XZkv-JkPGY2gWCqw4T-MLQ\/view?utm_content=DAG2CsiRQ2U&amp;utm_campaign=designshare&amp;utm_medium=link2&amp;utm_source=uniquelinks&amp;utlId=h6cec4e2c78\">Flamenco a oscuras<\/a><\/li>\n<\/ul>\n<p>[\/et_pb_team_member][et_pb_team_member name=&#8221;Ra\u00fal Cantizano&#8221; position=&#8221;Guitarrista&#8221; image_url=&#8221;https:\/\/blogsaverroes.juntadeandalucia.es\/educacionyflamenco\/files\/2025\/10\/raul_cantizano_home.png&#8221; _builder_version=&#8221;4.24.2&#8243; _module_preset=&#8221;default&#8221; link_option_url_new_window=&#8221;on&#8221; hover_enabled=&#8221;0&#8243; global_colors_info=&#8221;{}&#8221; title_text=&#8221;ra\u00fal_cantizano_home&#8221; sticky_enabled=&#8221;0&#8243;]<\/p>\n<ul>\n<li>Accede a la presentaci\u00f3n: <a href=\"https:\/\/www.canva.com\/design\/DAG7HYC5l2E\/aV_iP2X9_pRs3PEvuv7O1Q\/view?utm_content=DAG7HYC5l2E&amp;utm_campaign=designshare&amp;utm_medium=link2&amp;utm_source=uniquelinks&amp;utlId=hdd074561c7\">Flamenco y nuevas tecnolog\u00edas<\/a><\/li>\n<\/ul>\n<p>[\/et_pb_team_member][\/et_pb_column][\/et_pb_row][\/et_pb_section][et_pb_section fb_built=&#8221;1&#8243; _builder_version=&#8221;4.24.2&#8243; _module_preset=&#8221;default&#8221; background_color=&#8221;#FFFFFF&#8221; custom_margin=&#8221;-178px||-178px||true|false&#8221; custom_margin_tablet=&#8221;-178px||-178px||true|false&#8221; custom_margin_phone=&#8221;-178px||-178px||true|false&#8221; custom_margin_last_edited=&#8221;on|phone&#8221; custom_padding=&#8221;2%||2%||false|false&#8221; collapsed=&#8221;off&#8221; global_colors_info=&#8221;{}&#8221;][\/et_pb_section]<\/p>\n","protected":false},"excerpt":{"rendered":"<p>Presentaciones y materiales del congresoEl Congreso de Educaci\u00f3n y Flamenco ha sido un espacio \u00fanico donde se han encontrado la pedagog\u00eda y el arte. Durante las jornadas, docentes, investigadores y artistas compartieron experiencias, metodolog\u00edas y reflexiones sobre c\u00f3mo el flamenco puede ser una herramienta educativa y, al mismo tiempo, c\u00f3mo la educaci\u00f3n puede contribuir a [&hellip;]<\/p>\n","protected":false},"author":21093,"featured_media":0,"parent":0,"menu_order":0,"comment_status":"closed","ping_status":"closed","template":"","meta":{"_et_pb_use_builder":"on","_et_pb_old_content":"","_et_gb_content_width":"","ngg_post_thumbnail":0,"footnotes":""},"aioseo_notices":[],"_links":{"self":[{"href":"https:\/\/blogsaverroes.juntadeandalucia.es\/educacionyflamenco\/wp-json\/wp\/v2\/pages\/2844"}],"collection":[{"href":"https:\/\/blogsaverroes.juntadeandalucia.es\/educacionyflamenco\/wp-json\/wp\/v2\/pages"}],"about":[{"href":"https:\/\/blogsaverroes.juntadeandalucia.es\/educacionyflamenco\/wp-json\/wp\/v2\/types\/page"}],"author":[{"embeddable":true,"href":"https:\/\/blogsaverroes.juntadeandalucia.es\/educacionyflamenco\/wp-json\/wp\/v2\/users\/21093"}],"replies":[{"embeddable":true,"href":"https:\/\/blogsaverroes.juntadeandalucia.es\/educacionyflamenco\/wp-json\/wp\/v2\/comments?post=2844"}],"version-history":[{"count":24,"href":"https:\/\/blogsaverroes.juntadeandalucia.es\/educacionyflamenco\/wp-json\/wp\/v2\/pages\/2844\/revisions"}],"predecessor-version":[{"id":2888,"href":"https:\/\/blogsaverroes.juntadeandalucia.es\/educacionyflamenco\/wp-json\/wp\/v2\/pages\/2844\/revisions\/2888"}],"wp:attachment":[{"href":"https:\/\/blogsaverroes.juntadeandalucia.es\/educacionyflamenco\/wp-json\/wp\/v2\/media?parent=2844"}],"curies":[{"name":"wp","href":"https:\/\/api.w.org\/{rel}","templated":true}]}}