{"id":38,"date":"2021-06-22T12:16:31","date_gmt":"2021-06-22T10:16:31","guid":{"rendered":"http:\/\/blogsaverroes.juntadeandalucia.es\/pre\/educacionyflamenco\/?page_id=38"},"modified":"2025-11-07T08:14:56","modified_gmt":"2025-11-07T08:14:56","slug":"comunicaciones","status":"publish","type":"page","link":"https:\/\/blogsaverroes.juntadeandalucia.es\/educacionyflamenco\/comunicaciones\/","title":{"rendered":"Comunicaciones"},"content":{"rendered":"<p>[et_pb_section fb_built=&#8221;1&#8243; fullwidth=&#8221;on&#8221; _builder_version=&#8221;4.16&#8243; _module_preset=&#8221;default&#8221; global_colors_info=&#8221;{}&#8221;][et_pb_fullwidth_image src=&#8221;https:\/\/blogsaverroes.juntadeandalucia.es\/educacionyflamenco\/files\/2025\/09\/BANNER-PAGINAS-CENTRALES-4.png&#8221; title_text=&#8221;BANNER PAGINAS CENTRALES (4)&#8221; _builder_version=&#8221;4.24.2&#8243; _module_preset=&#8221;default&#8221; global_colors_info=&#8221;{}&#8221;][\/et_pb_fullwidth_image][\/et_pb_section][et_pb_section fb_built=&#8221;1&#8243; _builder_version=&#8221;4.24.2&#8243; _module_preset=&#8221;default&#8221; background_color=&#8221;#FFFFFF&#8221; custom_padding=&#8221;2%||||false|false&#8221; global_colors_info=&#8221;{}&#8221;][et_pb_row column_structure=&#8221;1_2,1_2&#8243; _builder_version=&#8221;4.24.2&#8243; _module_preset=&#8221;default&#8221; custom_padding=&#8221;1em||||false|false&#8221; global_colors_info=&#8221;{}&#8221;][et_pb_column type=&#8221;1_2&#8243; _builder_version=&#8221;4.16&#8243; _module_preset=&#8221;default&#8221; global_colors_info=&#8221;{}&#8221;][et_pb_image src=&#8221;https:\/\/blogsaverroes.juntadeandalucia.es\/educacionyflamenco\/files\/2025\/10\/COMUNICACIONES-scaled.jpg&#8221; title_text=&#8221;COMUNICACIONES&#8221; _builder_version=&#8221;4.24.2&#8243; _module_preset=&#8221;default&#8221; border_width_all=&#8221;1px&#8221; border_color_all=&#8221;#000000&#8243; global_colors_info=&#8221;{}&#8221;][\/et_pb_image][\/et_pb_column][et_pb_column type=&#8221;1_2&#8243; _builder_version=&#8221;4.24.2&#8243; _module_preset=&#8221;default&#8221; global_colors_info=&#8221;{}&#8221;][et_pb_accordion icon_color=&#8221;#141414&#8243; _builder_version=&#8221;4.24.2&#8243; _module_preset=&#8221;default&#8221; toggle_font=&#8221;Prata||||||||&#8221; toggle_font_size=&#8221;22px&#8221; toggle_line_height=&#8221;1.4em&#8221; body_font=&#8221;Lato||||||||&#8221; body_font_size=&#8221;16px&#8221; max_width=&#8221;700px&#8221; module_alignment=&#8221;center&#8221; custom_margin_tablet=&#8221;&#8221; custom_margin_phone=&#8221;8px||||false|false&#8221; custom_margin_last_edited=&#8221;on|desktop&#8221; hover_enabled=&#8221;0&#8243; toggle_font_size_tablet=&#8221;18px&#8221; toggle_font_size_phone=&#8221;16px&#8221; toggle_font_size_last_edited=&#8221;on|desktop&#8221; toggle_line_height_tablet=&#8221;1.6em&#8221; toggle_line_height_phone=&#8221;&#8221; toggle_line_height_last_edited=&#8221;on|desktop&#8221; body_font_size_tablet=&#8221;15px&#8221; body_font_size_phone=&#8221;14px&#8221; body_font_size_last_edited=&#8221;on|phone&#8221; border_width_all=&#8221;0px&#8221; border_color_all=&#8221;rgba(20,20,20,0.3)&#8221; border_width_bottom=&#8221;1px&#8221; locked=&#8221;off&#8221; global_colors_info=&#8221;{}&#8221; sticky_enabled=&#8221;0&#8243;][et_pb_accordion_item title=&#8221; &#8221; open=&#8221;off&#8221; _builder_version=&#8221;4.16&#8243; _module_preset=&#8221;default&#8221; custom_css_main_element=&#8221;display: none;&#8221; global_colors_info=&#8221;{}&#8221;] [\/et_pb_accordion_item][et_pb_accordion_item title=&#8221;Autor\u00eda&#8221; _builder_version=&#8221;4.24.2&#8243; _module_preset=&#8221;default&#8221; global_colors_info=&#8221;{}&#8221; open=&#8221;off&#8221;]<\/p>\n<ol>\n<li style=\"text-align: justify\">Se aceptar\u00e1 hasta un m\u00e1ximo de 5 autores\/as por comunicaci\u00f3n.<\/li>\n<li style=\"text-align: justify\">Cada autor\/a podr\u00e1 participar en un m\u00e1ximo de 3 contribuciones.<\/li>\n<li style=\"text-align: justify\">Para la publicaci\u00f3n final de las comunicaciones ser\u00e1 preciso que al menos un autor\/a est\u00e9 inscrito\/a en el congreso.<\/li>\n<li style=\"text-align: justify\">S\u00f3lo se certificar\u00e1 a aquellas personas que asistan a la exposici\u00f3n presencial de la comunicaci\u00f3n.<\/li>\n<\/ol>\n<p>[\/et_pb_accordion_item][et_pb_accordion_item title=&#8221;Env\u00edo del trabajo&#8221; _builder_version=&#8221;4.24.2&#8243; _module_preset=&#8221;default&#8221; global_colors_info=&#8221;{}&#8221; open=&#8221;off&#8221;]Las contribuciones de los trabajos estar\u00e1n relacionadas con las l\u00edneas tem\u00e1ticas del Congreso:<\/p>\n<ol>\n<li style=\"list-style-type: none\">\n<ul>\n<li class=\"western\" lang=\"es-ES\"><strong>L\u00ednea 1<\/strong>. Innovaci\u00f3n did\u00e1ctica y metodolog\u00edas activas con el flamenco.<\/li>\n<li class=\"western\" lang=\"es-ES\"><strong>L\u00ednea 2.<\/strong>&nbsp;Flamenco, tecnolog\u00eda y recursos digitales en el aula.<\/li>\n<li class=\"western\" lang=\"es-ES\"><strong>L\u00ednea 3.<\/strong>&nbsp;Igualdad, diversidad e inclusi\u00f3n a trav\u00e9s del flamenco.<\/li>\n<li class=\"western\" lang=\"es-ES\"><strong>L\u00ednea 4.<\/strong>&nbsp;Investigaci\u00f3n y transferencia educativa en flamenco.<\/li>\n<li class=\"western\" lang=\"es-ES\"><strong>L\u00ednea 5.<\/strong>&nbsp;Pr\u00e1cticas art\u00edsticas y formaci\u00f3n docente.<\/li>\n<\/ul>\n<\/li>\n<\/ol>\n<ul>\n<li style=\"list-style-type: none\">\n<ul>\n<li style=\"list-style-type: none\">\n<ul style=\"list-style-type: circle\">\n<li style=\"text-align: left\">Una vez enviado, el trabajo ser\u00e1 revisado por el Comit\u00e9 Cient\u00edfico conforme a la siguiente <span style=\"color: #000000\"><strong><em><a style=\"color: #000000\" href=\"https:\/\/blogsaverroes.juntadeandalucia.es\/educacionyflamenco\/files\/2025\/09\/RUBRICA_COMUNICACIONES.pdf\"><span style=\"font-size: 10pt\"><u>r\u00fabrica.<\/u><\/span><\/a><\/em><\/strong><\/span><\/li>\n<li style=\"text-align: left\">Los trabajos aceptados se publicar\u00e1n en un monogr\u00e1fico cuya informaci\u00f3n se detallar\u00e1 m\u00e1s adelante. De los trabajos aceptados, se seleccionar\u00e1n seis para su exposici\u00f3n presencial en el Congreso.<\/li>\n<li>Para el env\u00edo de comunicaciones, se deber\u00e1 utilizar la <span style=\"color: #000000\"><em><strong><a style=\"color: #000000\" href=\"https:\/\/blogsaverroes.juntadeandalucia.es\/educacionyflamenco\/files\/2025\/09\/Guia_paralapresentaciondecomunicaciones_IIICongreso.pdf\">gu\u00eda para la presentaci\u00f3n de comunicaciones<\/a><\/strong><\/em><\/span>, donde se establece el formato y las indicaciones necesarias para elaborar correctamente los trabajos.<\/li>\n<li>Los trabajos se enviar\u00e1n para su valoraci\u00f3n a la siguiente direcci\u00f3n de correo electr\u00f3nico:\n<ul style=\"list-style-type: circle\">\n<li style=\"text-align: left\"><span style=\"text-decoration: underline\"><strong>programaseducativos.cdefp@juntadeandalucia.es<\/strong><\/span><\/li>\n<\/ul>\n<\/li>\n<\/ul>\n<\/li>\n<\/ul>\n<\/li>\n<\/ul>\n<ul>\n<li style=\"list-style-type: none\">\n<ul style=\"list-style-type: disc\">\n<li>Observaciones<\/li>\n<\/ul>\n<\/li>\n<\/ul>\n<ol>\n<li style=\"list-style-type: none\">\n<ol>\n<li style=\"list-style-type: none\">\n<ol>\n<li>No se admitir\u00e1n contribuciones que no sean in\u00e9ditas.<\/li>\n<li>Deber\u00e1n seguir las l\u00edneas tem\u00e1ticas marcadas para el Congreso.<\/li>\n<li>Solo se admitir\u00e1n trabajos que hayan sido recibidos durante los plazos de recepci\u00f3n establecidos.<\/li>\n<li>Las contribuciones deber\u00e1n seguir el formato de redacci\u00f3n&nbsp; indicado en la gu\u00eda.<\/li>\n<\/ol>\n<\/li>\n<\/ol>\n<\/li>\n<\/ol>\n<p>&nbsp;<br \/>\n[\/et_pb_accordion_item][et_pb_accordion_item title=&#8221;Fechas Clave&#8221; _builder_version=&#8221;4.24.2&#8243; _module_preset=&#8221;default&#8221; global_colors_info=&#8221;{}&#8221; open=&#8221;on&#8221;]- El plazo para la entrega de los trabajos ser\u00e1 del: <strong>2 de octubre de 2025 al&nbsp; 3 de noviembre de 2025.<\/strong><\/p>\n<p>&#8211; Las comunicaciones aceptadas se publicar\u00e1n el d\u00eda <strong>5 de noviembre&nbsp; de 2025.<\/strong><br \/>\n[\/et_pb_accordion_item][et_pb_accordion_item title=&#8221;Comunicaciones Seleccionadas&#8221; _builder_version=&#8221;4.24.2&#8243; _module_preset=&#8221;default&#8221; hover_enabled=&#8221;0&#8243; sticky_enabled=&#8221;0&#8243; open=&#8221;off&#8221;]<\/p>\n<p>Compartimos en este espacio las dos comunicaciones seleccionadas para ser presentadas en el congreso\u00a0por su originalidad y valor educativo.<\/p>\n<p><img loading=\"lazy\" decoding=\"async\" src=\"https:\/\/blogsaverroes.juntadeandalucia.es\/educacionyflamenco\/files\/2025\/11\/jose-galan-300x200.jpg\" width=\"300\" height=\"200\" alt=\"\" class=\"wp-image-2675 aligncenter size-medium\" \/><\/p>\n<div>\n<div id=\"WUvPMkVyUGGu7rNEBtpCR-content-0\">\n<p><span>La primera, a cargo de <strong>Jos\u00e9 Gal\u00e1n<\/strong>, de <strong>Granada<\/strong>, lleva por t\u00edtulo <strong>&#8220;Flamenco a oscuras&#8221;<\/strong>, una propuesta sensorial e inclusiva que invita a experimentar el flamenco desde nuevas perspectivas.<\/span><\/p>\n<p><span><img loading=\"lazy\" decoding=\"async\" src=\"https:\/\/blogsaverroes.juntadeandalucia.es\/educacionyflamenco\/files\/2025\/11\/Cesar-Lopez-2-1-300x164.jpg\" width=\"300\" height=\"164\" alt=\"\" class=\"wp-image-2676 aligncenter size-medium\" \/><\/span><\/p>\n<p><span><strong>C\u00e9sar L\u00f3pez, <\/strong>de Huelva\u00a0 presentar\u00e1\u00a0 el <strong>&#8220;El caj\u00f3n pupitre: percusi\u00f3n encima de la mesa escolar&#8221;<\/strong>, ofreciendo una mirada creativa sobre c\u00f3mo integrar la m\u00fasica y el ritmo en el aula utilizando recursos cotidianos.<\/span><\/p>\n<\/div>\n<\/div>\n<div><\/div>\n<p>[\/et_pb_accordion_item][\/et_pb_accordion][\/et_pb_column][\/et_pb_row][\/et_pb_section][et_pb_section fb_built=&#8221;1&#8243; _builder_version=&#8221;4.24.2&#8243; _module_preset=&#8221;default&#8221; global_colors_info=&#8221;{}&#8221;][\/et_pb_section][et_pb_section fb_built=&#8221;1&#8243; _builder_version=&#8221;4.24.2&#8243; _module_preset=&#8221;default&#8221; global_colors_info=&#8221;{}&#8221;][et_pb_row _builder_version=&#8221;4.24.2&#8243; _module_preset=&#8221;default&#8221; global_colors_info=&#8221;{}&#8221;][et_pb_column type=&#8221;4_4&#8243; _builder_version=&#8221;4.24.2&#8243; _module_preset=&#8221;default&#8221; global_colors_info=&#8221;{}&#8221;][et_pb_image _builder_version=&#8221;4.24.2&#8243; _module_preset=&#8221;default&#8221; global_colors_info=&#8221;{}&#8221;][\/et_pb_image][\/et_pb_column][\/et_pb_row][\/et_pb_section]<\/p>\n","protected":false},"excerpt":{"rendered":"<p>Se aceptar\u00e1 hasta un m\u00e1ximo de 5 autores\/as por comunicaci\u00f3n. Cada autor\/a podr\u00e1 participar en un m\u00e1ximo de 3 contribuciones. Para la publicaci\u00f3n final de las comunicaciones ser\u00e1 preciso que al menos un autor\/a est\u00e9 inscrito\/a en el congreso. S\u00f3lo se certificar\u00e1 a aquellas personas que asistan a la exposici\u00f3n presencial de la comunicaci\u00f3n. Las [&hellip;]<\/p>\n","protected":false},"author":7051,"featured_media":0,"parent":0,"menu_order":0,"comment_status":"closed","ping_status":"closed","template":"","meta":{"_et_pb_use_builder":"on","_et_pb_old_content":"","_et_gb_content_width":"","ngg_post_thumbnail":0,"footnotes":""},"aioseo_notices":[],"_links":{"self":[{"href":"https:\/\/blogsaverroes.juntadeandalucia.es\/educacionyflamenco\/wp-json\/wp\/v2\/pages\/38"}],"collection":[{"href":"https:\/\/blogsaverroes.juntadeandalucia.es\/educacionyflamenco\/wp-json\/wp\/v2\/pages"}],"about":[{"href":"https:\/\/blogsaverroes.juntadeandalucia.es\/educacionyflamenco\/wp-json\/wp\/v2\/types\/page"}],"author":[{"embeddable":true,"href":"https:\/\/blogsaverroes.juntadeandalucia.es\/educacionyflamenco\/wp-json\/wp\/v2\/users\/7051"}],"replies":[{"embeddable":true,"href":"https:\/\/blogsaverroes.juntadeandalucia.es\/educacionyflamenco\/wp-json\/wp\/v2\/comments?post=38"}],"version-history":[{"count":51,"href":"https:\/\/blogsaverroes.juntadeandalucia.es\/educacionyflamenco\/wp-json\/wp\/v2\/pages\/38\/revisions"}],"predecessor-version":[{"id":2682,"href":"https:\/\/blogsaverroes.juntadeandalucia.es\/educacionyflamenco\/wp-json\/wp\/v2\/pages\/38\/revisions\/2682"}],"wp:attachment":[{"href":"https:\/\/blogsaverroes.juntadeandalucia.es\/educacionyflamenco\/wp-json\/wp\/v2\/media?parent=38"}],"curies":[{"name":"wp","href":"https:\/\/api.w.org\/{rel}","templated":true}]}}