{"id":44,"date":"2021-06-22T12:17:50","date_gmt":"2021-06-22T10:17:50","guid":{"rendered":"http:\/\/blogsaverroes.juntadeandalucia.es\/pre\/educacionyflamenco\/?page_id=44"},"modified":"2025-10-03T12:59:18","modified_gmt":"2025-10-03T12:59:18","slug":"inscripciones","status":"publish","type":"page","link":"https:\/\/blogsaverroes.juntadeandalucia.es\/educacionyflamenco\/inscripciones\/","title":{"rendered":"Inscripciones"},"content":{"rendered":"<p>[et_pb_section fb_built=&#8221;1&#8243; fullwidth=&#8221;on&#8221; _builder_version=&#8221;4.16&#8243; _module_preset=&#8221;default&#8221; global_colors_info=&#8221;{}&#8221;][et_pb_fullwidth_code _builder_version=&#8221;4.16&#8243; _module_preset=&#8221;default&#8221; global_colors_info=&#8221;{}&#8221;]<\/p>\n<div class=\"contenedor_inscripciones_flamenco\">\n<p><!-- [et_pb_line_break_holder] --><!-- [et_pb_line_break_holder] --><!-- [et_pb_line_break_holder] --><!-- [et_pb_line_break_holder] --><\/p>\n<div class=\"imagen_lunares_inscripciones_flamenco\"><!-- [et_pb_line_break_holder] --> <!-- [et_pb_line_break_holder] --><\/div>\n<p><!-- [et_pb_line_break_holder] --><!-- [et_pb_line_break_holder] --><!-- [et_pb_line_break_holder] --><\/p>\n<div class=\"titulo_inscripciones_flamenco\">\n<p><!-- [et_pb_line_break_holder] --><!-- [et_pb_line_break_holder] --><!-- [et_pb_line_break_holder] --><!-- [et_pb_line_break_holder] --><\/p>\n<h2><!-- [et_pb_line_break_holder] --> Inscripciones<!-- [et_pb_line_break_holder] --><\/h2>\n<p><!-- [et_pb_line_break_holder] --><!-- [et_pb_line_break_holder] --><!-- [et_pb_line_break_holder] --><!-- [et_pb_line_break_holder] --><\/p>\n<\/div>\n<p><!-- [et_pb_line_break_holder] --><!-- [et_pb_line_break_holder] --><!-- [et_pb_line_break_holder] --><!-- [et_pb_line_break_holder] --><\/p>\n<\/div>\n<p><!-- [et_pb_line_break_holder] -->[\/et_pb_fullwidth_code][\/et_pb_section][et_pb_section fb_built=&#8221;1&#8243; module_class=&#8221;flamenco_inscripciones_backround&#8221; _builder_version=&#8221;4.16&#8243; _module_preset=&#8221;default&#8221; background_enable_image=&#8221;off&#8221; custom_css_main_element=&#8221;background: url(https:\/\/blogsaverroes.juntadeandalucia.es\/educacionyflamenco\/files\/2021\/07\/gitana_flamenca_inscripciones.png) top left no-repeat, url(https:\/\/blogsaverroes.juntadeandalucia.es\/educacionyflamenco\/files\/2021\/07\/catanuelas.png) right no-repeat;||background-size: auto;||background-color: #ddd;&#8221; global_colors_info=&#8221;{}&#8221;][et_pb_row _builder_version=&#8221;4.16&#8243; _module_preset=&#8221;default&#8221; custom_margin=&#8221;0px||0px||true|false&#8221; custom_padding=&#8221;0px||0px||true|false&#8221; global_colors_info=&#8221;{}&#8221;][et_pb_column type=&#8221;4_4&#8243; _builder_version=&#8221;4.16&#8243; _module_preset=&#8221;default&#8221; global_colors_info=&#8221;{}&#8221;][\/et_pb_column][\/et_pb_row][et_pb_row column_structure=&#8221;1_2,1_2&#8243; _builder_version=&#8221;4.16&#8243; _module_preset=&#8221;default&#8221; global_colors_info=&#8221;{}&#8221;][et_pb_column type=&#8221;1_2&#8243; _builder_version=&#8221;4.16&#8243; _module_preset=&#8221;default&#8221; background_enable_image=&#8221;off&#8221; background_position=&#8221;top_left&#8221; global_colors_info=&#8221;{}&#8221;][et_pb_text _builder_version=&#8221;4.16&#8243; _module_preset=&#8221;default&#8221; text_text_color=&#8221;#000000&#8243; header_3_text_color=&#8221;#000000&#8243; custom_margin=&#8221;||1em||false|false&#8221; custom_padding=&#8221;||||false|false&#8221; global_colors_info=&#8221;{}&#8221;]<\/p>\n<h3 style=\"text-align: center\"><span style=\"color: #000000\"><strong>Fechas claves<\/strong><\/span><\/h3>\n<p>[\/et_pb_text][et_pb_code _builder_version=&#8221;4.16&#8243; _module_preset=&#8221;default&#8221; background_color=&#8221;#ffffff&#8221; global_colors_info=&#8221;{}&#8221;]<\/p>\n<div class=\"eventos_incripciones_timeline_box\">\n<p><!-- [et_pb_line_break_holder] --><!-- [et_pb_line_break_holder] --><!-- [et_pb_line_break_holder] --><!-- [et_pb_line_break_holder] --><\/p>\n<div class=\"eventos_incripciones_timeline\">\n<p><!-- [et_pb_line_break_holder] --><!-- [et_pb_line_break_holder] --><!-- [et_pb_line_break_holder] --><!-- [et_pb_line_break_holder] --><\/p>\n<div class=\"eventos_incripciones_container eventos_incripciones_container_left\">\n<p><!-- [et_pb_line_break_holder] --><!-- [et_pb_line_break_holder] --><!-- [et_pb_line_break_holder] --><!-- [et_pb_line_break_holder] --><\/p>\n<h5>06\/09\/2021<\/h5>\n<p><!-- [et_pb_line_break_holder] --><!-- [et_pb_line_break_holder] --><!-- [et_pb_line_break_holder] --><!-- [et_pb_line_break_holder] -->Apertura del peri\u00f3do de solicitud<!-- [et_pb_line_break_holder] --><!-- [et_pb_line_break_holder] --><!-- [et_pb_line_break_holder] --><!-- [et_pb_line_break_holder] --><!-- [et_pb_line_break_holder] --><\/p>\n<\/div>\n<p><!-- [et_pb_line_break_holder] --><!-- [et_pb_line_break_holder] --><!-- [et_pb_line_break_holder] --><\/p>\n<div class=\"eventos_incripciones_container eventos_incripciones_container_left\">\n<p><!-- [et_pb_line_break_holder] --><!-- [et_pb_line_break_holder] --><!-- [et_pb_line_break_holder] --><!-- [et_pb_line_break_holder] --><\/p>\n<h5>30\/09\/2021<\/h5>\n<p><!-- [et_pb_line_break_holder] --><!-- [et_pb_line_break_holder] --><!-- [et_pb_line_break_holder] --><!-- [et_pb_line_break_holder] -->Cierre del periodo de solicitud<!-- [et_pb_line_break_holder] --><!-- [et_pb_line_break_holder] --><!-- [et_pb_line_break_holder] --><!-- [et_pb_line_break_holder] --><!-- [et_pb_line_break_holder] --><\/p>\n<\/div>\n<p><!-- [et_pb_line_break_holder] --><!-- [et_pb_line_break_holder] --><!-- [et_pb_line_break_holder] --><\/p>\n<div class=\"eventos_incripciones_container eventos_incripciones_container_right\">\n<p><!-- [et_pb_line_break_holder] --><!-- [et_pb_line_break_holder] --><!-- [et_pb_line_break_holder] --><!-- [et_pb_line_break_holder] --><\/p>\n<h5>07\/10\/2021<\/h5>\n<p><!-- [et_pb_line_break_holder] --><!-- [et_pb_line_break_holder] --><!-- [et_pb_line_break_holder] --><!-- [et_pb_line_break_holder] -->Listado provisionales<!-- [et_pb_line_break_holder] --><!-- [et_pb_line_break_holder] --><!-- [et_pb_line_break_holder] --><!-- [et_pb_line_break_holder] --><!-- [et_pb_line_break_holder] --><\/p>\n<\/div>\n<p><!-- [et_pb_line_break_holder] --><!-- [et_pb_line_break_holder] --><!-- [et_pb_line_break_holder] --><\/p>\n<div class=\"eventos_incripciones_container eventos_incripciones_container_right\">\n<p><!-- [et_pb_line_break_holder] --><!-- [et_pb_line_break_holder] --><!-- [et_pb_line_break_holder] --><!-- [et_pb_line_break_holder] --><\/p>\n<h5>13\/10\/2021<\/h5>\n<p><!-- [et_pb_line_break_holder] --><!-- [et_pb_line_break_holder] --><!-- [et_pb_line_break_holder] --><!-- [et_pb_line_break_holder] -->Listados definitivos<!-- [et_pb_line_break_holder] --><!-- [et_pb_line_break_holder] --><!-- [et_pb_line_break_holder] --><!-- [et_pb_line_break_holder] --><!-- [et_pb_line_break_holder] -->Plazo m\u00e1ximo de entrega de comunicaciones<!-- [et_pb_line_break_holder] --><!-- [et_pb_line_break_holder] --><!-- [et_pb_line_break_holder] --><!-- [et_pb_line_break_holder] --><!-- [et_pb_line_break_holder] --><\/p>\n<\/div>\n<p><!-- [et_pb_line_break_holder] --><!-- [et_pb_line_break_holder] --><!-- [et_pb_line_break_holder] --><\/p>\n<div class=\"eventos_incripciones_container eventos_incripciones_container_left\">\n<p><!-- [et_pb_line_break_holder] --><!-- [et_pb_line_break_holder] --><!-- [et_pb_line_break_holder] --><!-- [et_pb_line_break_holder] --><\/p>\n<h5>16\/11\/2021<\/h5>\n<p><!-- [et_pb_line_break_holder] --><!-- [et_pb_line_break_holder] --><!-- [et_pb_line_break_holder] --><!-- [et_pb_line_break_holder] -->Entrega de Premios Flamenco en el Aula<!-- [et_pb_line_break_holder] --><!-- [et_pb_line_break_holder] --><!-- [et_pb_line_break_holder] --><!-- [et_pb_line_break_holder] --><!-- [et_pb_line_break_holder] --><\/p>\n<\/div>\n<p><!-- [et_pb_line_break_holder] --><!-- [et_pb_line_break_holder] --><!-- [et_pb_line_break_holder] --><\/p>\n<div class=\"eventos_incripciones_container eventos_incripciones_container_left\">\n<p><!-- [et_pb_line_break_holder] --><!-- [et_pb_line_break_holder] --><!-- [et_pb_line_break_holder] --><!-- [et_pb_line_break_holder] --><\/p>\n<h5>17\/11\/2021<\/h5>\n<p><!-- [et_pb_line_break_holder] --><!-- [et_pb_line_break_holder] --><!-- [et_pb_line_break_holder] --><!-- [et_pb_line_break_holder] -->Inaguraci\u00f3n del Congreso<!-- [et_pb_line_break_holder] --><!-- [et_pb_line_break_holder] --><!-- [et_pb_line_break_holder] --><!-- [et_pb_line_break_holder] --><!-- [et_pb_line_break_holder] --><\/p>\n<\/div>\n<p><!-- [et_pb_line_break_holder] --><!-- [et_pb_line_break_holder] --><!-- [et_pb_line_break_holder] --><\/p>\n<div class=\"eventos_incripciones_container eventos_incripciones_container_left\">\n<p><!-- [et_pb_line_break_holder] --><!-- [et_pb_line_break_holder] --><!-- [et_pb_line_break_holder] --><!-- [et_pb_line_break_holder] --><\/p>\n<h5>19\/11\/2021<\/h5>\n<p><!-- [et_pb_line_break_holder] --><!-- [et_pb_line_break_holder] --><!-- [et_pb_line_break_holder] --><!-- [et_pb_line_break_holder] -->Clausura<!-- [et_pb_line_break_holder] --><!-- [et_pb_line_break_holder] --><!-- [et_pb_line_break_holder] --><!-- [et_pb_line_break_holder] --><!-- [et_pb_line_break_holder] --><\/p>\n<\/div>\n<p><!-- [et_pb_line_break_holder] --><!-- [et_pb_line_break_holder] --><!-- [et_pb_line_break_holder] --><!-- [et_pb_line_break_holder] --><\/p>\n<\/div>\n<p><!-- [et_pb_line_break_holder] --><!-- [et_pb_line_break_holder] --><!-- [et_pb_line_break_holder] --><!-- [et_pb_line_break_holder] --><\/p>\n<\/div>\n<p><!-- [et_pb_line_break_holder] -->[\/et_pb_code][\/et_pb_column][et_pb_column type=&#8221;1_2&#8243; _builder_version=&#8221;4.16&#8243; _module_preset=&#8221;default&#8221; background_enable_image=&#8221;off&#8221; background_position=&#8221;center_right&#8221; background_blend=&#8221;lighten&#8221; global_colors_info=&#8221;{}&#8221;][et_pb_text _builder_version=&#8221;4.16&#8243; _module_preset=&#8221;default&#8221; text_text_color=&#8221;#000000&#8243; header_3_text_color=&#8221;#000000&#8243; custom_margin=&#8221;||1em||false|false&#8221; custom_padding=&#8221;||||false|false&#8221; global_colors_info=&#8221;{}&#8221;]<\/p>\n<h3 style=\"text-align: center\"><span style=\"color: #000000\"><strong>Formularios de inscripci\u00f3n<\/strong><\/span><\/h3>\n<p>[\/et_pb_text][et_pb_code _builder_version=&#8221;4.16&#8243; _module_preset=&#8221;default&#8221; background_color=&#8221;#ffffff&#8221; width=&#8221;100%&#8221; global_colors_info=&#8221;{}&#8221;]<\/p>\n<div class=\"contenedor_inscripcion_enlaces\">\n<p><!-- [et_pb_line_break_holder] --><!-- [et_pb_line_break_holder] --><!-- [et_pb_line_break_holder] --><!-- [et_pb_line_break_holder] --><\/p>\n<div class=\"imagen_granada_inscripciones\"><!-- [et_pb_line_break_holder] --><\/div>\n<p><!-- [et_pb_line_break_holder] --><!-- [et_pb_line_break_holder] --><!-- [et_pb_line_break_holder] --><\/p>\n<div class=\"enlaces_inscripciones\">\n<p><!-- [et_pb_line_break_holder] --><!-- [et_pb_line_break_holder] --><!-- [et_pb_line_break_holder] --><!-- [et_pb_line_break_holder] --><!-- [et_pb_line_break_holder] --><!-- [et_pb_line_break_holder] --> El congreso se va celebrar en formato presencial respetando siempre las medidas sanitarias en vigor relativas al COVID19.<!-- [et_pb_line_break_holder] -->Asimismo se retransmitir\u00e1 v\u00eda streaming a trav\u00e9s de este espacio web en una secci\u00f3n que se habilitar\u00e1 a tal efecto.<!-- [et_pb_line_break_holder] --><!-- [et_pb_line_break_holder] --><!-- [et_pb_line_break_holder] --><!-- [et_pb_line_break_holder] --><!-- [et_pb_line_break_holder] -->El congreso est\u00e1 orientado a la participaci\u00f3n de 2 sectores educativos.<!-- [et_pb_line_break_holder] --><!-- [et_pb_line_break_holder] --><!-- [et_pb_line_break_holder] --><!-- [et_pb_line_break_holder] --><!-- [et_pb_line_break_holder] --><\/p>\n<ul>\n<li style=\"list-style-type: none\">\n<ul><!-- [et_pb_line_break_holder] --><\/p>\n<li style=\"list-style-type: none\"><!-- [et_pb_line_break_holder] -->\n<ul>\n<li style=\"list-style-type: none\">\n<ul><!-- [et_pb_line_break_holder] --><!-- [et_pb_line_break_holder] --><\/p>\n<li>El profesorado dependiente de la Consejer\u00eda de Educaci\u00f3n y Deporte, preferentemente aquellos que han coordinado o han participado en el programa para la Innovaci\u00f3n Educativa Vivir y Sentir el Patrimonio y m\u00e1s concretamente en la l\u00ednea Vivir y Sentir el Flamenco. Si perteneces al sector educativo 1, <a href=\"https:\/\/checkpoint.url-protection.com\/v1\/url?o=https%3A\/\/www.juntadeandalucia.es\/educacion\/secretariavirtual\/consultaCEP\/actividad\/229911CLT333\/&amp;g=NGRiNDdmMTk0MDZiNzk3Ng==&amp;h=YjAwOTg2MDM2MjU3ZjIxNjU0NDgxNWY5NzhjNmM4NWMxYzM1MDM3YjQ1NWI1YjY5Yzc4OGVkYmQwNmMxOTNkNw==&amp;p=Y3AxOmF5ZXNhOmNoZWNrcG9pbnQ6b2ZmaWNlMzY1X2VtYWlsc19lbWFpbDo2ODhiYTc5NDc0Y2VlZTVkZjRjMTY1Y2Y0NGFlZWM5Mzp2MQ==\" target=\"_blank\" rel=\"noopener noreferrer\"><strong>inscr\u00edbete aqu\u00ed<\/strong><\/a>.<!-- [et_pb_line_break_holder] --> Consulta en S\u00e9neca el estado de tu solicitud.<!-- [et_pb_line_break_holder] --><\/li>\n<\/ul>\n<\/li>\n<\/ul>\n<p><!-- [et_pb_line_break_holder] --><\/p>\n<p><!-- [et_pb_line_break_holder] --><\/li>\n<\/ul>\n<\/li>\n<\/ul>\n<p><!-- [et_pb_line_break_holder] --><\/p>\n<p><!-- [et_pb_line_break_holder] --><!-- [et_pb_line_break_holder] --><!-- [et_pb_line_break_holder] --><\/p>\n<ul>\n<li style=\"list-style-type: none\">\n<ul><!-- [et_pb_line_break_holder] --><\/p>\n<li style=\"list-style-type: none\"><!-- [et_pb_line_break_holder] -->\n<ul>\n<li style=\"list-style-type: none\">\n<ul><!-- [et_pb_line_break_holder] --><\/p>\n<li>Profesorado y alumnado de la Universidad de Granada preferentemente de los Grados de Educaci\u00f3n Primaria, Educaci\u00f3n Infantil, Educaci\u00f3n Social y Pedagog\u00eda, que contar\u00e1n con el reconocimiento de 2 cr\u00e9ditos ECTS, as\u00ed como otros interesados en los objetivos del congreso. Si perteneces al sector educativo 2, <a href=\"https:\/\/checkpoint.url-protection.com\/v1\/url?o=https%3A\/\/docs.google.com\/forms\/d\/e\/1FAIpQLSetkxuTIaECpO1bDCiZ7Y4Ibwf_SslBu-WMVh7I75MU1lNr7g\/viewform%3Fusp%3Dsf_link&amp;g=NWU0MWZiNTYzNGFhODQ2Yw==&amp;h=NDg2NmYwY2JhZDRjMzZmYzkyYzgzNDIxNmI4YTk3MTc1OTc2NGRiMmIwMDFjMjFhNjNiMjk0MzUyODE2MzZlZg==&amp;p=Y3AxOmF5ZXNhOmNoZWNrcG9pbnQ6b2ZmaWNlMzY1X2VtYWlsc19lbWFpbDpkNWQ3NTA1MTE3NmZiNmI5MTQwMmU1NmE5NDNmYTA1Njp2MQ==\" target=\"_blank\" rel=\"noopener noreferrer\"><strong>inscr\u00edbete aqu\u00ed<\/strong><\/a>.<!-- [et_pb_line_break_holder] --> Consulta si est\u00e1s admitido\/a <a href=\"https:\/\/blogsaverroes.juntadeandalucia.es\/educacionyflamenco\/files\/2021\/10\/Listado-admitidos-UGR-definitivo_2021_10_13.pdf\"><strong>aqu\u00ed<\/strong><\/a>.<!-- [et_pb_line_break_holder] --><\/li>\n<\/ul>\n<\/li>\n<\/ul>\n<p><!-- [et_pb_line_break_holder] --><\/p>\n<p><!-- [et_pb_line_break_holder] --><\/li>\n<\/ul>\n<\/li>\n<\/ul>\n<p><!-- [et_pb_line_break_holder] --><\/p>\n<p><!-- [et_pb_line_break_holder] --><!-- [et_pb_line_break_holder] --><!-- [et_pb_line_break_holder] --><!-- [et_pb_line_break_holder] --><!-- [et_pb_line_break_holder] --><!-- [et_pb_line_break_holder] --><!-- [et_pb_line_break_holder] --><!-- [et_pb_line_break_holder] --> La solicitud de participaci\u00f3n en el congreso se realiza por una doble v\u00eda para la cual existir\u00e1n sendos formularios de inscripci\u00f3n que estar\u00e1n disponibles entre el 6 y el 30 de septiembre de 2021.<!-- [et_pb_line_break_holder] --><!-- [et_pb_line_break_holder] --><!-- [et_pb_line_break_holder] --><!-- [et_pb_line_break_holder] --><!-- [et_pb_line_break_holder] --><\/p>\n<div class=\"numero_plazas_inscripciones\">\n<p><!-- [et_pb_line_break_holder] --><!-- [et_pb_line_break_holder] --><!-- [et_pb_line_break_holder] --><!-- [et_pb_line_break_holder] --><\/p>\n<table><!-- [et_pb_line_break_holder] --><!-- [et_pb_line_break_holder] --><\/p>\n<tbody><!-- [et_pb_line_break_holder] --><\/p>\n<tr><!-- [et_pb_line_break_holder] --><!-- [et_pb_line_break_holder] --><\/p>\n<td class=\"primera_celda_numero_plazas_inscripciones\">N\u00ba de plazas reservadas al alumnado de la Universidad de Granada<\/td>\n<p><!-- [et_pb_line_break_holder] --><!-- [et_pb_line_break_holder] --><!-- [et_pb_line_break_holder] --><\/p>\n<td class=\"segunda_celda_numero_plazas_inscripciones\">60<\/td>\n<p><!-- [et_pb_line_break_holder] --><!-- [et_pb_line_break_holder] --><\/tr>\n<p><!-- [et_pb_line_break_holder] --><!-- [et_pb_line_break_holder] --><!-- [et_pb_line_break_holder] --><\/p>\n<tr><!-- [et_pb_line_break_holder] --><!-- [et_pb_line_break_holder] --><\/p>\n<td class=\"primera_celda_numero_plazas_inscripciones\">N\u00ba de plazas reservadas al profesorado de la Universidad de Granada<\/td>\n<p><!-- [et_pb_line_break_holder] --><!-- [et_pb_line_break_holder] --><!-- [et_pb_line_break_holder] --><\/p>\n<td class=\"segunda_celda_numero_plazas_inscripciones\">20<\/td>\n<p><!-- [et_pb_line_break_holder] --><!-- [et_pb_line_break_holder] --><\/tr>\n<p><!-- [et_pb_line_break_holder] --><!-- [et_pb_line_break_holder] --><!-- [et_pb_line_break_holder] --><\/p>\n<tr><!-- [et_pb_line_break_holder] --><!-- [et_pb_line_break_holder] --><\/p>\n<td class=\"primera_celda_numero_plazas_inscripciones\">N\u00ba de plazas reservadas al alumnado y profesorado de la otras Universidades<\/td>\n<p><!-- [et_pb_line_break_holder] --><!-- [et_pb_line_break_holder] --><!-- [et_pb_line_break_holder] --><\/p>\n<td class=\"segunda_celda_numero_plazas_inscripciones\">20<\/td>\n<p><!-- [et_pb_line_break_holder] --><!-- [et_pb_line_break_holder] --><\/tr>\n<p><!-- [et_pb_line_break_holder] --><!-- [et_pb_line_break_holder] --><\/tbody>\n<p><!-- [et_pb_line_break_holder] --><\/table>\n<p><!-- [et_pb_line_break_holder] --><!-- [et_pb_line_break_holder] --><!-- [et_pb_line_break_holder] --><!-- [et_pb_line_break_holder] --><\/p>\n<\/div>\n<p><!-- [et_pb_line_break_holder] --><!-- [et_pb_line_break_holder] --><!-- [et_pb_line_break_holder] --><!-- [et_pb_line_break_holder] --><\/p>\n<\/div>\n<p><!-- [et_pb_line_break_holder] --><!-- [et_pb_line_break_holder] --><!-- [et_pb_line_break_holder] --><!-- [et_pb_line_break_holder] --><\/p>\n<\/div>\n<p><!-- [et_pb_line_break_holder] -->[\/et_pb_code][\/et_pb_column][\/et_pb_row][\/et_pb_section]<\/p>\n","protected":false},"excerpt":{"rendered":"<p>Fechas claves Formularios de inscripci\u00f3n<\/p>\n","protected":false},"author":7051,"featured_media":0,"parent":0,"menu_order":0,"comment_status":"closed","ping_status":"closed","template":"","meta":{"_et_pb_use_builder":"on","_et_pb_old_content":"","_et_gb_content_width":"","ngg_post_thumbnail":0,"footnotes":""},"aioseo_notices":[],"_links":{"self":[{"href":"https:\/\/blogsaverroes.juntadeandalucia.es\/educacionyflamenco\/wp-json\/wp\/v2\/pages\/44"}],"collection":[{"href":"https:\/\/blogsaverroes.juntadeandalucia.es\/educacionyflamenco\/wp-json\/wp\/v2\/pages"}],"about":[{"href":"https:\/\/blogsaverroes.juntadeandalucia.es\/educacionyflamenco\/wp-json\/wp\/v2\/types\/page"}],"author":[{"embeddable":true,"href":"https:\/\/blogsaverroes.juntadeandalucia.es\/educacionyflamenco\/wp-json\/wp\/v2\/users\/7051"}],"replies":[{"embeddable":true,"href":"https:\/\/blogsaverroes.juntadeandalucia.es\/educacionyflamenco\/wp-json\/wp\/v2\/comments?post=44"}],"version-history":[{"count":16,"href":"https:\/\/blogsaverroes.juntadeandalucia.es\/educacionyflamenco\/wp-json\/wp\/v2\/pages\/44\/revisions"}],"predecessor-version":[{"id":2297,"href":"https:\/\/blogsaverroes.juntadeandalucia.es\/educacionyflamenco\/wp-json\/wp\/v2\/pages\/44\/revisions\/2297"}],"wp:attachment":[{"href":"https:\/\/blogsaverroes.juntadeandalucia.es\/educacionyflamenco\/wp-json\/wp\/v2\/media?parent=44"}],"curies":[{"name":"wp","href":"https:\/\/api.w.org\/{rel}","templated":true}]}}