{"id":974,"date":"2021-07-28T11:38:43","date_gmt":"2021-07-28T09:38:43","guid":{"rendered":"http:\/\/blogsaverroes.juntadeandalucia.es\/pre\/educacionyflamenco\/?page_id=966"},"modified":"2021-10-14T09:25:05","modified_gmt":"2021-10-14T09:25:05","slug":"comites","status":"publish","type":"page","link":"https:\/\/blogsaverroes.juntadeandalucia.es\/educacionyflamenco\/comites\/","title":{"rendered":"Comit\u00e9s"},"content":{"rendered":"<p>[et_pb_section fb_built=&#8221;1&#8243; fullwidth=&#8221;on&#8221; _builder_version=&#8221;4.5.0&#8243; _module_preset=&#8221;default&#8221;][et_pb_fullwidth_code _builder_version=&#8221;4.5.0&#8243; _module_preset=&#8221;default&#8221; hover_enabled=&#8221;0&#8243;]<\/p>\n<div class=\"contenedor_inscripciones_flamenco\"><!-- [et_pb_line_break_holder] -->  <\/p>\n<div class=\"imagen_lunares_inscripciones_flamenco\"><!-- [et_pb_line_break_holder] -->    <!-- [et_pb_line_break_holder] -->  <\/div>\n<p><!-- [et_pb_line_break_holder] -->  <\/p>\n<div class=\"titulo_inscripciones_flamenco\"><!-- [et_pb_line_break_holder] -->    <\/p>\n<h2><!-- [et_pb_line_break_holder] -->      Comit\u00e9s<!-- [et_pb_line_break_holder] -->    <\/h2>\n<p><!-- [et_pb_line_break_holder] -->  <\/div>\n<p><!-- [et_pb_line_break_holder] --><\/div>\n<p>[\/et_pb_fullwidth_code][\/et_pb_section][et_pb_section fb_built=&#8221;1&#8243; _builder_version=&#8221;4.5.0&#8243; _module_preset=&#8221;default&#8221; background_enable_image=&#8221;off&#8221; custom_css_main_element=&#8221;background-color: #ddd;&#8221;][et_pb_row column_structure=&#8221;1_2,1_2&#8243; module_class=&#8221;flamenco_organizacion_acordeon_fila&#8221; _builder_version=&#8221;4.5.0&#8243; _module_preset=&#8221;default&#8221;][et_pb_column type=&#8221;1_2&#8243; _builder_version=&#8221;4.5.0&#8243; _module_preset=&#8221;default&#8221; background_enable_image=&#8221;off&#8221; background_position=&#8221;top_left&#8221;][et_pb_text _builder_version=&#8221;4.5.0&#8243; _module_preset=&#8221;default&#8221; text_text_color=&#8221;#a51d2f &#8221; text_font_size=&#8221;26px&#8221;]<\/p>\n<p style=\"text-align: center\">Comit\u00e9 de Honor<\/p>\n<p>[\/et_pb_text][et_pb_accordion admin_label=&#8221;Comit\u00e9 de Honor&#8221; _builder_version=&#8221;4.5.0&#8243; _module_preset=&#8221;default&#8221;][et_pb_accordion_item open=&#8221;on&#8221; _builder_version=&#8221;4.5.0&#8243; _module_preset=&#8221;default&#8221; custom_css_main_element=&#8221;display:none;&#8221;][\/et_pb_accordion_item][et_pb_accordion_item title=&#8221;Don Francisco Javier Imbroda Ortiz&#8221; _builder_version=&#8221;4.5.0&#8243; _module_preset=&#8221;default&#8221; open=&#8221;off&#8221;]Consejero de Educaci\u00f3n y Deporte de la Junta de Andaluc\u00eda[\/et_pb_accordion_item][et_pb_accordion_item title=&#8221;Do\u00f1a Patricia del Pozo Fern\u00e1ndez&#8221; _builder_version=&#8221;4.5.0&#8243; _module_preset=&#8221;default&#8221; open=&#8221;off&#8221;]Consejera de Cultura y Patrimonio Hist\u00f3rico[\/et_pb_accordion_item][et_pb_accordion_item title=&#8221;Do\u00f1a Ana Dolores Berrocal Jurado&#8221; _builder_version=&#8221;4.5.0&#8243; _module_preset=&#8221;default&#8221; open=&#8221;off&#8221;]Delegada Territorial de Educaci\u00f3n en Granada[\/et_pb_accordion_item][et_pb_accordion_item title=&#8221;Don Antonio J.Granados Garc\u00eda&#8221; _builder_version=&#8221;4.5.0&#8243; _module_preset=&#8221;default&#8221; open=&#8221;off&#8221;]Delegado Territorial de Fomento, Infraestrucutras, Ordenaci\u00f3n del Territorio, Cultura y Patrimonio Hist\u00f3rico en Granada[\/et_pb_accordion_item][et_pb_accordion_item title=&#8221;Don Antonio Segura Marrero&#8221; _builder_version=&#8221;4.5.0&#8243; _module_preset=&#8221;default&#8221; open=&#8221;off&#8221;]Director General de Formaci\u00f3n del Profesorado e Innovaci\u00f3n Educativa[\/et_pb_accordion_item][et_pb_accordion_item title=&#8221;Do\u00f1a Pilar Aranda Ram\u00edrez&#8221; _builder_version=&#8221;4.5.0&#8243; _module_preset=&#8221;default&#8221; open=&#8221;off&#8221;]Excelent\u00edsima Rectora de la Universidad de Granada[\/et_pb_accordion_item][et_pb_accordion_item title=&#8221;Don Francisco Cuenca Rod\u00edguez&#8221; _builder_version=&#8221;4.5.0&#8243; _module_preset=&#8221;default&#8221; open=&#8221;off&#8221;]Excelent\u00edsimo Alcalde de Granada[\/et_pb_accordion_item][et_pb_accordion_item title=&#8221;Do\u00f1a Mar S\u00e1nchez Estrella&#8221; _builder_version=&#8221;4.5.0&#8243; _module_preset=&#8221;default&#8221; open=&#8221;off&#8221;]Directora de la Agencia Andaluza de Instituciones Culturales[\/et_pb_accordion_item][\/et_pb_accordion][\/et_pb_column][et_pb_column type=&#8221;1_2&#8243; _builder_version=&#8221;4.5.0&#8243; _module_preset=&#8221;default&#8221; background_enable_image=&#8221;off&#8221; background_position=&#8221;top_left&#8221;][et_pb_text _builder_version=&#8221;4.5.0&#8243; _module_preset=&#8221;default&#8221; text_text_color=&#8221;#a51d2f&#8221; text_font_size=&#8221;26px&#8221; locked=&#8221;off&#8221;]<\/p>\n<p style=\"text-align: center\">Comit\u00e9 director<\/p>\n<p>[\/et_pb_text][et_pb_accordion admin_label=&#8221;Direcci\u00f3n T\u00e9cnica&#8221; _builder_version=&#8221;4.5.0&#8243; _module_preset=&#8221;default&#8221;][et_pb_accordion_item open=&#8221;on&#8221; _builder_version=&#8221;4.5.0&#8243; _module_preset=&#8221;default&#8221; custom_css_main_element=&#8221;display:none;&#8221;][\/et_pb_accordion_item][et_pb_accordion_item title=&#8221;Don Manuel Mart\u00edn Gonz\u00e1lez&#8221; _builder_version=&#8221;4.5.0&#8243; _module_preset=&#8221;default&#8221; open=&#8221;off&#8221;]Jefe de Servicio de Planes y Programas Educativos[\/et_pb_accordion_item][et_pb_accordion_item title=&#8221;Do\u00f1a Manuela Fern\u00e1ndez Mart\u00edn&#8221; _builder_version=&#8221;4.5.0&#8243; _module_preset=&#8221;default&#8221; open=&#8221;off&#8221;]Jefa de Servicio de Planes de Formaci\u00f3n[\/et_pb_accordion_item][et_pb_accordion_item title=&#8221;Do\u00f1a Elisa Contreras Serrano&#8221; _builder_version=&#8221;4.5.0&#8243; _module_preset=&#8221;default&#8221; open=&#8221;off&#8221;]Jefa de Servicio de Ordenaci\u00f3n Educativa de la Delegaci\u00f3n Territorial de Granada[\/et_pb_accordion_item][et_pb_accordion_item title=&#8221;Don Crist\u00f3bal Ortega Martos&#8221; _builder_version=&#8221;4.5.0&#8243; _module_preset=&#8221;default&#8221; open=&#8221;off&#8221;]Director del Instituto Andaluz de Flamenco[\/et_pb_accordion_item][et_pb_accordion_item title=&#8221;Don Francisco Javier Rivera Rodr\u00edguez&#8221; _builder_version=&#8221;4.5.0&#8243; _module_preset=&#8221;default&#8221; open=&#8221;off&#8221;]Comit\u00e9 director\tCoordinador de la Agencia Andaluza de Instituciones Culturales\tDon Francisco Javier Rivera Rodr\u00edguez[\/et_pb_accordion_item][et_pb_accordion_item title=&#8221;Don Ricardo Ballano Sancho&#8221; _builder_version=&#8221;4.5.0&#8243; _module_preset=&#8221;default&#8221; open=&#8221;off&#8221;]Jefe de Departamento de Cultura Andaluza[\/et_pb_accordion_item][et_pb_accordion_item title=&#8221;Do\u00f1a Mercedes Concepci\u00f3n D\u00edaz Parejo&#8221; _builder_version=&#8221;4.5.0&#8243; _module_preset=&#8221;default&#8221; open=&#8221;off&#8221;]Jefa de Departamento Planes de Formaci\u00f3n[\/et_pb_accordion_item][et_pb_accordion_item title=&#8221;Don Francisco Romera Rodr\u00edguez&#8221; _builder_version=&#8221;4.5.0&#8243; _module_preset=&#8221;default&#8221; open=&#8221;off&#8221;]Director del CEP de Granada[\/et_pb_accordion_item][et_pb_accordion_item title=&#8221;Don V\u00edctor J. Medina&#8221; _builder_version=&#8221;4.5.0&#8243; _module_preset=&#8221;default&#8221; open=&#8221;off&#8221;]Vicerrector de Extensi\u00f3n Universitaria y Patrimonio de la Universidad de Granada[\/et_pb_accordion_item][et_pb_accordion_item title=&#8221;Do\u00f1a Natividad Mart\u00ednez Mar\u00edn&#8221; _builder_version=&#8221;4.5.0&#8243; _module_preset=&#8221;default&#8221; open=&#8221;off&#8221;]Coordinadora Provincial de Formaci\u00f3n[\/et_pb_accordion_item][\/et_pb_accordion][\/et_pb_column][\/et_pb_row][et_pb_row column_structure=&#8221;1_2,1_2&#8243; module_class=&#8221;flamenco_organizacion_acordeon_fila&#8221; _builder_version=&#8221;4.5.0&#8243; _module_preset=&#8221;default&#8221;][et_pb_column type=&#8221;1_2&#8243; _builder_version=&#8221;4.5.0&#8243; _module_preset=&#8221;default&#8221;][et_pb_text _builder_version=&#8221;4.5.0&#8243; _module_preset=&#8221;default&#8221; text_text_color=&#8221;#a51d2f&#8221; text_font_size=&#8221;26px&#8221; locked=&#8221;off&#8221;]<\/p>\n<p style=\"text-align: center\">Comit\u00e9 Cient\u00edfico<\/p>\n<p>[\/et_pb_text][et_pb_accordion admin_label=&#8221;Comit\u00e9 Cient\u00edfico&#8221; _builder_version=&#8221;4.5.0&#8243; _module_preset=&#8221;default&#8221;][et_pb_accordion_item open=&#8221;on&#8221; _builder_version=&#8221;4.5.0&#8243; _module_preset=&#8221;default&#8221; custom_css_main_element=&#8221;display:none;&#8221;][\/et_pb_accordion_item][et_pb_accordion_item title=&#8221;Do\u00f1a Ana Mar\u00eda D\u00edaz Olaya&#8221; _builder_version=&#8221;4.5.0&#8243; _module_preset=&#8221;default&#8221; open=&#8221;off&#8221;]Comit\u00e9 cient\u00edfico\tDirectora C\u00e1tedra de Flamencolog\u00eda de la Universidad de M\u00e1laga[\/et_pb_accordion_item][et_pb_accordion_item title=&#8221;Do\u00f1a Mar\u00eda del Mar Ortiz Camacho&#8221; _builder_version=&#8221;4.5.0&#8243; _module_preset=&#8221;default&#8221; open=&#8221;off&#8221;]Vicedecana de Empleabilidad de la Facultad de Ciencias del Deporte de la Facultad de Ciencias de la Educaci\u00f3n[\/et_pb_accordion_item][et_pb_accordion_item title=&#8221;Do\u00f1a Mar\u00eda Luisa Hern\u00e1ndez R\u00edos&#8221; _builder_version=&#8221;4.5.0&#8243; _module_preset=&#8221;default&#8221; open=&#8221;off&#8221;]Comit\u00e9 cient\u00edfico\tVicedecana de Extensi\u00f3n Cultural de la Facultad de Ciencias de la Educaci\u00f3n[\/et_pb_accordion_item][et_pb_accordion_item title=&#8221;Don Miguel \u00c1ngel Berlanga&#8221; _builder_version=&#8221;4.5.0&#8243; _module_preset=&#8221;default&#8221; open=&#8221;off&#8221;]Profesor de la Universidad de Granada[\/et_pb_accordion_item][et_pb_accordion_item title=&#8221;Don Pedro Ord\u00f3\u00f1ez Eslava&#8221; _builder_version=&#8221;4.5.0&#8243; _module_preset=&#8221;default&#8221; open=&#8221;off&#8221;]Director del \u00c1rea de M\u00fasica de la Universidad de Granada[\/et_pb_accordion_item][et_pb_accordion_item title=&#8221;Do\u00f1a Alicia Gonz\u00e1lez&#8221; _builder_version=&#8221;4.5.0&#8243; _module_preset=&#8221;default&#8221; open=&#8221;off&#8221;]Profesora del Conservatorio Superior de M\u00fasica &#8220;Victoria Eugenia&#8221; de Granada[\/et_pb_accordion_item][et_pb_accordion_item title=&#8221;Do\u00f1a Rosa Mar\u00eda Su\u00e1rez Mu\u00f1oz&#8221; _builder_version=&#8221;4.5.0&#8243; _module_preset=&#8221;default&#8221; open=&#8221;off&#8221;]Coordinadora del Gabinete Pedag\u00f3gico de Bellas Artes de la Delegaci\u00f3n de Educaci\u00f3n y Deporte en Granada[\/et_pb_accordion_item][et_pb_accordion_item title=&#8221;Do\u00f1a Cristina Cruces Rold\u00e1n&#8221; _builder_version=&#8221;4.5.0&#8243; _module_preset=&#8221;default&#8221; open=&#8221;off&#8221;]Catedr\u00e1tica de Antropolog\u00eda de la Universidad de Sevilla[\/et_pb_accordion_item][\/et_pb_accordion][\/et_pb_column][et_pb_column type=&#8221;1_2&#8243; _builder_version=&#8221;4.5.0&#8243; _module_preset=&#8221;default&#8221;][et_pb_text _builder_version=&#8221;4.5.0&#8243; _module_preset=&#8221;default&#8221; text_text_color=&#8221;#a51d2f&#8221; text_font_size=&#8221;26px&#8221; locked=&#8221;off&#8221;]<\/p>\n<p style=\"text-align: center\">Comit\u00e9 Organizador<\/p>\n<p>[\/et_pb_text][et_pb_accordion admin_label=&#8221;Comit\u00e9 Organizador&#8221; _builder_version=&#8221;4.5.0&#8243; _module_preset=&#8221;default&#8221;][et_pb_accordion_item open=&#8221;on&#8221; _builder_version=&#8221;4.5.0&#8243; _module_preset=&#8221;default&#8221; custom_css_main_element=&#8221;display:none;&#8221;][\/et_pb_accordion_item][et_pb_accordion_item title=&#8221;Don Jos\u00e9 Mar\u00eda Vargas Pe\u00f1a&#8221; _builder_version=&#8221;4.5.0&#8243; _module_preset=&#8221;default&#8221; open=&#8221;off&#8221;]Equipo t\u00e9cnico del Departamento de Cultura Andaluza[\/et_pb_accordion_item][et_pb_accordion_item title=&#8221;Do\u00f1a Rosario Castro Garc\u00eda&#8221; _builder_version=&#8221;4.5.0&#8243; _module_preset=&#8221;default&#8221; open=&#8221;off&#8221;]Equipo t\u00e9cnico del Departamento de Cultura Andaluza[\/et_pb_accordion_item][et_pb_accordion_item title=&#8221;Do\u00f1a Gema Mar\u00eda Moreno de los Reyes&#8221; _builder_version=&#8221;4.5.0&#8243; _module_preset=&#8221;default&#8221; open=&#8221;off&#8221;]Equipo t\u00e9cnico del Departamento de Planes de Formaci\u00f3n[\/et_pb_accordion_item][et_pb_accordion_item title=&#8221;Do\u00f1a Rosa Mar\u00eda Su\u00e1rez Mu\u00f1oz&#8221; _builder_version=&#8221;4.5.0&#8243; _module_preset=&#8221;default&#8221; open=&#8221;off&#8221;]Coordinadora del Gabinete Pedag\u00f3gico de Bellas Artes de la Delegaci\u00f3n de Educaci\u00f3n y Deporte en Granada[\/et_pb_accordion_item][et_pb_accordion_item title=&#8221;Don Jes\u00fas Rull Pereda&#8221; _builder_version=&#8221;4.5.0&#8243; _module_preset=&#8221;default&#8221; open=&#8221;off&#8221;]Equipo t\u00e9cnico de la Agencia Andaluza de Instituciones Culturales[\/et_pb_accordion_item][et_pb_accordion_item title=&#8221;Do\u00f1a Mar\u00eda Isabel Rueda Molina&#8221; _builder_version=&#8221;4.5.0&#8243; _module_preset=&#8221;default&#8221; open=&#8221;off&#8221;]Equipo t\u00e9cnico del CEP de Granada[\/et_pb_accordion_item][et_pb_accordion_item title=&#8221;Don Jorge Rodr\u00edguez Morata&#8221; _builder_version=&#8221;4.5.0&#8243; _module_preset=&#8221;default&#8221; open=&#8221;off&#8221;]Inspector de Educaci\u00f3n de la Delegaci\u00f3n de Educaci\u00f3n de Granada[\/et_pb_accordion_item][et_pb_accordion_item title=&#8221;Don Pedro Ord\u00f3\u00f1ez Eslava&#8221; _builder_version=&#8221;4.5.0&#8243; _module_preset=&#8221;default&#8221; open=&#8221;off&#8221;]Director del \u00c1rea de M\u00fasica de la Universidad de Granada[\/et_pb_accordion_item][et_pb_accordion_item title=&#8221;Do\u00f1a Mar\u00eda Luisa Hern\u00e1ndez R\u00edos&#8221; _builder_version=&#8221;4.5.0&#8243; _module_preset=&#8221;default&#8221; open=&#8221;off&#8221;]Vicedecana de Extensi\u00f3n Cultural de la Facultad de Ciencias de la Educaci\u00f3n[\/et_pb_accordion_item][et_pb_accordion_item title=&#8221;Don Miguel \u00c1ngel G\u00f3mez Arques&#8221; _builder_version=&#8221;4.5.0&#8243; _module_preset=&#8221;default&#8221; open=&#8221;off&#8221;]Equipo t\u00e9cnico de la Delegaci\u00f3n Territorial de Granada[\/et_pb_accordion_item][et_pb_accordion_item title=&#8221;Do\u00f1a Luc\u00eda Fern\u00e1ndez Fern\u00e1ndez&#8221; _builder_version=&#8221;4.5.0&#8243; _module_preset=&#8221;default&#8221; open=&#8221;off&#8221;]Equipo t\u00e9cnico de la Delegaci\u00f3n Territorial de Granada[\/et_pb_accordion_item][et_pb_accordion_item title=&#8221;Don Jos\u00e9 Vallejo&#8221; _builder_version=&#8221;4.5.0&#8243; _module_preset=&#8221;default&#8221; open=&#8221;off&#8221;]Equipo t\u00e9cnico del Ayuntamiento de Granada[\/et_pb_accordion_item][\/et_pb_accordion][\/et_pb_column][\/et_pb_row][\/et_pb_section]<\/p>\n","protected":false},"excerpt":{"rendered":"<p>Comit\u00e9 de HonorConsejero de Educaci\u00f3n y Deporte de la Junta de Andaluc\u00edaConsejera de Cultura y Patrimonio Hist\u00f3ricoDelegada Territorial de Educaci\u00f3n en GranadaDelegado Territorial de Fomento, Infraestrucutras, Ordenaci\u00f3n del Territorio, Cultura y Patrimonio Hist\u00f3rico en GranadaDirector General de Formaci\u00f3n del Profesorado e Innovaci\u00f3n EducativaExcelent\u00edsima Rectora de la Universidad de GranadaExcelent\u00edsimo Alcalde de GranadaDirectora de la Agencia [&hellip;]<\/p>\n","protected":false},"author":7051,"featured_media":0,"parent":0,"menu_order":0,"comment_status":"closed","ping_status":"closed","template":"","meta":{"_et_pb_use_builder":"on","_et_pb_old_content":"","_et_gb_content_width":"","ngg_post_thumbnail":0,"footnotes":""},"aioseo_notices":[],"_links":{"self":[{"href":"https:\/\/blogsaverroes.juntadeandalucia.es\/educacionyflamenco\/wp-json\/wp\/v2\/pages\/974"}],"collection":[{"href":"https:\/\/blogsaverroes.juntadeandalucia.es\/educacionyflamenco\/wp-json\/wp\/v2\/pages"}],"about":[{"href":"https:\/\/blogsaverroes.juntadeandalucia.es\/educacionyflamenco\/wp-json\/wp\/v2\/types\/page"}],"author":[{"embeddable":true,"href":"https:\/\/blogsaverroes.juntadeandalucia.es\/educacionyflamenco\/wp-json\/wp\/v2\/users\/7051"}],"replies":[{"embeddable":true,"href":"https:\/\/blogsaverroes.juntadeandalucia.es\/educacionyflamenco\/wp-json\/wp\/v2\/comments?post=974"}],"version-history":[{"count":5,"href":"https:\/\/blogsaverroes.juntadeandalucia.es\/educacionyflamenco\/wp-json\/wp\/v2\/pages\/974\/revisions"}],"predecessor-version":[{"id":1030,"href":"https:\/\/blogsaverroes.juntadeandalucia.es\/educacionyflamenco\/wp-json\/wp\/v2\/pages\/974\/revisions\/1030"}],"wp:attachment":[{"href":"https:\/\/blogsaverroes.juntadeandalucia.es\/educacionyflamenco\/wp-json\/wp\/v2\/media?parent=974"}],"curies":[{"name":"wp","href":"https:\/\/api.w.org\/{rel}","templated":true}]}}