{"id":1040,"date":"2021-10-22T07:21:42","date_gmt":"2021-10-22T07:21:42","guid":{"rendered":"https:\/\/blogsaverroes.juntadeandalucia.es\/educacionyflamenco21\/?page_id=1040"},"modified":"2021-10-22T07:32:34","modified_gmt":"2021-10-22T07:32:34","slug":"novedades","status":"publish","type":"page","link":"https:\/\/blogsaverroes.juntadeandalucia.es\/educacionyflamenco21\/novedades\/","title":{"rendered":"Novedades"},"content":{"rendered":"<p>[et_pb_section fb_built=&#8221;1&#8243; fullwidth=&#8221;on&#8221; _builder_version=&#8221;4.5.0&#8243; _module_preset=&#8221;default&#8221; background_color=&#8221;#eeeeee&#8221;][et_pb_fullwidth_image src=&#8221;https:\/\/blogsaverroes.juntadeandalucia.es\/educacionyflamenco21\/files\/2021\/10\/banner_novedades.png&#8221; title_text=&#8221;banner_novedades&#8221; module_class=&#8221;imagen_anchura_completa&#8221; _builder_version=&#8221;4.5.0&#8243; _module_preset=&#8221;default&#8221; background_color=&#8221;eee&#8221; hover_enabled=&#8221;0&#8243;][\/et_pb_fullwidth_image][\/et_pb_section][et_pb_section fb_built=&#8221;1&#8243; specialty=&#8221;on&#8221; module_class=&#8221;seccion_publicaciones_flamenco&#8221; _builder_version=&#8221;4.5.0&#8243; _module_preset=&#8221;default&#8221;][et_pb_column type=&#8221;2_3&#8243; specialty_columns=&#8221;2&#8243; _builder_version=&#8221;3.25&#8243; custom_padding=&#8221;|||&#8221; custom_padding__hover=&#8221;|||&#8221;][et_pb_row_inner _builder_version=&#8221;4.5.0&#8243; _module_preset=&#8221;default&#8221;][et_pb_column_inner saved_specialty_column_type=&#8221;2_3&#8243; _builder_version=&#8221;4.5.0&#8243; _module_preset=&#8221;default&#8221;][et_pb_text _builder_version=&#8221;4.5.0&#8243; _module_preset=&#8221;default&#8221;]<\/p>\n<div class=\"pt-cv-wrapper et_smooth_scroll_disabled\"><div class=\"pt-cv-view pt-cv-grid pt-cv-colsys\" id=\"pt-cv-view-8d5ee50mkt\"><div data-id=\"pt-cv-page-1\" class=\"pt-cv-page\" data-cvc=\"3\"><div class=\"col-md-4 col-sm-6 col-xs-12 pt-cv-content-item pt-cv-1-col\" ><div class='pt-cv-ifield'><a href=\"https:\/\/blogsaverroes.juntadeandalucia.es\/educacionyflamenco21\/distribucion-de-talleres\/\" class=\"_self pt-cv-href-thumbnail pt-cv-thumb-default\" target=\"_self\" ><img loading=\"lazy\" decoding=\"async\" width=\"400\" height=\"250\" src=\"https:\/\/blogsaverroes.juntadeandalucia.es\/educacionyflamenco21\/files\/2021\/11\/Distribucion_talleres-400x250.png\" class=\"pt-cv-thumbnail\" alt=\"Distribuci\u00f3n de talleres\" \/><\/a>\n<h3 class=\"pt-cv-title\"><a href=\"https:\/\/blogsaverroes.juntadeandalucia.es\/educacionyflamenco21\/distribucion-de-talleres\/\" class=\"_self\" target=\"_self\" >Distribuci\u00f3n de Talleres<\/a><\/h3>\n<div class=\"pt-cv-content\">Ya puedes consultar en qu\u00e9 talleres tienes plaza asegurada. Recuerda que son dos pases, de ...<br \/><div class=\"pt-cv-rmwrap\"><a href=\"https:\/\/blogsaverroes.juntadeandalucia.es\/educacionyflamenco21\/distribucion-de-talleres\/\" class=\"_self pt-cv-readmore btn btn-success\" target=\"_self\">Leer M\u00e1s<\/a><\/div><\/div><\/div><\/div>\n<div class=\"col-md-4 col-sm-6 col-xs-12 pt-cv-content-item pt-cv-1-col\" ><div class='pt-cv-ifield'><a href=\"https:\/\/blogsaverroes.juntadeandalucia.es\/educacionyflamenco21\/saludo-de-jose-galan\/\" class=\"_self pt-cv-href-thumbnail pt-cv-thumb-default\" target=\"_self\" ><img loading=\"lazy\" decoding=\"async\" width=\"400\" height=\"250\" src=\"https:\/\/blogsaverroes.juntadeandalucia.es\/educacionyflamenco21\/files\/2021\/11\/Novedad_Jos\u00e9-Gal\u00e1n-400x250.png\" class=\"pt-cv-thumbnail\" alt=\"Jos\u00e9 Gal\u00e1n\" \/><\/a>\n<h3 class=\"pt-cv-title\"><a href=\"https:\/\/blogsaverroes.juntadeandalucia.es\/educacionyflamenco21\/saludo-de-jose-galan\/\" class=\"_self\" target=\"_self\" >Saludo de Jos\u00e9 Gal\u00e1n<\/a><\/h3>\n<div class=\"pt-cv-content\">Jos\u00e9 Gal\u00e1n nos anuncia su participaci\u00f3n en el I Congreso de Educaci\u00f3n y Flamenco en ...<br \/><div class=\"pt-cv-rmwrap\"><a href=\"https:\/\/blogsaverroes.juntadeandalucia.es\/educacionyflamenco21\/saludo-de-jose-galan\/\" class=\"_self pt-cv-readmore btn btn-success\" target=\"_self\">Leer M\u00e1s<\/a><\/div><\/div><\/div><\/div>\n<div class=\"col-md-4 col-sm-6 col-xs-12 pt-cv-content-item pt-cv-1-col\" ><div class='pt-cv-ifield'><a href=\"https:\/\/blogsaverroes.juntadeandalucia.es\/educacionyflamenco21\/saludo-de-miguel-lopez\/\" class=\"_self pt-cv-href-thumbnail pt-cv-thumb-default\" target=\"_self\" ><img loading=\"lazy\" decoding=\"async\" width=\"400\" height=\"250\" src=\"https:\/\/blogsaverroes.juntadeandalucia.es\/educacionyflamenco21\/files\/2021\/11\/Novedad_Miguel-L\u00f3pez-400x250.png\" class=\"pt-cv-thumbnail\" alt=\"Miguel L\u00f3pez\" \/><\/a>\n<h3 class=\"pt-cv-title\"><a href=\"https:\/\/blogsaverroes.juntadeandalucia.es\/educacionyflamenco21\/saludo-de-miguel-lopez\/\" class=\"_self\" target=\"_self\" >Saludo de Miguel L\u00f3pez<\/a><\/h3>\n<div class=\"pt-cv-content\">Hoy nos saluda Miguel L\u00f3pez Castro uno de nuestros ponentes que impartir\u00e1 el taller \"Acci\u00f3n ...<br \/><div class=\"pt-cv-rmwrap\"><a href=\"https:\/\/blogsaverroes.juntadeandalucia.es\/educacionyflamenco21\/saludo-de-miguel-lopez\/\" class=\"_self pt-cv-readmore btn btn-success\" target=\"_self\">Leer M\u00e1s<\/a><\/div><\/div><\/div><\/div>\n<div class=\"col-md-4 col-sm-6 col-xs-12 pt-cv-content-item pt-cv-1-col\" ><div class='pt-cv-ifield'><a href=\"https:\/\/blogsaverroes.juntadeandalucia.es\/educacionyflamenco21\/la-guia-del-congreso\/\" class=\"_self pt-cv-href-thumbnail pt-cv-thumb-default\" target=\"_self\" ><img loading=\"lazy\" decoding=\"async\" width=\"400\" height=\"250\" src=\"https:\/\/blogsaverroes.juntadeandalucia.es\/educacionyflamenco21\/files\/2021\/11\/Gu\u00eda-CEF21-400x250.jpg\" class=\"pt-cv-thumbnail\" alt=\"Gu\u00eda para los asistentes del congreso\" \/><\/a>\n<h3 class=\"pt-cv-title\"><a href=\"https:\/\/blogsaverroes.juntadeandalucia.es\/educacionyflamenco21\/la-guia-del-congreso\/\" class=\"_self\" target=\"_self\" >La gu\u00eda del Congreso<\/a><\/h3>\n<div class=\"pt-cv-content\">Gu\u00eda para los asistentes del Congreso con la descripci\u00f3n de las sedes y sus zonas, ...<br \/><div class=\"pt-cv-rmwrap\"><a href=\"https:\/\/blogsaverroes.juntadeandalucia.es\/educacionyflamenco21\/la-guia-del-congreso\/\" class=\"_self pt-cv-readmore btn btn-success\" target=\"_self\">Leer M\u00e1s<\/a><\/div><\/div><\/div><\/div>\n<div class=\"col-md-4 col-sm-6 col-xs-12 pt-cv-content-item pt-cv-1-col\" ><div class='pt-cv-ifield'><a href=\"https:\/\/blogsaverroes.juntadeandalucia.es\/educacionyflamenco21\/programa-definitivo-del-cef21\/\" class=\"_self pt-cv-href-thumbnail pt-cv-thumb-default\" target=\"_self\" ><img loading=\"lazy\" decoding=\"async\" width=\"400\" height=\"250\" src=\"https:\/\/blogsaverroes.juntadeandalucia.es\/educacionyflamenco21\/files\/2021\/11\/Programa-definitvo-400x250.png\" class=\"pt-cv-thumbnail\" alt=\"\" \/><\/a>\n<h3 class=\"pt-cv-title\"><a href=\"https:\/\/blogsaverroes.juntadeandalucia.es\/educacionyflamenco21\/programa-definitivo-del-cef21\/\" class=\"_self\" target=\"_self\" >Programa definitivo del CEF21<\/a><\/h3>\n<div class=\"pt-cv-content\">Publicado el programa definitivo del I Congreso Internacional de Educaci\u00f3n y Flamenco: Transformaci\u00f3n social a ...<br \/><div class=\"pt-cv-rmwrap\"><a href=\"https:\/\/blogsaverroes.juntadeandalucia.es\/educacionyflamenco21\/programa-definitivo-del-cef21\/\" class=\"_self pt-cv-readmore btn btn-success\" target=\"_self\">Leer M\u00e1s<\/a><\/div><\/div><\/div><\/div>\n<div class=\"col-md-4 col-sm-6 col-xs-12 pt-cv-content-item pt-cv-1-col\" ><div class='pt-cv-ifield'><a href=\"https:\/\/blogsaverroes.juntadeandalucia.es\/educacionyflamenco21\/comunicaciones-aceptadas\/\" class=\"_self pt-cv-href-thumbnail pt-cv-thumb-default\" target=\"_self\" ><img loading=\"lazy\" decoding=\"async\" width=\"400\" height=\"250\" src=\"https:\/\/blogsaverroes.juntadeandalucia.es\/educacionyflamenco21\/files\/2021\/11\/Comunicaciones-aceptadas-400x250.png\" class=\"pt-cv-thumbnail\" alt=\"Comunicaciones aceptadas\" \/><\/a>\n<h3 class=\"pt-cv-title\"><a href=\"https:\/\/blogsaverroes.juntadeandalucia.es\/educacionyflamenco21\/comunicaciones-aceptadas\/\" class=\"_self\" target=\"_self\" >Comunicaciones aceptadas<\/a><\/h3>\n<div class=\"pt-cv-content\">Se han publicado las comunicaciones aceptadas, si quieres conocer cu\u00e1les son y donde se desarrollar\u00e1n, ...<br \/><div class=\"pt-cv-rmwrap\"><a href=\"https:\/\/blogsaverroes.juntadeandalucia.es\/educacionyflamenco21\/comunicaciones-aceptadas\/\" class=\"_self pt-cv-readmore btn btn-success\" target=\"_self\">Leer M\u00e1s<\/a><\/div><\/div><\/div><\/div><\/div><\/div>\n<div class=\" pt-cv-pagination-wrapper\"><ul class=\"pt-cv-pagination pt-cv-ajax pagination\" data-totalpages=\"2\" data-currentpage=\"1\" data-sid=\"8d5ee50mkt\" data-unid=\"\" data-isblock=\"\" data-postid=\"\"><li class=\"active\"><a href=\"#\">1<\/a><\/li>\n\t<li ><a class=\"\" href=\"https:\/\/blogsaverroes.juntadeandalucia.es\/educacionyflamenco21\/wp-json\/wp\/v2\/pages\/1040\/?_page=2\">2<\/a><\/li>\n\t<li ><a class=\" \" href=\"https:\/\/blogsaverroes.juntadeandalucia.es\/educacionyflamenco21\/wp-json\/wp\/v2\/pages\/1040\/?_page=2\">&rsaquo;<\/a><\/li>\n\t<\/ul><img loading=\"lazy\" decoding=\"async\" width=\"15\" height=\"15\" class=\"pt-cv-spinner\" alt=\"Cargando...\" src=\"data:image\/gif;base64,R0lGODlhDwAPALMPAMrKygwMDJOTkz09PZWVla+vr3p6euTk5M7OzuXl5TMzMwAAAJmZmWZmZszMzP\/\/\/yH\/C05FVFNDQVBFMi4wAwEAAAAh+QQFCgAPACwAAAAADwAPAAAEQvDJaZaZOIcV8iQK8VRX4iTYoAwZ4iCYoAjZ4RxejhVNoT+mRGP4cyF4Pp0N98sBGIBMEMOotl6YZ3S61Bmbkm4mAgAh+QQFCgAPACwAAAAADQANAAAENPDJSRSZeA418itN8QiK8BiLITVsFiyBBIoYqnoewAD4xPw9iY4XLGYSjkQR4UAUD45DLwIAIfkEBQoADwAsAAAAAA8ACQAABC\/wyVlamTi3nSdgwFNdhEJgTJoNyoB9ISYoQmdjiZPcj7EYCAeCF1gEDo4Dz2eIAAAh+QQFCgAPACwCAAAADQANAAAEM\/DJBxiYeLKdX3IJZT1FU0iIg2RNKx3OkZVnZ98ToRD4MyiDnkAh6BkNC0MvsAj0kMpHBAAh+QQFCgAPACwGAAAACQAPAAAEMDC59KpFDll73HkAA2wVY5KgiK5b0RRoI6MuzG6EQqCDMlSGheEhUAgqgUUAFRySIgAh+QQFCgAPACwCAAIADQANAAAEM\/DJKZNLND\/kkKaHc3xk+QAMYDKsiaqmZCxGVjSFFCxB1vwy2oOgIDxuucxAMTAJFAJNBAAh+QQFCgAPACwAAAYADwAJAAAEMNAs86q1yaWwwv2Ig0jUZx3OYa4XoRAfwADXoAwfo1+CIjyFRuEho60aSNYlOPxEAAAh+QQFCgAPACwAAAIADQANAAAENPA9s4y8+IUVcqaWJ4qEQozSoAzoIyhCK2NFU2SJk0hNnyEOhKR2AzAAj4Pj4GE4W0bkJQIAOw==\" \/><div class=\"clear pt-cv-clear-pagination\"><\/div><\/div><\/div>\n<p>[\/et_pb_text][\/et_pb_column_inner][\/et_pb_row_inner][\/et_pb_column][et_pb_column type=&#8221;1_3&#8243; _builder_version=&#8221;3.25&#8243; custom_padding=&#8221;|||&#8221; custom_padding__hover=&#8221;|||&#8221;][et_pb_sidebar area=&#8221;sidebar-1&#8243; module_class=&#8221;barra_lateral&#8221; _builder_version=&#8221;4.5.0&#8243; _module_preset=&#8221;default&#8221;][\/et_pb_sidebar][\/et_pb_column][\/et_pb_section]<\/p>\n","protected":false},"excerpt":{"rendered":"<div class=\"pt-cv-wrapper et_smooth_scroll_disabled\"><div class=\"pt-cv-view pt-cv-grid pt-cv-colsys\" id=\"pt-cv-view-8d5ee50mkt\"><div data-id=\"pt-cv-page-1\" class=\"pt-cv-page\" data-cvc=\"3\"><div class=\"col-md-4 col-sm-6 col-xs-12 pt-cv-content-item pt-cv-1-col\" ><div class='pt-cv-ifield'><a href=\"https:\/\/blogsaverroes.juntadeandalucia.es\/educacionyflamenco21\/distribucion-de-talleres\/\" class=\"_self pt-cv-href-thumbnail pt-cv-thumb-default\" target=\"_self\" ><img width=\"400\" height=\"250\" src=\"https:\/\/blogsaverroes.juntadeandalucia.es\/educacionyflamenco21\/files\/2021\/11\/Distribucion_talleres-400x250.png\" class=\"pt-cv-thumbnail\" alt=\"Distribuci\u00f3n de talleres\" decoding=\"async\" loading=\"lazy\" \/><\/a>\n<h3 class=\"pt-cv-title\"><a href=\"https:\/\/blogsaverroes.juntadeandalucia.es\/educacionyflamenco21\/distribucion-de-talleres\/\" class=\"_self\" target=\"_self\" >Distribuci\u00f3n de Talleres<\/a><\/h3>\n<div class=\"pt-cv-content\">Ya puedes consultar en qu\u00e9 talleres tienes plaza asegurada. Recuerda que son dos pases, de ...<br \/><div class=\"pt-cv-rmwrap\"><a href=\"https:\/\/blogsaverroes.juntadeandalucia.es\/educacionyflamenco21\/distribucion-de-talleres\/\" class=\"_self pt-cv-readmore btn btn-success\" target=\"_self\">Leer M\u00e1s<\/a><\/div><\/div><\/div><\/div>\n<div class=\"col-md-4 col-sm-6 col-xs-12 pt-cv-content-item pt-cv-1-col\" ><div class='pt-cv-ifield'><a href=\"https:\/\/blogsaverroes.juntadeandalucia.es\/educacionyflamenco21\/saludo-de-jose-galan\/\" class=\"_self pt-cv-href-thumbnail pt-cv-thumb-default\" target=\"_self\" ><img width=\"400\" height=\"250\" src=\"https:\/\/blogsaverroes.juntadeandalucia.es\/educacionyflamenco21\/files\/2021\/11\/Novedad_Jos\u00e9-Gal\u00e1n-400x250.png\" class=\"pt-cv-thumbnail\" alt=\"Jos\u00e9 Gal\u00e1n\" decoding=\"async\" loading=\"lazy\" \/><\/a>\n<h3 class=\"pt-cv-title\"><a href=\"https:\/\/blogsaverroes.juntadeandalucia.es\/educacionyflamenco21\/saludo-de-jose-galan\/\" class=\"_self\" target=\"_self\" >Saludo de Jos\u00e9 Gal\u00e1n<\/a><\/h3>\n<div class=\"pt-cv-content\">Jos\u00e9 Gal\u00e1n nos anuncia su participaci\u00f3n en el I Congreso de Educaci\u00f3n y Flamenco en ...<br \/><div class=\"pt-cv-rmwrap\"><a href=\"https:\/\/blogsaverroes.juntadeandalucia.es\/educacionyflamenco21\/saludo-de-jose-galan\/\" class=\"_self pt-cv-readmore btn btn-success\" target=\"_self\">Leer M\u00e1s<\/a><\/div><\/div><\/div><\/div>\n<div class=\"col-md-4 col-sm-6 col-xs-12 pt-cv-content-item pt-cv-1-col\" ><div class='pt-cv-ifield'><a href=\"https:\/\/blogsaverroes.juntadeandalucia.es\/educacionyflamenco21\/saludo-de-miguel-lopez\/\" class=\"_self pt-cv-href-thumbnail pt-cv-thumb-default\" target=\"_self\" ><img width=\"400\" height=\"250\" src=\"https:\/\/blogsaverroes.juntadeandalucia.es\/educacionyflamenco21\/files\/2021\/11\/Novedad_Miguel-L\u00f3pez-400x250.png\" class=\"pt-cv-thumbnail\" alt=\"Miguel L\u00f3pez\" decoding=\"async\" loading=\"lazy\" \/><\/a>\n<h3 class=\"pt-cv-title\"><a href=\"https:\/\/blogsaverroes.juntadeandalucia.es\/educacionyflamenco21\/saludo-de-miguel-lopez\/\" class=\"_self\" target=\"_self\" >Saludo de Miguel L\u00f3pez<\/a><\/h3>\n<div class=\"pt-cv-content\">Hoy nos saluda Miguel L\u00f3pez Castro uno de nuestros ponentes que impartir\u00e1 el taller \"Acci\u00f3n ...<br \/><div class=\"pt-cv-rmwrap\"><a href=\"https:\/\/blogsaverroes.juntadeandalucia.es\/educacionyflamenco21\/saludo-de-miguel-lopez\/\" class=\"_self pt-cv-readmore btn btn-success\" target=\"_self\">Leer M\u00e1s<\/a><\/div><\/div><\/div><\/div>\n<div class=\"col-md-4 col-sm-6 col-xs-12 pt-cv-content-item pt-cv-1-col\" ><div class='pt-cv-ifield'><a href=\"https:\/\/blogsaverroes.juntadeandalucia.es\/educacionyflamenco21\/la-guia-del-congreso\/\" class=\"_self pt-cv-href-thumbnail pt-cv-thumb-default\" target=\"_self\" ><img width=\"400\" height=\"250\" src=\"https:\/\/blogsaverroes.juntadeandalucia.es\/educacionyflamenco21\/files\/2021\/11\/Gu\u00eda-CEF21-400x250.jpg\" class=\"pt-cv-thumbnail\" alt=\"Gu\u00eda para los asistentes del congreso\" decoding=\"async\" loading=\"lazy\" \/><\/a>\n<h3 class=\"pt-cv-title\"><a href=\"https:\/\/blogsaverroes.juntadeandalucia.es\/educacionyflamenco21\/la-guia-del-congreso\/\" class=\"_self\" target=\"_self\" >La gu\u00eda del Congreso<\/a><\/h3>\n<div class=\"pt-cv-content\">Gu\u00eda para los asistentes del Congreso con la descripci\u00f3n de las sedes y sus zonas, ...<br \/><div class=\"pt-cv-rmwrap\"><a href=\"https:\/\/blogsaverroes.juntadeandalucia.es\/educacionyflamenco21\/la-guia-del-congreso\/\" class=\"_self pt-cv-readmore btn btn-success\" target=\"_self\">Leer M\u00e1s<\/a><\/div><\/div><\/div><\/div>\n<div class=\"col-md-4 col-sm-6 col-xs-12 pt-cv-content-item pt-cv-1-col\" ><div class='pt-cv-ifield'><a href=\"https:\/\/blogsaverroes.juntadeandalucia.es\/educacionyflamenco21\/programa-definitivo-del-cef21\/\" class=\"_self pt-cv-href-thumbnail pt-cv-thumb-default\" target=\"_self\" ><img width=\"400\" height=\"250\" src=\"https:\/\/blogsaverroes.juntadeandalucia.es\/educacionyflamenco21\/files\/2021\/11\/Programa-definitvo-400x250.png\" class=\"pt-cv-thumbnail\" alt=\"\" decoding=\"async\" loading=\"lazy\" \/><\/a>\n<h3 class=\"pt-cv-title\"><a href=\"https:\/\/blogsaverroes.juntadeandalucia.es\/educacionyflamenco21\/programa-definitivo-del-cef21\/\" class=\"_self\" target=\"_self\" >Programa definitivo del CEF21<\/a><\/h3>\n<div class=\"pt-cv-content\">Publicado el programa definitivo del I Congreso Internacional de Educaci\u00f3n y Flamenco: Transformaci\u00f3n social a ...<br \/><div class=\"pt-cv-rmwrap\"><a href=\"https:\/\/blogsaverroes.juntadeandalucia.es\/educacionyflamenco21\/programa-definitivo-del-cef21\/\" class=\"_self pt-cv-readmore btn btn-success\" target=\"_self\">Leer M\u00e1s<\/a><\/div><\/div><\/div><\/div>\n<div class=\"col-md-4 col-sm-6 col-xs-12 pt-cv-content-item pt-cv-1-col\" ><div class='pt-cv-ifield'><a href=\"https:\/\/blogsaverroes.juntadeandalucia.es\/educacionyflamenco21\/comunicaciones-aceptadas\/\" class=\"_self pt-cv-href-thumbnail pt-cv-thumb-default\" target=\"_self\" ><img width=\"400\" height=\"250\" src=\"https:\/\/blogsaverroes.juntadeandalucia.es\/educacionyflamenco21\/files\/2021\/11\/Comunicaciones-aceptadas-400x250.png\" class=\"pt-cv-thumbnail\" alt=\"Comunicaciones aceptadas\" decoding=\"async\" loading=\"lazy\" \/><\/a>\n<h3 class=\"pt-cv-title\"><a href=\"https:\/\/blogsaverroes.juntadeandalucia.es\/educacionyflamenco21\/comunicaciones-aceptadas\/\" class=\"_self\" target=\"_self\" >Comunicaciones aceptadas<\/a><\/h3>\n<div class=\"pt-cv-content\">Se han publicado las comunicaciones aceptadas, si quieres conocer cu\u00e1les son y donde se desarrollar\u00e1n, ...<br \/><div class=\"pt-cv-rmwrap\"><a href=\"https:\/\/blogsaverroes.juntadeandalucia.es\/educacionyflamenco21\/comunicaciones-aceptadas\/\" class=\"_self pt-cv-readmore btn btn-success\" target=\"_self\">Leer M\u00e1s<\/a><\/div><\/div><\/div><\/div><\/div><\/div>\n<div class=\" pt-cv-pagination-wrapper\"><ul class=\"pt-cv-pagination pt-cv-ajax pagination\" data-totalpages=\"2\" data-currentpage=\"1\" data-sid=\"8d5ee50mkt\" data-unid=\"\" data-isblock=\"\" data-postid=\"\"><li class=\"active\"><a href=\"#\">1<\/a><\/li>\n\t<li ><a class=\"\" href=\"https:\/\/blogsaverroes.juntadeandalucia.es\/educacionyflamenco21\/wp-json\/wp\/v2\/pages\/1040\/?_page=2\">2<\/a><\/li>\n\t<li ><a class=\" \" href=\"https:\/\/blogsaverroes.juntadeandalucia.es\/educacionyflamenco21\/wp-json\/wp\/v2\/pages\/1040\/?_page=2\">&rsaquo;<\/a><\/li>\n\t<\/ul><img loading=\"lazy\" decoding=\"async\" width=\"15\" height=\"15\" class=\"pt-cv-spinner\" alt=\"Cargando...\" src=\"data:image\/gif;base64,R0lGODlhDwAPALMPAMrKygwMDJOTkz09PZWVla+vr3p6euTk5M7OzuXl5TMzMwAAAJmZmWZmZszMzP\/\/\/yH\/C05FVFNDQVBFMi4wAwEAAAAh+QQFCgAPACwAAAAADwAPAAAEQvDJaZaZOIcV8iQK8VRX4iTYoAwZ4iCYoAjZ4RxejhVNoT+mRGP4cyF4Pp0N98sBGIBMEMOotl6YZ3S61Bmbkm4mAgAh+QQFCgAPACwAAAAADQANAAAENPDJSRSZeA418itN8QiK8BiLITVsFiyBBIoYqnoewAD4xPw9iY4XLGYSjkQR4UAUD45DLwIAIfkEBQoADwAsAAAAAA8ACQAABC\/wyVlamTi3nSdgwFNdhEJgTJoNyoB9ISYoQmdjiZPcj7EYCAeCF1gEDo4Dz2eIAAAh+QQFCgAPACwCAAAADQANAAAEM\/DJBxiYeLKdX3IJZT1FU0iIg2RNKx3OkZVnZ98ToRD4MyiDnkAh6BkNC0MvsAj0kMpHBAAh+QQFCgAPACwGAAAACQAPAAAEMDC59KpFDll73HkAA2wVY5KgiK5b0RRoI6MuzG6EQqCDMlSGheEhUAgqgUUAFRySIgAh+QQFCgAPACwCAAIADQANAAAEM\/DJKZNLND\/kkKaHc3xk+QAMYDKsiaqmZCxGVjSFFCxB1vwy2oOgIDxuucxAMTAJFAJNBAAh+QQFCgAPACwAAAYADwAJAAAEMNAs86q1yaWwwv2Ig0jUZx3OYa4XoRAfwADXoAwfo1+CIjyFRuEho60aSNYlOPxEAAAh+QQFCgAPACwAAAIADQANAAAENPA9s4y8+IUVcqaWJ4qEQozSoAzoIyhCK2NFU2SJk0hNnyEOhKR2AzAAj4Pj4GE4W0bkJQIAOw==\" \/><div class=\"clear pt-cv-clear-pagination\"><\/div><\/div><\/div>\n","protected":false},"author":7051,"featured_media":0,"parent":0,"menu_order":0,"comment_status":"closed","ping_status":"closed","template":"","meta":{"_et_pb_use_builder":"on","_et_pb_old_content":"","_et_gb_content_width":"","ngg_post_thumbnail":0,"footnotes":""},"aioseo_notices":[],"_links":{"self":[{"href":"https:\/\/blogsaverroes.juntadeandalucia.es\/educacionyflamenco21\/wp-json\/wp\/v2\/pages\/1040"}],"collection":[{"href":"https:\/\/blogsaverroes.juntadeandalucia.es\/educacionyflamenco21\/wp-json\/wp\/v2\/pages"}],"about":[{"href":"https:\/\/blogsaverroes.juntadeandalucia.es\/educacionyflamenco21\/wp-json\/wp\/v2\/types\/page"}],"author":[{"embeddable":true,"href":"https:\/\/blogsaverroes.juntadeandalucia.es\/educacionyflamenco21\/wp-json\/wp\/v2\/users\/7051"}],"replies":[{"embeddable":true,"href":"https:\/\/blogsaverroes.juntadeandalucia.es\/educacionyflamenco21\/wp-json\/wp\/v2\/comments?post=1040"}],"version-history":[{"count":3,"href":"https:\/\/blogsaverroes.juntadeandalucia.es\/educacionyflamenco21\/wp-json\/wp\/v2\/pages\/1040\/revisions"}],"predecessor-version":[{"id":1046,"href":"https:\/\/blogsaverroes.juntadeandalucia.es\/educacionyflamenco21\/wp-json\/wp\/v2\/pages\/1040\/revisions\/1046"}],"wp:attachment":[{"href":"https:\/\/blogsaverroes.juntadeandalucia.es\/educacionyflamenco21\/wp-json\/wp\/v2\/media?parent=1040"}],"curies":[{"name":"wp","href":"https:\/\/api.w.org\/{rel}","templated":true}]}}