{"id":38,"date":"2021-06-22T12:16:31","date_gmt":"2021-06-22T10:16:31","guid":{"rendered":"http:\/\/blogsaverroes.juntadeandalucia.es\/pre\/educacionyflamenco\/?page_id=38"},"modified":"2025-10-09T12:46:38","modified_gmt":"2025-10-09T12:46:38","slug":"comunicaciones","status":"publish","type":"page","link":"https:\/\/blogsaverroes.juntadeandalucia.es\/educacionyflamenco23\/comunicaciones\/","title":{"rendered":"Comunicaciones"},"content":{"rendered":"<p>[et_pb_section fb_built=&#8221;1&#8243; fullwidth=&#8221;on&#8221; _builder_version=&#8221;4.5.0&#8243; _module_preset=&#8221;default&#8221; global_colors_info=&#8221;{}&#8221;][et_pb_fullwidth_image src=&#8221;https:\/\/blogsaverroes.juntadeandalucia.es\/educacionyflamenco23\/files\/2023\/10\/Banner-comunicaciones-03.png&#8221; title_text=&#8221;Banner comunicaciones-03&#8243; _builder_version=&#8221;4.14.5&#8243; _module_preset=&#8221;default&#8221; global_colors_info=&#8221;{}&#8221;][\/et_pb_fullwidth_image][\/et_pb_section][et_pb_section fb_built=&#8221;1&#8243; _builder_version=&#8221;4.5.0&#8243; _module_preset=&#8221;default&#8221; background_color=&#8221;#dddddd&#8221; custom_padding=&#8221;2%||||false|false&#8221; global_colors_info=&#8221;{}&#8221;][et_pb_row _builder_version=&#8221;4.5.0&#8243; _module_preset=&#8221;default&#8221; custom_padding=&#8221;1em||||false|false&#8221; global_colors_info=&#8221;{}&#8221;][et_pb_column type=&#8221;4_4&#8243; _builder_version=&#8221;4.9.0&#8243; _module_preset=&#8221;default&#8221; global_colors_info=&#8221;{}&#8221;][et_pb_accordion icon_color=&#8221;#141414&#8243; _builder_version=&#8221;4.14.5&#8243; _module_preset=&#8221;default&#8221; toggle_font=&#8221;Prata||||||||&#8221; toggle_font_size=&#8221;22px&#8221; toggle_line_height=&#8221;1.4em&#8221; body_font=&#8221;Lato||||||||&#8221; body_font_size=&#8221;16px&#8221; max_width=&#8221;700px&#8221; module_alignment=&#8221;center&#8221; hover_enabled=&#8221;0&#8243; toggle_font_size_tablet=&#8221;18px&#8221; toggle_font_size_phone=&#8221;16px&#8221; toggle_font_size_last_edited=&#8221;on|desktop&#8221; toggle_line_height_tablet=&#8221;1.6em&#8221; toggle_line_height_phone=&#8221;&#8221; toggle_line_height_last_edited=&#8221;on|desktop&#8221; body_font_size_tablet=&#8221;15px&#8221; body_font_size_phone=&#8221;14px&#8221; body_font_size_last_edited=&#8221;on|phone&#8221; border_width_all=&#8221;0px&#8221; border_color_all=&#8221;rgba(20,20,20,0.3)&#8221; border_width_bottom=&#8221;1px&#8221; locked=&#8221;off&#8221; global_colors_info=&#8221;{}&#8221; sticky_enabled=&#8221;0&#8243;][et_pb_accordion_item title=&#8221; &#8221; open=&#8221;on&#8221; _builder_version=&#8221;4.5.0&#8243; _module_preset=&#8221;default&#8221; custom_css_main_element=&#8221;display: none;&#8221; global_colors_info=&#8221;{}&#8221;] [\/et_pb_accordion_item][et_pb_accordion_item title=&#8221;Autor\u00eda&#8221; _builder_version=&#8221;4.14.5&#8243; _module_preset=&#8221;default&#8221; global_colors_info=&#8221;{}&#8221; open=&#8221;off&#8221;]<\/p>\n<ol>\n<li>Se aceptar\u00e1 hasta un m\u00e1ximo de 5 autores\/as por comunicaci\u00f3n.<\/li>\n<li>Cada autor\/a podr\u00e1 participar en un m\u00e1ximo de 3 contribuciones.<\/li>\n<li>Para la publicaci\u00f3n final de las comunicaciones ser\u00e1 preciso que al menos un autor\/a est\u00e9 inscrito\/a en el congreso.<\/li>\n<li>S\u00f3lo se certificar\u00e1 a aquellas personas que asistan a la exposici\u00f3n presencial de la comunicaci\u00f3n.<\/li>\n<\/ol>\n<p>[\/et_pb_accordion_item][et_pb_accordion_item title=&#8221;Env\u00edo del trabajo&#8221; _builder_version=&#8221;4.14.5&#8243; _module_preset=&#8221;default&#8221; hover_enabled=&#8221;0&#8243; global_colors_info=&#8221;{}&#8221; open=&#8221;off&#8221; sticky_enabled=&#8221;0&#8243;]<\/p>\n<p>Las contribuciones de los trabajos estar\u00e1n relacionadas con las l\u00edneas tem\u00e1ticas del Congreso:<\/p>\n<ol>\n<li style=\"list-style-type: none\">\n<ol>\n<li>L\u00ednea 1: L\u00edneas actuales de investigaci\u00f3n en Flamenco y educaci\u00f3n.<\/li>\n<li>L\u00ednea 2: Flamenco educativo, creativo, transformador y su did\u00e1ctica en la ense\u00f1anza.<\/li>\n<li>L\u00ednea 3: Flamenco y emociones en la educaci\u00f3n: palabra, cuerpo, integraci\u00f3n y diversidad.<\/li>\n<li>L\u00ednea 4: Hacia el desarrollo profesional a trav\u00e9s de la investigaci\u00f3n art\u00edstica en el aula.<\/li>\n<\/ol>\n<\/li>\n<\/ol>\n<ul style=\"list-style-type: circle\">\n<li style=\"text-align: left\">En primer lugar, se enviar\u00e1 el trabajo que ser\u00e1 valorado por el Comit\u00e9 Cient\u00edfico teniendo en cuenta la siguiente<a href=\"https:\/\/blogsaverroes.juntadeandalucia.es\/educacionyflamenco23\/files\/2023\/10\/R\u00fabrica.pdf\"> <span style=\"font-size: 10pt\"><strong><u>r\u00fabrica.<\/u><\/strong><\/span><\/a><\/li>\n<li style=\"text-align: left\">Los trabajos aceptados se publicar\u00e1n en un monogr\u00e1fico cuya informaci\u00f3n se detallar\u00e1 m\u00e1s adelante. De los trabajos aceptados, se seleccionar\u00e1n seis para su exposici\u00f3n presencial en el Congreso.<\/li>\n<li style=\"text-align: left\">Se utilizar\u00e1 la siguiente plantilla para el env\u00edo de trabajos: <a href=\"https:\/\/blogsaverroes.juntadeandalucia.es\/educacionyflamenco23\/files\/2023\/10\/Plantilla_Trabajo_Completo-Flamenco-CEF-23.pdf\"><strong>Plantilla_Trabajo <\/strong><\/a><\/li>\n<li style=\"text-align: left\">Los trabajos se enviar\u00e1n para su valoraci\u00f3n a la siguiente direcci\u00f3n de correo electr\u00f3nico : <a href=\"mailto:congreso.educacionyflamenco.ced@juntadeandalucia.es\">educacionyflamenco.ced@juntadeandalucia.es<\/a><\/li>\n<li style=\"text-align: left\">Observaciones:<\/li>\n<\/ul>\n<ul>\n<li style=\"list-style-type: none\">\n<ul style=\"list-style-type: disc\">\n<li>No se admitir\u00e1n contribuciones que no sean in\u00e9ditas.<\/li>\n<li>Deber\u00e1n seguir las l\u00edneas tem\u00e1ticas marcadas para el Congreso.<\/li>\n<li>Solo se admitir\u00e1n trabajos que hayan sido recibidos durante los plazos de recepci\u00f3n establecidos.<\/li>\n<li>Las contribuciones deber\u00e1n seguir el formato de plantilla de redacci\u00f3n creada para la ocasi\u00f3n.<\/li>\n<\/ul>\n<\/li>\n<\/ul>\n<p style=\"padding-left: 40px\">&nbsp;<\/p>\n<p>&nbsp;<\/p>\n<p>[\/et_pb_accordion_item][et_pb_accordion_item title=&#8221;Fechas Clave&#8221; _builder_version=&#8221;4.14.5&#8243; _module_preset=&#8221;default&#8221; hover_enabled=&#8221;0&#8243; global_colors_info=&#8221;{}&#8221; open=&#8221;off&#8221; sticky_enabled=&#8221;0&#8243;]<\/p>\n<p>&nbsp;&#8211; El plazo para la entrega de los trabajos ser\u00e1 del: 16 de octubre de 2023 a 2 de noviembre de 2023.<\/p>\n<p>&nbsp;&#8211; Las comunicaciones aceptadas se publicar\u00e1n el d\u00eda 10 de noviembre de 2023.<\/p>\n<p>[\/et_pb_accordion_item][\/et_pb_accordion][\/et_pb_column][\/et_pb_row][\/et_pb_section]<\/p>\n","protected":false},"excerpt":{"rendered":"<p>Se aceptar\u00e1 hasta un m\u00e1ximo de 5 autores\/as por comunicaci\u00f3n. Cada autor\/a podr\u00e1 participar en un m\u00e1ximo de 3 contribuciones. Para la publicaci\u00f3n final de las comunicaciones ser\u00e1 preciso que al menos un autor\/a est\u00e9 inscrito\/a en el congreso. S\u00f3lo se certificar\u00e1 a aquellas personas que asistan a la exposici\u00f3n presencial de la comunicaci\u00f3n. Las [&hellip;]<\/p>\n","protected":false},"author":7051,"featured_media":0,"parent":0,"menu_order":0,"comment_status":"closed","ping_status":"closed","template":"","meta":{"_et_pb_use_builder":"on","_et_pb_old_content":"","_et_gb_content_width":"","ngg_post_thumbnail":0,"footnotes":""},"aioseo_notices":[],"_links":{"self":[{"href":"https:\/\/blogsaverroes.juntadeandalucia.es\/educacionyflamenco23\/wp-json\/wp\/v2\/pages\/38"}],"collection":[{"href":"https:\/\/blogsaverroes.juntadeandalucia.es\/educacionyflamenco23\/wp-json\/wp\/v2\/pages"}],"about":[{"href":"https:\/\/blogsaverroes.juntadeandalucia.es\/educacionyflamenco23\/wp-json\/wp\/v2\/types\/page"}],"author":[{"embeddable":true,"href":"https:\/\/blogsaverroes.juntadeandalucia.es\/educacionyflamenco23\/wp-json\/wp\/v2\/users\/7051"}],"replies":[{"embeddable":true,"href":"https:\/\/blogsaverroes.juntadeandalucia.es\/educacionyflamenco23\/wp-json\/wp\/v2\/comments?post=38"}],"version-history":[{"count":46,"href":"https:\/\/blogsaverroes.juntadeandalucia.es\/educacionyflamenco23\/wp-json\/wp\/v2\/pages\/38\/revisions"}],"predecessor-version":[{"id":2418,"href":"https:\/\/blogsaverroes.juntadeandalucia.es\/educacionyflamenco23\/wp-json\/wp\/v2\/pages\/38\/revisions\/2418"}],"wp:attachment":[{"href":"https:\/\/blogsaverroes.juntadeandalucia.es\/educacionyflamenco23\/wp-json\/wp\/v2\/media?parent=38"}],"curies":[{"name":"wp","href":"https:\/\/api.w.org\/{rel}","templated":true}]}}