{"id":353,"date":"2018-03-13T12:23:43","date_gmt":"2018-03-13T12:23:43","guid":{"rendered":"https:\/\/blogsaverroes.juntadeandalucia.es\/educainternet\/?page_id=353"},"modified":"2018-04-26T07:25:55","modified_gmt":"2018-04-26T07:25:55","slug":"noticias","status":"publish","type":"page","link":"https:\/\/blogsaverroes.juntadeandalucia.es\/educainternet\/noticias\/","title":{"rendered":"Sexting"},"content":{"rendered":"<p>Son m\u00faltiples los riesgos potenciales derivados de la pr\u00e1ctica del <em>sexting<\/em>. Entre otros, ocurre que si algo se hace en privado y trasciende a lo p\u00fablico, el derecho a la intimidad, al honor y a la propia imagen se ven vulnerados.Detr\u00e1s del <em>sexting<\/em> se encuentran casos de venganza, abuso y chantaje econ\u00f3mico, emocional o sexual que, en el caso de las ni\u00f1as o adolescentes,se las ridiculiza y esto puede tener consecuencias fatales como el suicidio.<\/p>\n<p>Con estos v\u00eddeos aprender\u00e1s el peligro de las redes sociales y a proteger tu intimidad.<\/p>\n<p>&nbsp;<\/p>\n<p>En este v\u00eddeo podemos observar y aprender que las fotos \u00edntimas no las puedes compartir con cualquiera porque se pueden extender por las redes sociales. Este v\u00eddeo nos demuestra&nbsp; un problema actual llamado sexting.<\/p>\n<p><iframe loading=\"lazy\" width=\"500\" height=\"281\" src=\"https:\/\/www.youtube.com\/embed\/aflh0CesiH8?feature=oembed&#038;wmode=opaque\" frameborder=\"0\" allow=\"autoplay; encrypted-media\" allowfullscreen><\/iframe><\/p>\n<p>&nbsp;<\/p>\n<p>&nbsp;<\/p>\n<p>Este es otro claro ejemplo de sexting ya que esta ni\u00f1a ha compartido fotos \u00edntimas con un chico, y ese chico las ha compartido con toda la clase y se extender\u00e1 por las redes sociales.<\/p>\n<p><iframe loading=\"lazy\" width=\"500\" height=\"281\" src=\"https:\/\/www.youtube.com\/embed\/bK0VESq5fds?feature=oembed&#038;wmode=opaque\" frameborder=\"0\" allow=\"autoplay; encrypted-media\" allowfullscreen><\/iframe><\/p>\n","protected":false},"excerpt":{"rendered":"<p>Son m\u00faltiples los riesgos potenciales derivados de la pr\u00e1ctica del sexting. Entre otros, ocurre que si algo se hace en privado y trasciende a lo p\u00fablico, el derecho a la intimidad, al honor y&#46;&#46;&#46;<\/p>\n","protected":false},"author":5813,"featured_media":0,"parent":0,"menu_order":0,"comment_status":"closed","ping_status":"closed","template":"","meta":{"ngg_post_thumbnail":0,"footnotes":""},"aioseo_notices":[],"_links":{"self":[{"href":"https:\/\/blogsaverroes.juntadeandalucia.es\/educainternet\/wp-json\/wp\/v2\/pages\/353"}],"collection":[{"href":"https:\/\/blogsaverroes.juntadeandalucia.es\/educainternet\/wp-json\/wp\/v2\/pages"}],"about":[{"href":"https:\/\/blogsaverroes.juntadeandalucia.es\/educainternet\/wp-json\/wp\/v2\/types\/page"}],"author":[{"embeddable":true,"href":"https:\/\/blogsaverroes.juntadeandalucia.es\/educainternet\/wp-json\/wp\/v2\/users\/5813"}],"replies":[{"embeddable":true,"href":"https:\/\/blogsaverroes.juntadeandalucia.es\/educainternet\/wp-json\/wp\/v2\/comments?post=353"}],"version-history":[{"count":17,"href":"https:\/\/blogsaverroes.juntadeandalucia.es\/educainternet\/wp-json\/wp\/v2\/pages\/353\/revisions"}],"predecessor-version":[{"id":614,"href":"https:\/\/blogsaverroes.juntadeandalucia.es\/educainternet\/wp-json\/wp\/v2\/pages\/353\/revisions\/614"}],"wp:attachment":[{"href":"https:\/\/blogsaverroes.juntadeandalucia.es\/educainternet\/wp-json\/wp\/v2\/media?parent=353"}],"curies":[{"name":"wp","href":"https:\/\/api.w.org\/{rel}","templated":true}]}}