{"id":379,"date":"2018-03-14T12:29:30","date_gmt":"2018-03-14T12:29:30","guid":{"rendered":"https:\/\/blogsaverroes.juntadeandalucia.es\/educainternet\/?page_id=379"},"modified":"2018-05-18T08:38:30","modified_gmt":"2018-05-18T08:38:30","slug":"ciberbullying","status":"publish","type":"page","link":"https:\/\/blogsaverroes.juntadeandalucia.es\/educainternet\/ciberbullying\/","title":{"rendered":"Ciberbullying"},"content":{"rendered":"<h2 class=\"hl-article article__title\">El ciberbullying en Espa\u00f1a<\/h2>\n<p style=\"text-align: justify\"><span style=\"color: #333333\">A principios de este a\u00f1o la Organizaci\u00f3n Mundial de la Salud alert\u00f3 de que Espa\u00f1a es uno de los pa\u00edses donde m\u00e1s ciberacoso sufren los menores. El acoso escolar a trav\u00e9s de medios tecnol\u00f3gicos es un problema extendido en el pa\u00eds. Seg\u00fan el informe &#8216;Yo a eso no juego&#8217; elaborado por Save the Children, el 6,9% de los alumnos de entre 12 y 16 a\u00f1os encuestados lo han sufrido. Las chicas salen peor paradas con un 8,5%, mientras que en los chicos la cifra es de 5,3%. Como esta infograf\u00eda de Statista muestra, las formas de ciberbullying m\u00e1s comunes son los insultos directos e indirectos, los rumores y las amenazas. En cuanto a los medios utilizados para el acoso, la fundaci\u00f3n ANAR informa de que la mayor\u00eda de casos se llevan a cabo a trav\u00e9s del m\u00f3vil y utilizando Whatsapp. La infograf\u00eda ha sido publicada en este art\u00edculo de El Diario.<\/span><\/p>\n<p><img loading=\"lazy\" decoding=\"async\" class=\"alignnone size-full wp-image-407\" src=\"https:\/\/blogsaverroes.juntadeandalucia.es\/educainternet\/files\/2018\/03\/Espa\u00f1a.jpg\" alt=\"\" width=\"960\" height=\"684\" srcset=\"https:\/\/blogsaverroes.juntadeandalucia.es\/educainternet\/files\/2018\/03\/Espa\u00f1a.jpg 960w, https:\/\/blogsaverroes.juntadeandalucia.es\/educainternet\/files\/2018\/03\/Espa\u00f1a-300x214.jpg 300w, https:\/\/blogsaverroes.juntadeandalucia.es\/educainternet\/files\/2018\/03\/Espa\u00f1a-768x547.jpg 768w, https:\/\/blogsaverroes.juntadeandalucia.es\/educainternet\/files\/2018\/03\/Espa\u00f1a-24x17.jpg 24w, https:\/\/blogsaverroes.juntadeandalucia.es\/educainternet\/files\/2018\/03\/Espa\u00f1a-36x26.jpg 36w, https:\/\/blogsaverroes.juntadeandalucia.es\/educainternet\/files\/2018\/03\/Espa\u00f1a-48x34.jpg 48w\" sizes=\"(max-width: 960px) 100vw, 960px\" \/><\/p>\n<p>Con estos v\u00eddeos aprender\u00e1s los peligros de las redes sociales y aprender\u00e1s un poco sobre el ciberbullying.<\/p>\n<p>En este v\u00eddeo podemos observar como miles de ni\u00f1os acosan a otros cada d\u00eda en Internet, muchas veces sin ser conscientes de las consecuencias. Con un simple clic generan un efecto domin\u00f3 imparable. Est\u00e1 en nuestra mano mostrarles que el ciberacoso se puede, y se debe, parar. No lo fomentes, no lo apoyes, no lo silencies. Si lo sufres, cu\u00e9ntalo, pide ayuda.<\/p>\n<p><iframe loading=\"lazy\" width=\"500\" height=\"281\" src=\"https:\/\/www.youtube.com\/embed\/fTG8lBDdHBo?feature=oembed&#038;wmode=opaque\" frameborder=\"0\" allow=\"autoplay; encrypted-media\" allowfullscreen><\/iframe><\/p>\n<p>&nbsp;<\/p>\n<p>En este v\u00eddeo podemos observar un claro ejemplo de ciberbullying donde ofenden a una persona mediante una netiqueta.<\/p>\n<p><iframe loading=\"lazy\" width=\"500\" height=\"281\" src=\"https:\/\/www.youtube.com\/embed\/moL3g9FPB-8?feature=oembed&#038;wmode=opaque\" frameborder=\"0\" allow=\"autoplay; encrypted-media\" allowfullscreen><\/iframe><\/p>\n<p>&nbsp;<\/p>\n<p>En este v\u00eddeo observamos como se realiza ciberbullying mediante el insulto y etiquetas,&nbsp; pudiendo producir da\u00f1os psicol\u00f3gicos y bajando la autoestima.<\/p>\n<p><iframe loading=\"lazy\" width=\"500\" height=\"281\" src=\"https:\/\/www.youtube.com\/embed\/SEC_dOWFN5M?feature=oembed&#038;wmode=opaque\" frameborder=\"0\" allow=\"autoplay; encrypted-media\" allowfullscreen><\/iframe><\/p>\n<p>&nbsp;<\/p>\n<p>En este v\u00eddeos observamos otro ejemplo de ciberbullying mediante el insulto simplemente por ser de otra raza.<\/p>\n<p><iframe loading=\"lazy\" width=\"500\" height=\"281\" src=\"https:\/\/www.youtube.com\/embed\/asTti6y39xI?feature=oembed&#038;wmode=opaque\" frameborder=\"0\" allow=\"autoplay; encrypted-media\" allowfullscreen><\/iframe><\/p>\n<p>&nbsp;<\/p>\n<p><strong>Noticia:<\/strong><\/p>\n<p><span style=\"font-size: 14pt\"><strong>Un nuevo caso de Ciberbullying<\/strong><br \/>\n<\/span><\/p>\n<p style=\"text-align: left\">Tres menores de un <b>colegio de Girona <\/b>acosaban a otro ni\u00f1o en horas de clase y fuera del centro a trav\u00e9s de mensajes de <b>Whatsapp.&nbsp;&nbsp;<\/b>Una de las dos escuelas p\u00fablicas que hay en el municipio decidi\u00f3 expulsar durante una semana a los tres acosadores. A pesar de cursar 4\u00ba de Primaria (9-10 a\u00f1os) el asedio sobre su compa\u00f1ero era constante y el colegio se vio obligado a tomar cartas en el asunto. La expulsi\u00f3n no gust\u00f3 a los padres afectados, que en lugar de culpar a sus hijos la tomaron con la direcci\u00f3n de la escuela. Los ni\u00f1os acosadores ya han vuelto a la escuela tras su semana de castigo, pero este caso vuelve a activar el debate de si es necesario un mayor control de los padres sobre sus hijos con las nuevas tecnolog\u00edas.<\/p>\n","protected":false},"excerpt":{"rendered":"<p>El ciberbullying en Espa\u00f1a A principios de este a\u00f1o la Organizaci\u00f3n Mundial de la Salud alert\u00f3 de que Espa\u00f1a es uno de los pa\u00edses donde m\u00e1s ciberacoso sufren los menores. El acoso escolar a&#46;&#46;&#46;<\/p>\n","protected":false},"author":5813,"featured_media":0,"parent":0,"menu_order":0,"comment_status":"closed","ping_status":"closed","template":"","meta":{"ngg_post_thumbnail":0,"footnotes":""},"aioseo_notices":[],"_links":{"self":[{"href":"https:\/\/blogsaverroes.juntadeandalucia.es\/educainternet\/wp-json\/wp\/v2\/pages\/379"}],"collection":[{"href":"https:\/\/blogsaverroes.juntadeandalucia.es\/educainternet\/wp-json\/wp\/v2\/pages"}],"about":[{"href":"https:\/\/blogsaverroes.juntadeandalucia.es\/educainternet\/wp-json\/wp\/v2\/types\/page"}],"author":[{"embeddable":true,"href":"https:\/\/blogsaverroes.juntadeandalucia.es\/educainternet\/wp-json\/wp\/v2\/users\/5813"}],"replies":[{"embeddable":true,"href":"https:\/\/blogsaverroes.juntadeandalucia.es\/educainternet\/wp-json\/wp\/v2\/comments?post=379"}],"version-history":[{"count":27,"href":"https:\/\/blogsaverroes.juntadeandalucia.es\/educainternet\/wp-json\/wp\/v2\/pages\/379\/revisions"}],"predecessor-version":[{"id":699,"href":"https:\/\/blogsaverroes.juntadeandalucia.es\/educainternet\/wp-json\/wp\/v2\/pages\/379\/revisions\/699"}],"wp:attachment":[{"href":"https:\/\/blogsaverroes.juntadeandalucia.es\/educainternet\/wp-json\/wp\/v2\/media?parent=379"}],"curies":[{"name":"wp","href":"https:\/\/api.w.org\/{rel}","templated":true}]}}