{"id":395,"date":"2018-03-15T09:08:12","date_gmt":"2018-03-15T09:08:12","guid":{"rendered":"https:\/\/blogsaverroes.juntadeandalucia.es\/educainternet\/?page_id=395"},"modified":"2018-04-26T07:38:26","modified_gmt":"2018-04-26T07:38:26","slug":"privacidad","status":"publish","type":"page","link":"https:\/\/blogsaverroes.juntadeandalucia.es\/educainternet\/privacidad\/","title":{"rendered":"Privacidad en Internet"},"content":{"rendered":"<p><span class=\"Y0NH2b CLPzrc\">La <b>privacidad en Internet<\/b> se refiere a controlar quien puede tener acceso a la informaci\u00f3n que posee un determinado usuario que se conecta a <b>Internet<\/b>.<\/span><\/p>\n<p><strong>&nbsp;<\/strong><strong><a href=\"https:\/\/blogsaverroes.juntadeandalucia.es\/educainternet\/files\/2018\/03\/guiaprivacidadseguridadinternet.pdf\" target=\"_blank\" rel=\"noopener\">Guia de&nbsp; privacidad y seguridad en internet<\/a><\/strong><\/p>\n<p>Riesgos que corres al introducir tus datos personales en internet.<\/p>\n<p><iframe loading=\"lazy\" width=\"500\" height=\"281\" src=\"https:\/\/www.youtube.com\/embed\/KWKhWv4pfSk?feature=oembed&#038;wmode=opaque\" frameborder=\"0\" allow=\"autoplay; encrypted-media\" allowfullscreen><\/iframe><\/p>\n<p>&nbsp;<\/p>\n<p>&nbsp;<\/p>\n<p>\u00bfTienes privacidad en las redes sociales?<\/p>\n<p><iframe loading=\"lazy\" width=\"500\" height=\"375\" src=\"https:\/\/www.youtube.com\/embed\/_VAgyuNjnoY?feature=oembed&#038;wmode=opaque\" frameborder=\"0\" allow=\"autoplay; encrypted-media\" allowfullscreen><\/iframe><\/p>\n<p>&nbsp;<\/p>\n<p>&nbsp;<\/p>\n<p>Respeta la privacidad de los dem\u00e1s.<\/p>\n<p><iframe loading=\"lazy\" width=\"500\" height=\"281\" src=\"https:\/\/www.youtube.com\/embed\/6KRphqadHfY?feature=oembed&#038;wmode=opaque\" frameborder=\"0\" allow=\"autoplay; encrypted-media\" allowfullscreen><\/iframe><\/p>\n<p>&nbsp;<\/p>\n<h2><span style=\"font-size: 18pt\"><strong>Noticia:<\/strong><\/span><\/h2>\n<h2 id=\"articulo-titulo\" class=\"articulo-titulo \">Facebook almacena los detalles de llamadas y mensajes en tel\u00e9fonos Android<\/h2>\n<p style=\"text-align: justify\">Facebook tiene almacenado un historial detallado de llamadas y SMS de algunos usuarios de Android. La compa\u00f1\u00eda asegura en su blog que este registro es una funci\u00f3n opcional de Facebook Lite y Facebook Messenger. Pero adem\u00e1s de llamadas y mensajes, la empresa recopila una cantidad ingente de informaci\u00f3n: desde las fotos y mensajes publicados en el muro hasta las aplicaciones que el usuario ha descargado en el m\u00f3vil en alguna ocasi\u00f3n o las veces en las que ha pinchado en un anuncio de publicidad determinado. Existe una forma de borrar el historial de mensajes y llamadas de Facebook y evitar que se siga recopilando. Hay que entrar en la aplicaci\u00f3n Facebook Messenger o Facebook Lite, tocar en la foto de perfil hasta que se abra un men\u00fa y pinchar en \u00abPersonas\u00bb. Por \u00faltimo, hay que hacer clic en \u00abSincronizar contactos\u00bb y desactivar esta opci\u00f3n. Es necesario repetir este proceso en todos los dispositivos en los que el usuario use una cuenta de Facebook Messenger o Facebook Lite.<\/p>\n","protected":false},"excerpt":{"rendered":"<p>La privacidad en Internet se refiere a controlar quien puede tener acceso a la informaci\u00f3n que posee un determinado usuario que se conecta a Internet. &nbsp;Guia de&nbsp; privacidad y seguridad en internet Riesgos que&#46;&#46;&#46;<\/p>\n","protected":false},"author":5813,"featured_media":0,"parent":0,"menu_order":0,"comment_status":"closed","ping_status":"closed","template":"","meta":{"ngg_post_thumbnail":0,"footnotes":""},"aioseo_notices":[],"_links":{"self":[{"href":"https:\/\/blogsaverroes.juntadeandalucia.es\/educainternet\/wp-json\/wp\/v2\/pages\/395"}],"collection":[{"href":"https:\/\/blogsaverroes.juntadeandalucia.es\/educainternet\/wp-json\/wp\/v2\/pages"}],"about":[{"href":"https:\/\/blogsaverroes.juntadeandalucia.es\/educainternet\/wp-json\/wp\/v2\/types\/page"}],"author":[{"embeddable":true,"href":"https:\/\/blogsaverroes.juntadeandalucia.es\/educainternet\/wp-json\/wp\/v2\/users\/5813"}],"replies":[{"embeddable":true,"href":"https:\/\/blogsaverroes.juntadeandalucia.es\/educainternet\/wp-json\/wp\/v2\/comments?post=395"}],"version-history":[{"count":31,"href":"https:\/\/blogsaverroes.juntadeandalucia.es\/educainternet\/wp-json\/wp\/v2\/pages\/395\/revisions"}],"predecessor-version":[{"id":618,"href":"https:\/\/blogsaverroes.juntadeandalucia.es\/educainternet\/wp-json\/wp\/v2\/pages\/395\/revisions\/618"}],"wp:attachment":[{"href":"https:\/\/blogsaverroes.juntadeandalucia.es\/educainternet\/wp-json\/wp\/v2\/media?parent=395"}],"curies":[{"name":"wp","href":"https:\/\/api.w.org\/{rel}","templated":true}]}}