{"id":447,"date":"2018-03-16T10:09:06","date_gmt":"2018-03-16T10:09:06","guid":{"rendered":"https:\/\/blogsaverroes.juntadeandalucia.es\/educainternet\/?page_id=447"},"modified":"2018-04-04T11:40:21","modified_gmt":"2018-04-04T11:40:21","slug":"uso-excesivo-de-las-tic","status":"publish","type":"page","link":"https:\/\/blogsaverroes.juntadeandalucia.es\/educainternet\/uso-excesivo-de-las-tic\/","title":{"rendered":"Uso excesivo de las Tic"},"content":{"rendered":"<p>Las tic nos han sido muy productivas, han logrado una gran cantidad de cosas y nos han echo la vida mas c\u00f3moda.&nbsp; Aunque su uso abusivo puede traer consigo algunos<strong> trastornos<\/strong> y<strong> patolog\u00edas<\/strong>.<\/p>\n<p><span class=\"notice-module_detail-content\">Para llegar a esta conclusi\u00f3n los<strong> investigadores realizaron un estudio sobre m\u00e1s de 5.500 estudiantes de entre 12 y 20 a\u00f1os,<\/strong> concretamente de 1\u00ba a 4\u00ba de ESO de 28 escuelas de la provincia de Barcelona, quienes contestaron un cuestionario sociodemogr\u00e1fico de manera an\u00f3nima.&nbsp;&nbsp;&nbsp;&nbsp;&nbsp;&nbsp;&nbsp;&nbsp;&nbsp;&nbsp;&nbsp;&nbsp;&nbsp;&nbsp;&nbsp;&nbsp;&nbsp;&nbsp;&nbsp;&nbsp;&nbsp;&nbsp;&nbsp;&nbsp;&nbsp;&nbsp;&nbsp;&nbsp;&nbsp;&nbsp;&nbsp;&nbsp;&nbsp;&nbsp;&nbsp;&nbsp;&nbsp;&nbsp;&nbsp;&nbsp;&nbsp;&nbsp;&nbsp;&nbsp;&nbsp;&nbsp;&nbsp;&nbsp;&nbsp;&nbsp;&nbsp;&nbsp;&nbsp;&nbsp;&nbsp;&nbsp;&nbsp;&nbsp;&nbsp;&nbsp;&nbsp;&nbsp;&nbsp;&nbsp;&nbsp;&nbsp;&nbsp;&nbsp;&nbsp;&nbsp;&nbsp;&nbsp;&nbsp;&nbsp;&nbsp;&nbsp;&nbsp;&nbsp;&nbsp;&nbsp;&nbsp;&nbsp;&nbsp;&nbsp;&nbsp;&nbsp;&nbsp;&nbsp;&nbsp;&nbsp;&nbsp;&nbsp;&nbsp;&nbsp;&nbsp;&nbsp;&nbsp;&nbsp;&nbsp;&nbsp;&nbsp;&nbsp;&nbsp;&nbsp;&nbsp;&nbsp;&nbsp;&nbsp;&nbsp;&nbsp;&nbsp;&nbsp;&nbsp;&nbsp;&nbsp;&nbsp;&nbsp;&nbsp;&nbsp;&nbsp;&nbsp;&nbsp;&nbsp;&nbsp;&nbsp;&nbsp;&nbsp;&nbsp;&nbsp;&nbsp;&nbsp;&nbsp;&nbsp;&nbsp;&nbsp;&nbsp;&nbsp;&nbsp;&nbsp;&nbsp;&nbsp;&nbsp;&nbsp;&nbsp;&nbsp;&nbsp;&nbsp;&nbsp;&nbsp;&nbsp;&nbsp;&nbsp;&nbsp;&nbsp;&nbsp;&nbsp;&nbsp;&nbsp;&nbsp;&nbsp;&nbsp;&nbsp;&nbsp;&nbsp;&nbsp;&nbsp;&nbsp;&nbsp;&nbsp;&nbsp;&nbsp;&nbsp;&nbsp;&nbsp;&nbsp;&nbsp;&nbsp;&nbsp;&nbsp;&nbsp;&nbsp;&nbsp;&nbsp;&nbsp;&nbsp;&nbsp;&nbsp;&nbsp;<br \/>\n<\/span><\/p>\n<p>Este cuestionario nos conf<span class=\"notice-module_detail-content\">irma que el <strong>uso adictivo de las<\/strong> tecnolog\u00edas de la informaci\u00f3n y comunicaci\u00f3n (<strong>TIC<\/strong>) en la adolescencia<strong> puede traer consigo problem\u00e1ticas como el fracaso escolar,&nbsp; falta de sue\u00f1o o hasta incluso el consumo de alcohol y tabaco<\/strong>, entre otras. <\/span>En esta teor\u00eda est\u00e1n de acuerdo muchas universidades .<\/p>\n<p>&nbsp;<\/p>\n<p>&nbsp;<\/p>\n<p><iframe loading=\"lazy\" width=\"500\" height=\"281\" src=\"https:\/\/www.youtube.com\/embed\/YGraeiBELyA?feature=oembed&#038;wmode=opaque\" frameborder=\"0\" allow=\"autoplay; encrypted-media\" allowfullscreen><\/iframe><\/p>\n<p>&nbsp;<\/p>\n<p>&nbsp;<\/p>\n<p>&nbsp;<\/p>\n","protected":false},"excerpt":{"rendered":"<p>Las tic nos han sido muy productivas, han logrado una gran cantidad de cosas y nos han echo la vida mas c\u00f3moda.&nbsp; Aunque su uso abusivo puede traer consigo algunos trastornos y patolog\u00edas. Para&#46;&#46;&#46;<\/p>\n","protected":false},"author":5813,"featured_media":0,"parent":0,"menu_order":0,"comment_status":"closed","ping_status":"closed","template":"","meta":{"ngg_post_thumbnail":0,"footnotes":""},"aioseo_notices":[],"_links":{"self":[{"href":"https:\/\/blogsaverroes.juntadeandalucia.es\/educainternet\/wp-json\/wp\/v2\/pages\/447"}],"collection":[{"href":"https:\/\/blogsaverroes.juntadeandalucia.es\/educainternet\/wp-json\/wp\/v2\/pages"}],"about":[{"href":"https:\/\/blogsaverroes.juntadeandalucia.es\/educainternet\/wp-json\/wp\/v2\/types\/page"}],"author":[{"embeddable":true,"href":"https:\/\/blogsaverroes.juntadeandalucia.es\/educainternet\/wp-json\/wp\/v2\/users\/5813"}],"replies":[{"embeddable":true,"href":"https:\/\/blogsaverroes.juntadeandalucia.es\/educainternet\/wp-json\/wp\/v2\/comments?post=447"}],"version-history":[{"count":5,"href":"https:\/\/blogsaverroes.juntadeandalucia.es\/educainternet\/wp-json\/wp\/v2\/pages\/447\/revisions"}],"predecessor-version":[{"id":481,"href":"https:\/\/blogsaverroes.juntadeandalucia.es\/educainternet\/wp-json\/wp\/v2\/pages\/447\/revisions\/481"}],"wp:attachment":[{"href":"https:\/\/blogsaverroes.juntadeandalucia.es\/educainternet\/wp-json\/wp\/v2\/media?parent=447"}],"curies":[{"name":"wp","href":"https:\/\/api.w.org\/{rel}","templated":true}]}}