{"id":453,"date":"2018-04-04T10:57:46","date_gmt":"2018-04-04T10:57:46","guid":{"rendered":"https:\/\/blogsaverroes.juntadeandalucia.es\/educainternet\/?page_id=453"},"modified":"2018-04-27T08:34:20","modified_gmt":"2018-04-27T08:34:20","slug":"ciberacoso","status":"publish","type":"page","link":"https:\/\/blogsaverroes.juntadeandalucia.es\/educainternet\/ciberacoso\/","title":{"rendered":"Ciberacoso"},"content":{"rendered":"<table style=\"height: 353px;width: 782px\">\n<tbody>\n<tr style=\"height: 24px\">\n<td style=\"width: 383px;height: 24px;text-align: center\" colspan=\"2\">\n<p style=\"text-align: justify\">Los materiales que presentamos pertenecen al proyecto ConRed Andaluc\u00eda, encargado por el servicio de Convivencia e igualdad de la Consejer\u00eda de Educaci\u00f3n y realizado por un grupo de profesores de las universidades de Ja\u00e9n y C\u00f3rdoba expertos en temas de acoso escolar.<\/p>\n<p style=\"text-align: justify\">El objetivo de estas unidades es ayudar a la prevenci\u00f3n y detenci\u00f3n del acoso y ciberacoso escolar se\u00f1alando al propio alumnado como principal agente de prevenci\u00f3n. Para ello, se trabaja en todas ellas la empat\u00eda como forma de mostrar la necesidad de que el \u00abgrupo\u00bb rompa la ley del silencio y act\u00faen cada vez que se cometa una situaci\u00f3n de acoso a su alrededor.<\/p>\n<p style=\"text-align: justify\">Junto a ello, las unidades analizan las diferencias entre agresi\u00f3n y acoso; los aspectos negativos que repercuten no s\u00f3lo en el acosado, sino en cada uno de los agentes que act\u00faan frente a \u00e9l: el acosador, el que lo anima, el que lo ayuda y la gran masa que no act\u00faan ante lo que est\u00e1 pasando a su alrededor; c\u00f3mo se llega a una situaci\u00f3n de acoso y,por \u00faltimo, ayudan a buscar una salida una vez que se est\u00e1 cometiendo el acoso.<\/p>\n<\/td>\n<\/tr>\n<tr style=\"height: 24px\">\n<td style=\"width: 383px;height: 24px;text-align: center\"><a href=\"https:\/\/blogsaverroes.juntadeandalucia.es\/educainternet\/files\/2018\/04\/Power-Sesi%C2%A6n-1-ESO-Versi%C2%A6n-1.pdf\" target=\"_blank\" rel=\"noopener\"><img loading=\"lazy\" decoding=\"async\" class=\"aligncenter wp-image-483 size-full\" title=\"\u00bfQu\u00e9 es el acoso?\" src=\"https:\/\/blogsaverroes.juntadeandalucia.es\/educainternet\/files\/2018\/04\/9.jpg\" alt=\"\" width=\"136\" height=\"103\" srcset=\"https:\/\/blogsaverroes.juntadeandalucia.es\/educainternet\/files\/2018\/04\/9.jpg 136w, https:\/\/blogsaverroes.juntadeandalucia.es\/educainternet\/files\/2018\/04\/9-24x18.jpg 24w, https:\/\/blogsaverroes.juntadeandalucia.es\/educainternet\/files\/2018\/04\/9-36x27.jpg 36w, https:\/\/blogsaverroes.juntadeandalucia.es\/educainternet\/files\/2018\/04\/9-48x36.jpg 48w\" sizes=\"(max-width: 136px) 100vw, 136px\" \/><\/a><a href=\"https:\/\/blogsaverroes.juntadeandalucia.es\/educainternet\/files\/2018\/04\/Power-Sesi%C2%A6n-1-ESO-Versi%C2%A6n-1.pdf\" target=\"_blank\" rel=\"noopener\">Sesi\u00f3n 1: \u00bfQu\u00e9 es acoso?<\/a><\/p>\n<p><a href=\"https:\/\/blogsaverroes.juntadeandalucia.es\/educainternet\/files\/2018\/04\/Gu%C2%A1a-Did%C3%ADctica-Sesi%C2%A6n-1-ESO.pdf\" target=\"_blank\" rel=\"noopener\">Gu\u00eda Did\u00e1ctica Sesi\u00f3n 1<\/a><\/td>\n<td style=\"width: 383px;height: 24px\">\u00bfSi alguien se levanta ahora y pega a alguno de vosotros o vosotras ser\u00eda acoso?<\/td>\n<\/tr>\n<tr style=\"height: 24px\">\n<td style=\"width: 383px;height: 24px\">\n<p style=\"text-align: center\"><a href=\"https:\/\/blogsaverroes.juntadeandalucia.es\/educainternet\/files\/2018\/04\/PowerPoint-Sesi%C2%A6n-2-ESO-Versi%C2%A6n-1.pdf\"><img loading=\"lazy\" decoding=\"async\" class=\"aligncenter wp-image-489 size-full\" title=\"\u00bfY si fueras t\u00fa?\" src=\"https:\/\/blogsaverroes.juntadeandalucia.es\/educainternet\/files\/2018\/04\/s2-1.jpg\" alt=\"\" width=\"136\" height=\"103\" srcset=\"https:\/\/blogsaverroes.juntadeandalucia.es\/educainternet\/files\/2018\/04\/s2-1.jpg 136w, https:\/\/blogsaverroes.juntadeandalucia.es\/educainternet\/files\/2018\/04\/s2-1-24x18.jpg 24w, https:\/\/blogsaverroes.juntadeandalucia.es\/educainternet\/files\/2018\/04\/s2-1-36x27.jpg 36w, https:\/\/blogsaverroes.juntadeandalucia.es\/educainternet\/files\/2018\/04\/s2-1-48x36.jpg 48w\" sizes=\"(max-width: 136px) 100vw, 136px\" \/><\/a><a href=\"https:\/\/blogsaverroes.juntadeandalucia.es\/educainternet\/files\/2018\/04\/PowerPoint-Sesi%C2%A6n-2-ESO-Versi%C2%A6n-1.pdf\" target=\"_blank\" rel=\"noopener\">Sesi\u00f3n 2: \u00bfY si fueras t\u00fa?<\/a><\/p>\n<p style=\"text-align: center\"><a href=\"https:\/\/blogsaverroes.juntadeandalucia.es\/educainternet\/files\/2018\/04\/Gu%C2%A1a-Did%C3%ADctica-Sesi%C2%A6n-2-ESO.pdf\" target=\"_blank\" rel=\"noopener\">Gu\u00eda Did\u00e1ctica Sesi\u00f3n 2<\/a><\/p>\n<\/td>\n<td style=\"width: 383px;height: 24px\">\u00bfY si fueras t\u00fa a quien echasen del grupo de WhatsApp de la clase una y otra vez?<\/td>\n<\/tr>\n<tr style=\"height: 24px\">\n<td style=\"width: 383px;height: 24px\">\n<p style=\"text-align: center\"><a href=\"https:\/\/blogsaverroes.juntadeandalucia.es\/educainternet\/files\/2018\/04\/Power-Sesi%C2%A6n-3-ESO-Versi%C2%A6n-1.pdf\" target=\"_blank\" rel=\"Sesi\u00f3n 3: \u00bfTodo el mundo lo hace? noopener\"><img loading=\"lazy\" decoding=\"async\" class=\"aligncenter wp-image-538 size-full\" title=\"Sesi\u00f3n 3: \u00bfTodo el mundo lo hace?\" src=\"https:\/\/blogsaverroes.juntadeandalucia.es\/educainternet\/files\/2018\/04\/inicial.jpg\" alt=\"\" width=\"136\" height=\"103\" srcset=\"https:\/\/blogsaverroes.juntadeandalucia.es\/educainternet\/files\/2018\/04\/inicial.jpg 136w, https:\/\/blogsaverroes.juntadeandalucia.es\/educainternet\/files\/2018\/04\/inicial-24x18.jpg 24w, https:\/\/blogsaverroes.juntadeandalucia.es\/educainternet\/files\/2018\/04\/inicial-36x27.jpg 36w, https:\/\/blogsaverroes.juntadeandalucia.es\/educainternet\/files\/2018\/04\/inicial-48x36.jpg 48w\" sizes=\"(max-width: 136px) 100vw, 136px\" \/><\/a><a href=\"https:\/\/blogsaverroes.juntadeandalucia.es\/educainternet\/files\/2018\/04\/Power-Sesi%C2%A6n-3-ESO-Versi%C2%A6n-1.pdf\" target=\"_blank\" rel=\"noopener\">Sesi\u00f3n 3: \u00bfTodo el mundo lo hace?<\/a><\/p>\n<p style=\"text-align: center\"><a href=\"https:\/\/blogsaverroes.juntadeandalucia.es\/educainternet\/files\/2018\/04\/Gu%C2%A1a-Sesi%C2%A6n-3-ESO.pdf\" target=\"_blank\" rel=\"noopener\">Gu\u00eda Did\u00e1ctica Sesi\u00f3n 3<\/a><\/p>\n<\/td>\n<td style=\"width: 383px;height: 24px\">\u00bfTen\u00e9is m\u00e1s de 500 fotograf\u00edas en vuestro perfil de Instagram? \u00bfy m\u00e1s de 300 seguidores\/as? Si no los tienes, \u00bfqu\u00e9 eres?<\/td>\n<\/tr>\n<tr style=\"height: 24.4167px\">\n<td style=\"width: 383px;height: 24.4167px\">\n<p style=\"text-align: center\"><a href=\"https:\/\/blogsaverroes.juntadeandalucia.es\/educainternet\/files\/2018\/04\/Power-Sesi%C2%A6n-4-Version-1-ESO.pdf\" target=\"_blank\" rel=\"Sesi\u00f3n 4: \u00bfC\u00f3mo ha pasado esto? noopener\"><img loading=\"lazy\" decoding=\"async\" class=\"aligncenter wp-image-537 size-full\" title=\"Sesi\u00f3n 4: \u00bfC\u00f3mo ha pasado esto?\" src=\"https:\/\/blogsaverroes.juntadeandalucia.es\/educainternet\/files\/2018\/04\/4.jpg\" alt=\"\" width=\"136\" height=\"103\" srcset=\"https:\/\/blogsaverroes.juntadeandalucia.es\/educainternet\/files\/2018\/04\/4.jpg 136w, https:\/\/blogsaverroes.juntadeandalucia.es\/educainternet\/files\/2018\/04\/4-24x18.jpg 24w, https:\/\/blogsaverroes.juntadeandalucia.es\/educainternet\/files\/2018\/04\/4-36x27.jpg 36w, https:\/\/blogsaverroes.juntadeandalucia.es\/educainternet\/files\/2018\/04\/4-48x36.jpg 48w\" sizes=\"(max-width: 136px) 100vw, 136px\" \/><\/a><a href=\"https:\/\/blogsaverroes.juntadeandalucia.es\/educainternet\/files\/2018\/04\/Power-Sesi%C2%A6n-4-Version-1-ESO.pdf\" target=\"_blank\" rel=\"noopener\">Sesi\u00f3n 4: \u00bfC\u00f3mo ha pasado esto?<\/a><\/p>\n<p style=\"text-align: center\"><a href=\"https:\/\/blogsaverroes.juntadeandalucia.es\/educainternet\/files\/2018\/04\/Gu%C2%A1a-Sesi%C2%A6n-4-ESO.pdf\" target=\"_blank\" rel=\"noopener\">Gu\u00eda Did\u00e1ctica Sesi\u00f3n 4<\/a><\/p>\n<\/td>\n<td style=\"width: 383px;height: 24.4167px\">\u00bfC\u00f3mo ha pasado para que un chico o chica de la clase est\u00e9 siempre solo y no tenga amigos ni amigas?<\/td>\n<\/tr>\n<tr style=\"height: 24.4167px\">\n<td style=\"width: 383px;height: 24.4167px\">\n<p style=\"text-align: center\"><a href=\"https:\/\/blogsaverroes.juntadeandalucia.es\/educainternet\/files\/2018\/04\/Power-Sesi%C3%B3n-5-ESO-versi%C3%B3n-1.pdf\" target=\"_blank\" rel=\"noopener\"><img loading=\"lazy\" decoding=\"async\" class=\"aligncenter wp-image-590 size-full\" title=\"Sesi\u00f3n 5: \u00a1Tierra Tr\u00e1game!\" src=\"https:\/\/blogsaverroes.juntadeandalucia.es\/educainternet\/files\/2018\/04\/5.jpg\" alt=\"\" width=\"136\" height=\"103\" srcset=\"https:\/\/blogsaverroes.juntadeandalucia.es\/educainternet\/files\/2018\/04\/5.jpg 136w, https:\/\/blogsaverroes.juntadeandalucia.es\/educainternet\/files\/2018\/04\/5-24x18.jpg 24w, https:\/\/blogsaverroes.juntadeandalucia.es\/educainternet\/files\/2018\/04\/5-36x27.jpg 36w, https:\/\/blogsaverroes.juntadeandalucia.es\/educainternet\/files\/2018\/04\/5-48x36.jpg 48w\" sizes=\"(max-width: 136px) 100vw, 136px\" \/><\/a><a href=\"https:\/\/blogsaverroes.juntadeandalucia.es\/educainternet\/files\/2018\/04\/Power-Sesi%C3%B3n-5-ESO-versi%C3%B3n-1.pdf\" target=\"_blank\" rel=\"noopener\">Sesi\u00f3n 5: \u00a1Tierra Tr\u00e1game!<\/a><\/p>\n<p style=\"text-align: center\"><a href=\"https:\/\/blogsaverroes.juntadeandalucia.es\/educainternet\/files\/2018\/04\/Sesi%C3%B3n-5-ESO.pdf\" target=\"_blank\" rel=\"noopener\">Gu\u00eda Did\u00e1ctica Sesi\u00f3n&nbsp; 5<\/a><\/p>\n<\/td>\n<td style=\"width: 383px;height: 24.4167px;text-align: justify\">&nbsp;<\/p>\n<p style=\"text-align: center\">En un grupo de Whatsapp, \u00bfqui\u00e9n puede pensar \u00abtierra tr\u00e1game\u00bb? \u00bfpor qu\u00e9?<\/p>\n<p>&nbsp;<\/p>\n<p>&nbsp;<\/td>\n<\/tr>\n<tr style=\"height: 24.4167px\">\n<td style=\"width: 383px;height: 24.4167px\">\n<p style=\"text-align: center\"><a href=\"https:\/\/blogsaverroes.juntadeandalucia.es\/educainternet\/files\/2018\/04\/Power-Sesi%C3%B3n-6-ESO-versi%C3%B3n-1.pdf\" target=\"_blank\" rel=\"noopener\"><img loading=\"lazy\" decoding=\"async\" class=\"aligncenter wp-image-591 size-full\" title=\"Sesi\u00f3n 6: \u00bf Y qu\u00e9 hago?\" src=\"https:\/\/blogsaverroes.juntadeandalucia.es\/educainternet\/files\/2018\/04\/6.jpg\" alt=\"\" width=\"136\" height=\"103\" srcset=\"https:\/\/blogsaverroes.juntadeandalucia.es\/educainternet\/files\/2018\/04\/6.jpg 136w, https:\/\/blogsaverroes.juntadeandalucia.es\/educainternet\/files\/2018\/04\/6-24x18.jpg 24w, https:\/\/blogsaverroes.juntadeandalucia.es\/educainternet\/files\/2018\/04\/6-36x27.jpg 36w, https:\/\/blogsaverroes.juntadeandalucia.es\/educainternet\/files\/2018\/04\/6-48x36.jpg 48w\" sizes=\"(max-width: 136px) 100vw, 136px\" \/><\/a><a href=\"https:\/\/blogsaverroes.juntadeandalucia.es\/educainternet\/files\/2018\/04\/Power-Sesi\u00f3n-6-ESO-versi\u00f3n-1.pdf\">Sesi\u00f3n 6: \u00bf Y qu\u00e9 hago?<\/a><\/p>\n<p style=\"text-align: center\"><a href=\"https:\/\/blogsaverroes.juntadeandalucia.es\/educainternet\/files\/2018\/04\/Sesi%C3%B3n-6-ESO.pdf\" target=\"_blank\" rel=\"noopener\">Gu\u00eda Did\u00e1ctica Sesi\u00f3n 6<\/a><\/p>\n<\/td>\n<td style=\"width: 383px;height: 24.4167px\">\u00bfQu\u00e9 har\u00edas si te excluyen de un grupo de Whatsapp?<\/td>\n<\/tr>\n<\/tbody>\n<\/table>\n<p>&nbsp;<\/p>\n","protected":false},"excerpt":{"rendered":"<p>Los materiales que presentamos pertenecen al proyecto ConRed Andaluc\u00eda, encargado por el servicio de Convivencia e igualdad de la Consejer\u00eda de Educaci\u00f3n y realizado por un grupo de profesores de las universidades de Ja\u00e9n&#46;&#46;&#46;<\/p>\n","protected":false},"author":5813,"featured_media":0,"parent":0,"menu_order":0,"comment_status":"closed","ping_status":"closed","template":"","meta":{"ngg_post_thumbnail":0,"footnotes":""},"aioseo_notices":[],"_links":{"self":[{"href":"https:\/\/blogsaverroes.juntadeandalucia.es\/educainternet\/wp-json\/wp\/v2\/pages\/453"}],"collection":[{"href":"https:\/\/blogsaverroes.juntadeandalucia.es\/educainternet\/wp-json\/wp\/v2\/pages"}],"about":[{"href":"https:\/\/blogsaverroes.juntadeandalucia.es\/educainternet\/wp-json\/wp\/v2\/types\/page"}],"author":[{"embeddable":true,"href":"https:\/\/blogsaverroes.juntadeandalucia.es\/educainternet\/wp-json\/wp\/v2\/users\/5813"}],"replies":[{"embeddable":true,"href":"https:\/\/blogsaverroes.juntadeandalucia.es\/educainternet\/wp-json\/wp\/v2\/comments?post=453"}],"version-history":[{"count":27,"href":"https:\/\/blogsaverroes.juntadeandalucia.es\/educainternet\/wp-json\/wp\/v2\/pages\/453\/revisions"}],"predecessor-version":[{"id":622,"href":"https:\/\/blogsaverroes.juntadeandalucia.es\/educainternet\/wp-json\/wp\/v2\/pages\/453\/revisions\/622"}],"wp:attachment":[{"href":"https:\/\/blogsaverroes.juntadeandalucia.es\/educainternet\/wp-json\/wp\/v2\/media?parent=453"}],"curies":[{"name":"wp","href":"https:\/\/api.w.org\/{rel}","templated":true}]}}