{"id":506,"date":"2018-04-12T07:58:13","date_gmt":"2018-04-12T07:58:13","guid":{"rendered":"https:\/\/blogsaverroes.juntadeandalucia.es\/educainternet\/?page_id=506"},"modified":"2018-04-17T11:29:09","modified_gmt":"2018-04-17T11:29:09","slug":"netiqueta","status":"publish","type":"page","link":"https:\/\/blogsaverroes.juntadeandalucia.es\/educainternet\/netiqueta\/","title":{"rendered":"Netiqueta"},"content":{"rendered":"<p><strong><i>\u00bfQu\u00e9 es la netiqueta?<\/i><\/strong><\/p>\n<p>Es un conjunto de reglas que regulan el comportamiento de los usuarios para comunicarse en la red, en pocas palabras es la etiqueta del ciberespacio.<\/p>\n<p>&nbsp;<\/p>\n<ul>\n<li><em><strong>Regla N\u00b0 1: Recuerde lo humano \u2013 Buena educaci\u00f3n<\/strong><\/em><\/li>\n<\/ul>\n<p>Normalmente en Internet somos an\u00f3nimos, tratar a las personas con las que te comunicas con respeto, medir las palabras que dices, pues lo que escribes puede ser archivado y luego utilizado en tu contra, en general tratar a los dem\u00e1s c\u00f3mo nos gustar\u00eda que nos traten.<\/p>\n<p>&nbsp;<\/p>\n<ul>\n<li><em><strong>Regla N\u00b0 2: Comp\u00f3rtate como en la vida real<\/strong><\/em><\/li>\n<\/ul>\n<p>Sea respetuoso y comp\u00f3rtese de acuerdo a las leyes de la sociedad y del ciberespacio, ya que en el ciberespacio las posibilidades de ser descubierto parecen remotas pero esto no debe hacernos olvidar que hay un ser humano al otro lado del computador.<\/p>\n<p>&nbsp;<\/p>\n<ul>\n<li><em><strong>Regla N\u00b0 3: Sepa en qu\u00e9 lugar del ciberespacio est\u00e1<\/strong><\/em><\/li>\n<\/ul>\n<p>Antes de participar en una actividad en Internet, se debe observar la&nbsp; conducta, costumbres y leer las normas del sitio. Ya que en todas no funcionan de la mismas forma y puede cometer errores por no estar informado.<\/p>\n<p>&nbsp;<\/p>\n<ul>\n<li><em><strong>Regla N\u00b0 4: Respete el tiempo y el ancho de banda de los dem\u00e1s<\/strong><\/em><\/li>\n<\/ul>\n<p>Antes de enviar una&nbsp; informaci\u00f3n a una determinada persona aseg\u00farese que lo que env\u00eda es de importancia, sea breve y conciso ya que el tiempo de los dem\u00e1s vale, y este deja de realizar otras actividades por dedicarle tiempo a leer lo que enviaste.<\/p>\n<p>&nbsp;<\/p>\n<ul>\n<li><em><strong>Regla N\u00b0 5: Forma de escritura<\/strong><\/em><\/li>\n<\/ul>\n<p>Utilice buena redacci\u00f3n y gram\u00e1tica para redactar tus correos, sea claro y coherente con la informaci\u00f3n que transmite para que esta no sea distorsionada; sea sencillo, agradable, educado y evite utilizar lenguaje ofensivo porque puede molestar a alguien.<\/p>\n<p>&nbsp;<\/p>\n<ul>\n<li><em><strong>Regla N\u00b0 6: Comparta el conocimiento de expertos<\/strong><\/em><\/li>\n<\/ul>\n<p>Comparte tus conocimientos y de los dem\u00e1s expertos con otras personas de la red y has del ciberespacio un medio para ense\u00f1ar y comunicar lo que sabes. Ponte en el lugar de los dem\u00e1s y recuerda cuando no sab\u00edas alg\u00fan tema, sobre lo que ahora te preguntan.<\/p>\n<p>&nbsp;<\/p>\n<ul>\n<li><em><strong>Regla N\u00b0 7: Ayude a que las controversias se mantengan bajo control<\/strong><\/em><\/li>\n<\/ul>\n<p>Cuando quieras formar parte de una conversaci\u00f3n como en un foro, hazlo cuando est\u00e9s seguro de lo que vas a escribir. Mantente fuera de discusiones que no dominas, as\u00ed que se prudente en el momento de opinar o entrar en un grupo de discusi\u00f3n.<\/p>\n<p>&nbsp;<\/p>\n<ul>\n<li><em><strong>Regla N\u00b0 8: Respeto por la privacidad de los dem\u00e1s<\/strong><\/em><\/li>\n<\/ul>\n<p>Si compartes el ordenador con otros miembros o usuarios, respeta sus datos. No leas correos ajenos, no mires sus archivos, etc. Esto es aplicable tanto a usuarios que usen tu ordenador, como otros usuarios que no lo hagan.<\/p>\n<p>&nbsp;<\/p>\n<ul>\n<li><em><strong>Regla N\u00b0 9: No abuse de las ventajas que pueda usted tener<\/strong><\/em><\/li>\n<\/ul>\n<p>No aprovecharse de las ventajas que pueda tener por el conocimiento o el acceso a distintos sistemas que sepas, no te da derecho de aprovecharte de los dem\u00e1s.<\/p>\n<p>&nbsp;<\/p>\n<ul>\n<li><em><strong>Regla N\u00b0 10: Excuse los errores de otros<\/strong><\/em><\/li>\n<\/ul>\n<p>Recuerda que todos somos humanos y por lo tanto, todos nos equivocamos. Nunca se debe juzgar a alguien por sus fallos. En todo caso, ayudarlo o sugerirle cuando se encuentre un error y nunca mostrar prepotencia al encontrar un fallo y mucho menos re\u00edrse de \u00e9l.<\/p>\n<p>Pagina principal de la netiqueta en Espa\u00f1ol:<\/p>\n<p><a href=\"http:\/\/www.netiquetate.com\/\" target=\"_blank\" rel=\"noopener\"><strong>www.netiquetate.com<\/strong><\/a><\/p>\n<p>&nbsp;<\/p>\n<p><iframe loading=\"lazy\" width=\"500\" height=\"281\" src=\"https:\/\/www.youtube.com\/embed\/1G_tcANPiuo?feature=oembed&#038;wmode=opaque\" frameborder=\"0\" allow=\"autoplay; encrypted-media\" allowfullscreen><\/iframe><\/p>\n<p>&nbsp;<\/p>\n","protected":false},"excerpt":{"rendered":"<p>\u00bfQu\u00e9 es la netiqueta? Es un conjunto de reglas que regulan el comportamiento de los usuarios para comunicarse en la red, en pocas palabras es la etiqueta del ciberespacio. &nbsp; Regla N\u00b0 1: Recuerde&#46;&#46;&#46;<\/p>\n","protected":false},"author":5813,"featured_media":0,"parent":0,"menu_order":0,"comment_status":"closed","ping_status":"closed","template":"","meta":{"ngg_post_thumbnail":0,"footnotes":""},"aioseo_notices":[],"_links":{"self":[{"href":"https:\/\/blogsaverroes.juntadeandalucia.es\/educainternet\/wp-json\/wp\/v2\/pages\/506"}],"collection":[{"href":"https:\/\/blogsaverroes.juntadeandalucia.es\/educainternet\/wp-json\/wp\/v2\/pages"}],"about":[{"href":"https:\/\/blogsaverroes.juntadeandalucia.es\/educainternet\/wp-json\/wp\/v2\/types\/page"}],"author":[{"embeddable":true,"href":"https:\/\/blogsaverroes.juntadeandalucia.es\/educainternet\/wp-json\/wp\/v2\/users\/5813"}],"replies":[{"embeddable":true,"href":"https:\/\/blogsaverroes.juntadeandalucia.es\/educainternet\/wp-json\/wp\/v2\/comments?post=506"}],"version-history":[{"count":4,"href":"https:\/\/blogsaverroes.juntadeandalucia.es\/educainternet\/wp-json\/wp\/v2\/pages\/506\/revisions"}],"predecessor-version":[{"id":524,"href":"https:\/\/blogsaverroes.juntadeandalucia.es\/educainternet\/wp-json\/wp\/v2\/pages\/506\/revisions\/524"}],"wp:attachment":[{"href":"https:\/\/blogsaverroes.juntadeandalucia.es\/educainternet\/wp-json\/wp\/v2\/media?parent=506"}],"curies":[{"name":"wp","href":"https:\/\/api.w.org\/{rel}","templated":true}]}}