{"id":756,"date":"2019-02-27T18:28:37","date_gmt":"2019-02-27T18:28:37","guid":{"rendered":"https:\/\/blogsaverroes.juntadeandalucia.es\/educainternet\/?page_id=756"},"modified":"2019-02-27T18:59:32","modified_gmt":"2019-02-27T18:59:32","slug":"incibe","status":"publish","type":"page","link":"https:\/\/blogsaverroes.juntadeandalucia.es\/educainternet\/incibe\/","title":{"rendered":"INCIBE"},"content":{"rendered":"<p style=\"text-align: justify\">El Instituto Nacional de Ciberseguridad de Espa\u00f1a (<abbr title=\"Instituto Nacional de Ciberseguridad de Espa\u00f1a\">INCIBE<\/abbr>), sociedad dependiente del Ministerio de Energ\u00eda, Turismo y Agenda Digital (MINETAD) a trav\u00e9s de la Secretar\u00eda de Estado y para la Sociedad de la Informaci\u00f3n y Agenda Digital (SESIAD), es la entidad de referencia para el desarrollo de la ciberseguridad y de la confianza digital de los ciudadanos, la red acad\u00e9mica y de investigaci\u00f3n espa\u00f1ola (RedIRIS) y las empresas, especialmente para sectores estrat\u00e9gicos.<\/p>\n<h3 style=\"text-align: justify\">MISI\u00d3N<\/h3>\n<p style=\"text-align: justify\">La misi\u00f3n de&nbsp;<abbr>INCIBE<\/abbr>&nbsp;es por tanto reforzar la ciberseguridad, la confianza y la protecci\u00f3n de la informaci\u00f3n y privacidad en los servicios de la Sociedad de la Informaci\u00f3n, aportando valor a ciudadanos, empresas, Administraci\u00f3n, red acad\u00e9mica y de investigaci\u00f3n espa\u00f1ola, sector de las tecnolog\u00edas de la informaci\u00f3n y las comunicaciones y sectores estrat\u00e9gicos en general.<\/p>\n<h3 style=\"text-align: justify\">VISI\u00d3N<\/h3>\n<p style=\"text-align: justify\">La visi\u00f3n de&nbsp;<abbr>INCIBE<\/abbr>&nbsp;es conseguir sus objetivos mediante:<\/p>\n<ul style=\"text-align: justify\">\n<li>El&nbsp;compromiso de profesionales&nbsp;altamente cualificados, comprometidos con sus proyectos y capaces de generar valor e innovaci\u00f3n de forma continua.<\/li>\n<li>La&nbsp;dinamizaci\u00f3n del sector TIC, desde una perspectiva de igualdad de oportunidades, generando nuevos negocios y oportunidades para clientes, proveedores y profesionales.<\/li>\n<li>El&nbsp;soporte&nbsp;a los ciudadanos, empresas, administraciones, RedIRIS junto con sus instituciones afiliadas y sectores estrat\u00e9gicos, todos ellos claves para un desarrollo de las nuevas tecnolog\u00edas con un alto impacto social.<\/li>\n<li>La&nbsp;generaci\u00f3n de inteligencia en ciberseguridad&nbsp;como medio necesario para el desarrollo de tecnolog\u00edas y conocimiento a aplicar en nuevas herramientas y estrategias.<\/li>\n<\/ul>\n<h3 style=\"text-align: justify\">VALORES<\/h3>\n<p style=\"text-align: justify\">Los valores que promueve&nbsp;<abbr>INCIBE<\/abbr>&nbsp;son los siguientes:&nbsp;<\/p>\n<ul>\n<li style=\"text-align: justify\">Transparencia&nbsp;con la sociedad en general y los agentes del \u00e1mbito de la ciberseguridad en particular.<\/li>\n<li style=\"text-align: justify\">B\u00fasqueda de la excelencia, tanto en la aptitud y en la actitud de sus profesionales, as\u00ed como en la ejecuci\u00f3n de los proyectos.<\/li>\n<li style=\"text-align: justify\">Vocaci\u00f3n de servicio p\u00fablico.<\/li>\n<li style=\"text-align: justify\">Mantenimiento del esp\u00edritu innovador&nbsp;y de la b\u00fasqueda de la excelencia en los proyectos que se abordan, maximizando el valor ofrecido.<\/li>\n<li style=\"text-align: justify\">Sostenibilidad&nbsp;como valor \u00e9tico y criterio de desempe\u00f1o que involucra los aspectos econ\u00f3micos, sociales y medioambientales de la actividad.<\/li>\n<li style=\"text-align: justify\">Esp\u00edritu de integraci\u00f3n, apoyo y cooperaci\u00f3n&nbsp;con todos los agentes relevantes en ciberseguridad, reforzando las capacidades nacionales en seguridad.<\/li>\n<\/ul>\n<p style=\"text-align: center\"><span style=\"font-size: 18pt\"><em><strong>MATERIALES 2018\/2019<\/strong><\/em><\/span><\/p>\n<table style=\"height: 2293px\" width=\"549\">\n<tbody>\n<tr>\n<td style=\"width: 266.5px\"><a href=\"https:\/\/blogsaverroes.juntadeandalucia.es\/educainternet\/files\/2018\/02\/ud01_vivimos_en_red.pdf\" target=\"_blank\" rel=\"noopener\"><img loading=\"lazy\" decoding=\"async\" class=\"alignnone wp-image-749 size-full\" src=\"https:\/\/blogsaverroes.juntadeandalucia.es\/educainternet\/files\/2018\/02\/unidad1.png\" alt=\"\" width=\"248\" height=\"201\" srcset=\"https:\/\/blogsaverroes.juntadeandalucia.es\/educainternet\/files\/2018\/02\/unidad1.png 248w, https:\/\/blogsaverroes.juntadeandalucia.es\/educainternet\/files\/2018\/02\/unidad1-24x19.png 24w, https:\/\/blogsaverroes.juntadeandalucia.es\/educainternet\/files\/2018\/02\/unidad1-36x29.png 36w, https:\/\/blogsaverroes.juntadeandalucia.es\/educainternet\/files\/2018\/02\/unidad1-48x39.png 48w\" sizes=\"(max-width: 248px) 100vw, 248px\" \/><\/a><\/td>\n<td style=\"width: 266.5px\">\n<h3 class=\"views-field views-field-title item-title\"><a href=\"https:\/\/blogsaverroes.juntadeandalucia.es\/educainternet\/files\/2018\/02\/ud01_vivimos_en_red.pdf\" target=\"_blank\" rel=\"noopener\"><span class=\"field-content\">Vivimos en Red<\/span><\/a><\/h3>\n<p>El respeto a los dem\u00e1s y el fomento de las habilidades sociales son claves para la prevenci\u00f3n de problemas online.<\/p>\n<p><strong>Sesiones:<\/strong><\/p>\n<div><strong>1.1. Con respeto en Internet<\/strong><\/div>\n<div><strong>1.2. No te quedes al margen<\/strong><\/div>\n<\/td>\n<\/tr>\n<tr>\n<td style=\"width: 266.5px\"><a href=\"https:\/\/blogsaverroes.juntadeandalucia.es\/educainternet\/files\/2018\/02\/ud02_tu_informacion_vale_mucho.pdf\" target=\"_blank\" rel=\"noopener\"><img loading=\"lazy\" decoding=\"async\" class=\"alignnone wp-image-750 size-full\" src=\"https:\/\/blogsaverroes.juntadeandalucia.es\/educainternet\/files\/2018\/02\/unidad2.png\" alt=\"\" width=\"248\" height=\"199\" srcset=\"https:\/\/blogsaverroes.juntadeandalucia.es\/educainternet\/files\/2018\/02\/unidad2.png 248w, https:\/\/blogsaverroes.juntadeandalucia.es\/educainternet\/files\/2018\/02\/unidad2-24x19.png 24w, https:\/\/blogsaverroes.juntadeandalucia.es\/educainternet\/files\/2018\/02\/unidad2-36x29.png 36w, https:\/\/blogsaverroes.juntadeandalucia.es\/educainternet\/files\/2018\/02\/unidad2-48x39.png 48w\" sizes=\"(max-width: 248px) 100vw, 248px\" \/><\/a><\/td>\n<td style=\"width: 266.5px\">\n<h3 class=\"views-field views-field-title item-title\"><a href=\"https:\/\/blogsaverroes.juntadeandalucia.es\/educainternet\/files\/2018\/02\/ud02_tu_informacion_vale_mucho.pdf\" target=\"_blank\" rel=\"noopener\"><span class=\"field-content\">Tu informaci\u00f3n vale mucho<\/span><\/a><\/h3>\n<div class=\"views-field views-field-body item-entradilla\">\n<div class=\"field-content\">\n<p>M\u00f3dulo relacionado con el cuidado de la privacidad, la protecci\u00f3n de la propia informaci\u00f3n e imagen, as\u00ed como con la construcci\u00f3n de una identidad digital positiva de modo que genere una buena reputaci\u00f3n en l\u00ednea.<\/p>\n<p><strong>Sesiones:<\/strong><\/p>\n<div><strong>2.1. Protege tu historia<\/strong><\/div>\n<div><strong>2.2. Dejando una huella positiva<\/strong><\/div>\n<\/div>\n<\/div>\n<\/td>\n<\/tr>\n<tr>\n<td style=\"width: 266.5px\"><a href=\"https:\/\/blogsaverroes.juntadeandalucia.es\/educainternet\/files\/2018\/02\/ud03_controla_la_tecnologia.pdf\" target=\"_blank\" rel=\"noopener\"><img loading=\"lazy\" decoding=\"async\" class=\"alignnone wp-image-751 size-full\" src=\"https:\/\/blogsaverroes.juntadeandalucia.es\/educainternet\/files\/2018\/02\/unidad3.png\" alt=\"\" width=\"248\" height=\"198\" srcset=\"https:\/\/blogsaverroes.juntadeandalucia.es\/educainternet\/files\/2018\/02\/unidad3.png 248w, https:\/\/blogsaverroes.juntadeandalucia.es\/educainternet\/files\/2018\/02\/unidad3-24x19.png 24w, https:\/\/blogsaverroes.juntadeandalucia.es\/educainternet\/files\/2018\/02\/unidad3-36x29.png 36w, https:\/\/blogsaverroes.juntadeandalucia.es\/educainternet\/files\/2018\/02\/unidad3-48x38.png 48w\" sizes=\"(max-width: 248px) 100vw, 248px\" \/><\/a><\/td>\n<td style=\"width: 266.5px\">\n<h3 class=\"views-field views-field-title item-title\"><a href=\"https:\/\/blogsaverroes.juntadeandalucia.es\/educainternet\/files\/2018\/02\/ud03_controla_la_tecnologia.pdf\" target=\"_blank\" rel=\"noopener\"><span class=\"field-content\">Controla la Tecnolog\u00eda<\/span><\/a><\/h3>\n<div class=\"views-field views-field-body item-entradilla\">\n<div class=\"field-content\">\n<p>La protecci\u00f3n de dispositivos y servicios online, la gesti\u00f3n de contrase\u00f1as, opciones de seguridad y protecci\u00f3n frente a aplicaciones potencialmente peligrosas.<\/p>\n<p><strong>Sesiones:<\/strong><\/p>\n<div><strong>3.1. Cierra con llave<\/strong><\/div>\n<div><strong>3.2. \u00bfQu\u00e9 apps merecen la pena?<\/strong><\/div>\n<\/div>\n<\/div>\n<\/td>\n<\/tr>\n<tr>\n<td style=\"width: 266.5px\"><a href=\"https:\/\/blogsaverroes.juntadeandalucia.es\/educainternet\/files\/2018\/02\/ud04_mira_mas_alla_de_tu_pantalla.pdf\" target=\"_blank\" rel=\"noopener\"><img loading=\"lazy\" decoding=\"async\" class=\"alignnone wp-image-752 size-full\" src=\"https:\/\/blogsaverroes.juntadeandalucia.es\/educainternet\/files\/2018\/02\/unidad4.png\" alt=\"\" width=\"248\" height=\"200\" srcset=\"https:\/\/blogsaverroes.juntadeandalucia.es\/educainternet\/files\/2018\/02\/unidad4.png 248w, https:\/\/blogsaverroes.juntadeandalucia.es\/educainternet\/files\/2018\/02\/unidad4-24x19.png 24w, https:\/\/blogsaverroes.juntadeandalucia.es\/educainternet\/files\/2018\/02\/unidad4-36x29.png 36w, https:\/\/blogsaverroes.juntadeandalucia.es\/educainternet\/files\/2018\/02\/unidad4-48x39.png 48w\" sizes=\"(max-width: 248px) 100vw, 248px\" \/><\/a><\/td>\n<td style=\"width: 266.5px\">\n<h3 class=\"views-field views-field-title item-title\"><a href=\"https:\/\/blogsaverroes.juntadeandalucia.es\/educainternet\/files\/2018\/02\/ud04_mira_mas_alla_de_tu_pantalla.pdf\" target=\"_blank\" rel=\"noopener\"><span class=\"field-content\">Mira m\u00e1s all\u00e1 de tu pantalla<\/span><\/a><\/h3>\n<div class=\"views-field views-field-body item-entradilla\">\n<div class=\"field-content\">\n<p>Desarrollar el esp\u00edritu cr\u00edtico, comprender c\u00f3mo funciona Internet y analizar las motivaciones de las personas con las que se interact\u00faa a trav\u00e9s de la Red, es fundamental para prevenir riesgos econ\u00f3micos, personales y sociales.<\/p>\n<p><strong>Sesiones:<\/strong><\/p>\n<div><strong>4.1. Y as\u00ed funciona Internet<\/strong><\/div>\n<div><strong>4.2. Mant\u00e9n el equilibrio<\/strong><\/div>\n<\/div>\n<\/div>\n<\/td>\n<\/tr>\n<tr>\n<td style=\"width: 266.5px\"><a href=\"https:\/\/blogsaverroes.juntadeandalucia.es\/educainternet\/files\/2018\/02\/ud05_sabes_elegir.pdf\" target=\"_blank\" rel=\"noopener\"><img loading=\"lazy\" decoding=\"async\" class=\"alignnone wp-image-753 size-full\" src=\"https:\/\/blogsaverroes.juntadeandalucia.es\/educainternet\/files\/2018\/02\/unidad5.png\" alt=\"\" width=\"249\" height=\"201\" srcset=\"https:\/\/blogsaverroes.juntadeandalucia.es\/educainternet\/files\/2018\/02\/unidad5.png 249w, https:\/\/blogsaverroes.juntadeandalucia.es\/educainternet\/files\/2018\/02\/unidad5-24x19.png 24w, https:\/\/blogsaverroes.juntadeandalucia.es\/educainternet\/files\/2018\/02\/unidad5-36x29.png 36w, https:\/\/blogsaverroes.juntadeandalucia.es\/educainternet\/files\/2018\/02\/unidad5-48x39.png 48w\" sizes=\"(max-width: 249px) 100vw, 249px\" \/><\/a><\/td>\n<td style=\"width: 266.5px\">\n<h3 class=\"views-field views-field-title item-title\"><a href=\"https:\/\/blogsaverroes.juntadeandalucia.es\/educainternet\/files\/2018\/02\/ud05_sabes_elegir.pdf\" target=\"_blank\" rel=\"noopener\"><span class=\"field-content\">Sabes elegir<\/span><\/a><\/h3>\n<div class=\"views-field views-field-body item-entradilla\">\n<div class=\"field-content\">\n<p>La responsabilidad y el esp\u00edritu cr\u00edtico son capacidades esenciales para los menores. Reforzarlas les ayudar\u00e1 a contrastar la informaci\u00f3n de Internet, reflexionar antes de aceptar contactos y reaccionar frente a los problemas que surjan.<\/p>\n<p><strong>Sesiones:<\/strong><\/p>\n<div><strong>5.1. Esto es un fake<\/strong><\/div>\n<div><strong>5.2. Contactos y redes sociales<\/strong><\/div>\n<\/div>\n<\/div>\n<\/td>\n<\/tr>\n<tr>\n<td style=\"width: 266.5px\"><a href=\"https:\/\/blogsaverroes.juntadeandalucia.es\/educainternet\/files\/2019\/02\/ud6_comenzamos_con_ciberseguridad.pdf\" target=\"_blank\" rel=\"noopener\"><img loading=\"lazy\" decoding=\"async\" class=\"alignnone wp-image-754 size-full\" src=\"https:\/\/blogsaverroes.juntadeandalucia.es\/educainternet\/files\/2018\/02\/unidad6.png\" alt=\"\" width=\"250\" height=\"200\" srcset=\"https:\/\/blogsaverroes.juntadeandalucia.es\/educainternet\/files\/2018\/02\/unidad6.png 250w, https:\/\/blogsaverroes.juntadeandalucia.es\/educainternet\/files\/2018\/02\/unidad6-24x19.png 24w, https:\/\/blogsaverroes.juntadeandalucia.es\/educainternet\/files\/2018\/02\/unidad6-36x29.png 36w, https:\/\/blogsaverroes.juntadeandalucia.es\/educainternet\/files\/2018\/02\/unidad6-48x38.png 48w\" sizes=\"(max-width: 250px) 100vw, 250px\" \/><\/a><\/td>\n<td style=\"width: 266.5px\">\n<h3 class=\"views-field views-field-title item-title\"><a href=\"https:\/\/blogsaverroes.juntadeandalucia.es\/educainternet\/files\/2019\/02\/ud6_comenzamos_con_ciberseguridad.pdf\" target=\"_blank\" rel=\"noopener\"><span class=\"field-content\">Comenzamos con ciberseguridad<\/span><\/a><\/h3>\n<div class=\"views-field views-field-body item-entradilla\">\n<div class=\"field-content\">\n<p>Los primeros pasos en Internet no se deben dar a la ligera. Poseer conocimientos previos en seguridad y uso seguro es esencial para evitar los riesgos y aprender a utilizar la Red de forma positiva.<\/p>\n<p><strong>Sesiones:<\/strong><\/p>\n<div><strong>6.1. \u00bfY t\u00fa qu\u00e9 ves en Internet?<\/strong><\/div>\n<div><strong>6.2. Juegas en l\u00ednea<\/strong><\/div>\n<\/div>\n<\/div>\n<\/td>\n<\/tr>\n<\/tbody>\n<\/table>\n<p style=\"text-align: center\"><span style=\"font-size: 18pt\"><em><strong>MATERIALES 2017<\/strong><\/em><\/span><\/p>\n<table style=\"height: 95px\" width=\"548\">\n<tbody>\n<tr>\n<td style=\"width: 130px\"><img loading=\"lazy\" decoding=\"async\" class=\"alignnone wp-image-79 size-full\" src=\"https:\/\/blogsaverroes.juntadeandalucia.es\/educainternet\/files\/2018\/02\/1.jpg\" alt=\"\" width=\"132\" height=\"102\" srcset=\"https:\/\/blogsaverroes.juntadeandalucia.es\/educainternet\/files\/2018\/02\/1.jpg 132w, https:\/\/blogsaverroes.juntadeandalucia.es\/educainternet\/files\/2018\/02\/1-24x19.jpg 24w, https:\/\/blogsaverroes.juntadeandalucia.es\/educainternet\/files\/2018\/02\/1-36x28.jpg 36w, https:\/\/blogsaverroes.juntadeandalucia.es\/educainternet\/files\/2018\/02\/1-48x37.jpg 48w\" sizes=\"(max-width: 132px) 100vw, 132px\" \/><\/p>\n<p><a href=\"https:\/\/blogsaverroes.juntadeandalucia.es\/educainternet\/files\/2018\/02\/privacidad_ud.pdf\" target=\"_blank\" rel=\"noopener\">Unidad did\u00e1ctica<\/a><\/p>\n<p><a href=\"https:\/\/blogsaverroes.juntadeandalucia.es\/educainternet\/files\/2018\/02\/privacidad_charla_alumnado.pptx\" target=\"_blank\" rel=\"noopener\">Charla alumnado<\/a><\/p>\n<p><a href=\"https:\/\/blogsaverroes.juntadeandalucia.es\/educainternet\/files\/2018\/02\/privacidad_guion_alumnado.pdf\" target=\"_blank\" rel=\"noopener\">Gui\u00f3n<\/a><\/td>\n<td style=\"width: 130px\"><img loading=\"lazy\" decoding=\"async\" class=\"alignnone wp-image-80 size-full\" src=\"https:\/\/blogsaverroes.juntadeandalucia.es\/educainternet\/files\/2018\/02\/2.jpg\" alt=\"\" width=\"135\" height=\"103\" srcset=\"https:\/\/blogsaverroes.juntadeandalucia.es\/educainternet\/files\/2018\/02\/2.jpg 135w, https:\/\/blogsaverroes.juntadeandalucia.es\/educainternet\/files\/2018\/02\/2-24x18.jpg 24w, https:\/\/blogsaverroes.juntadeandalucia.es\/educainternet\/files\/2018\/02\/2-36x27.jpg 36w, https:\/\/blogsaverroes.juntadeandalucia.es\/educainternet\/files\/2018\/02\/2-48x37.jpg 48w\" sizes=\"(max-width: 135px) 100vw, 135px\" \/><\/p>\n<p><a href=\"https:\/\/blogsaverroes.juntadeandalucia.es\/educainternet\/files\/2018\/02\/netiqueta_ud.pdf\" target=\"_blank\" rel=\"noopener\">Uni\u00f3n did\u00e1ctica<\/a><\/p>\n<p><a href=\"https:\/\/blogsaverroes.juntadeandalucia.es\/educainternet\/files\/2018\/02\/netiqueta_charla_alumnado.pptx\" target=\"_blank\" rel=\"noopener\">Charla alumnado<\/a><\/p>\n<p><a href=\"https:\/\/blogsaverroes.juntadeandalucia.es\/educainternet\/files\/2018\/02\/netiqueta_guion_alumnado.pdf\" target=\"_blank\" rel=\"noopener\">Gui\u00f3n<\/a><\/td>\n<td style=\"width: 130px\"><img loading=\"lazy\" decoding=\"async\" class=\"alignnone wp-image-81 size-full\" src=\"https:\/\/blogsaverroes.juntadeandalucia.es\/educainternet\/files\/2018\/02\/3.jpg\" alt=\"\" width=\"136\" height=\"102\" srcset=\"https:\/\/blogsaverroes.juntadeandalucia.es\/educainternet\/files\/2018\/02\/3.jpg 136w, https:\/\/blogsaverroes.juntadeandalucia.es\/educainternet\/files\/2018\/02\/3-24x18.jpg 24w, https:\/\/blogsaverroes.juntadeandalucia.es\/educainternet\/files\/2018\/02\/3-36x27.jpg 36w, https:\/\/blogsaverroes.juntadeandalucia.es\/educainternet\/files\/2018\/02\/3-48x36.jpg 48w\" sizes=\"(max-width: 136px) 100vw, 136px\" \/><\/p>\n<p><a href=\"https:\/\/blogsaverroes.juntadeandalucia.es\/educainternet\/files\/2018\/02\/contenidos_inapropiados_ud.pdf\" target=\"_blank\" rel=\"noopener\">Unidad did\u00e1ctica<\/a><\/p>\n<p><a href=\"https:\/\/blogsaverroes.juntadeandalucia.es\/educainternet\/files\/2018\/02\/contenidos_inapropiados_charla_alumnado.pptx\" target=\"_blank\" rel=\"noopener\">Charla alumnado<\/a><\/p>\n<p><a href=\"https:\/\/blogsaverroes.juntadeandalucia.es\/educainternet\/files\/2018\/02\/contenidos_inapropiados_guion_alumnado.pdf\" target=\"_blank\" rel=\"noopener\">Gui\u00f3n<\/a><\/td>\n<td style=\"width: 130px\"><img loading=\"lazy\" decoding=\"async\" class=\"alignnone wp-image-82 size-full\" src=\"https:\/\/blogsaverroes.juntadeandalucia.es\/educainternet\/files\/2018\/02\/4.jpg\" alt=\"\" width=\"135\" height=\"102\" srcset=\"https:\/\/blogsaverroes.juntadeandalucia.es\/educainternet\/files\/2018\/02\/4.jpg 135w, https:\/\/blogsaverroes.juntadeandalucia.es\/educainternet\/files\/2018\/02\/4-24x18.jpg 24w, https:\/\/blogsaverroes.juntadeandalucia.es\/educainternet\/files\/2018\/02\/4-36x27.jpg 36w, https:\/\/blogsaverroes.juntadeandalucia.es\/educainternet\/files\/2018\/02\/4-48x36.jpg 48w\" sizes=\"(max-width: 135px) 100vw, 135px\" \/><\/p>\n<p><a href=\"https:\/\/blogsaverroes.juntadeandalucia.es\/educainternet\/files\/2018\/02\/ciberacoso_ud.pdf\" target=\"_blank\" rel=\"noopener\">Uni\u00f3n did\u00e1ctica<\/a><\/p>\n<p><a href=\"https:\/\/blogsaverroes.juntadeandalucia.es\/educainternet\/files\/2018\/02\/ciberacoso_charla_alumnado.pptx\" target=\"_blank\" rel=\"noopener\">Charla_alumnado<\/a><\/p>\n<p><a href=\"https:\/\/blogsaverroes.juntadeandalucia.es\/educainternet\/files\/2018\/02\/ciberacoso_guion_alumnado.pdf\" target=\"_blank\" rel=\"noopener\">Gui\u00f3n<\/a><\/td>\n<\/tr>\n<tr>\n<td style=\"width: 130px\"><img loading=\"lazy\" decoding=\"async\" class=\"alignnone wp-image-84 size-full\" src=\"https:\/\/blogsaverroes.juntadeandalucia.es\/educainternet\/files\/2018\/02\/6.jpg\" alt=\"\" width=\"134\" height=\"102\" srcset=\"https:\/\/blogsaverroes.juntadeandalucia.es\/educainternet\/files\/2018\/02\/6.jpg 134w, https:\/\/blogsaverroes.juntadeandalucia.es\/educainternet\/files\/2018\/02\/6-24x18.jpg 24w, https:\/\/blogsaverroes.juntadeandalucia.es\/educainternet\/files\/2018\/02\/6-36x27.jpg 36w, https:\/\/blogsaverroes.juntadeandalucia.es\/educainternet\/files\/2018\/02\/6-48x37.jpg 48w\" sizes=\"(max-width: 134px) 100vw, 134px\" \/><\/p>\n<p><a href=\"https:\/\/blogsaverroes.juntadeandalucia.es\/educainternet\/files\/2018\/02\/uso_excesivo_ud.pdf\" target=\"_blank\" rel=\"noopener\">Uni\u00f3n did\u00e1ctica<\/a><\/p>\n<p><a href=\"https:\/\/blogsaverroes.juntadeandalucia.es\/educainternet\/files\/2018\/02\/uso_excesivo_charla_alumnado.pptx\" target=\"_blank\" rel=\"noopener\">Charla alumnado<\/a><\/p>\n<p><a href=\"https:\/\/blogsaverroes.juntadeandalucia.es\/educainternet\/files\/2018\/02\/uso_excesivo_guion_alumnado.pdf\" target=\"_blank\" rel=\"noopener\">Gui\u00f3n<\/a><\/td>\n<td style=\"width: 130px\"><img loading=\"lazy\" decoding=\"async\" class=\"alignnone wp-image-83 size-full\" src=\"https:\/\/blogsaverroes.juntadeandalucia.es\/educainternet\/files\/2018\/02\/5.jpg\" alt=\"\" width=\"138\" height=\"102\" srcset=\"https:\/\/blogsaverroes.juntadeandalucia.es\/educainternet\/files\/2018\/02\/5.jpg 138w, https:\/\/blogsaverroes.juntadeandalucia.es\/educainternet\/files\/2018\/02\/5-24x18.jpg 24w, https:\/\/blogsaverroes.juntadeandalucia.es\/educainternet\/files\/2018\/02\/5-36x27.jpg 36w, https:\/\/blogsaverroes.juntadeandalucia.es\/educainternet\/files\/2018\/02\/5-48x35.jpg 48w\" sizes=\"(max-width: 138px) 100vw, 138px\" \/><\/p>\n<p><a href=\"https:\/\/blogsaverroes.juntadeandalucia.es\/educainternet\/files\/2018\/02\/virus_ud.pdf\" target=\"_blank\" rel=\"noopener\">Uni\u00f3n did\u00e1ctica<\/a><\/p>\n<p><a href=\"https:\/\/blogsaverroes.juntadeandalucia.es\/educainternet\/files\/2018\/02\/virus_charla_alumnado.pptx\" target=\"_blank\" rel=\"noopener\">Charla alumnado<\/a><\/p>\n<p><a href=\"https:\/\/blogsaverroes.juntadeandalucia.es\/educainternet\/files\/2018\/02\/virus_guion_alumnado.pdf\" target=\"_blank\" rel=\"noopener\">Gui\u00f3n<\/a><\/td>\n<td style=\"width: 130px\"><img loading=\"lazy\" decoding=\"async\" class=\"alignnone wp-image-85 \" src=\"https:\/\/blogsaverroes.juntadeandalucia.es\/educainternet\/files\/2018\/02\/7.jpg\" alt=\"\" width=\"134\" height=\"102\" srcset=\"https:\/\/blogsaverroes.juntadeandalucia.es\/educainternet\/files\/2018\/02\/7.jpg 134w, https:\/\/blogsaverroes.juntadeandalucia.es\/educainternet\/files\/2018\/02\/7-24x18.jpg 24w, https:\/\/blogsaverroes.juntadeandalucia.es\/educainternet\/files\/2018\/02\/7-36x27.jpg 36w, https:\/\/blogsaverroes.juntadeandalucia.es\/educainternet\/files\/2018\/02\/7-48x37.jpg 48w\" sizes=\"(max-width: 134px) 100vw, 134px\" \/><\/p>\n<p>&nbsp;<\/p>\n<p><a href=\"https:\/\/blogsaverroes.juntadeandalucia.es\/educainternet\/files\/2018\/02\/mediacion_parental_charla.pptx\" target=\"_blank\" rel=\"noopener\">Charla alumnado<\/a><\/p>\n<p><a href=\"https:\/\/blogsaverroes.juntadeandalucia.es\/educainternet\/files\/2018\/02\/mediacion_parental_guion.pdf\" target=\"_blank\" rel=\"noopener\">Gui\u00f3n<\/a><\/td>\n<td style=\"width: 130px\"><a href=\"https:\/\/blogsaverroes.juntadeandalucia.es\/educainternet\/files\/2018\/02\/uso_seguro_ud.pdf\" target=\"_blank\" rel=\"noopener\"><img loading=\"lazy\" decoding=\"async\" class=\"alignnone size-full wp-image-86\" src=\"https:\/\/blogsaverroes.juntadeandalucia.es\/educainternet\/files\/2018\/02\/8.jpg\" alt=\"\" width=\"136\" height=\"103\" srcset=\"https:\/\/blogsaverroes.juntadeandalucia.es\/educainternet\/files\/2018\/02\/8.jpg 136w, https:\/\/blogsaverroes.juntadeandalucia.es\/educainternet\/files\/2018\/02\/8-24x18.jpg 24w, https:\/\/blogsaverroes.juntadeandalucia.es\/educainternet\/files\/2018\/02\/8-36x27.jpg 36w, https:\/\/blogsaverroes.juntadeandalucia.es\/educainternet\/files\/2018\/02\/8-48x36.jpg 48w\" sizes=\"(max-width: 136px) 100vw, 136px\" \/><\/a><\/p>\n<p><a href=\"https:\/\/blogsaverroes.juntadeandalucia.es\/educainternet\/files\/2018\/02\/uso_seguro_ud.pdf\" target=\"_blank\" rel=\"noopener\">Uni\u00f3n did\u00e1ctica<\/a><\/p>\n<p><a href=\"https:\/\/blogsaverroes.juntadeandalucia.es\/educainternet\/files\/2018\/02\/uso_seguro_charla_alumnado.pptx\" target=\"_blank\" rel=\"noopener\">Charla_alumnado<\/a><\/p>\n<p><a href=\"https:\/\/blogsaverroes.juntadeandalucia.es\/educainternet\/files\/2018\/02\/uso_seguro_guion_alumnado.pdf\" target=\"_blank\" rel=\"noopener\">Gui\u00f3n<\/a><\/td>\n<\/tr>\n<\/tbody>\n<\/table>\n<p>&nbsp;<\/p>\n","protected":false},"excerpt":{"rendered":"<p>El Instituto Nacional de Ciberseguridad de Espa\u00f1a (INCIBE), sociedad dependiente del Ministerio de Energ\u00eda, Turismo y Agenda Digital (MINETAD) a trav\u00e9s de la Secretar\u00eda de Estado y para la Sociedad de la Informaci\u00f3n y&#46;&#46;&#46;<\/p>\n","protected":false},"author":3935,"featured_media":0,"parent":0,"menu_order":0,"comment_status":"closed","ping_status":"closed","template":"","meta":{"ngg_post_thumbnail":0,"footnotes":""},"aioseo_notices":[],"_links":{"self":[{"href":"https:\/\/blogsaverroes.juntadeandalucia.es\/educainternet\/wp-json\/wp\/v2\/pages\/756"}],"collection":[{"href":"https:\/\/blogsaverroes.juntadeandalucia.es\/educainternet\/wp-json\/wp\/v2\/pages"}],"about":[{"href":"https:\/\/blogsaverroes.juntadeandalucia.es\/educainternet\/wp-json\/wp\/v2\/types\/page"}],"author":[{"embeddable":true,"href":"https:\/\/blogsaverroes.juntadeandalucia.es\/educainternet\/wp-json\/wp\/v2\/users\/3935"}],"replies":[{"embeddable":true,"href":"https:\/\/blogsaverroes.juntadeandalucia.es\/educainternet\/wp-json\/wp\/v2\/comments?post=756"}],"version-history":[{"count":12,"href":"https:\/\/blogsaverroes.juntadeandalucia.es\/educainternet\/wp-json\/wp\/v2\/pages\/756\/revisions"}],"predecessor-version":[{"id":770,"href":"https:\/\/blogsaverroes.juntadeandalucia.es\/educainternet\/wp-json\/wp\/v2\/pages\/756\/revisions\/770"}],"wp:attachment":[{"href":"https:\/\/blogsaverroes.juntadeandalucia.es\/educainternet\/wp-json\/wp\/v2\/media?parent=756"}],"curies":[{"name":"wp","href":"https:\/\/api.w.org\/{rel}","templated":true}]}}