{"id":564311,"date":"2010-01-07T17:37:17","date_gmt":"2010-01-07T16:37:17","guid":{"rendered":"http:\/\/www.educacionenmalaga.es\/wordpress\/?page_id=2"},"modified":"2022-09-23T10:25:06","modified_gmt":"2022-09-23T08:25:06","slug":"acerca-de","status":"publish","type":"page","link":"https:\/\/blogsaverroes.juntadeandalucia.es\/educandoenmalaga\/acerca-de\/","title":{"rendered":"Acerca de EducandoenM\u00e1laga"},"content":{"rendered":"<p style=\"text-align: justify\">EducandoenM\u00e1laga es una ventana abierta por la Delegaci\u00f3n Territorial de Desarrollo Educativo y Formaci\u00f3n Profesional y de Universidad, Investigaci\u00f3n e Innovaci\u00f3n al panorama educativo malague\u00f1o, mediante el que se pretende resaltar el dinamismo de la vida educativa de la provincia.<\/p>\n<p>Se pueden enviar rese\u00f1as de experiencias educativas para su publicaci\u00f3n a la direcci\u00f3n educacion.dpma@gmail.com<\/p>\n<p>Las mismas pueden consistir en un breve texto explicativo acompa\u00f1ado de fotograf\u00edas y\/o v\u00eddeos. Estos \u00faltimos deben estar alojados en cualquier plataforma como Youtube, Vimeo&#8230; Si en las im\u00e1genes aparecen menores se debe disponer de la correspondiente autorizaci\u00f3n, cuya responsabilidad en todo caso corresponde al remitente.<\/p>\n<p>En ning\u00fan caso se publicar\u00e1n art\u00edculos de opini\u00f3n.<\/p>\n<p>EducandoenM\u00e1laga se reserva el derecho a publicar las rese\u00f1as.<\/p>\n","protected":false},"excerpt":{"rendered":"<p>EducandoenM\u00e1laga es una ventana abierta por la Delegaci\u00f3n Territorial de Desarrollo Educativo y Formaci\u00f3n Profesional y de Universidad, Investigaci\u00f3n e Innovaci\u00f3n al panorama educativo malague\u00f1o, mediante el que se pretende resaltar el dinamismo de&#46;&#46;&#46;<\/p>\n","protected":false},"author":2757,"featured_media":0,"parent":0,"menu_order":4,"comment_status":"closed","ping_status":"open","template":"","meta":{"ngg_post_thumbnail":0,"footnotes":""},"aioseo_notices":[],"_links":{"self":[{"href":"https:\/\/blogsaverroes.juntadeandalucia.es\/educandoenmalaga\/wp-json\/wp\/v2\/pages\/564311"}],"collection":[{"href":"https:\/\/blogsaverroes.juntadeandalucia.es\/educandoenmalaga\/wp-json\/wp\/v2\/pages"}],"about":[{"href":"https:\/\/blogsaverroes.juntadeandalucia.es\/educandoenmalaga\/wp-json\/wp\/v2\/types\/page"}],"author":[{"embeddable":true,"href":"https:\/\/blogsaverroes.juntadeandalucia.es\/educandoenmalaga\/wp-json\/wp\/v2\/users\/2757"}],"replies":[{"embeddable":true,"href":"https:\/\/blogsaverroes.juntadeandalucia.es\/educandoenmalaga\/wp-json\/wp\/v2\/comments?post=564311"}],"version-history":[{"count":6,"href":"https:\/\/blogsaverroes.juntadeandalucia.es\/educandoenmalaga\/wp-json\/wp\/v2\/pages\/564311\/revisions"}],"predecessor-version":[{"id":570362,"href":"https:\/\/blogsaverroes.juntadeandalucia.es\/educandoenmalaga\/wp-json\/wp\/v2\/pages\/564311\/revisions\/570362"}],"wp:attachment":[{"href":"https:\/\/blogsaverroes.juntadeandalucia.es\/educandoenmalaga\/wp-json\/wp\/v2\/media?parent=564311"}],"curies":[{"name":"wp","href":"https:\/\/api.w.org\/{rel}","templated":true}]}}