{"id":1002,"date":"2025-11-03T16:43:51","date_gmt":"2025-11-03T15:43:51","guid":{"rendered":"https:\/\/blogsaverroes.juntadeandalucia.es\/eduk2s\/?page_id=1002"},"modified":"2025-11-03T17:03:23","modified_gmt":"2025-11-03T16:03:23","slug":"bienestar-emocional","status":"publish","type":"page","link":"https:\/\/blogsaverroes.juntadeandalucia.es\/eduk2s\/bienestar-emocional\/","title":{"rendered":"Bienestar emocional"},"content":{"rendered":"<p>Rellenando este formulario puedes comunicar de forma an\u00f3nima cualquier situaci\u00f3n de clase que consideres importante.<\/p>\n<p><em>* Recuerda que el bienestar emocional de todos y todas no es ninguna tonter\u00eda. (Describe la situaci\u00f3n lo mejor que puedas, no olvides ning\u00fan detalle importante).<\/em><\/p>\n\n<div class=\"wpcf7 no-js\" id=\"wpcf7-f1001-o1\" lang=\"es-ES\" dir=\"ltr\">\n<div class=\"screen-reader-response\"><p role=\"status\" aria-live=\"polite\" aria-atomic=\"true\"><\/p> <ul><\/ul><\/div>\n<form action=\"\/eduk2s\/wp-json\/wp\/v2\/pages\/1002#wpcf7-f1001-o1\" method=\"post\" class=\"wpcf7-form init\" aria-label=\"Formulario de contacto\" novalidate=\"novalidate\" data-status=\"init\">\n<div style=\"display: none;\">\n<input type=\"hidden\" name=\"_wpcf7\" value=\"1001\" \/>\n<input type=\"hidden\" name=\"_wpcf7_version\" value=\"5.9.8\" \/>\n<input type=\"hidden\" name=\"_wpcf7_locale\" value=\"es_ES\" \/>\n<input type=\"hidden\" name=\"_wpcf7_unit_tag\" value=\"wpcf7-f1001-o1\" \/>\n<input type=\"hidden\" name=\"_wpcf7_container_post\" value=\"0\" \/>\n<input type=\"hidden\" name=\"_wpcf7_posted_data_hash\" value=\"\" \/>\n<\/div>\n<p><label> Fecha<br \/>\n<span class=\"wpcf7-form-control-wrap\" data-name=\"fecha\"><input size=\"40\" maxlength=\"400\" class=\"wpcf7-form-control wpcf7-text wpcf7-validates-as-required\" autocomplete=\"fecha\" aria-required=\"true\" aria-invalid=\"false\" value=\"\" type=\"text\" name=\"fecha\" \/><\/span> <\/label>\n<\/p>\n<p><label> Tu mensaje<br \/>\n<span class=\"wpcf7-form-control-wrap\" data-name=\"your-message\"><textarea cols=\"40\" rows=\"10\" maxlength=\"2000\" class=\"wpcf7-form-control wpcf7-textarea\" aria-invalid=\"false\" name=\"your-message\"><\/textarea><\/span> <\/label>\n<\/p>\n<p><input class=\"wpcf7-form-control wpcf7-submit has-spinner\" type=\"submit\" value=\"Enviar\" \/>\n<\/p><div class=\"wpcf7-response-output\" aria-hidden=\"true\"><\/div>\n<\/form>\n<\/div>\n\n","protected":false},"excerpt":{"rendered":"<p>Rellenando este formulario puedes comunicar de forma an\u00f3nima cualquier situaci\u00f3n de clase que consideres importante. * Recuerda que el bienestar emocional de todos y todas no es ninguna tonter\u00eda. (Describe la situaci\u00f3n lo mejor que puedas, no olvides ning\u00fan detalle importante).<\/p>\n","protected":false},"author":7300,"featured_media":0,"parent":0,"menu_order":0,"comment_status":"closed","ping_status":"closed","template":"","meta":{"ngg_post_thumbnail":0,"footnotes":""},"aioseo_notices":[],"_links":{"self":[{"href":"https:\/\/blogsaverroes.juntadeandalucia.es\/eduk2s\/wp-json\/wp\/v2\/pages\/1002"}],"collection":[{"href":"https:\/\/blogsaverroes.juntadeandalucia.es\/eduk2s\/wp-json\/wp\/v2\/pages"}],"about":[{"href":"https:\/\/blogsaverroes.juntadeandalucia.es\/eduk2s\/wp-json\/wp\/v2\/types\/page"}],"author":[{"embeddable":true,"href":"https:\/\/blogsaverroes.juntadeandalucia.es\/eduk2s\/wp-json\/wp\/v2\/users\/7300"}],"replies":[{"embeddable":true,"href":"https:\/\/blogsaverroes.juntadeandalucia.es\/eduk2s\/wp-json\/wp\/v2\/comments?post=1002"}],"version-history":[{"count":4,"href":"https:\/\/blogsaverroes.juntadeandalucia.es\/eduk2s\/wp-json\/wp\/v2\/pages\/1002\/revisions"}],"predecessor-version":[{"id":1007,"href":"https:\/\/blogsaverroes.juntadeandalucia.es\/eduk2s\/wp-json\/wp\/v2\/pages\/1002\/revisions\/1007"}],"wp:attachment":[{"href":"https:\/\/blogsaverroes.juntadeandalucia.es\/eduk2s\/wp-json\/wp\/v2\/media?parent=1002"}],"curies":[{"name":"wp","href":"https:\/\/api.w.org\/{rel}","templated":true}]}}