{"id":1180,"date":"2026-02-23T21:43:32","date_gmt":"2026-02-23T20:43:32","guid":{"rendered":"https:\/\/blogsaverroes.juntadeandalucia.es\/eduk2s\/?page_id=1180"},"modified":"2026-02-24T00:04:10","modified_gmt":"2026-02-23T23:04:10","slug":"proyecto-andalucia-rap","status":"publish","type":"page","link":"https:\/\/blogsaverroes.juntadeandalucia.es\/eduk2s\/proyecto-andalucia-rap\/","title":{"rendered":"Proyecto \u00abANDALUC\u00cdA RAP\u00bb"},"content":{"rendered":"<p style=\"text-align: center\"><span style=\"text-decoration: underline;font-size: 24pt\"><strong>LISTADO DE LAS CANCIONES<\/strong><\/span><\/p>\n<ul>\n<li style=\"list-style-type: none\">\n<ul>\n<li><strong>Arco de Pescader\u00eda<\/strong> &#8211; 711<\/li>\n<\/ul>\n<\/li>\n<\/ul>\n<!--[if lt IE 9]><script>document.createElement('audio');<\/script><![endif]-->\n<audio class=\"wp-audio-shortcode\" id=\"audio-1180-1\" preload=\"none\" style=\"width: 100%;\" controls=\"controls\"><source type=\"audio\/mpeg\" src=\"https:\/\/blogsaverroes.juntadeandalucia.es\/eduk2s\/files\/2026\/02\/ARCO-DE-PESCADERIA-711.mp3?_=1\" \/><a href=\"https:\/\/blogsaverroes.juntadeandalucia.es\/eduk2s\/files\/2026\/02\/ARCO-DE-PESCADERIA-711.mp3\">https:\/\/blogsaverroes.juntadeandalucia.es\/eduk2s\/files\/2026\/02\/ARCO-DE-PESCADERIA-711.mp3<\/a><\/audio>\n<ul>\n<li style=\"list-style-type: none\">\n<ul>\n<li><strong>Arco de Pescader\u00eda<\/strong> &#8211; Huella de protecci\u00f3n&nbsp;<\/li>\n<\/ul>\n<\/li>\n<\/ul>\n<audio class=\"wp-audio-shortcode\" id=\"audio-1180-2\" preload=\"none\" style=\"width: 100%;\" controls=\"controls\"><source type=\"audio\/mpeg\" src=\"https:\/\/blogsaverroes.juntadeandalucia.es\/eduk2s\/files\/2026\/02\/ARCO-DE-PESCADERIA-Huella-de-proteccion.mp3?_=2\" \/><a href=\"https:\/\/blogsaverroes.juntadeandalucia.es\/eduk2s\/files\/2026\/02\/ARCO-DE-PESCADERIA-Huella-de-proteccion.mp3\">https:\/\/blogsaverroes.juntadeandalucia.es\/eduk2s\/files\/2026\/02\/ARCO-DE-PESCADERIA-Huella-de-proteccion.mp3<\/a><\/audio>\n<ul>\n<li style=\"list-style-type: none\">\n<ul>\n<li><strong>Arco de Pescader\u00eda<\/strong> &#8211; Siglos de sol y lluvia<\/li>\n<\/ul>\n<\/li>\n<\/ul>\n<audio class=\"wp-audio-shortcode\" id=\"audio-1180-3\" preload=\"none\" style=\"width: 100%;\" controls=\"controls\"><source type=\"audio\/mpeg\" src=\"https:\/\/blogsaverroes.juntadeandalucia.es\/eduk2s\/files\/2026\/02\/ARCO-DE-PESCADERIA-Siglos-de-sol-y-lluvia.mp3?_=3\" \/><a href=\"https:\/\/blogsaverroes.juntadeandalucia.es\/eduk2s\/files\/2026\/02\/ARCO-DE-PESCADERIA-Siglos-de-sol-y-lluvia.mp3\">https:\/\/blogsaverroes.juntadeandalucia.es\/eduk2s\/files\/2026\/02\/ARCO-DE-PESCADERIA-Siglos-de-sol-y-lluvia.mp3<\/a><\/audio>\n<ul>\n<li style=\"list-style-type: none\">\n<ul>\n<li><strong>Arco de Pescader\u00eda<\/strong> &#8211; Vig\u00eda del pueblo<\/li>\n<\/ul>\n<\/li>\n<\/ul>\n<audio class=\"wp-audio-shortcode\" id=\"audio-1180-4\" preload=\"none\" style=\"width: 100%;\" controls=\"controls\"><source type=\"audio\/mpeg\" src=\"https:\/\/blogsaverroes.juntadeandalucia.es\/eduk2s\/files\/2026\/02\/ARCO-DE-PESCADERIA-Vigia-del-pueblo.mp3?_=4\" \/><a href=\"https:\/\/blogsaverroes.juntadeandalucia.es\/eduk2s\/files\/2026\/02\/ARCO-DE-PESCADERIA-Vigia-del-pueblo.mp3\">https:\/\/blogsaverroes.juntadeandalucia.es\/eduk2s\/files\/2026\/02\/ARCO-DE-PESCADERIA-Vigia-del-pueblo.mp3<\/a><\/audio>\n<ul>\n<li style=\"list-style-type: none\">\n<ul>\n<li><strong>Fuente Vieja<\/strong> &#8211; Valor monumental<\/li>\n<\/ul>\n<\/li>\n<\/ul>\n<audio class=\"wp-audio-shortcode\" id=\"audio-1180-5\" preload=\"none\" style=\"width: 100%;\" controls=\"controls\"><source type=\"audio\/mpeg\" src=\"https:\/\/blogsaverroes.juntadeandalucia.es\/eduk2s\/files\/2026\/02\/FUENTE-VIEJA-Valor-monumental.mp3?_=5\" \/><a href=\"https:\/\/blogsaverroes.juntadeandalucia.es\/eduk2s\/files\/2026\/02\/FUENTE-VIEJA-Valor-monumental.mp3\">https:\/\/blogsaverroes.juntadeandalucia.es\/eduk2s\/files\/2026\/02\/FUENTE-VIEJA-Valor-monumental.mp3<\/a><\/audio>\n<ul>\n<li style=\"list-style-type: none\">\n<ul>\n<li><strong>Fuente Vieja<\/strong> &#8211; El santuario del agua<\/li>\n<\/ul>\n<\/li>\n<\/ul>\n<audio class=\"wp-audio-shortcode\" id=\"audio-1180-6\" preload=\"none\" style=\"width: 100%;\" controls=\"controls\"><source type=\"audio\/mpeg\" src=\"https:\/\/blogsaverroes.juntadeandalucia.es\/eduk2s\/files\/2026\/02\/FUENTE-VIEJA-El-santuario-del-agua.mp3?_=6\" \/><a href=\"https:\/\/blogsaverroes.juntadeandalucia.es\/eduk2s\/files\/2026\/02\/FUENTE-VIEJA-El-santuario-del-agua.mp3\">https:\/\/blogsaverroes.juntadeandalucia.es\/eduk2s\/files\/2026\/02\/FUENTE-VIEJA-El-santuario-del-agua.mp3<\/a><\/audio>\n<ul>\n<li style=\"list-style-type: none\">\n<ul>\n<li><strong>Fuente Vieja<\/strong> &#8211; Mirando al Guadiamar<\/li>\n<\/ul>\n<\/li>\n<\/ul>\n<audio class=\"wp-audio-shortcode\" id=\"audio-1180-7\" preload=\"none\" style=\"width: 100%;\" controls=\"controls\"><source type=\"audio\/mpeg\" src=\"https:\/\/blogsaverroes.juntadeandalucia.es\/eduk2s\/files\/2026\/02\/FUENTE-VIEJA-Mirando-al-Guadiamar.mp3?_=7\" \/><a href=\"https:\/\/blogsaverroes.juntadeandalucia.es\/eduk2s\/files\/2026\/02\/FUENTE-VIEJA-Mirando-al-Guadiamar.mp3\">https:\/\/blogsaverroes.juntadeandalucia.es\/eduk2s\/files\/2026\/02\/FUENTE-VIEJA-Mirando-al-Guadiamar.mp3<\/a><\/audio>\n<ul>\n<li style=\"list-style-type: none\">\n<ul>\n<li><strong>Puente Romano<\/strong> &#8211; 194 metros<\/li>\n<\/ul>\n<\/li>\n<\/ul>\n<audio class=\"wp-audio-shortcode\" id=\"audio-1180-8\" preload=\"none\" style=\"width: 100%;\" controls=\"controls\"><source type=\"audio\/mpeg\" src=\"https:\/\/blogsaverroes.juntadeandalucia.es\/eduk2s\/files\/2026\/02\/PUENTE-ROMANO-194-metros.mp3?_=8\" \/><a href=\"https:\/\/blogsaverroes.juntadeandalucia.es\/eduk2s\/files\/2026\/02\/PUENTE-ROMANO-194-metros.mp3\">https:\/\/blogsaverroes.juntadeandalucia.es\/eduk2s\/files\/2026\/02\/PUENTE-ROMANO-194-metros.mp3<\/a><\/audio>\n<ul>\n<li style=\"list-style-type: none\">\n<ul>\n<li><strong>Puente Romano<\/strong> &#8211; El gigante de ladrillo<\/li>\n<\/ul>\n<\/li>\n<\/ul>\n<audio class=\"wp-audio-shortcode\" id=\"audio-1180-9\" preload=\"none\" style=\"width: 100%;\" controls=\"controls\"><source type=\"audio\/mpeg\" src=\"https:\/\/blogsaverroes.juntadeandalucia.es\/eduk2s\/files\/2026\/02\/PUENTE-ROMANO-El-gigante-de-ladrillo.mp3?_=9\" \/><a href=\"https:\/\/blogsaverroes.juntadeandalucia.es\/eduk2s\/files\/2026\/02\/PUENTE-ROMANO-El-gigante-de-ladrillo.mp3\">https:\/\/blogsaverroes.juntadeandalucia.es\/eduk2s\/files\/2026\/02\/PUENTE-ROMANO-El-gigante-de-ladrillo.mp3<\/a><\/audio>\n<ul>\n<li style=\"list-style-type: none\">\n<ul>\n<li><strong>Puente Romano<\/strong> &#8211; Sobre el Guadiamar<\/li>\n<\/ul>\n<\/li>\n<\/ul>\n<audio class=\"wp-audio-shortcode\" id=\"audio-1180-10\" preload=\"none\" style=\"width: 100%;\" controls=\"controls\"><source type=\"audio\/mpeg\" src=\"https:\/\/blogsaverroes.juntadeandalucia.es\/eduk2s\/files\/2026\/02\/PUENTE-ROMANO-Sobre-el-Guadiamar.mp3?_=10\" \/><a href=\"https:\/\/blogsaverroes.juntadeandalucia.es\/eduk2s\/files\/2026\/02\/PUENTE-ROMANO-Sobre-el-Guadiamar.mp3\">https:\/\/blogsaverroes.juntadeandalucia.es\/eduk2s\/files\/2026\/02\/PUENTE-ROMANO-Sobre-el-Guadiamar.mp3<\/a><\/audio>\n<ul>\n<li style=\"list-style-type: none\">\n<ul>\n<li><strong>Agradecimientos<\/strong><\/li>\n<\/ul>\n<\/li>\n<\/ul>\n<audio class=\"wp-audio-shortcode\" id=\"audio-1180-11\" preload=\"none\" style=\"width: 100%;\" controls=\"controls\"><source type=\"audio\/mpeg\" src=\"https:\/\/blogsaverroes.juntadeandalucia.es\/eduk2s\/files\/2026\/02\/AGRADECIMIENTOS.mp3?_=11\" \/><a href=\"https:\/\/blogsaverroes.juntadeandalucia.es\/eduk2s\/files\/2026\/02\/AGRADECIMIENTOS.mp3\">https:\/\/blogsaverroes.juntadeandalucia.es\/eduk2s\/files\/2026\/02\/AGRADECIMIENTOS.mp3<\/a><\/audio>\n","protected":false},"excerpt":{"rendered":"<p>LISTADO DE LAS CANCIONES Arco de Pescader\u00eda &#8211; 711 Arco de Pescader\u00eda &#8211; Huella de protecci\u00f3n&nbsp; Arco de Pescader\u00eda &#8211; Siglos de sol y lluvia Arco de Pescader\u00eda &#8211; Vig\u00eda del pueblo Fuente Vieja &#8211; Valor monumental Fuente Vieja &#8211; El santuario del agua Fuente Vieja &#8211; Mirando al Guadiamar Puente Romano &#8211; 194 metros &hellip; <\/p>\n<p class=\"link-more\"><a href=\"https:\/\/blogsaverroes.juntadeandalucia.es\/eduk2s\/proyecto-andalucia-rap\/\" class=\"more-link\">Continuar leyendo<span class=\"screen-reader-text\"> \u00abProyecto \u00abANDALUC\u00cdA RAP\u00bb\u00bb<\/span><\/a><\/p>\n","protected":false},"author":7300,"featured_media":0,"parent":0,"menu_order":0,"comment_status":"closed","ping_status":"closed","template":"","meta":{"ngg_post_thumbnail":0,"footnotes":""},"aioseo_notices":[],"_links":{"self":[{"href":"https:\/\/blogsaverroes.juntadeandalucia.es\/eduk2s\/wp-json\/wp\/v2\/pages\/1180"}],"collection":[{"href":"https:\/\/blogsaverroes.juntadeandalucia.es\/eduk2s\/wp-json\/wp\/v2\/pages"}],"about":[{"href":"https:\/\/blogsaverroes.juntadeandalucia.es\/eduk2s\/wp-json\/wp\/v2\/types\/page"}],"author":[{"embeddable":true,"href":"https:\/\/blogsaverroes.juntadeandalucia.es\/eduk2s\/wp-json\/wp\/v2\/users\/7300"}],"replies":[{"embeddable":true,"href":"https:\/\/blogsaverroes.juntadeandalucia.es\/eduk2s\/wp-json\/wp\/v2\/comments?post=1180"}],"version-history":[{"count":6,"href":"https:\/\/blogsaverroes.juntadeandalucia.es\/eduk2s\/wp-json\/wp\/v2\/pages\/1180\/revisions"}],"predecessor-version":[{"id":1216,"href":"https:\/\/blogsaverroes.juntadeandalucia.es\/eduk2s\/wp-json\/wp\/v2\/pages\/1180\/revisions\/1216"}],"wp:attachment":[{"href":"https:\/\/blogsaverroes.juntadeandalucia.es\/eduk2s\/wp-json\/wp\/v2\/media?parent=1180"}],"curies":[{"name":"wp","href":"https:\/\/api.w.org\/{rel}","templated":true}]}}