{"id":949,"date":"2025-10-20T18:18:41","date_gmt":"2025-10-20T16:18:41","guid":{"rendered":"https:\/\/blogsaverroes.juntadeandalucia.es\/eduk2s\/?page_id=949"},"modified":"2026-04-19T11:39:53","modified_gmt":"2026-04-19T09:39:53","slug":"lengua","status":"publish","type":"page","link":"https:\/\/blogsaverroes.juntadeandalucia.es\/eduk2s\/lengua\/","title":{"rendered":"Lengua"},"content":{"rendered":"<p>&nbsp;<\/p>\n<table style=\"border-collapse: collapse;width: 100%\">\n<tbody>\n<tr>\n<td style=\"width: 100%;text-align: center;background-color: #e3d0f2;border-color: #000000\" colspan=\"2\"><span style=\"color: #000000\"><strong>COSAS IMPORTANTES QUE DEBEMOS DOMINAR<br \/>\n<\/strong><\/span><span style=\"color: #000000\">Conceptos que debemos sabernos como si fuera nuestro nombre o nuestra direcci\u00f3n de casa. <em>Nos ayudar\u00e1n durante todo el curso (y m\u00e1s all\u00e1 \ud83d\ude1c)<\/em><\/span><\/p>\n<ul>\n<li style=\"list-style-type: none\">\n<ul>\n<li style=\"text-align: left\"><strong><span style=\"color: #000000\"><a style=\"color: #000000\" href=\"https:\/\/blogsaverroes.juntadeandalucia.es\/eduk2s\/files\/2025\/11\/Clases-de-palabra-DEFINITIVO-2.pdf\">Clases de palabras (ficha resumen)<\/a><\/span><\/strong>\n<ul>\n<li><span style=\"color: #000000\"><a style=\"color: #000000\" href=\"https:\/\/sites.google.com\/g.educaand.es\/ciberwords-pro\/ciberwords-pro\" target=\"_blank\" rel=\"noopener\"><strong>Juego sobre clases de palabras (CIBERWORDS)<\/strong><\/a><br \/>\n<\/span><\/li>\n<li><strong><a href=\"https:\/\/sites.google.com\/g.educaand.es\/la-agencia-anlisis-de-oracione\/la-agencia\" target=\"_blank\" rel=\"noopener\">An\u00e1lisis de oraciones: sujeto, predicado y clases de palabras (LA AGENCIA)<\/a><\/strong><\/li>\n<\/ul>\n<\/li>\n<\/ul>\n<\/li>\n<\/ul>\n<\/td>\n<\/tr>\n<tr>\n<td style=\"width: 15.6897%;text-align: center;background-color: #f3ebf5\"><span style=\"color: #000000\"><strong>Tema 1<\/strong><\/span><\/td>\n<td style=\"width: 84.3103%;background-color: #f3ebf5\"><span style=\"text-decoration: underline;color: #000000\"><strong>CUENTO DE LOS CINCO REINOS DE LOS SERES VIVOS<\/strong><\/span><\/p>\n<p style=\"text-align: center\"><span style=\"color: #0000ff\"><strong><a style=\"color: #0000ff\" href=\"https:\/\/view.genially.com\/68f41ad207278c822d40ba7c\/presentation-lia-y-los-5-reinos-de-los-seres-vivos\" target=\"_blank\" rel=\"noopener\">Pulsa aqu\u00ed<\/a><\/strong> <\/span><\/p>\n<p style=\"text-align: center\"><span style=\"color: #000000\"><em>Mapa conceptual sobre el Sintagma Nominal (SN)<\/em><\/span><\/p>\n<p><a href=\"https:\/\/blogsaverroes.juntadeandalucia.es\/eduk2s\/files\/2025\/10\/SINTAGMA-NOMINAL-scaled.jpg\"><img loading=\"lazy\" decoding=\"async\" class=\"aligncenter size-large wp-image-967\" src=\"https:\/\/blogsaverroes.juntadeandalucia.es\/eduk2s\/files\/2025\/10\/SINTAGMA-NOMINAL-1024x482.jpg\" alt=\"\" width=\"525\" height=\"247\" srcset=\"https:\/\/blogsaverroes.juntadeandalucia.es\/eduk2s\/files\/2025\/10\/SINTAGMA-NOMINAL-1024x482.jpg 1024w, https:\/\/blogsaverroes.juntadeandalucia.es\/eduk2s\/files\/2025\/10\/SINTAGMA-NOMINAL-300x141.jpg 300w, https:\/\/blogsaverroes.juntadeandalucia.es\/eduk2s\/files\/2025\/10\/SINTAGMA-NOMINAL-768x362.jpg 768w, https:\/\/blogsaverroes.juntadeandalucia.es\/eduk2s\/files\/2025\/10\/SINTAGMA-NOMINAL-1536x723.jpg 1536w, https:\/\/blogsaverroes.juntadeandalucia.es\/eduk2s\/files\/2025\/10\/SINTAGMA-NOMINAL-2048x964.jpg 2048w\" sizes=\"(max-width: 525px) 100vw, 525px\" \/><\/a><\/p>\n<p><span style=\"color: #000000\"><em>*<span style=\"text-decoration: underline\">Explicaci\u00f3n<\/span><\/em><\/span><\/p>\n<ul>\n<li style=\"list-style-type: none\">\n<ul>\n<li><span style=\"color: #000000\">Pulsa en el siguiente enlace: <span style=\"color: #0000ff\"><strong><a style=\"color: #0000ff\" href=\"https:\/\/youtu.be\/mDXAxhZrrps?si=FEwVyRioaACWBVvC\" target=\"_blank\" rel=\"noopener\">ENLACE<\/a><\/strong><\/span>&nbsp;<\/span><\/li>\n<\/ul>\n<\/li>\n<\/ul>\n<\/td>\n<\/tr>\n<tr>\n<td style=\"width: 15.6897%;text-align: center;background-color: #c2e5f2\"><span style=\"color: #000000\"><strong>Tema 2<\/strong><\/span><\/td>\n<td style=\"width: 84.3103%;background-color: #c2e5f2\"><span style=\"color: #000000\"><a style=\"color: #000000\" href=\"https:\/\/blogsaverroes.juntadeandalucia.es\/eduk2s\/files\/2025\/11\/Tema-2-lengua-scaled.jpg\"><img loading=\"lazy\" decoding=\"async\" class=\"aligncenter size-medium wp-image-1054\" src=\"https:\/\/blogsaverroes.juntadeandalucia.es\/eduk2s\/files\/2025\/11\/Tema-2-lengua-300x150.jpg\" alt=\"\" width=\"300\" height=\"150\" srcset=\"https:\/\/blogsaverroes.juntadeandalucia.es\/eduk2s\/files\/2025\/11\/Tema-2-lengua-300x150.jpg 300w, https:\/\/blogsaverroes.juntadeandalucia.es\/eduk2s\/files\/2025\/11\/Tema-2-lengua-1024x510.jpg 1024w, https:\/\/blogsaverroes.juntadeandalucia.es\/eduk2s\/files\/2025\/11\/Tema-2-lengua-768x383.jpg 768w, https:\/\/blogsaverroes.juntadeandalucia.es\/eduk2s\/files\/2025\/11\/Tema-2-lengua-1536x766.jpg 1536w, https:\/\/blogsaverroes.juntadeandalucia.es\/eduk2s\/files\/2025\/11\/Tema-2-lengua-2048x1021.jpg 2048w\" sizes=\"(max-width: 300px) 100vw, 300px\" \/><\/a><\/span><\/p>\n<ul>\n<li style=\"list-style-type: none\">\n<ul>\n<li><span style=\"color: #000000\">Poes\u00eda <a style=\"color: #000000\" href=\"https:\/\/blogsaverroes.juntadeandalucia.es\/eduk2s\/files\/2025\/11\/El-camino-de-la-vida-sana.pdf\">\u201cEl camino de la vida sana\u201d<\/a><\/span><\/li>\n<li><span style=\"color: #000000\">Texto descriptivo: <a style=\"color: #000000\" href=\"https:\/\/blogsaverroes.juntadeandalucia.es\/eduk2s\/files\/2025\/11\/EL-SALMOREJO.pdf\">\u00abEl salmorejo\u00bb<\/a><\/span><\/li>\n<li><span style=\"color: #000000\"><a style=\"color: #000000\" href=\"https:\/\/sites.google.com\/g.educaand.es\/laboratorio-demostrativosypose\/entrenamiento\" target=\"_blank\" rel=\"noopener\">Actividad de repaso sobre Determinantes (Demostrativos y Posesivos)<\/a><\/span><\/li>\n<\/ul>\n<\/li>\n<\/ul>\n<\/td>\n<\/tr>\n<tr>\n<td style=\"width: 15.6897%;text-align: center;background-color: #eef2cb\"><span style=\"color: #000000\"><strong>Tema 3<\/strong><\/span><\/td>\n<td style=\"width: 84.3103%;background-color: #eef2cb\">\n<ul>\n<li style=\"list-style-type: none\">\n<ul>\n<li><span style=\"color: #000000\"><a style=\"color: #000000\" href=\"https:\/\/sites.google.com\/g.educaand.es\/proyecto-doana\/do%C3%B1ana-y-sus-leyendas\" target=\"_blank\" rel=\"noopener\">Proyecto Do\u00f1ana (Leyendas)<\/a><\/span><\/li>\n<li><span style=\"color: #000000\"><a style=\"color: #000000\" href=\"https:\/\/sites.google.com\/g.educaand.es\/tema-3-lengua\/tema-3-lengua\" target=\"_blank\" rel=\"noopener\">Academia espacial<\/a><\/span><\/li>\n<\/ul>\n<\/li>\n<\/ul>\n<\/td>\n<\/tr>\n<tr>\n<td style=\"width: 100%;text-align: center\" colspan=\"2\"><strong>SEGUNDO TRIMESTRE<\/strong><\/td>\n<\/tr>\n<tr>\n<td style=\"width: 15.6897%;text-align: center;background-color: #f3edf7\"><span style=\"color: #000000\"><strong>Tema 4<\/strong><\/span><\/td>\n<td style=\"width: 84.3103%;background-color: #f3edf7\"><span style=\"color: #000000\"><a style=\"color: #000000\" href=\"https:\/\/blogsaverroes.juntadeandalucia.es\/eduk2s\/files\/2026\/01\/El_Gran_Apagon_de_los_Sentidos.docx-2.pdf\">TEXTO &#8211; El gran apag\u00f3n de los sentidos<\/a><\/span><\/p>\n<ul>\n<li style=\"list-style-type: none\">\n<ul>\n<li><span style=\"color: #000000\"><a style=\"color: #000000\" href=\"https:\/\/sites.google.com\/g.educaand.es\/clasesdepalabras1\/la-galaxia-gramatical\" target=\"_blank\" rel=\"noopener\">Galaxia gramatical: sustantivo, adjet\u00edvo y determinantes.<\/a><\/span><\/li>\n<li><span style=\"color: #000000\"><a style=\"color: #000000\" href=\"https:\/\/sites.google.com\/g.educaand.es\/pronombres\/pronombres?authuser=1\" target=\"_blank\" rel=\"noopener\">Pronombres. Definici\u00f3n, tipos y juegos.<\/a><\/span><\/li>\n<li><span style=\"color: #000000\"><a style=\"color: #000000\" href=\"https:\/\/sites.google.com\/g.educaand.es\/noticia-periodstica\/noticia\" target=\"_blank\" rel=\"noopener\">Noticia period\u00edstica<\/a><\/span><\/li>\n<\/ul>\n<\/li>\n<\/ul>\n<\/td>\n<\/tr>\n<tr>\n<td style=\"width: 15.6897%;text-align: center;background-color: #e6ebda\"><span style=\"color: #000000\"><strong>Tema 5<\/strong><\/span><\/td>\n<td style=\"width: 84.3103%;background-color: #e6ebda\">\n<ul>\n<li style=\"list-style-type: none\">\n<ul>\n<li><span style=\"color: #000000\"><a style=\"color: #000000\" href=\"https:\/\/blogsaverroes.juntadeandalucia.es\/eduk2s\/files\/2026\/02\/El-Verbo-6.o-Primaria-Portada-Minecraft.pptx\">El Verbo &#8211; 6.\u00ba Primaria (PowerPoint)<\/a><\/span><\/li>\n<li><a href=\"https:\/\/blogsaverroes.juntadeandalucia.es\/eduk2s\/files\/2026\/02\/El-Verbo-6.o-Primaria-Portada-Minecraft.pdf\"><span style=\"color: #000000\">El Verbo &#8211; 6.\u00ba Primaria&nbsp; (PDF) (Usar este)<\/span><\/a><\/li>\n<li><span style=\"color: #000000\"><a style=\"color: #000000\" href=\"https:\/\/sites.google.com\/g.educaand.es\/verbos\/verbos\" target=\"_blank\" rel=\"noopener\">Verbo &#8211; Conjugar y conjugaci\u00f3n<\/a><\/span>\n<ul>\n<li><span style=\"color: #000000\"><a style=\"color: #000000\" href=\"https:\/\/blogsaverroes.juntadeandalucia.es\/eduk2s\/files\/2026\/03\/Tiempos-verbales.docx.pdf\">Significado de los tiempos verbales de indicativo<\/a><\/span><\/li>\n<li><span style=\"color: #000000\"><a style=\"color: #000000\" href=\"https:\/\/sites.google.com\/g.educaand.es\/strangerverbs\/stranger-verbs?authuser=2\" target=\"_blank\" rel=\"noopener\">STRANGER VERBS &#8211; Juego sobre tiempos verbales<\/a><\/span><\/li>\n<\/ul>\n<\/li>\n<\/ul>\n<\/li>\n<\/ul>\n<\/td>\n<\/tr>\n<\/tbody>\n<\/table>\n","protected":false},"excerpt":{"rendered":"<p>&nbsp; COSAS IMPORTANTES QUE DEBEMOS DOMINAR Conceptos que debemos sabernos como si fuera nuestro nombre o nuestra direcci\u00f3n de casa. Nos ayudar\u00e1n durante todo el curso (y m\u00e1s all\u00e1 \ud83d\ude1c) Clases de palabras (ficha resumen) Juego sobre clases de palabras (CIBERWORDS) An\u00e1lisis de oraciones: sujeto, predicado y clases de palabras (LA AGENCIA) Tema 1 CUENTO &hellip; <\/p>\n<p class=\"link-more\"><a href=\"https:\/\/blogsaverroes.juntadeandalucia.es\/eduk2s\/lengua\/\" class=\"more-link\">Continuar leyendo<span class=\"screen-reader-text\"> \u00abLengua\u00bb<\/span><\/a><\/p>\n","protected":false},"author":7300,"featured_media":0,"parent":0,"menu_order":0,"comment_status":"closed","ping_status":"closed","template":"","meta":{"ngg_post_thumbnail":0,"footnotes":""},"aioseo_notices":[],"_links":{"self":[{"href":"https:\/\/blogsaverroes.juntadeandalucia.es\/eduk2s\/wp-json\/wp\/v2\/pages\/949"}],"collection":[{"href":"https:\/\/blogsaverroes.juntadeandalucia.es\/eduk2s\/wp-json\/wp\/v2\/pages"}],"about":[{"href":"https:\/\/blogsaverroes.juntadeandalucia.es\/eduk2s\/wp-json\/wp\/v2\/types\/page"}],"author":[{"embeddable":true,"href":"https:\/\/blogsaverroes.juntadeandalucia.es\/eduk2s\/wp-json\/wp\/v2\/users\/7300"}],"replies":[{"embeddable":true,"href":"https:\/\/blogsaverroes.juntadeandalucia.es\/eduk2s\/wp-json\/wp\/v2\/comments?post=949"}],"version-history":[{"count":55,"href":"https:\/\/blogsaverroes.juntadeandalucia.es\/eduk2s\/wp-json\/wp\/v2\/pages\/949\/revisions"}],"predecessor-version":[{"id":1274,"href":"https:\/\/blogsaverroes.juntadeandalucia.es\/eduk2s\/wp-json\/wp\/v2\/pages\/949\/revisions\/1274"}],"wp:attachment":[{"href":"https:\/\/blogsaverroes.juntadeandalucia.es\/eduk2s\/wp-json\/wp\/v2\/media?parent=949"}],"curies":[{"name":"wp","href":"https:\/\/api.w.org\/{rel}","templated":true}]}}