{"id":953,"date":"2025-10-20T18:19:59","date_gmt":"2025-10-20T16:19:59","guid":{"rendered":"https:\/\/blogsaverroes.juntadeandalucia.es\/eduk2s\/?page_id=953"},"modified":"2026-04-13T11:26:18","modified_gmt":"2026-04-13T09:26:18","slug":"co-del-medio","status":"publish","type":"page","link":"https:\/\/blogsaverroes.juntadeandalucia.es\/eduk2s\/co-del-medio\/","title":{"rendered":"C\u00ba del Medio"},"content":{"rendered":"<table style=\"border-collapse: collapse;width: 100%\">\n<tbody>\n<tr>\n<td style=\"width: 100%;background-color: #efdaf7;border-color: #000000;text-align: center\" colspan=\"2\"><span style=\"text-decoration: underline;color: #000000\"><strong><span style=\"color: #000000;text-decoration: underline\">COSAS IMPORTANTES QUE DEBEMOS DOMINAR<br \/>\n<\/span><\/strong><\/span><span style=\"color: #000000\"><span style=\"color: #000000\">Conceptos que debemos sabernos como si fuera nuestro nombre o nuestra direcci\u00f3n de casa. <em>Nos ayudar\u00e1n durante todo el curso (y m\u00e1s all\u00e1 \ud83d\ude1c)<\/em><\/span><\/span><\/p>\n<ul>\n<li style=\"list-style-type: none\">\n<ul>\n<li style=\"text-align: left\"><span style=\"color: #000000\"><a style=\"color: #000000\" href=\"https:\/\/sites.google.com\/g.educaand.es\/lagranlneadeltiempo\/definitivo?authuser=2\" target=\"_blank\" rel=\"noopener\">La gran l\u00ednea del tiempo<\/a><\/span><\/li>\n<\/ul>\n<\/li>\n<\/ul>\n<\/td>\n<\/tr>\n<tr>\n<td style=\"width: 16.0345%;text-align: center;background-color: #f0d4c0\"><span style=\"color: #000000\"><strong>Tema 1<\/strong><\/span><\/td>\n<td style=\"width: 83.9655%;background-color: #f0d4c0\"><span style=\"text-decoration: underline;color: #000000\"><strong>Esquemas<\/strong><\/span><\/p>\n<ol>\n<li style=\"list-style-type: none\">\n<ul>\n<li><span style=\"color: #000000\">Ser vivo Vs Ser inerte<\/span><\/li>\n<\/ul>\n<\/li>\n<\/ol>\n<ol>\n<li style=\"list-style-type: none\"><a href=\"https:\/\/blogsaverroes.juntadeandalucia.es\/eduk2s\/files\/2025\/10\/Seres-vivos-vs-seres-inertes-scaled.jpg\"><img loading=\"lazy\" decoding=\"async\" class=\"aligncenter size-medium wp-image-981\" src=\"https:\/\/blogsaverroes.juntadeandalucia.es\/eduk2s\/files\/2025\/10\/Seres-vivos-vs-seres-inertes-300x162.jpg\" alt=\"\" width=\"300\" height=\"162\" srcset=\"https:\/\/blogsaverroes.juntadeandalucia.es\/eduk2s\/files\/2025\/10\/Seres-vivos-vs-seres-inertes-300x162.jpg 300w, https:\/\/blogsaverroes.juntadeandalucia.es\/eduk2s\/files\/2025\/10\/Seres-vivos-vs-seres-inertes-1024x555.jpg 1024w, https:\/\/blogsaverroes.juntadeandalucia.es\/eduk2s\/files\/2025\/10\/Seres-vivos-vs-seres-inertes-768x416.jpg 768w, https:\/\/blogsaverroes.juntadeandalucia.es\/eduk2s\/files\/2025\/10\/Seres-vivos-vs-seres-inertes-1536x832.jpg 1536w, https:\/\/blogsaverroes.juntadeandalucia.es\/eduk2s\/files\/2025\/10\/Seres-vivos-vs-seres-inertes-2048x1109.jpg 2048w\" sizes=\"(max-width: 300px) 100vw, 300px\" \/><\/a>&nbsp;\n<ul>\n<li><span style=\"color: #000000\">Las funciones vitales y los sistemas que intervienen<\/span><\/li>\n<\/ul>\n<\/li>\n<\/ol>\n<ol>\n<li style=\"list-style-type: none\"><span style=\"color: #000000\"><a href=\"https:\/\/blogsaverroes.juntadeandalucia.es\/eduk2s\/files\/2025\/10\/FUNCIONES-VITALES-Y-LOS-SISTEMAS-QUE-INTERVIENEN-scaled.jpg\"><img loading=\"lazy\" decoding=\"async\" class=\"aligncenter size-medium wp-image-999\" src=\"https:\/\/blogsaverroes.juntadeandalucia.es\/eduk2s\/files\/2025\/10\/FUNCIONES-VITALES-Y-LOS-SISTEMAS-QUE-INTERVIENEN-300x103.jpg\" alt=\"\" width=\"300\" height=\"103\" srcset=\"https:\/\/blogsaverroes.juntadeandalucia.es\/eduk2s\/files\/2025\/10\/FUNCIONES-VITALES-Y-LOS-SISTEMAS-QUE-INTERVIENEN-300x103.jpg 300w, https:\/\/blogsaverroes.juntadeandalucia.es\/eduk2s\/files\/2025\/10\/FUNCIONES-VITALES-Y-LOS-SISTEMAS-QUE-INTERVIENEN-1024x353.jpg 1024w, https:\/\/blogsaverroes.juntadeandalucia.es\/eduk2s\/files\/2025\/10\/FUNCIONES-VITALES-Y-LOS-SISTEMAS-QUE-INTERVIENEN-768x265.jpg 768w, https:\/\/blogsaverroes.juntadeandalucia.es\/eduk2s\/files\/2025\/10\/FUNCIONES-VITALES-Y-LOS-SISTEMAS-QUE-INTERVIENEN-1536x529.jpg 1536w, https:\/\/blogsaverroes.juntadeandalucia.es\/eduk2s\/files\/2025\/10\/FUNCIONES-VITALES-Y-LOS-SISTEMAS-QUE-INTERVIENEN-2048x706.jpg 2048w\" sizes=\"(max-width: 300px) 100vw, 300px\" \/><\/a>&nbsp;<\/span>\n<ul>\n<li><span style=\"color: #000000\">Los cinco reinos de los seres vivos<\/span><\/li>\n<\/ul>\n<\/li>\n<\/ol>\n<p><a href=\"https:\/\/blogsaverroes.juntadeandalucia.es\/eduk2s\/files\/2025\/10\/REINOS-DE-LOS-SERES-VIVOS-scaled.jpg\"><img loading=\"lazy\" decoding=\"async\" class=\"aligncenter size-medium wp-image-991\" src=\"https:\/\/blogsaverroes.juntadeandalucia.es\/eduk2s\/files\/2025\/10\/REINOS-DE-LOS-SERES-VIVOS-300x121.jpg\" alt=\"\" width=\"300\" height=\"121\" srcset=\"https:\/\/blogsaverroes.juntadeandalucia.es\/eduk2s\/files\/2025\/10\/REINOS-DE-LOS-SERES-VIVOS-300x121.jpg 300w, https:\/\/blogsaverroes.juntadeandalucia.es\/eduk2s\/files\/2025\/10\/REINOS-DE-LOS-SERES-VIVOS-1024x412.jpg 1024w, https:\/\/blogsaverroes.juntadeandalucia.es\/eduk2s\/files\/2025\/10\/REINOS-DE-LOS-SERES-VIVOS-768x309.jpg 768w, https:\/\/blogsaverroes.juntadeandalucia.es\/eduk2s\/files\/2025\/10\/REINOS-DE-LOS-SERES-VIVOS-1536x618.jpg 1536w, https:\/\/blogsaverroes.juntadeandalucia.es\/eduk2s\/files\/2025\/10\/REINOS-DE-LOS-SERES-VIVOS-2048x824.jpg 2048w\" sizes=\"(max-width: 300px) 100vw, 300px\" \/><\/a><\/td>\n<\/tr>\n<tr>\n<td style=\"width: 16.0345%;text-align: center;background-color: #c2e5f2\"><span style=\"color: #000000\"><strong>Tema 2<\/strong><\/span><\/td>\n<td style=\"width: 83.9655%;background-color: #c2e5f2\"><span style=\"color: #000000\"><a style=\"color: #000000\" href=\"https:\/\/blogsaverroes.juntadeandalucia.es\/eduk2s\/files\/2025\/11\/Funcion-de-Nutricion.pdf\">Texto 1: La funci\u00f3n de nutrici\u00f3n en los seres vivos<\/a><\/span><\/p>\n<ul>\n<li style=\"list-style-type: none\">\n<ul>\n<li style=\"list-style-type: none\">\n<ul>\n<li style=\"list-style-type: none\">\n<ul>\n<li><span style=\"color: #000000\"><a style=\"color: #000000\" href=\"https:\/\/blogsaverroes.juntadeandalucia.es\/eduk2s\/files\/2025\/11\/Nutricion-Resumen.pdf\">Resumen<\/a><\/span><\/li>\n<li><span style=\"color: #000000\">Mapa conceptual de la funci\u00f3n de nutrici\u00f3n<\/span><\/li>\n<\/ul>\n<\/li>\n<\/ul>\n<\/li>\n<\/ul>\n<\/li>\n<\/ul>\n<p><a href=\"https:\/\/blogsaverroes.juntadeandalucia.es\/eduk2s\/files\/2025\/11\/Funcion-de-nutricion-scaled.jpg\"><img loading=\"lazy\" decoding=\"async\" class=\"aligncenter size-medium wp-image-1077\" src=\"https:\/\/blogsaverroes.juntadeandalucia.es\/eduk2s\/files\/2025\/11\/Funcion-de-nutricion-300x165.jpg\" alt=\"\" width=\"300\" height=\"165\" srcset=\"https:\/\/blogsaverroes.juntadeandalucia.es\/eduk2s\/files\/2025\/11\/Funcion-de-nutricion-300x165.jpg 300w, https:\/\/blogsaverroes.juntadeandalucia.es\/eduk2s\/files\/2025\/11\/Funcion-de-nutricion-1024x563.jpg 1024w, https:\/\/blogsaverroes.juntadeandalucia.es\/eduk2s\/files\/2025\/11\/Funcion-de-nutricion-768x422.jpg 768w, https:\/\/blogsaverroes.juntadeandalucia.es\/eduk2s\/files\/2025\/11\/Funcion-de-nutricion-1536x844.jpg 1536w, https:\/\/blogsaverroes.juntadeandalucia.es\/eduk2s\/files\/2025\/11\/Funcion-de-nutricion-2048x1126.jpg 2048w\" sizes=\"(max-width: 300px) 100vw, 300px\" \/><\/a><\/p>\n<p><span style=\"color: #000000\"><a style=\"color: #000000\" href=\"https:\/\/blogsaverroes.juntadeandalucia.es\/eduk2s\/files\/2025\/11\/Aparatos-y-sistemas-que-participan-en-la-nutricion.pdf\">Texto 2: Aparatos y sistemas (funci\u00f3n de nutrici\u00f3n)<\/a><\/span><\/p>\n<p><a href=\"https:\/\/blogsaverroes.juntadeandalucia.es\/eduk2s\/files\/2025\/12\/Cuadro-funcion-nutricion-aparatos.jpg\"><img loading=\"lazy\" decoding=\"async\" class=\"aligncenter size-medium wp-image-1088\" src=\"https:\/\/blogsaverroes.juntadeandalucia.es\/eduk2s\/files\/2025\/12\/Cuadro-funcion-nutricion-aparatos-300x269.jpg\" alt=\"\" width=\"300\" height=\"269\" srcset=\"https:\/\/blogsaverroes.juntadeandalucia.es\/eduk2s\/files\/2025\/12\/Cuadro-funcion-nutricion-aparatos-300x269.jpg 300w, https:\/\/blogsaverroes.juntadeandalucia.es\/eduk2s\/files\/2025\/12\/Cuadro-funcion-nutricion-aparatos-1024x919.jpg 1024w, https:\/\/blogsaverroes.juntadeandalucia.es\/eduk2s\/files\/2025\/12\/Cuadro-funcion-nutricion-aparatos-768x690.jpg 768w, https:\/\/blogsaverroes.juntadeandalucia.es\/eduk2s\/files\/2025\/12\/Cuadro-funcion-nutricion-aparatos.jpg 1450w\" sizes=\"(max-width: 300px) 100vw, 300px\" \/><\/a><\/td>\n<\/tr>\n<tr>\n<td style=\"width: 16.0345%;text-align: center;background-color: #f0f5cb\"><span style=\"color: #000000\"><strong>Tema 3<\/strong><\/span><\/td>\n<td style=\"width: 83.9655%;background-color: #f0f5cb\">\n<ul>\n<li style=\"list-style-type: none\">\n<ul>\n<li><span style=\"color: #000000\"><a style=\"color: #000000\" href=\"https:\/\/sites.google.com\/g.educaand.es\/la-reproduccin\/untitled-page\" target=\"_blank\" rel=\"noopener\">La reproducci\u00f3n en los seres vivos.<\/a><\/span><\/li>\n<\/ul>\n<\/li>\n<\/ul>\n<p><a href=\"https:\/\/blogsaverroes.juntadeandalucia.es\/eduk2s\/files\/2025\/12\/Gemini_Generated_Image_3erp9d3erp9d3erp.png\"><img loading=\"lazy\" decoding=\"async\" class=\"aligncenter size-medium wp-image-1106\" src=\"https:\/\/blogsaverroes.juntadeandalucia.es\/eduk2s\/files\/2025\/12\/Gemini_Generated_Image_3erp9d3erp9d3erp-300x164.png\" alt=\"\" width=\"300\" height=\"164\" srcset=\"https:\/\/blogsaverroes.juntadeandalucia.es\/eduk2s\/files\/2025\/12\/Gemini_Generated_Image_3erp9d3erp9d3erp-300x164.png 300w, https:\/\/blogsaverroes.juntadeandalucia.es\/eduk2s\/files\/2025\/12\/Gemini_Generated_Image_3erp9d3erp9d3erp-1024x559.png 1024w, https:\/\/blogsaverroes.juntadeandalucia.es\/eduk2s\/files\/2025\/12\/Gemini_Generated_Image_3erp9d3erp9d3erp-768x419.png 768w, https:\/\/blogsaverroes.juntadeandalucia.es\/eduk2s\/files\/2025\/12\/Gemini_Generated_Image_3erp9d3erp9d3erp.png 1408w\" sizes=\"(max-width: 300px) 100vw, 300px\" \/><\/a><\/p>\n<ul>\n<li style=\"list-style-type: none\">\n<ul>\n<li><span style=\"color: #000000\"><a style=\"color: #000000\" href=\"https:\/\/sites.google.com\/g.educaand.es\/funcionesvitaleslareproduccin\/funciones-vitales\" target=\"_blank\" rel=\"noopener\">FUNCIONES VITALES: LA REPRODUCCI\u00d3N (con prueba de examen)<\/a><\/span><\/li>\n<\/ul>\n<\/li>\n<\/ul>\n<\/td>\n<\/tr>\n<tr>\n<td style=\"width: 16.0345%;text-align: center\" colspan=\"2\"><strong>SEGUNDO TRIMESTRE<\/strong><\/td>\n<\/tr>\n<tr>\n<td style=\"width: 16.0345%;text-align: center;background-color: #d7f7f5\"><span style=\"color: #000000\"><strong>Tema 4<\/strong><\/span><\/td>\n<td style=\"width: 83.9655%;background-color: #d7f7f5\"><span style=\"color: #000000\"><strong>FUNCI\u00d3N DE RELACI\u00d3N<\/strong><\/span><\/p>\n<ul>\n<li style=\"list-style-type: none\">\n<ul>\n<li><span style=\"color: #000000\"><a style=\"color: #000000\" href=\"https:\/\/sites.google.com\/g.educaand.es\/cm-2-trimestre\/funci%C3%B3n-de-relaci%C3%B3n\" target=\"_blank\" rel=\"noopener\">Explicaci\u00f3n y gamificaci\u00f3n.<\/a><\/span><\/li>\n<li><span style=\"color: #000000\"><a style=\"color: #000000\" href=\"https:\/\/blogsaverroes.juntadeandalucia.es\/eduk2s\/files\/2026\/01\/Funcion-de-Relacion.docx.pdf\">TEXTO &#8211; Funci\u00f3n de Relaci\u00f3n<\/a><\/span><\/li>\n<li><a href=\"https:\/\/blogsaverroes.juntadeandalucia.es\/eduk2s\/files\/2026\/01\/IMG_20260125_145259.jpg\">Esquema<br \/>\n<img loading=\"lazy\" decoding=\"async\" class=\"aligncenter size-medium wp-image-1131\" src=\"https:\/\/blogsaverroes.juntadeandalucia.es\/eduk2s\/files\/2026\/01\/IMG_20260125_145259-300x213.jpg\" alt=\"\" width=\"300\" height=\"213\" srcset=\"https:\/\/blogsaverroes.juntadeandalucia.es\/eduk2s\/files\/2026\/01\/IMG_20260125_145259-300x213.jpg 300w, https:\/\/blogsaverroes.juntadeandalucia.es\/eduk2s\/files\/2026\/01\/IMG_20260125_145259-1024x726.jpg 1024w, https:\/\/blogsaverroes.juntadeandalucia.es\/eduk2s\/files\/2026\/01\/IMG_20260125_145259-768x545.jpg 768w, https:\/\/blogsaverroes.juntadeandalucia.es\/eduk2s\/files\/2026\/01\/IMG_20260125_145259-1536x1089.jpg 1536w, https:\/\/blogsaverroes.juntadeandalucia.es\/eduk2s\/files\/2026\/01\/IMG_20260125_145259-2048x1452.jpg 2048w\" sizes=\"(max-width: 300px) 100vw, 300px\" \/><\/a><\/li>\n<\/ul>\n<\/li>\n<\/ul>\n<\/td>\n<\/tr>\n<tr>\n<td style=\"width: 16.0345%;text-align: center;background-color: #f4ebf5\"><span style=\"color: #000000\"><strong>Tema 5<\/strong><\/span><\/td>\n<td style=\"width: 83.9655%;background-color: #f4ebf5\"><a href=\"https:\/\/blogsaverroes.juntadeandalucia.es\/eduk2s\/files\/2026\/02\/Gemini_Generated_Image_iu4n2qiu4n2qiu4n.png\"><br \/>\n<img loading=\"lazy\" decoding=\"async\" class=\"aligncenter size-medium wp-image-1145\" src=\"https:\/\/blogsaverroes.juntadeandalucia.es\/eduk2s\/files\/2026\/02\/Gemini_Generated_Image_iu4n2qiu4n2qiu4n-300x210.png\" alt=\"\" width=\"300\" height=\"210\" srcset=\"https:\/\/blogsaverroes.juntadeandalucia.es\/eduk2s\/files\/2026\/02\/Gemini_Generated_Image_iu4n2qiu4n2qiu4n-300x210.png 300w, https:\/\/blogsaverroes.juntadeandalucia.es\/eduk2s\/files\/2026\/02\/Gemini_Generated_Image_iu4n2qiu4n2qiu4n-1024x718.png 1024w, https:\/\/blogsaverroes.juntadeandalucia.es\/eduk2s\/files\/2026\/02\/Gemini_Generated_Image_iu4n2qiu4n2qiu4n-768x539.png 768w, https:\/\/blogsaverroes.juntadeandalucia.es\/eduk2s\/files\/2026\/02\/Gemini_Generated_Image_iu4n2qiu4n2qiu4n.png 1232w\" sizes=\"(max-width: 300px) 100vw, 300px\" \/><\/a>&nbsp;<a href=\"https:\/\/blogsaverroes.juntadeandalucia.es\/eduk2s\/files\/2026\/02\/Screenshot_20260213_131056-scaled.jpg\"><img loading=\"lazy\" decoding=\"async\" class=\"aligncenter size-medium wp-image-1146\" src=\"https:\/\/blogsaverroes.juntadeandalucia.es\/eduk2s\/files\/2026\/02\/Screenshot_20260213_131056-300x214.jpg\" alt=\"\" width=\"300\" height=\"214\" srcset=\"https:\/\/blogsaverroes.juntadeandalucia.es\/eduk2s\/files\/2026\/02\/Screenshot_20260213_131056-300x214.jpg 300w, https:\/\/blogsaverroes.juntadeandalucia.es\/eduk2s\/files\/2026\/02\/Screenshot_20260213_131056-1024x730.jpg 1024w, https:\/\/blogsaverroes.juntadeandalucia.es\/eduk2s\/files\/2026\/02\/Screenshot_20260213_131056-768x548.jpg 768w, https:\/\/blogsaverroes.juntadeandalucia.es\/eduk2s\/files\/2026\/02\/Screenshot_20260213_131056-1536x1095.jpg 1536w, https:\/\/blogsaverroes.juntadeandalucia.es\/eduk2s\/files\/2026\/02\/Screenshot_20260213_131056-2048x1460.jpg 2048w\" sizes=\"(max-width: 300px) 100vw, 300px\" \/><\/a><\/td>\n<\/tr>\n<tr>\n<td style=\"width: 16.0345%;text-align: center;background-color: #eef2d8\"><span style=\"color: #000000\"><strong>Tema 6<\/strong><\/span><\/td>\n<td style=\"width: 83.9655%;background-color: #eef2d8\">\n<ul>\n<li style=\"list-style-type: none\">\n<ul>\n<li><span style=\"color: #000000\"><a style=\"color: #000000\" href=\"https:\/\/sites.google.com\/g.educaand.es\/pre-historia\/prehistoria\" target=\"_blank\" rel=\"noopener\">Prehistoria<\/a><\/span><\/li>\n<li><span style=\"color: #000000\"><a style=\"color: #000000\" href=\"https:\/\/sites.google.com\/g.educaand.es\/el-prehistoriador\/untitled-page\" target=\"_blank\" rel=\"noopener\">PREHISTORIADOR &#8211; ASISTENTE VIRTUAL<\/a><\/span><\/li>\n<\/ul>\n<\/li>\n<\/ul>\n<p style=\"text-align: center\"><a href=\"https:\/\/blogsaverroes.juntadeandalucia.es\/eduk2s\/files\/2026\/03\/Paleolitico.png\"><img loading=\"lazy\" decoding=\"async\" class=\"aligncenter size-medium wp-image-1235\" src=\"https:\/\/blogsaverroes.juntadeandalucia.es\/eduk2s\/files\/2026\/03\/Paleolitico-300x164.png\" alt=\"\" width=\"300\" height=\"164\" srcset=\"https:\/\/blogsaverroes.juntadeandalucia.es\/eduk2s\/files\/2026\/03\/Paleolitico-300x164.png 300w, https:\/\/blogsaverroes.juntadeandalucia.es\/eduk2s\/files\/2026\/03\/Paleolitico-1024x559.png 1024w, https:\/\/blogsaverroes.juntadeandalucia.es\/eduk2s\/files\/2026\/03\/Paleolitico-768x419.png 768w, https:\/\/blogsaverroes.juntadeandalucia.es\/eduk2s\/files\/2026\/03\/Paleolitico.png 1408w\" sizes=\"(max-width: 300px) 100vw, 300px\" \/><\/a><\/p>\n<p style=\"text-align: center\"><span style=\"color: #000000\"><strong><a style=\"color: #000000\" href=\"https:\/\/blogsaverroes.juntadeandalucia.es\/eduk2s\/files\/2026\/03\/Paleolitico-explicacion.pdf\">Paleol\u00edtico (explicaci\u00f3n)<\/a><\/strong><\/span><\/p>\n<p style=\"text-align: center\"><a href=\"https:\/\/blogsaverroes.juntadeandalucia.es\/eduk2s\/files\/2026\/03\/Neolitico.png\"><img loading=\"lazy\" decoding=\"async\" class=\"aligncenter size-medium wp-image-1236\" src=\"https:\/\/blogsaverroes.juntadeandalucia.es\/eduk2s\/files\/2026\/03\/Neolitico-300x164.png\" alt=\"\" width=\"300\" height=\"164\" srcset=\"https:\/\/blogsaverroes.juntadeandalucia.es\/eduk2s\/files\/2026\/03\/Neolitico-300x164.png 300w, https:\/\/blogsaverroes.juntadeandalucia.es\/eduk2s\/files\/2026\/03\/Neolitico-1024x559.png 1024w, https:\/\/blogsaverroes.juntadeandalucia.es\/eduk2s\/files\/2026\/03\/Neolitico-768x419.png 768w, https:\/\/blogsaverroes.juntadeandalucia.es\/eduk2s\/files\/2026\/03\/Neolitico.png 1408w\" sizes=\"(max-width: 300px) 100vw, 300px\" \/><\/a><\/p>\n<p style=\"text-align: center\"><span style=\"color: #000000\"><strong><a style=\"color: #000000\" href=\"https:\/\/blogsaverroes.juntadeandalucia.es\/eduk2s\/files\/2026\/03\/Explicacion-Neolitico.pdf\">Neol\u00edtico (explicaci\u00f3n)<\/a><\/strong><\/span><\/p>\n<p style=\"text-align: center\"><a href=\"https:\/\/blogsaverroes.juntadeandalucia.es\/eduk2s\/files\/2026\/03\/Edad-de-los-Metales.png\"><img loading=\"lazy\" decoding=\"async\" class=\"aligncenter size-medium wp-image-1237\" src=\"https:\/\/blogsaverroes.juntadeandalucia.es\/eduk2s\/files\/2026\/03\/Edad-de-los-Metales-300x164.png\" alt=\"\" width=\"300\" height=\"164\" srcset=\"https:\/\/blogsaverroes.juntadeandalucia.es\/eduk2s\/files\/2026\/03\/Edad-de-los-Metales-300x164.png 300w, https:\/\/blogsaverroes.juntadeandalucia.es\/eduk2s\/files\/2026\/03\/Edad-de-los-Metales-1024x559.png 1024w, https:\/\/blogsaverroes.juntadeandalucia.es\/eduk2s\/files\/2026\/03\/Edad-de-los-Metales-768x419.png 768w, https:\/\/blogsaverroes.juntadeandalucia.es\/eduk2s\/files\/2026\/03\/Edad-de-los-Metales.png 1408w\" sizes=\"(max-width: 300px) 100vw, 300px\" \/><\/a><\/p>\n<p style=\"text-align: center\"><span style=\"color: #000000\"><strong><a style=\"color: #000000\" href=\"https:\/\/blogsaverroes.juntadeandalucia.es\/eduk2s\/files\/2026\/03\/Edad-de-los-Metales-Explicacion.pdf\">Edad de los Metales (explicaci\u00f3n)<\/a><\/strong><\/span><\/p>\n<ul>\n<li style=\"list-style-type: none\">\n<ul>\n<li><strong><span style=\"text-decoration: underline\">V\u00eddeos explicativos<\/span><\/strong><\/li>\n<\/ul>\n<\/li>\n<\/ul>\n<p><em><span style=\"text-decoration: underline\"><span style=\"color: #000000;text-decoration: underline\">PALEOL\u00cdTICO<\/span><\/span><\/em><\/p>\n<div style=\"width: 525px;\" class=\"wp-video\"><!--[if lt IE 9]><script>document.createElement('video');<\/script><![endif]-->\n<video class=\"wp-video-shortcode\" id=\"video-953-1\" width=\"525\" height=\"295\" preload=\"metadata\" controls=\"controls\"><source type=\"video\/mp4\" src=\"https:\/\/blogsaverroes.juntadeandalucia.es\/eduk2s\/files\/2026\/03\/El_Paleolitico.mp4?_=1\" \/><a href=\"https:\/\/blogsaverroes.juntadeandalucia.es\/eduk2s\/files\/2026\/03\/El_Paleolitico.mp4\">https:\/\/blogsaverroes.juntadeandalucia.es\/eduk2s\/files\/2026\/03\/El_Paleolitico.mp4<\/a><\/video><\/div>\n<p><span style=\"color: #000000\"><em><span style=\"text-decoration: underline\">NEOL\u00cdTICO<\/span><\/em><\/span><\/p>\n<div style=\"width: 525px;\" class=\"wp-video\"><video class=\"wp-video-shortcode\" id=\"video-953-2\" width=\"525\" height=\"295\" preload=\"metadata\" controls=\"controls\"><source type=\"video\/mp4\" src=\"https:\/\/blogsaverroes.juntadeandalucia.es\/eduk2s\/files\/2026\/03\/El_Mapa_del_Neolitico.mp4?_=2\" \/><a href=\"https:\/\/blogsaverroes.juntadeandalucia.es\/eduk2s\/files\/2026\/03\/El_Mapa_del_Neolitico.mp4\">https:\/\/blogsaverroes.juntadeandalucia.es\/eduk2s\/files\/2026\/03\/El_Mapa_del_Neolitico.mp4<\/a><\/video><\/div>\n<p><span style=\"color: #000000\"><em><span style=\"text-decoration: underline\">EDAD DE LOS METALES<\/span><\/em><\/span><\/p>\n<p><span style=\"color: #000000\"><a style=\"color: #000000\" href=\"https:\/\/sites.google.com\/g.educaand.es\/evaluacin-prehistoria\/untitled-page\" target=\"_blank\" rel=\"noopener\"><span style=\"text-decoration: underline\">EVALUACI\u00d3N TEST PREHISTORIA<\/span><\/a><\/span><\/td>\n<\/tr>\n<tr>\n<td style=\"width: 16.0345%;text-align: center;background-color: #e9edf7\"><span style=\"color: #000000\"><strong>TEMA 7<\/strong><\/span><\/td>\n<td style=\"width: 83.9655%;background-color: #e9edf7\"><span style=\"color: #000000\"><a style=\"color: #000000\" href=\"https:\/\/edad-antigua.vercel.app\" target=\"_blank\" rel=\"noopener\">Edad Antigua, teor\u00eda y juego<\/a><\/span><\/td>\n<\/tr>\n<\/tbody>\n<\/table>\n<p>&nbsp;<\/p>\n","protected":false},"excerpt":{"rendered":"<p>COSAS IMPORTANTES QUE DEBEMOS DOMINAR Conceptos que debemos sabernos como si fuera nuestro nombre o nuestra direcci\u00f3n de casa. Nos ayudar\u00e1n durante todo el curso (y m\u00e1s all\u00e1 \ud83d\ude1c) La gran l\u00ednea del tiempo Tema 1 Esquemas Ser vivo Vs Ser inerte &nbsp; Las funciones vitales y los sistemas que intervienen &nbsp; Los cinco reinos &hellip; <\/p>\n<p class=\"link-more\"><a href=\"https:\/\/blogsaverroes.juntadeandalucia.es\/eduk2s\/co-del-medio\/\" class=\"more-link\">Continuar leyendo<span class=\"screen-reader-text\"> \u00abC\u00ba del Medio\u00bb<\/span><\/a><\/p>\n","protected":false},"author":7300,"featured_media":0,"parent":0,"menu_order":0,"comment_status":"closed","ping_status":"closed","template":"","meta":{"ngg_post_thumbnail":0,"footnotes":""},"aioseo_notices":[],"_links":{"self":[{"href":"https:\/\/blogsaverroes.juntadeandalucia.es\/eduk2s\/wp-json\/wp\/v2\/pages\/953"}],"collection":[{"href":"https:\/\/blogsaverroes.juntadeandalucia.es\/eduk2s\/wp-json\/wp\/v2\/pages"}],"about":[{"href":"https:\/\/blogsaverroes.juntadeandalucia.es\/eduk2s\/wp-json\/wp\/v2\/types\/page"}],"author":[{"embeddable":true,"href":"https:\/\/blogsaverroes.juntadeandalucia.es\/eduk2s\/wp-json\/wp\/v2\/users\/7300"}],"replies":[{"embeddable":true,"href":"https:\/\/blogsaverroes.juntadeandalucia.es\/eduk2s\/wp-json\/wp\/v2\/comments?post=953"}],"version-history":[{"count":51,"href":"https:\/\/blogsaverroes.juntadeandalucia.es\/eduk2s\/wp-json\/wp\/v2\/pages\/953\/revisions"}],"predecessor-version":[{"id":1268,"href":"https:\/\/blogsaverroes.juntadeandalucia.es\/eduk2s\/wp-json\/wp\/v2\/pages\/953\/revisions\/1268"}],"wp:attachment":[{"href":"https:\/\/blogsaverroes.juntadeandalucia.es\/eduk2s\/wp-json\/wp\/v2\/media?parent=953"}],"curies":[{"name":"wp","href":"https:\/\/api.w.org\/{rel}","templated":true}]}}