{"id":836,"date":"2020-12-18T08:37:22","date_gmt":"2020-12-18T07:37:22","guid":{"rendered":"https:\/\/blogsaverroes.juntadeandalucia.es\/pre\/plantilla-pencil\/?page_id=836"},"modified":"2025-05-27T11:55:07","modified_gmt":"2025-05-27T10:55:07","slug":"actividades-extraescolares","status":"publish","type":"page","link":"https:\/\/blogsaverroes.juntadeandalucia.es\/eeialtabaca\/actividades-extraescolares\/","title":{"rendered":"Actividades Extraescolares"},"content":{"rendered":"<p>[et_pb_section fb_built=&#8221;1&#8243; _builder_version=&#8221;4.16&#8243; custom_padding=&#8221;0px||0px|&#8221; z_index_tablet=&#8221;500&#8243; box_shadow_horizontal_tablet=&#8221;0px&#8221; box_shadow_vertical_tablet=&#8221;0px&#8221; box_shadow_blur_tablet=&#8221;40px&#8221; box_shadow_spread_tablet=&#8221;0px&#8221; global_colors_info=&#8221;{}&#8221;][et_pb_row _builder_version=&#8221;4.16&#8243; background_size=&#8221;initial&#8221; background_position=&#8221;top_left&#8221; background_repeat=&#8221;repeat&#8221; global_colors_info=&#8221;{}&#8221;][et_pb_column type=&#8221;4_4&#8243; _builder_version=&#8221;4.16&#8243; custom_padding=&#8221;|||&#8221; global_colors_info=&#8221;{}&#8221; custom_padding__hover=&#8221;|||&#8221;][et_pb_image src=&#8221;https:\/\/blogsaverroes.juntadeandalucia.es\/eeialtabaca\/files\/2020\/01\/cabecera-interior-2-1.jpg&#8221; title_text=&#8221;cabecera-interior-2-1&#8243; admin_label=&#8221;Imagen de la portada&#8221; _builder_version=&#8221;4.16&#8243; z_index_tablet=&#8221;500&#8243; box_shadow_horizontal_tablet=&#8221;0px&#8221; box_shadow_vertical_tablet=&#8221;0px&#8221; box_shadow_blur_tablet=&#8221;40px&#8221; box_shadow_spread_tablet=&#8221;0px&#8221; global_colors_info=&#8221;{}&#8221;][\/et_pb_image][et_pb_text admin_label=&#8221;Texto descriptivo&#8221; _builder_version=&#8221;4.24.2&#8243; hover_enabled=&#8221;0&#8243; z_index_tablet=&#8221;500&#8243; text_text_shadow_horizontal_length_tablet=&#8221;0px&#8221; text_text_shadow_vertical_length_tablet=&#8221;0px&#8221; text_text_shadow_blur_strength_tablet=&#8221;1px&#8221; link_text_shadow_horizontal_length_tablet=&#8221;0px&#8221; link_text_shadow_vertical_length_tablet=&#8221;0px&#8221; link_text_shadow_blur_strength_tablet=&#8221;1px&#8221; ul_text_shadow_horizontal_length_tablet=&#8221;0px&#8221; ul_text_shadow_vertical_length_tablet=&#8221;0px&#8221; ul_text_shadow_blur_strength_tablet=&#8221;1px&#8221; ol_text_shadow_horizontal_length_tablet=&#8221;0px&#8221; ol_text_shadow_vertical_length_tablet=&#8221;0px&#8221; ol_text_shadow_blur_strength_tablet=&#8221;1px&#8221; quote_text_shadow_horizontal_length_tablet=&#8221;0px&#8221; quote_text_shadow_vertical_length_tablet=&#8221;0px&#8221; quote_text_shadow_blur_strength_tablet=&#8221;1px&#8221; header_text_shadow_horizontal_length_tablet=&#8221;0px&#8221; header_text_shadow_vertical_length_tablet=&#8221;0px&#8221; header_text_shadow_blur_strength_tablet=&#8221;1px&#8221; header_2_text_shadow_horizontal_length_tablet=&#8221;0px&#8221; header_2_text_shadow_vertical_length_tablet=&#8221;0px&#8221; header_2_text_shadow_blur_strength_tablet=&#8221;1px&#8221; header_3_text_shadow_horizontal_length_tablet=&#8221;0px&#8221; header_3_text_shadow_vertical_length_tablet=&#8221;0px&#8221; header_3_text_shadow_blur_strength_tablet=&#8221;1px&#8221; header_4_text_shadow_horizontal_length_tablet=&#8221;0px&#8221; header_4_text_shadow_vertical_length_tablet=&#8221;0px&#8221; header_4_text_shadow_blur_strength_tablet=&#8221;1px&#8221; header_5_text_shadow_horizontal_length_tablet=&#8221;0px&#8221; header_5_text_shadow_vertical_length_tablet=&#8221;0px&#8221; header_5_text_shadow_blur_strength_tablet=&#8221;1px&#8221; header_6_text_shadow_horizontal_length_tablet=&#8221;0px&#8221; header_6_text_shadow_vertical_length_tablet=&#8221;0px&#8221; header_6_text_shadow_blur_strength_tablet=&#8221;1px&#8221; box_shadow_horizontal_tablet=&#8221;0px&#8221; box_shadow_vertical_tablet=&#8221;0px&#8221; box_shadow_blur_tablet=&#8221;40px&#8221; box_shadow_spread_tablet=&#8221;0px&#8221; global_colors_info=&#8221;{}&#8221; sticky_enabled=&#8221;0&#8243;]<\/p>\n<h2>Actividades Extraescolares<\/h2>\n<p class=\"font_0 wixui-rich-text__text\"><span class=\"color_36 wixui-rich-text__text\"><span class=\"wixui-rich-text__text\">En nuestro centro escolar ofrecemos a<\/span><\/span><span class=\"wixui-rich-text__text\"><span class=\"color_36 wixui-rich-text__text\">ctividades extraescolares gestionadas desde el propio centro e impartidas por la empresa TRANS.<\/span><\/span><\/p>\n<p>El horario de actividades y los d\u00edas depender\u00e1 de la demanda del alumnado que la solicite.<\/p>\n<p>Durante el curso escolar 2024\/2025 las actividades extraescolares y el horario ha sido el siguiente:<\/p>\n<table style=\"border-collapse: collapse;width: 103.381%;height: 88px\">\n<tbody>\n<tr style=\"height: 23px\">\n<td style=\"width: 22.1739%;text-align: center;height: 23px\">&nbsp;<\/td>\n<td style=\"width: 19.5169%;text-align: center;height: 23px\">LUNES<\/td>\n<td style=\"width: 19.7111%;text-align: center;height: 23px\">MARTES<\/td>\n<td style=\"width: 18.5981%;text-align: center;height: 23px\">MIERCOLES<\/td>\n<td style=\"width: 23.3816%;text-align: center;height: 23px\">JUEVES<\/td>\n<\/tr>\n<tr style=\"height: 23px\">\n<td style=\"width: 22.1739%;text-align: center;height: 23px\"><span style=\"font-size: 10pt\">16:00 -17:00h<\/span><\/td>\n<td style=\"width: 19.5169%;text-align: center;height: 23px\">Baile<\/td>\n<td style=\"width: 19.7111%;text-align: center;height: 23px\">Ingl\u00e9s<\/td>\n<td style=\"width: 18.5981%;text-align: center;height: 23px\">Baile<\/td>\n<td style=\"width: 23.3816%;text-align: center;height: 23px\">Ingl\u00e9s<\/td>\n<\/tr>\n<tr style=\"height: 42px\">\n<td style=\"width: 22.1739%;text-align: center;height: 42px\"><span style=\"font-size: 10pt\">&nbsp;17:00-18:00h<\/span><\/td>\n<td style=\"width: 19.5169%;text-align: center;height: 42px\">Creatividad<\/td>\n<td style=\"width: 19.7111%;text-align: center;height: 42px\">Multideporte<\/td>\n<td style=\"width: 18.5981%;text-align: center;height: 42px\">Creatividad&nbsp;<\/td>\n<td style=\"width: 23.3816%;text-align: center;height: 42px\">Multideporte&nbsp;<\/td>\n<\/tr>\n<\/tbody>\n<\/table>\n<p>Para apuntar a su hijo\/a en alguna actividad deber\u00e1 rellenar el impreso correspondiente ANEXO II junto a la matricula.<\/p>\n<p>Este Anexo II podr\u00e1 descargarlo en la Secretar\u00eda Virtual de la Junta de Andaluc\u00eda, o bien en la Secretar\u00eda del Centro.<\/p>\n<p>Anexo II<\/p>\n<p>[\/et_pb_text][\/et_pb_column][\/et_pb_row][\/et_pb_section]<\/p>\n","protected":false},"excerpt":{"rendered":"<p>Actividades Extraescolares En nuestro centro escolar ofrecemos actividades extraescolares gestionadas desde el propio centro e impartidas por la empresa TRANS. El horario de actividades y los d\u00edas depender\u00e1 de la demanda del alumnado que la solicite. Durante el curso escolar 2024\/2025 las actividades extraescolares y el horario ha sido el siguiente: &nbsp; LUNES MARTES MIERCOLES [&hellip;]<\/p>\n","protected":false},"author":7051,"featured_media":0,"parent":0,"menu_order":0,"comment_status":"closed","ping_status":"closed","template":"","meta":{"_et_pb_use_builder":"on","_et_pb_old_content":"","_et_gb_content_width":"","ngg_post_thumbnail":0,"footnotes":""},"aioseo_notices":[],"_links":{"self":[{"href":"https:\/\/blogsaverroes.juntadeandalucia.es\/eeialtabaca\/wp-json\/wp\/v2\/pages\/836"}],"collection":[{"href":"https:\/\/blogsaverroes.juntadeandalucia.es\/eeialtabaca\/wp-json\/wp\/v2\/pages"}],"about":[{"href":"https:\/\/blogsaverroes.juntadeandalucia.es\/eeialtabaca\/wp-json\/wp\/v2\/types\/page"}],"author":[{"embeddable":true,"href":"https:\/\/blogsaverroes.juntadeandalucia.es\/eeialtabaca\/wp-json\/wp\/v2\/users\/7051"}],"replies":[{"embeddable":true,"href":"https:\/\/blogsaverroes.juntadeandalucia.es\/eeialtabaca\/wp-json\/wp\/v2\/comments?post=836"}],"version-history":[{"count":2,"href":"https:\/\/blogsaverroes.juntadeandalucia.es\/eeialtabaca\/wp-json\/wp\/v2\/pages\/836\/revisions"}],"predecessor-version":[{"id":1018,"href":"https:\/\/blogsaverroes.juntadeandalucia.es\/eeialtabaca\/wp-json\/wp\/v2\/pages\/836\/revisions\/1018"}],"wp:attachment":[{"href":"https:\/\/blogsaverroes.juntadeandalucia.es\/eeialtabaca\/wp-json\/wp\/v2\/media?parent=836"}],"curies":[{"name":"wp","href":"https:\/\/api.w.org\/{rel}","templated":true}]}}