{"id":2454,"date":"2020-11-30T12:15:13","date_gmt":"2020-11-30T11:15:13","guid":{"rendered":"http:\/\/blogsaverroes.juntadeandalucia.es\/eeifranciscosorianoserrano\/?page_id=2454"},"modified":"2024-11-30T22:04:40","modified_gmt":"2024-11-30T21:04:40","slug":"contacto","status":"publish","type":"page","link":"https:\/\/blogsaverroes.juntadeandalucia.es\/eeifranciscosorianoserrano\/centro\/contacto\/","title":{"rendered":"Contacto"},"content":{"rendered":"<h3>&nbsp;<\/h3>\n<h3 style=\"text-align: center\"><a href=\"https:\/\/blogsaverroes.juntadeandalucia.es\/eeifranciscosorianoserrano\/files\/2016\/02\/IMG-20160205-WA0056.jpg\"><img loading=\"lazy\" decoding=\"async\" class=\"wp-image-2252 alignright\" src=\"https:\/\/blogsaverroes.juntadeandalucia.es\/eeifranciscosorianoserrano\/files\/2016\/02\/IMG-20160205-WA0056-300x128.jpg\" alt=\"\" width=\"771\" height=\"328\" srcset=\"https:\/\/blogsaverroes.juntadeandalucia.es\/eeifranciscosorianoserrano\/files\/2016\/02\/IMG-20160205-WA0056-300x128.jpg 300w, https:\/\/blogsaverroes.juntadeandalucia.es\/eeifranciscosorianoserrano\/files\/2016\/02\/IMG-20160205-WA0056.jpg 796w\" sizes=\"(max-width: 771px) 100vw, 771px\" \/><\/a><\/h3>\n<h3><span style=\"text-decoration: underline;color: #ff0000\"><strong>Direcci\u00f3n<\/strong><\/span><\/h3>\n<p>&nbsp;<\/p>\n<h3 style=\"text-align: center\"><em>Calle: Ruiz Jim\u00e9nez N\u00ba3<\/em><\/h3>\n<h3 style=\"text-align: center\"><em>23500 J\u00f3dar (Ja\u00e9n)<\/em><\/h3>\n<h3 style=\"text-align: center\">&nbsp;<\/h3>\n<h3><span style=\"color: #ff0000\"><span style=\"text-decoration: underline\"><strong>Tel\u00e9fono de contacto: <\/strong><\/span>953779702<\/span><\/h3>\n<h3><span style=\"text-decoration: underline\"><strong>Fax<\/strong><\/span><\/h3>\n<h3><span style=\"text-decoration: underline;color: #ff0000\">Correo electr\u00f3nico<\/span><\/h3>\n<h3 style=\"text-align: center\">23600973.edu@juntadeanduluc\u00eda.es<\/h3>\n<h2><span style=\"color: #ff0000\">Blog del centro&nbsp;<\/span><\/h2>\n<p><strong><a href=\"https:\/\/blogsaverroes.juntadeandalucia.es\/eeifranciscosorianoserrano\/\">https:\/\/blogsaverroes.juntadeandalucia.es\/eeifranciscosorianoserrano\/<\/a><\/strong><\/p>\n<h2><span style=\"color: #ff0000\">facebook del centro<\/span><\/h2>\n<p><strong><a href=\"https:\/\/www.facebook.com\/p\/Colegio-Francisco-Soriano-J%C3%B3dar-Ja%C3%A9n-100063451009900\/\">https:\/\/www.facebook.com\/p\/Colegio-Francisco-Soriano-J%C3%B3dar-Ja%C3%A9n-100063451009900\/<\/a><\/strong><\/p>\n<div id=\"ventanamailtotoModal\">\n<div id=\"ventanamailtopopupModalContent\">\n<div id=\"ventanamailtopopupQuestionToMail\">What do you want to do ?<\/div>\n<p>New mail<button id=\"ventanamailtoemailCopy\">Copy<\/button><\/p>\n<\/div>\n<\/div>\n<div><img><\/div>\n<div id=\"ventanamailtotoModal\">\n<div id=\"ventanamailtopopupModalContent\">\n<div id=\"ventanamailtopopupMailModalCloseTo\">&nbsp;<\/div>\n<div id=\"ventanamailtopopupQuestionToMail\">What do you want to do ?<\/div>\n<p><a id=\"ventanamailtoappCreateNew\"><\/a>New mail<button id=\"ventanamailtoemailCopy\">Copy<\/button><textarea id=\"ventanamailtoareaSelectTextTo\"><\/textarea><\/p>\n<\/div>\n<\/div>\n<div><img><\/div>\n<div id=\"ventanamailtotoModal\">\n<div id=\"ventanamailtopopupModalContent\">\n<div id=\"ventanamailtopopupMailModalCloseTo\">&nbsp;<\/div>\n<div id=\"ventanamailtopopupQuestionToMail\">What do you want to do ?<\/div>\n<p><a id=\"ventanamailtoappCreateNew\"><\/a>New mail<button id=\"ventanamailtoemailCopy\">Copy<\/button><textarea id=\"ventanamailtoareaSelectTextTo\"><\/textarea><\/p>\n<\/div>\n<\/div>\n<div><img><\/div>\n<div id=\"ventanamailtotoModal\">\n<div id=\"ventanamailtopopupModalContent\">\n<div id=\"ventanamailtopopupMailModalCloseTo\">&nbsp;<\/div>\n<div id=\"ventanamailtopopupQuestionToMail\">What do you want to do ?<\/div>\n<p><a id=\"ventanamailtoappCreateNew\"><\/a>New mail<button id=\"ventanamailtoemailCopy\">Copy<\/button><textarea id=\"ventanamailtoareaSelectTextTo\"><\/textarea><\/p>\n<\/div>\n<\/div>\n<div><img><\/div>\n<div id=\"ventanamailtotoModal\">\n<div id=\"ventanamailtopopupModalContent\">\n<div id=\"ventanamailtopopupMailModalCloseTo\">&nbsp;<\/div>\n<div id=\"ventanamailtopopupQuestionToMail\">What do you want to do ?<\/div>\n<p><a id=\"ventanamailtoappCreateNew\"><\/a>New mail<button id=\"ventanamailtoemailCopy\">Copy<\/button><textarea id=\"ventanamailtoareaSelectTextTo\"><\/textarea><\/p>\n<\/div>\n<\/div>\n<div><img><\/div>\n<div id=\"ventanamailtotoModal\">\n<div id=\"ventanamailtopopupModalContent\">\n<div id=\"ventanamailtopopupMailModalCloseTo\">&nbsp;<\/div>\n<div id=\"ventanamailtopopupQuestionToMail\">What do you want to do ?<\/div>\n<p><a id=\"ventanamailtoappCreateNew\"><\/a>New mail<button id=\"ventanamailtoemailCopy\">Copy<\/button><textarea id=\"ventanamailtoareaSelectTextTo\"><\/textarea><\/p>\n<\/div>\n<\/div>\n<div><img><\/div>\n","protected":false},"excerpt":{"rendered":"<p>&nbsp; Direcci\u00f3n &nbsp; Calle: Ruiz Jim\u00e9nez N\u00ba3 23500 J\u00f3dar (Ja\u00e9n) &nbsp; Tel\u00e9fono de contacto: 953779702 Fax Correo electr\u00f3nico 23600973.edu@juntadeanduluc\u00eda.es Blog del centro&nbsp; https:\/\/blogsaverroes.juntadeandalucia.es\/eeifranciscosorianoserrano\/ facebook del centro https:\/\/www.facebook.com\/p\/Colegio-Francisco-Soriano-J%C3%B3dar-Ja%C3%A9n-100063451009900\/ What do you want to do ? New mailCopy &nbsp; What do you want to do ? New mailCopy &nbsp; What do you want to do ? New &hellip; <a href=\"https:\/\/blogsaverroes.juntadeandalucia.es\/eeifranciscosorianoserrano\/centro\/contacto\/\" class=\"more-link\">Sigue leyendo <span class=\"screen-reader-text\">Contacto<\/span><\/a><\/p>\n","protected":false},"author":11628,"featured_media":0,"parent":2453,"menu_order":0,"comment_status":"closed","ping_status":"closed","template":"","meta":{"ngg_post_thumbnail":0,"footnotes":"","_mc_calendar":[]},"aioseo_notices":[],"_links":{"self":[{"href":"https:\/\/blogsaverroes.juntadeandalucia.es\/eeifranciscosorianoserrano\/wp-json\/wp\/v2\/pages\/2454"}],"collection":[{"href":"https:\/\/blogsaverroes.juntadeandalucia.es\/eeifranciscosorianoserrano\/wp-json\/wp\/v2\/pages"}],"about":[{"href":"https:\/\/blogsaverroes.juntadeandalucia.es\/eeifranciscosorianoserrano\/wp-json\/wp\/v2\/types\/page"}],"author":[{"embeddable":true,"href":"https:\/\/blogsaverroes.juntadeandalucia.es\/eeifranciscosorianoserrano\/wp-json\/wp\/v2\/users\/11628"}],"replies":[{"embeddable":true,"href":"https:\/\/blogsaverroes.juntadeandalucia.es\/eeifranciscosorianoserrano\/wp-json\/wp\/v2\/comments?post=2454"}],"version-history":[{"count":10,"href":"https:\/\/blogsaverroes.juntadeandalucia.es\/eeifranciscosorianoserrano\/wp-json\/wp\/v2\/pages\/2454\/revisions"}],"predecessor-version":[{"id":6274,"href":"https:\/\/blogsaverroes.juntadeandalucia.es\/eeifranciscosorianoserrano\/wp-json\/wp\/v2\/pages\/2454\/revisions\/6274"}],"up":[{"embeddable":true,"href":"https:\/\/blogsaverroes.juntadeandalucia.es\/eeifranciscosorianoserrano\/wp-json\/wp\/v2\/pages\/2453"}],"wp:attachment":[{"href":"https:\/\/blogsaverroes.juntadeandalucia.es\/eeifranciscosorianoserrano\/wp-json\/wp\/v2\/media?parent=2454"}],"curies":[{"name":"wp","href":"https:\/\/api.w.org\/{rel}","templated":true}]}}