{"id":6192,"date":"2024-11-13T23:04:04","date_gmt":"2024-11-13T22:04:04","guid":{"rendered":"https:\/\/blogsaverroes.juntadeandalucia.es\/eeifranciscosorianoserrano\/?page_id=6192"},"modified":"2024-11-13T23:58:14","modified_gmt":"2024-11-13T22:58:14","slug":"actividades-clases","status":"publish","type":"page","link":"https:\/\/blogsaverroes.juntadeandalucia.es\/eeifranciscosorianoserrano\/actividades-clases\/","title":{"rendered":"OTRAS ACTIVIDADES"},"content":{"rendered":"<h1 style=\"text-align: center\"><span style=\"color: #ff0000\">OTRAS ACTIVIDADES<\/span><\/h1>\n<h3>En esta p\u00e1gina se a\u00f1adir\u00e1n todas&nbsp; aquella actividades interesantes, que los tutores\/tutoras realicen en sus aulas: Proyectos, experimentos, ingl\u00e9s,seguridad v\u00edal etc<\/h3>\n","protected":false},"excerpt":{"rendered":"<p>OTRAS ACTIVIDADES En esta p\u00e1gina se a\u00f1adir\u00e1n todas&nbsp; aquella actividades interesantes, que los tutores\/tutoras realicen en sus aulas: Proyectos, experimentos, ingl\u00e9s,seguridad v\u00edal etc<\/p>\n","protected":false},"author":11628,"featured_media":6081,"parent":0,"menu_order":0,"comment_status":"closed","ping_status":"closed","template":"","meta":{"ngg_post_thumbnail":0,"footnotes":"","_mc_calendar":[]},"aioseo_notices":[],"_links":{"self":[{"href":"https:\/\/blogsaverroes.juntadeandalucia.es\/eeifranciscosorianoserrano\/wp-json\/wp\/v2\/pages\/6192"}],"collection":[{"href":"https:\/\/blogsaverroes.juntadeandalucia.es\/eeifranciscosorianoserrano\/wp-json\/wp\/v2\/pages"}],"about":[{"href":"https:\/\/blogsaverroes.juntadeandalucia.es\/eeifranciscosorianoserrano\/wp-json\/wp\/v2\/types\/page"}],"author":[{"embeddable":true,"href":"https:\/\/blogsaverroes.juntadeandalucia.es\/eeifranciscosorianoserrano\/wp-json\/wp\/v2\/users\/11628"}],"replies":[{"embeddable":true,"href":"https:\/\/blogsaverroes.juntadeandalucia.es\/eeifranciscosorianoserrano\/wp-json\/wp\/v2\/comments?post=6192"}],"version-history":[{"count":3,"href":"https:\/\/blogsaverroes.juntadeandalucia.es\/eeifranciscosorianoserrano\/wp-json\/wp\/v2\/pages\/6192\/revisions"}],"predecessor-version":[{"id":6208,"href":"https:\/\/blogsaverroes.juntadeandalucia.es\/eeifranciscosorianoserrano\/wp-json\/wp\/v2\/pages\/6192\/revisions\/6208"}],"wp:featuredmedia":[{"embeddable":true,"href":"https:\/\/blogsaverroes.juntadeandalucia.es\/eeifranciscosorianoserrano\/wp-json\/wp\/v2\/media\/6081"}],"wp:attachment":[{"href":"https:\/\/blogsaverroes.juntadeandalucia.es\/eeifranciscosorianoserrano\/wp-json\/wp\/v2\/media?parent=6192"}],"curies":[{"name":"wp","href":"https:\/\/api.w.org\/{rel}","templated":true}]}}