{"id":42,"date":"2021-05-13T08:40:47","date_gmt":"2021-05-13T08:40:47","guid":{"rendered":"http:\/\/blogsaverroes.juntadeandalucia.es\/pre\/ceip\/?page_id=42"},"modified":"2025-09-24T11:00:05","modified_gmt":"2025-09-24T11:00:05","slug":"equipo-directivo","status":"publish","type":"page","link":"https:\/\/blogsaverroes.juntadeandalucia.es\/eeigeneralife\/equipo-directivo\/","title":{"rendered":"Equipo directivo"},"content":{"rendered":"<p>&nbsp;<\/p>\n<h4 style=\"text-align: center\"><strong>&nbsp;Direcci\u00f3n<\/strong><\/h4>\n<h5 style=\"text-align: center\"><strong><span style=\"color: #00ccff\"><em><span style=\"color: #00ccff\">Dulcenombre de M\u00aa Fern\u00e1ndez Montoro<\/span><\/em><\/span><\/strong><\/h5>\n<p style=\"text-align: center\">&nbsp;<\/p>\n<h4 style=\"text-align: center\"><strong>Tutoras<\/strong><\/h4>\n<h5 style=\"text-align: center\"><strong><em><span style=\"color: #ff6600\">3 a\u00f1os: Olga Gil de Avalle Ruiz<\/span><\/em><\/strong><\/h5>\n<h5 style=\"text-align: center\"><strong><em><span style=\"color: #ff6600\">4 a\u00f1os: Silvia L\u00f3pez Lupi\u00f3n<\/span><\/em><\/strong><\/h5>\n<h5 style=\"text-align: center\"><strong><em><span style=\"color: #ff6600\">5 a\u00f1os: M\u00aa Teresa Huete Cano<\/span><\/em><\/strong><\/h5>\n<h5 style=\"text-align: center\"><strong><em><span style=\"color: #ff6600\">Aula Espec\u00edfica: Patricia Gamero Calder\u00f3n<\/span><\/em><\/strong><\/h5>\n<h5 style=\"text-align: center\"><strong><em><span style=\"color: #ff6600\">Maestra de apoyo: M\u00aa Dolores Gonz\u00e1lez Quirantes<\/span><\/em><\/strong><\/h5>\n<h5 style=\"text-align: center\"><strong><em><span style=\"color: #ff6600\">Religi\u00f3n Cat\u00f3lica: M\u00aa \u00c1ngeles Garc\u00eda Gonz\u00e1lez<\/span><\/em><\/strong><\/h5>\n<h1>&nbsp;<\/h1>\n<h4 style=\"text-align: center\"><strong>Equipo de Orientaci\u00f3n<\/strong><\/h4>\n<h5 style=\"text-align: center\"><span style=\"color: #339966\"><strong><em>Audici\u00f3n y Lenguaje: M\u00aa Trinidad P\u00e9rez Castillo<\/em><\/strong><\/span><\/h5>\n<h5 style=\"text-align: center\"><span style=\"color: #339966\"><strong><em>Pedagog\u00eda Terap\u00e9utica: Dulcenombre de M\u00aa Fern\u00e1ndez Montoro<\/em><\/strong><\/span><\/h5>\n<h1>&nbsp;<\/h1>\n<h4 style=\"text-align: center\"><strong>Personal T\u00e9cnico de Integraci\u00f3n Social<\/strong><\/h4>\n<h5 style=\"text-align: center\"><span style=\"color: #800080\"><em><strong>M\u00aa Jos\u00e9 Moreno Doncel<\/strong><\/em><\/span><\/h5>\n<h5 style=\"text-align: center\"><span style=\"color: #800080\"><em><strong>Yolanda Jim\u00e9nez Corpas<\/strong><\/em><\/span><\/h5>\n<p style=\"text-align: center\">&nbsp;<\/p>\n<p>&nbsp;<\/p>\n","protected":false},"excerpt":{"rendered":"<p>&nbsp; &nbsp;Direcci\u00f3n Dulcenombre de M\u00aa Fern\u00e1ndez Montoro &nbsp; Tutoras 3 a\u00f1os: Olga Gil de Avalle Ruiz 4 a\u00f1os: Silvia L\u00f3pez Lupi\u00f3n 5 a\u00f1os: M\u00aa Teresa Huete Cano Aula Espec\u00edfica: Patricia Gamero Calder\u00f3n Maestra de&#46;&#46;&#46;<\/p>\n","protected":false},"author":1,"featured_media":0,"parent":0,"menu_order":0,"comment_status":"closed","ping_status":"open","template":"","meta":{"ngg_post_thumbnail":0,"footnotes":"","_mc_calendar":[]},"aioseo_notices":[],"_links":{"self":[{"href":"https:\/\/blogsaverroes.juntadeandalucia.es\/eeigeneralife\/wp-json\/wp\/v2\/pages\/42"}],"collection":[{"href":"https:\/\/blogsaverroes.juntadeandalucia.es\/eeigeneralife\/wp-json\/wp\/v2\/pages"}],"about":[{"href":"https:\/\/blogsaverroes.juntadeandalucia.es\/eeigeneralife\/wp-json\/wp\/v2\/types\/page"}],"author":[{"embeddable":true,"href":"https:\/\/blogsaverroes.juntadeandalucia.es\/eeigeneralife\/wp-json\/wp\/v2\/users\/1"}],"replies":[{"embeddable":true,"href":"https:\/\/blogsaverroes.juntadeandalucia.es\/eeigeneralife\/wp-json\/wp\/v2\/comments?post=42"}],"version-history":[{"count":28,"href":"https:\/\/blogsaverroes.juntadeandalucia.es\/eeigeneralife\/wp-json\/wp\/v2\/pages\/42\/revisions"}],"predecessor-version":[{"id":3401,"href":"https:\/\/blogsaverroes.juntadeandalucia.es\/eeigeneralife\/wp-json\/wp\/v2\/pages\/42\/revisions\/3401"}],"wp:attachment":[{"href":"https:\/\/blogsaverroes.juntadeandalucia.es\/eeigeneralife\/wp-json\/wp\/v2\/media?parent=42"}],"curies":[{"name":"wp","href":"https:\/\/api.w.org\/{rel}","templated":true}]}}