{"id":44,"date":"2021-05-30T08:42:15","date_gmt":"2021-05-30T08:42:15","guid":{"rendered":"http:\/\/blogsaverroes.juntadeandalucia.es\/pre\/ceip\/?page_id=44"},"modified":"2026-03-20T22:09:15","modified_gmt":"2026-03-20T22:09:15","slug":"planes-y-proyectos","status":"publish","type":"page","link":"https:\/\/blogsaverroes.juntadeandalucia.es\/eeigeneralife\/planes-y-proyectos\/","title":{"rendered":"Planes y Programas Educativos"},"content":{"rendered":"<p><img loading=\"lazy\" decoding=\"async\" class=\"alignnone size-medium wp-image-1667 aligncenter\" src=\"https:\/\/blogsaverroes.juntadeandalucia.es\/eeigeneralife\/files\/2015\/03\/planes-300x150.png\" alt=\"planes\" width=\"300\" height=\"150\" srcset=\"https:\/\/blogsaverroes.juntadeandalucia.es\/eeigeneralife\/files\/2015\/03\/planes-300x150.png 300w, https:\/\/blogsaverroes.juntadeandalucia.es\/eeigeneralife\/files\/2015\/03\/planes.png 640w\" sizes=\"(max-width: 300px) 100vw, 300px\" \/><\/p>\n<p><a href=\"https:\/\/www.juntadeandalucia.es\/educacion\/eaprendizaje\/\">https:\/\/www.juntadeandalucia.es\/educacion\/eaprendizaje\/<\/a><\/p>\n<p>&nbsp;<\/p>\n<p>La E.I. Generalife lleva a cabo los siguientes Planes y Programas educativos:<\/p>\n<p style=\"text-align: center\"><strong><span style=\"color: #ff00ff\">PLAN DE IGUALDAD DE G\u00c9NERO EN EDUCACI\u00d3N<\/span><\/strong><\/p>\n<h4 style=\"text-align: center\"><span style=\"color: #800080\">Prevenci\u00f3n de la violencia de g\u00e9nero<\/span><\/h4>\n<p><a href=\"https:\/\/blogsaverroes.juntadeandalucia.es\/eeigeneralife\/files\/2021\/06\/20210623_084707-rotated.jpg\"><img loading=\"lazy\" decoding=\"async\" class=\"size-medium wp-image-2248 aligncenter\" src=\"https:\/\/blogsaverroes.juntadeandalucia.es\/eeigeneralife\/files\/2021\/06\/20210623_084707-300x225.jpg\" alt=\"\" width=\"300\" height=\"225\" srcset=\"https:\/\/blogsaverroes.juntadeandalucia.es\/eeigeneralife\/files\/2021\/06\/20210623_084707-300x225.jpg 300w, https:\/\/blogsaverroes.juntadeandalucia.es\/eeigeneralife\/files\/2021\/06\/20210623_084707-1024x768.jpg 1024w, https:\/\/blogsaverroes.juntadeandalucia.es\/eeigeneralife\/files\/2021\/06\/20210623_084707-768x576.jpg 768w, https:\/\/blogsaverroes.juntadeandalucia.es\/eeigeneralife\/files\/2021\/06\/20210623_084707-1536x1152.jpg 1536w, https:\/\/blogsaverroes.juntadeandalucia.es\/eeigeneralife\/files\/2021\/06\/20210623_084707-rotated.jpg 1600w\" sizes=\"(max-width: 300px) 100vw, 300px\" \/><\/a><\/p>\n<p><a href=\"https:\/\/view.genial.ly\/57b87b245e34d612c4d56b75\/interactive-content-iiplanigualdad\">https:\/\/view.genial.ly\/57b87b245e34d612c4d56b75\/interactive-content-iiplanigualdad<\/a><\/p>\n<p><span style=\"color: #00ff00\">&nbsp; &nbsp; &nbsp; &nbsp; &nbsp; &nbsp; &nbsp; &nbsp; &nbsp; &nbsp; &nbsp; &nbsp; &nbsp; &nbsp; &nbsp; &nbsp; &nbsp; &nbsp; &nbsp; &nbsp; &nbsp; &nbsp; &nbsp; &nbsp; &nbsp; &nbsp; &nbsp; &nbsp; &nbsp; &nbsp; &nbsp; &nbsp; &nbsp; &nbsp; &nbsp; &nbsp; &nbsp; &nbsp; &nbsp; &nbsp; &nbsp; &nbsp; &nbsp; &nbsp; &nbsp; &nbsp; <strong>BIBLIOTECA ESCOLAR<\/strong><\/span><\/p>\n<p>&nbsp; &nbsp; &nbsp; &nbsp; &nbsp; &nbsp; <img loading=\"lazy\" decoding=\"async\" class=\"\" src=\"https:\/\/blogsaverroes.juntadeandalucia.es\/eeigeneralife\/wp-content\/uploads\/sites\/797\/nggallery\/el-centro\/20250924_103950.jpg?i=175974847\" alt=\"20250924103950jpg\" width=\"322\" height=\"159\">&nbsp; &nbsp; &nbsp; &nbsp; &nbsp; &nbsp; <img loading=\"lazy\" decoding=\"async\" class=\"\" src=\"https:\/\/blogsaverroes.juntadeandalucia.es\/eeigeneralife\/wp-content\/uploads\/sites\/797\/nggallery\/el-centro\/20250924_103921.jpg?i=341004482\" alt=\"20250924103921jpg\" width=\"126\" height=\"186\">&nbsp; &nbsp; &nbsp; &nbsp; &nbsp; &nbsp;<img loading=\"lazy\" decoding=\"async\" class=\"\" src=\"https:\/\/blogsaverroes.juntadeandalucia.es\/eeigeneralife\/wp-content\/uploads\/sites\/797\/nggallery\/el-centro\/20250924_103958.jpg?i=1776728923\" alt=\"20250924103958jpg\" width=\"181\" height=\"162\">&nbsp; &nbsp; &nbsp;&nbsp;<\/p>\n<p><a href=\"https:\/\/www.juntadeandalucia.es\/educacion\/portals\/web\/lecturas-bibliotecas-escolares\/organizacion-y-funcionamiento-de-las-bibliotecas-escolares\">https:\/\/www.juntadeandalucia.es\/educacion\/portals\/web\/lecturas-bibliotecas-escolares\/organizacion-y-funcionamiento-de-las-bibliotecas-escolares<\/a><\/p>\n<h3 style=\"text-align: center\">&nbsp; &nbsp; &nbsp; &nbsp; &nbsp; &nbsp; &nbsp; &nbsp; &nbsp; &nbsp;<\/h3>\n<h3 style=\"text-align: center\"><span style=\"color: #0000ff\">TDE (Plan de Actuaci\u00f3n Digital &#8211; C\u00f3digo Escuela 4.0)&nbsp;&nbsp;<\/span> &nbsp; &nbsp; &nbsp;<\/h3>\n<h3>&nbsp; &nbsp; &nbsp; &nbsp; &nbsp; &nbsp; &nbsp; &nbsp;<img loading=\"lazy\" decoding=\"async\" class=\"\" src=\"https:\/\/blogsaverroes.juntadeandalucia.es\/eeigeneralife\/wp-content\/uploads\/sites\/3833\/nggallery\/dia-de\/20250602_151924.jpg?i=373109219\" alt=\"20250602151924jpg\" width=\"210\" height=\"142\">&nbsp; &nbsp; &nbsp; &nbsp; &nbsp; &nbsp; &nbsp; &nbsp; &nbsp; &nbsp; &nbsp; &nbsp;&nbsp;<img loading=\"lazy\" decoding=\"async\" class=\"\" src=\"https:\/\/blogsaverroes.juntadeandalucia.es\/eeigeneralife\/wp-content\/uploads\/sites\/3833\/nggallery\/dia-de\/20250602_152503.jpg?i=972479402\" alt=\"20250602152503jpg\" width=\"329\" height=\"146\"><\/h3>\n<p>&nbsp; &nbsp; &nbsp; &nbsp; &nbsp; &nbsp; &nbsp;<img loading=\"lazy\" decoding=\"async\" class=\"\" src=\"https:\/\/blogsaverroes.juntadeandalucia.es\/eeigeneralife\/wp-content\/uploads\/sites\/3833\/nggallery\/dia-de\/20250602_152141.jpg?i=253963085\" alt=\"20250602152141jpg\" width=\"185\" height=\"181\">&nbsp; &nbsp; &nbsp; <img loading=\"lazy\" decoding=\"async\" class=\"\" src=\"https:\/\/blogsaverroes.juntadeandalucia.es\/eeigeneralife\/wp-content\/uploads\/sites\/3833\/nggallery\/dia-de\/20250602_152249.jpg?i=1784800011\" alt=\"20250602152249jpg\" width=\"170\" height=\"181\">&nbsp; &nbsp; &nbsp; &nbsp;<img loading=\"lazy\" decoding=\"async\" class=\"\" src=\"https:\/\/blogsaverroes.juntadeandalucia.es\/eeigeneralife\/wp-content\/uploads\/sites\/3833\/nggallery\/el-centro\/IMG-20260320-WA0002-1.jpg?i=707114045\" alt=\"IMG20260320WA00021jpg\" width=\"243\" height=\"183\"><\/p>\n<h5><a href=\"https:\/\/www.juntadeandalucia.es\/eboja\/2025\/151\/BOJA25-151-00012-11064-01_00324662.pdf\">https:\/\/www.juntadeandalucia.es\/eboja\/2025\/151\/BOJA25-151-00012-11064-01_00324662.pdf<\/a><\/h5>\n<p>&nbsp;<\/p>\n<p><strong><span style=\"color: #99cc00\">&nbsp; &nbsp; &nbsp; &nbsp; &nbsp; &nbsp; &nbsp; &nbsp; &nbsp; <span style=\"color: #0000ff\"><img loading=\"lazy\" decoding=\"async\" class=\"\" src=\"https:\/\/blogsaverroes.juntadeandalucia.es\/eeigeneralife\/wp-content\/uploads\/sites\/3833\/nggallery\/dia-de\/20250604_134520.jpg?i=544299689\" alt=\"20250604134520jpg\" width=\"374\" height=\"179\">&nbsp; &nbsp; &nbsp; &nbsp; &nbsp; <img loading=\"lazy\" decoding=\"async\" class=\"\" src=\"https:\/\/blogsaverroes.juntadeandalucia.es\/eeigeneralife\/wp-content\/uploads\/sites\/3833\/nggallery\/dia-de\/20250604_134816.jpg?i=1429683132\" alt=\"20250604134816jpg\" width=\"294\" height=\"198\"><\/span><\/span><\/strong><\/p>\n<p><a href=\"https:\/\/www.juntadeandalucia.es\/educacion\/eaprendizaje\/tde\/\">https:\/\/www.juntadeandalucia.es\/educacion\/eaprendizaje\/tde\/<\/a><\/p>\n<p>&nbsp;<\/p>\n<h3 style=\"text-align: center\"><span style=\"color: #99cc00\">ALDEA (Recapacicla y Huerto escolar)<\/span><\/h3>\n<h4 style=\"text-align: center\"><span style=\"color: #333399\"><em><strong>Red Andaluza de Ecoescuelas<\/strong><\/em><\/span><\/h4>\n<h3><span style=\"color: #ff0000\">CURSO 2025-26<\/span>&nbsp; &nbsp; &nbsp; &nbsp; &nbsp;&nbsp;<\/h3>\n<h2>&nbsp; <img loading=\"lazy\" decoding=\"async\" class=\"\" src=\"https:\/\/blogsaverroes.juntadeandalucia.es\/eeigeneralife\/wp-content\/uploads\/sites\/797\/nggallery\/el-centro\/IMG-20251112-WA0030.jpg?i=277883450\" alt=\"IMG20251112WA0030jpg\" width=\"348\" height=\"211\">&nbsp; &nbsp; <img loading=\"lazy\" decoding=\"async\" class=\"\" src=\"https:\/\/blogsaverroes.juntadeandalucia.es\/eeigeneralife\/wp-content\/uploads\/sites\/797\/nggallery\/el-centro\/IMG-20251112-WA0019.jpg?i=666793226\" alt=\"IMG20251112WA0019jpg\" width=\"119\" height=\"218\">&nbsp; SEMBRAR HABAS<\/h2>\n<h2>&nbsp; &nbsp; &nbsp; <img loading=\"lazy\" decoding=\"async\" class=\"\" src=\"https:\/\/blogsaverroes.juntadeandalucia.es\/eeigeneralife\/wp-content\/uploads\/sites\/797\/nggallery\/el-centro\/IMG-20251112-WA0024.jpg?i=659327907\" alt=\"IMG20251112WA0024jpg\" width=\"157\" height=\"268\">&nbsp; &nbsp; &nbsp; <img loading=\"lazy\" decoding=\"async\" class=\"\" src=\"https:\/\/blogsaverroes.juntadeandalucia.es\/eeigeneralife\/wp-content\/uploads\/sites\/797\/nggallery\/el-centro\/IMG-20251112-WA0011.jpg?i=1864724164\" alt=\"IMG20251112WA0011jpg\" width=\"291\" height=\"164\">&nbsp; &nbsp;&nbsp; <img loading=\"lazy\" decoding=\"async\" class=\"\" src=\"https:\/\/blogsaverroes.juntadeandalucia.es\/eeigeneralife\/wp-content\/uploads\/sites\/797\/nggallery\/el-centro\/IMG-20251112-WA0026.jpg?i=878272432\" alt=\"IMG20251112WA0026jpg\" width=\"119\" height=\"250\"><\/h2>\n<h2>&nbsp; &nbsp; &nbsp; &nbsp; &nbsp; &nbsp; &nbsp; &nbsp; <img loading=\"lazy\" decoding=\"async\" class=\"\" src=\"https:\/\/blogsaverroes.juntadeandalucia.es\/eeigeneralife\/wp-content\/uploads\/sites\/797\/nggallery\/el-centro\/IMG-20251112-WA0023.jpg?i=660910417\" alt=\"IMG20251112WA0023jpg\" width=\"145\" height=\"203\">&nbsp; &nbsp; &nbsp;<img loading=\"lazy\" decoding=\"async\" class=\"\" src=\"https:\/\/blogsaverroes.juntadeandalucia.es\/eeigeneralife\/wp-content\/uploads\/sites\/797\/nggallery\/el-centro\/IMG-20251112-WA0012.jpg?i=503393954\" alt=\"IMG20251112WA0012jpg\" width=\"117\" height=\"189\">&nbsp; &nbsp; &nbsp;<img loading=\"lazy\" decoding=\"async\" class=\"\" src=\"https:\/\/blogsaverroes.juntadeandalucia.es\/eeigeneralife\/wp-content\/uploads\/sites\/797\/nggallery\/el-centro\/IMG-20251112-WA0021.jpg?i=1418929885\" alt=\"IMG20251112WA0021jpg\" width=\"119\" height=\"201\">&nbsp; &nbsp; &nbsp; &nbsp;<\/h2>\n<h2>&nbsp; &nbsp; &nbsp; &nbsp; &nbsp; &nbsp; &nbsp; &nbsp; &nbsp; &nbsp; &nbsp; <img loading=\"lazy\" decoding=\"async\" class=\"\" src=\"https:\/\/blogsaverroes.juntadeandalucia.es\/eeigeneralife\/wp-content\/uploads\/sites\/3833\/nggallery\/el-centro\/IMG-20260313-WA0009.jpg?i=1751409003\" alt=\"IMG20260313WA0009jpg\" width=\"322\" height=\"430\">&nbsp;&nbsp;<\/h2>\n<p>&nbsp;<\/p>\n<h4>&nbsp; &nbsp; &nbsp; &nbsp; &nbsp; &nbsp; &nbsp; &nbsp; &nbsp; &nbsp; &nbsp; &nbsp; &nbsp; &nbsp; &nbsp; &nbsp;&nbsp;<em><strong><span style=\"color: #0000ff\"> RECAPACICLA&nbsp;<\/span><\/strong><\/em> &nbsp; &nbsp;<\/h4>\n<p>&nbsp; &nbsp; &nbsp; &nbsp; &nbsp; &nbsp; &nbsp;<img loading=\"lazy\" decoding=\"async\" class=\"\" src=\"https:\/\/blogsaverroes.juntadeandalucia.es\/eeigeneralife\/wp-content\/uploads\/sites\/797\/nggallery\/el-centro\/IMG-20260114-WA0012.jpg?i=1708600757\" alt=\"IMG20260114WA0012jpg\" width=\"281\" height=\"211\">&nbsp; &nbsp; &nbsp; &nbsp; &nbsp; &nbsp; &nbsp;<img loading=\"lazy\" decoding=\"async\" class=\"\" src=\"https:\/\/blogsaverroes.juntadeandalucia.es\/eeigeneralife\/wp-content\/uploads\/sites\/797\/nggallery\/el-centro\/IMG-20260114-WA0013.jpg?i=80296859\" alt=\"IMG20260114WA0013jpg\" width=\"282\" height=\"211\">&nbsp; &nbsp; &nbsp; &nbsp;&nbsp;<\/p>\n<p>&nbsp; &nbsp; &nbsp; &nbsp; &nbsp; &nbsp; &nbsp; &nbsp; &nbsp; &nbsp; &nbsp; &nbsp; &nbsp; &nbsp; &nbsp; &nbsp; &nbsp; &nbsp; &nbsp; &nbsp; &nbsp; &nbsp; &nbsp; &nbsp; &nbsp; &nbsp; &nbsp; &nbsp; &nbsp; <img loading=\"lazy\" decoding=\"async\" class=\"\" src=\"https:\/\/blogsaverroes.juntadeandalucia.es\/eeigeneralife\/wp-content\/uploads\/sites\/797\/nggallery\/el-centro\/IMG-20260114-WA0016.jpg?i=1591623918\" alt=\"IMG20260114WA0016jpg\" width=\"178\" height=\"238\"><\/p>\n<p>&nbsp; &nbsp; &nbsp; &nbsp; &nbsp; &nbsp; &nbsp; &nbsp; &nbsp; <img loading=\"lazy\" decoding=\"async\" class=\"\" src=\"https:\/\/blogsaverroes.juntadeandalucia.es\/eeigeneralife\/wp-content\/uploads\/sites\/797\/nggallery\/el-centro\/IMG-20260114-WA0014.jpg?i=506080487\" alt=\"IMG20260114WA0014jpg\" width=\"274\" height=\"206\">&nbsp; &nbsp; &nbsp; &nbsp; &nbsp; &nbsp; &nbsp;<img loading=\"lazy\" decoding=\"async\" class=\"\" src=\"https:\/\/blogsaverroes.juntadeandalucia.es\/eeigeneralife\/wp-content\/uploads\/sites\/797\/nggallery\/el-centro\/IMG-20260114-WA0015.jpg?i=270377961\" alt=\"IMG20260114WA0015jpg\" width=\"276\" height=\"207\"><\/p>\n<p>&nbsp; &nbsp; &nbsp; &nbsp; &nbsp; &nbsp; &nbsp; &nbsp; &nbsp; &nbsp; &nbsp; &nbsp; <img loading=\"lazy\" decoding=\"async\" class=\"\" src=\"https:\/\/blogsaverroes.juntadeandalucia.es\/eeigeneralife\/wp-content\/uploads\/sites\/3833\/nggallery\/el-centro\/IMG-20260316-WA0016.jpg?i=293570361\" alt=\"IMG20260316WA0016jpg\" width=\"566\" height=\"392\"><\/p>\n<h3 style=\"text-align: center\"><span style=\"color: #ff6600\">H\u00c1BITOS DE VIDA SALUDABLE (Educaci\u00f3n vial y Creciendo en salud)<\/span><\/h3>\n<h4 style=\"text-align: center\">&nbsp; &nbsp; &nbsp; &nbsp; &nbsp; &nbsp; &nbsp; &nbsp; <span style=\"color: #003300\"><em><strong>&nbsp;Programa escolar de consumo de frutas, hortalizas y leche<\/strong><\/em><\/span><\/h4>\n<p>&nbsp; &nbsp; &nbsp; &nbsp; &nbsp; &nbsp; &nbsp; &nbsp; &nbsp; <img loading=\"lazy\" decoding=\"async\" class=\"\" src=\"https:\/\/blogsaverroes.juntadeandalucia.es\/eeigeneralife\/wp-content\/uploads\/sites\/3833\/nggallery\/dia-de\/IMG-20250603-WA0004.jpg?i=1828265862\" alt=\"IMG20250603WA0004jpg\" width=\"294\" height=\"131\"> &nbsp; &nbsp; &nbsp; &nbsp; <img loading=\"lazy\" decoding=\"async\" class=\"\" src=\"https:\/\/blogsaverroes.juntadeandalucia.es\/eeigeneralife\/wp-content\/uploads\/sites\/3833\/nggallery\/dia-de\/IMG-20250603-WA0005.jpg?i=489030360\" alt=\"IMG20250603WA0005jpg\" width=\"279\" height=\"228\">&nbsp; &nbsp; &nbsp;<\/p>\n<p>&nbsp; &nbsp; &nbsp; &nbsp; &nbsp;<img loading=\"lazy\" decoding=\"async\" class=\"\" src=\"https:\/\/blogsaverroes.juntadeandalucia.es\/eeigeneralife\/wp-content\/uploads\/sites\/3833\/nggallery\/el-centro\/1_20260205_112255.jpg?i=826932780\" alt=\"120260205112255jpg\" width=\"161\" height=\"231\">&nbsp; &nbsp; &nbsp; &nbsp; &nbsp; &nbsp; &nbsp; <img loading=\"lazy\" decoding=\"async\" class=\"\" src=\"https:\/\/blogsaverroes.juntadeandalucia.es\/eeigeneralife\/wp-content\/uploads\/sites\/3833\/nggallery\/el-centro\/20260205_112311.jpg?i=1641783231\" alt=\"20260205112311jpg\" width=\"163\" height=\"230\">&nbsp; &nbsp; &nbsp; &nbsp; &nbsp; &nbsp; &nbsp;<img loading=\"lazy\" decoding=\"async\" class=\"\" src=\"https:\/\/blogsaverroes.juntadeandalucia.es\/eeigeneralife\/wp-content\/uploads\/sites\/3833\/nggallery\/el-centro\/20260313_144905.jpg?i=1690683834\" alt=\"20260313144905jpg\" width=\"170\" height=\"233\">&nbsp; &nbsp;<\/p>\n<p><span style=\"color: #00ffff\"><strong><span style=\"color: #ff0000\">&nbsp; &nbsp; &nbsp; &nbsp; &nbsp; &nbsp; &nbsp; &nbsp; &nbsp; &nbsp; &nbsp; &nbsp; &nbsp; &nbsp; &nbsp; &nbsp; &nbsp; &nbsp; &nbsp; &nbsp; &nbsp; &nbsp; &nbsp; &nbsp; &nbsp; &nbsp; &nbsp;<\/span><\/strong><\/span><\/p>\n<p><span style=\"color: #00ffff\"><strong><span style=\"color: #ff0000\">&nbsp; &nbsp; &nbsp; &nbsp; &nbsp; &nbsp; &nbsp; &nbsp; &nbsp; &nbsp; &nbsp; &nbsp; &nbsp; &nbsp; &nbsp; &nbsp; &nbsp; &nbsp; &nbsp; &nbsp; &nbsp; &nbsp; &nbsp; &nbsp;Red Andaluza Escuela: ESPACIO DE PAZ<\/span><\/strong><\/span><\/p>\n<p>&nbsp; &nbsp; &nbsp; &nbsp; &nbsp; &nbsp; &nbsp; &nbsp; &nbsp; &nbsp; &nbsp; &nbsp; &nbsp; &nbsp; &nbsp; &nbsp; &nbsp; &nbsp; &nbsp;&nbsp;&nbsp; &nbsp; &nbsp; &nbsp; &nbsp; &nbsp; &nbsp; &nbsp; &nbsp; &nbsp; &nbsp; &nbsp; &nbsp; &nbsp;&nbsp;<\/p>\n<p>&nbsp; &nbsp; &nbsp; &nbsp; &nbsp; &nbsp; &nbsp; &nbsp; &nbsp; <img loading=\"lazy\" decoding=\"async\" class=\"\" src=\"https:\/\/blogsaverroes.juntadeandalucia.es\/eeigeneralife\/wp-content\/uploads\/sites\/3833\/nggallery\/el-centro\/20260130_120938.jpg?i=264758700\" alt=\"20260130120938jpg\" width=\"213\" height=\"284\">&nbsp; &nbsp; &nbsp; &nbsp;<img loading=\"lazy\" decoding=\"async\" class=\"\" src=\"https:\/\/blogsaverroes.juntadeandalucia.es\/eeigeneralife\/wp-content\/uploads\/sites\/3833\/nggallery\/el-centro\/20260130_123701.jpg?i=1544714652\" alt=\"20260130123701jpg\" width=\"461\" height=\"285\"><\/p>\n<p>&nbsp;<\/p>\n<p><a href=\"https:\/\/www.juntadeandalucia.es\/sites\/default\/files\/2023-11\/Plan%20Estrat%C3%A9gico%20de%20salud%20de%20la%20infancia%20y%20la%20adolescencia%202023-2027.pdf\">https:\/\/www.juntadeandalucia.es\/sites\/default\/files\/2023-11\/Plan%20Estrat%C3%A9gico%20de%20salud%20de%20la%20infancia%20y%20la%20adolescencia%202023-2027.pdf<\/a><\/p>\n<p>&nbsp;<\/p>\n<p><span style=\"color: #993300\"><strong>&nbsp; &nbsp; &nbsp; &nbsp; &nbsp; &nbsp; &nbsp; &nbsp; &nbsp; &nbsp; &nbsp; &nbsp; &nbsp; &nbsp; &nbsp; &nbsp; &nbsp; &nbsp; &nbsp; &nbsp; &nbsp; &nbsp; &nbsp; &nbsp; &nbsp; &nbsp; &nbsp; &nbsp; &nbsp; &nbsp; &nbsp; &nbsp; &nbsp; PROGRAMA \u00abM\u00c1S EQUIDAD\u00bb<\/strong><\/span><\/p>\n<p style=\"text-align: left\">&nbsp; &nbsp; &nbsp; &nbsp; &nbsp; &nbsp; &nbsp; &nbsp; &nbsp; &nbsp; &nbsp; <strong><span style=\"color: #ff0000\">AULA MULTISENSORIAL<\/span><\/strong><\/p>\n<p>&nbsp; &nbsp; &nbsp; &nbsp; &nbsp; <img loading=\"lazy\" decoding=\"async\" class=\"\" src=\"https:\/\/blogsaverroes.juntadeandalucia.es\/eeigeneralife\/wp-content\/uploads\/sites\/3833\/nggallery\/dia-de\/20250602_152831.jpg?i=1814720983\" alt=\"20250602152831jpg\" width=\"198\" height=\"281\">&nbsp; &nbsp; &nbsp; &nbsp; &nbsp; &nbsp; &nbsp; &nbsp; &nbsp; &nbsp; &nbsp; &nbsp; <img loading=\"lazy\" decoding=\"async\" class=\"\" src=\"https:\/\/blogsaverroes.juntadeandalucia.es\/eeigeneralife\/wp-content\/uploads\/sites\/3833\/nggallery\/dia-de\/20250602_152622.jpg?i=685889253\" alt=\"20250602152622jpg\" width=\"150\" height=\"216\"> MESA DE LUZ&nbsp; &nbsp; &nbsp; &nbsp;<\/p>\n<p>&nbsp; &nbsp; &nbsp; &nbsp; <img loading=\"lazy\" decoding=\"async\" class=\"\" src=\"https:\/\/blogsaverroes.juntadeandalucia.es\/eeigeneralife\/wp-content\/uploads\/sites\/3833\/nggallery\/dia-de\/20250602_152641.jpg?i=174437281\" alt=\"20250602152641jpg\" width=\"206\" height=\"223\">&nbsp; &nbsp; &nbsp;MESA SENSORIAL&nbsp; &nbsp; &nbsp;<img loading=\"lazy\" decoding=\"async\" class=\"\" src=\"https:\/\/blogsaverroes.juntadeandalucia.es\/eeigeneralife\/wp-content\/uploads\/sites\/3833\/nggallery\/dia-de\/20250602_152650.jpg?i=707119753\" alt=\"20250602152650jpg\" width=\"358\" height=\"221\"><\/p>\n<p>&nbsp;<\/p>\n<p><img loading=\"lazy\" decoding=\"async\" class=\"\" src=\"https:\/\/blogsaverroes.juntadeandalucia.es\/eeigeneralife\/wp-content\/uploads\/sites\/3833\/nggallery\/dia-de\/20250602_152714.jpg?i=317695875\" alt=\"20250602152714jpg\" width=\"459\" height=\"152\"> MATERIAL MANIPULATIVO<\/p>\n<p><a href=\"https:\/\/www.juntadeandalucia.es\/educacion\/portales\/web\/normativa\/w\/resolucion-de-7-de-junio-de-2024-por-la-que-se-establece-la-convocatoria-la-organizacion-y-el-funcionamiento-del-programa-mas-equidad-en-los-centros-docentes-publicos-para-el-curso-2024\/2025\">https:\/\/www.juntadeandalucia.es\/educacion\/portales\/web\/normativa\/w\/resolucion-de-7-de-junio-de-2024-por-la-que-se-establece-la-convocatoria-la-organizacion-y-el-funcionamiento-del-programa-mas-equidad-en-los-centros-docentes-publicos-para-el-curso-2024\/2025<\/a><\/p>\n<p><a href=\"https:\/\/www.juntadeandalucia.es\/educacion\/portales\/documents\/270701\/910112\/Resolucion_convocatoria_Mas_Equidad_24_25_F.pdf\/19050c6a-2432-80d4-88cd-f0c4a0b75ca2?version=1.1\">https:\/\/www.juntadeandalucia.es\/educacion\/portales\/documents\/270701\/910112\/Resolucion_convocatoria_Mas_Equidad_24_25_F.pdf\/19050c6a-2432-80d4-88cd-f0c4a0b75ca2?version=1.1<\/a><\/p>\n<p>&nbsp;<\/p>\n<p>&nbsp; &nbsp; &nbsp; &nbsp; &nbsp; &nbsp; &nbsp; &nbsp; &nbsp; &nbsp; &nbsp; &nbsp; &nbsp; &nbsp; &nbsp; &nbsp; &nbsp; &nbsp; &nbsp; &nbsp; &nbsp; &nbsp; &nbsp; &nbsp; &nbsp; &nbsp; &nbsp; &nbsp; &nbsp; &nbsp; &nbsp; &nbsp; &nbsp; &nbsp; &nbsp; &nbsp; &nbsp; &nbsp; &nbsp; <span style=\"color: #333399\"><strong>&nbsp; &nbsp; &nbsp;<span style=\"color: #0000ff\">&nbsp;<\/span><\/strong><\/span><\/p>\n<p>&nbsp;<\/p>\n<p>&nbsp; &nbsp; &nbsp; &nbsp; &nbsp; &nbsp; &nbsp; &nbsp; &nbsp; &nbsp; &nbsp; &nbsp; &nbsp; &nbsp; &nbsp; &nbsp;&nbsp;<\/p>\n<p>&nbsp;<\/p>\n<p>&nbsp;<\/p>\n<p>&nbsp;<\/p>\n","protected":false},"excerpt":{"rendered":"<p>https:\/\/www.juntadeandalucia.es\/educacion\/eaprendizaje\/ &nbsp; La E.I. Generalife lleva a cabo los siguientes Planes y Programas educativos: PLAN DE IGUALDAD DE G\u00c9NERO EN EDUCACI\u00d3N Prevenci\u00f3n de la violencia de g\u00e9nero https:\/\/view.genial.ly\/57b87b245e34d612c4d56b75\/interactive-content-iiplanigualdad &nbsp; &nbsp; &nbsp; &nbsp; &nbsp; &nbsp;&#46;&#46;&#46;<\/p>\n","protected":false},"author":1,"featured_media":0,"parent":0,"menu_order":0,"comment_status":"closed","ping_status":"closed","template":"","meta":{"ngg_post_thumbnail":0,"footnotes":"","_mc_calendar":[]},"aioseo_notices":[],"_links":{"self":[{"href":"https:\/\/blogsaverroes.juntadeandalucia.es\/eeigeneralife\/wp-json\/wp\/v2\/pages\/44"}],"collection":[{"href":"https:\/\/blogsaverroes.juntadeandalucia.es\/eeigeneralife\/wp-json\/wp\/v2\/pages"}],"about":[{"href":"https:\/\/blogsaverroes.juntadeandalucia.es\/eeigeneralife\/wp-json\/wp\/v2\/types\/page"}],"author":[{"embeddable":true,"href":"https:\/\/blogsaverroes.juntadeandalucia.es\/eeigeneralife\/wp-json\/wp\/v2\/users\/1"}],"replies":[{"embeddable":true,"href":"https:\/\/blogsaverroes.juntadeandalucia.es\/eeigeneralife\/wp-json\/wp\/v2\/comments?post=44"}],"version-history":[{"count":115,"href":"https:\/\/blogsaverroes.juntadeandalucia.es\/eeigeneralife\/wp-json\/wp\/v2\/pages\/44\/revisions"}],"predecessor-version":[{"id":3880,"href":"https:\/\/blogsaverroes.juntadeandalucia.es\/eeigeneralife\/wp-json\/wp\/v2\/pages\/44\/revisions\/3880"}],"wp:attachment":[{"href":"https:\/\/blogsaverroes.juntadeandalucia.es\/eeigeneralife\/wp-json\/wp\/v2\/media?parent=44"}],"curies":[{"name":"wp","href":"https:\/\/api.w.org\/{rel}","templated":true}]}}