{"id":49,"date":"2021-06-13T08:47:05","date_gmt":"2021-06-13T08:47:05","guid":{"rendered":"http:\/\/blogsaverroes.juntadeandalucia.es\/pre\/ceip\/?page_id=49"},"modified":"2026-01-06T22:40:36","modified_gmt":"2026-01-06T22:40:36","slug":"proyecto-educativo","status":"publish","type":"page","link":"https:\/\/blogsaverroes.juntadeandalucia.es\/eeigeneralife\/proyecto-educativo\/","title":{"rendered":"Proyecto Educativo"},"content":{"rendered":"<p><img loading=\"lazy\" decoding=\"async\" class=\"alignnone size-medium wp-image-1662\" src=\"https:\/\/blogsaverroes.juntadeandalucia.es\/eeigeneralife\/files\/2015\/03\/proyecto-300x266.png\" alt=\"proyecto\" width=\"300\" height=\"266\" srcset=\"https:\/\/blogsaverroes.juntadeandalucia.es\/eeigeneralife\/files\/2015\/03\/proyecto-300x266.png 300w, https:\/\/blogsaverroes.juntadeandalucia.es\/eeigeneralife\/files\/2015\/03\/proyecto.png 640w\" sizes=\"(max-width: 300px) 100vw, 300px\" \/><\/p>\n<p>&nbsp;<\/p>\n<p>El Proyecto educativo de la Escuela de Educaci\u00f3n Infantil \u201cGeneralife\u201d (ateni\u00e9ndonos al Art\u00edculo 21. Decreto 328\/2010 de 13 julio) es el instrumento para la planificaci\u00f3n, que constituye las se\u00f1as de identidad de nuestro Centro, y expresa la educaci\u00f3n que deseamos desarrollar en unas condiciones concretas. Establece el marco de referencia global y los planteamientos educativos de car\u00e1cter general que definen y distinguen a nuestro Centro, adapta el curr\u00edculo establecido en propuestas globales de intervenci\u00f3n did\u00e1ctica adecuada a nuestro contexto espec\u00edfico y expresa la estructura organizativa de la Escuela, formula los valores a trav\u00e9s de los cuales alcanzaremos las finalidades educativas que pretendemos conseguir, con el fin de dotar de coherencia y personalidad propia al Centro.<\/p>\n<p><strong><span style=\"color: #00ccff\">C<em>omo especificamos en el Proyecto de Direcci\u00f3n pretendemos que el Centro sea:<\/em> <\/span><\/strong><\/p>\n<p>\u2022 Una escuela con una identidad propia (dentro del marco de la escuela p\u00fablica).<\/p>\n<p>\u2022 Una escuela de calidad en su organizaci\u00f3n y eficacia.<\/p>\n<p>\u2022 Una escuela comprometida con la sociedad.<\/p>\n<p>\u2022 Una escuela donde los alumnos\/as est\u00e9n protegidos y acompa\u00f1ados.<\/p>\n<p>\u2022 Una escuela donde los padres y madres participen y sean escuchados.<\/p>\n<p>\u2022 Una escuela que promueva un ambiente familiar.<\/p>\n<p>\u2022 Una escuela que cultive la formaci\u00f3n en valores.<\/p>\n<p>\u2022 Una escuela que ense\u00f1e a cuidar y respetar el medioambiente ( a trav\u00e9s huerto escolar, el reciclado).<\/p>\n<p>\u2022 Una escuela que preste especial atenci\u00f3n a la diversidad (NEAE)<\/p>\n<p>\u2022 Una escuela donde todos\/as tienen cabida independientemente de su diversidad funcional, raza, religi\u00f3n o sexo.<\/p>\n<p>\u2022 Una escuela solidaria con todos y en especial con los m\u00e1s desfavorecidos.<\/p>\n<p>\u2022 Un lugar de aut\u00e9ntico aprendizaje, donde el estilo de aprendizaje sea personalizado centrado en la persona, en su ser, saber estar y saber hacer.<\/p>\n<p>\u2022 Una escuela donde existan buenas relaciones personales.<\/p>\n<p>\u2022 Una escuela donde se desarrolle una din\u00e1mica de trabajo en equipo.<\/p>\n<p>\u2022 Queremos un centro participativo.<\/p>\n<p>\u2022 Queremos un centro abierto al entorno<\/p>\n<p>\u2022 Una escuela cuyo proyecto se apoye en los principios b\u00e1sicos de la educaci\u00f3n: equidad, calidad, interculturalidad, democracia, \u00e9tica, inclusi\u00f3n, conciencia ambiental, creatividad, innovaci\u00f3n, motivaci\u00f3n, responsabilidad, \u2026<\/p>\n<h4><strong><span style=\"color: #0000ff\">PLAN DE CENTRO 25-26<\/span><\/strong><\/h4>\n<p><a href=\"https:\/\/drive.google.com\/file\/d\/1JqPeT9uYYEoh1Vj0CdxV-oHcO29kBNAj\/view?usp=sharing\">https:\/\/drive.google.com\/file\/d\/1JqPeT9uYYEoh1Vj0CdxV-oHcO29kBNAj\/view?usp=sharing<\/a><\/p>\n<p>&nbsp;<\/p>\n","protected":false},"excerpt":{"rendered":"<p>&nbsp; El Proyecto educativo de la Escuela de Educaci\u00f3n Infantil \u201cGeneralife\u201d (ateni\u00e9ndonos al Art\u00edculo 21. Decreto 328\/2010 de 13 julio) es el instrumento para la planificaci\u00f3n, que constituye las se\u00f1as de identidad de nuestro&#46;&#46;&#46;<\/p>\n","protected":false},"author":1,"featured_media":0,"parent":0,"menu_order":0,"comment_status":"closed","ping_status":"open","template":"","meta":{"ngg_post_thumbnail":0,"footnotes":"","_mc_calendar":[]},"aioseo_notices":[],"_links":{"self":[{"href":"https:\/\/blogsaverroes.juntadeandalucia.es\/eeigeneralife\/wp-json\/wp\/v2\/pages\/49"}],"collection":[{"href":"https:\/\/blogsaverroes.juntadeandalucia.es\/eeigeneralife\/wp-json\/wp\/v2\/pages"}],"about":[{"href":"https:\/\/blogsaverroes.juntadeandalucia.es\/eeigeneralife\/wp-json\/wp\/v2\/types\/page"}],"author":[{"embeddable":true,"href":"https:\/\/blogsaverroes.juntadeandalucia.es\/eeigeneralife\/wp-json\/wp\/v2\/users\/1"}],"replies":[{"embeddable":true,"href":"https:\/\/blogsaverroes.juntadeandalucia.es\/eeigeneralife\/wp-json\/wp\/v2\/comments?post=49"}],"version-history":[{"count":18,"href":"https:\/\/blogsaverroes.juntadeandalucia.es\/eeigeneralife\/wp-json\/wp\/v2\/pages\/49\/revisions"}],"predecessor-version":[{"id":3638,"href":"https:\/\/blogsaverroes.juntadeandalucia.es\/eeigeneralife\/wp-json\/wp\/v2\/pages\/49\/revisions\/3638"}],"wp:attachment":[{"href":"https:\/\/blogsaverroes.juntadeandalucia.es\/eeigeneralife\/wp-json\/wp\/v2\/media?parent=49"}],"curies":[{"name":"wp","href":"https:\/\/api.w.org\/{rel}","templated":true}]}}