{"id":80,"date":"2021-06-22T06:57:36","date_gmt":"2021-06-22T06:57:36","guid":{"rendered":"http:\/\/blogsaverroes.juntadeandalucia.es\/pre\/ceip\/?page_id=80"},"modified":"2025-09-23T22:20:48","modified_gmt":"2025-09-23T22:20:48","slug":"curso-escolar","status":"publish","type":"page","link":"https:\/\/blogsaverroes.juntadeandalucia.es\/eeigeneralife\/curso-escolar\/","title":{"rendered":"Curso escolar"},"content":{"rendered":"<p style=\"text-align: center\"><span style=\"color: #0000ff\"><strong>CURSO ESCOLAR 2025-2026<\/strong><\/span><\/p>\n<p>&nbsp;<\/p>\n<p style=\"text-align: justify\">Bienvenid@s a un nuevo curso escolar, lleno de nuevas experiencias, cargado de alegr\u00edas, emoci\u00f3n por aprender a trav\u00e9s de actividades cargadas de juego, diversi\u00f3n y buenos momentos.<\/p>\n<p>El Equipo del centro llega cargado de energ\u00eda de la buena para disfrutar de un buen curso.<\/p>\n<p>La Comunidad Educativa desea que disfrut\u00e9is de esta nueva etapa escolar.&nbsp;<\/p>\n<p><strong>&nbsp; &nbsp; &nbsp; &nbsp; &nbsp; &nbsp; &nbsp; &nbsp; &nbsp; &nbsp; &nbsp; &nbsp;\u00a1\u00a1BUEN CURSO!!<\/strong><\/p>\n<p>&nbsp; &nbsp; &nbsp; &nbsp; &nbsp; &nbsp; &nbsp; &nbsp; &nbsp; &nbsp; &nbsp; &nbsp; &nbsp; &nbsp; &nbsp; &nbsp; &nbsp; &nbsp; &nbsp; &nbsp;<\/p>\n<p>&nbsp; &nbsp; &nbsp; &nbsp; &nbsp; &nbsp; &nbsp; &nbsp; &nbsp; &nbsp; &nbsp; &nbsp; &nbsp; &nbsp;&nbsp;<\/p>\n<p>&nbsp;<\/p>\n","protected":false},"excerpt":{"rendered":"<p>CURSO ESCOLAR 2025-2026 &nbsp; Bienvenid@s a un nuevo curso escolar, lleno de nuevas experiencias, cargado de alegr\u00edas, emoci\u00f3n por aprender a trav\u00e9s de actividades cargadas de juego, diversi\u00f3n y buenos momentos. El Equipo del&#46;&#46;&#46;<\/p>\n","protected":false},"author":1,"featured_media":0,"parent":0,"menu_order":0,"comment_status":"closed","ping_status":"open","template":"","meta":{"ngg_post_thumbnail":0,"footnotes":"","_mc_calendar":[]},"aioseo_notices":[],"_links":{"self":[{"href":"https:\/\/blogsaverroes.juntadeandalucia.es\/eeigeneralife\/wp-json\/wp\/v2\/pages\/80"}],"collection":[{"href":"https:\/\/blogsaverroes.juntadeandalucia.es\/eeigeneralife\/wp-json\/wp\/v2\/pages"}],"about":[{"href":"https:\/\/blogsaverroes.juntadeandalucia.es\/eeigeneralife\/wp-json\/wp\/v2\/types\/page"}],"author":[{"embeddable":true,"href":"https:\/\/blogsaverroes.juntadeandalucia.es\/eeigeneralife\/wp-json\/wp\/v2\/users\/1"}],"replies":[{"embeddable":true,"href":"https:\/\/blogsaverroes.juntadeandalucia.es\/eeigeneralife\/wp-json\/wp\/v2\/comments?post=80"}],"version-history":[{"count":10,"href":"https:\/\/blogsaverroes.juntadeandalucia.es\/eeigeneralife\/wp-json\/wp\/v2\/pages\/80\/revisions"}],"predecessor-version":[{"id":3399,"href":"https:\/\/blogsaverroes.juntadeandalucia.es\/eeigeneralife\/wp-json\/wp\/v2\/pages\/80\/revisions\/3399"}],"wp:attachment":[{"href":"https:\/\/blogsaverroes.juntadeandalucia.es\/eeigeneralife\/wp-json\/wp\/v2\/media?parent=80"}],"curies":[{"name":"wp","href":"https:\/\/api.w.org\/{rel}","templated":true}]}}