{"id":870,"date":"2021-06-16T07:24:27","date_gmt":"2021-06-16T07:24:27","guid":{"rendered":"http:\/\/blogsaverroes.juntadeandalucia.es\/pre\/ceip\/?page_id=103"},"modified":"2025-09-25T20:00:08","modified_gmt":"2025-09-25T20:00:08","slug":"aula-matinal","status":"publish","type":"page","link":"https:\/\/blogsaverroes.juntadeandalucia.es\/eeigeneralife\/aula-matinal\/","title":{"rendered":"Aula Matinal"},"content":{"rendered":"<p>&nbsp;<\/p>\n<p>El <strong>Aula Matinal<\/strong> comienza&nbsp; a las 7.30 horas de lunes a viernes, ofreciendo actividades diversas a los alumnos\/as hasta el comienzo del horario lectivo.<\/p>\n<p>Puede utilizarse cualquier d\u00eda previa inscripci\u00f3n y domiciliaci\u00f3n bancaria.<\/p>\n<p>Desc\u00e1rguese aqu\u00ed el formulario, rell\u00e9nelo y env\u00edenoslo por email a 18009547.edu@juntadeandalucia.es&nbsp; o entr\u00e9guelo en la secretar\u00eda del Colegio.<\/p>\n<p><span style=\"color: #3366ff\"><em>Publicada la resoluci\u00f3n provisional de admitidos y suplentes en los servicios complementarios del centro, pueden consultarla en el Tabl\u00f3n de anuncios del centro.<\/em><\/span><\/p>\n<p><span style=\"color: #3366ff\"><strong>Plazo de alegaciones a la resoluci\u00f3n provisional del 16 al 29 de junio.<\/strong><\/span><\/p>\n<p>Publicaci\u00f3n de la lista definitiva de admitidos y suplentes 30 de junio 2024<\/p>\n<p>Solicitud servicios complementarios (Comedor, Aula Matinal y Actividades Extraescolares)<\/p>\n<p><a href=\"https:\/\/www.juntadeandalucia.es\/educacion\/portals\/delegate\/content\/6c4342f7-1581-4c26-bc7e-2e49b4b64cee\/Anexo%20II.-%20Servicio%20de%20Aula%20Matinal,%20Comedor%20Escolar%20y%20actividades%20Extraescolares\">https:\/\/www.juntadeandalucia.es\/educacion\/portals\/delegate\/content\/6c4342f7-1581-4c26-bc7e-2e49b4b64cee\/Anexo%20II.-%20Servicio%20de%20Aula%20Matinal,%20Comedor%20Escolar%20y%20actividades%20Extraescolares<\/a><\/p>\n<p>Solicitud de bonificaci\u00f3n de los servicios (Comedor, Aula Matinal y Actividades Extraescolares)&nbsp;<\/p>\n<p>Plazo para solicitar la bonificaci\u00f3n&nbsp;<\/p>\n<p><a href=\"https:\/\/www.juntadeandalucia.es\/educacion\/portals\/delegate\/content\/fcc8b9c5-53ad-46ca-9098-80d7b3c81097\/Anexo%20V.-%20Gratuidad\/bonificaci%C3%B3n%20del%20precio%20p%C3%BAblico%20por%20los%20servicios%20complementarios%20de%20Aula%20Matinal,%20Comedor%20Escolar%20y%20Actividades%20Extraescolares\">https:\/\/www.juntadeandalucia.es\/educacion\/portals\/delegate\/content\/fcc8b9c5-53ad-46ca-9098-80d7b3c81097\/Anexo%20V.-%20Gratuidad\/bonificaci%C3%B3n%20del%20precio%20p%C3%BAblico%20por%20los%20servicios%20complementarios%20de%20Aula%20Matinal,%20Comedor%20Escolar%20y%20Actividades%20Extraescolares<\/a><\/p>\n<p>&nbsp;<\/p>\n<p>&nbsp; &nbsp; &nbsp; &nbsp; &nbsp; &nbsp; &nbsp; &nbsp; &nbsp; &nbsp; &nbsp; &nbsp; &nbsp; &nbsp; &nbsp; &nbsp; &nbsp; &nbsp; &nbsp; &nbsp; &nbsp; &nbsp; &nbsp; &nbsp; &nbsp; &nbsp; &nbsp; &nbsp; &nbsp; &nbsp; &nbsp; &nbsp; &nbsp; <img loading=\"lazy\" decoding=\"async\" class=\"\" src=\"https:\/\/blogsaverroes.juntadeandalucia.es\/eeigeneralife\/wp-content\/uploads\/sites\/797\/nggallery\/el-centro\/20250623_120719.jpg?i=1402528289\" alt=\"20250623120719jpg\" width=\"365\" height=\"210\"><\/p>\n<p>&nbsp;<\/p>\n","protected":false},"excerpt":{"rendered":"<p>&nbsp; El Aula Matinal comienza&nbsp; a las 7.30 horas de lunes a viernes, ofreciendo actividades diversas a los alumnos\/as hasta el comienzo del horario lectivo. Puede utilizarse cualquier d\u00eda previa inscripci\u00f3n y domiciliaci\u00f3n bancaria.&#46;&#46;&#46;<\/p>\n","protected":false},"author":1,"featured_media":0,"parent":0,"menu_order":0,"comment_status":"closed","ping_status":"open","template":"","meta":{"ngg_post_thumbnail":0,"footnotes":"","_mc_calendar":[]},"aioseo_notices":[],"_links":{"self":[{"href":"https:\/\/blogsaverroes.juntadeandalucia.es\/eeigeneralife\/wp-json\/wp\/v2\/pages\/870"}],"collection":[{"href":"https:\/\/blogsaverroes.juntadeandalucia.es\/eeigeneralife\/wp-json\/wp\/v2\/pages"}],"about":[{"href":"https:\/\/blogsaverroes.juntadeandalucia.es\/eeigeneralife\/wp-json\/wp\/v2\/types\/page"}],"author":[{"embeddable":true,"href":"https:\/\/blogsaverroes.juntadeandalucia.es\/eeigeneralife\/wp-json\/wp\/v2\/users\/1"}],"replies":[{"embeddable":true,"href":"https:\/\/blogsaverroes.juntadeandalucia.es\/eeigeneralife\/wp-json\/wp\/v2\/comments?post=870"}],"version-history":[{"count":15,"href":"https:\/\/blogsaverroes.juntadeandalucia.es\/eeigeneralife\/wp-json\/wp\/v2\/pages\/870\/revisions"}],"predecessor-version":[{"id":3408,"href":"https:\/\/blogsaverroes.juntadeandalucia.es\/eeigeneralife\/wp-json\/wp\/v2\/pages\/870\/revisions\/3408"}],"wp:attachment":[{"href":"https:\/\/blogsaverroes.juntadeandalucia.es\/eeigeneralife\/wp-json\/wp\/v2\/media?parent=870"}],"curies":[{"name":"wp","href":"https:\/\/api.w.org\/{rel}","templated":true}]}}