{"id":35,"date":"2015-03-13T08:21:43","date_gmt":"2015-03-13T08:21:43","guid":{"rendered":"http:\/\/blogsaverroes.juntadeandalucia.es\/pre\/ceip\/?page_id=35"},"modified":"2025-10-05T09:33:38","modified_gmt":"2025-10-05T09:33:38","slug":"el-centro-2","status":"publish","type":"page","link":"https:\/\/blogsaverroes.juntadeandalucia.es\/eeigloriafuertesejido\/el-centro-2\/","title":{"rendered":"Datos del centro"},"content":{"rendered":"<h4><strong>Horarios<\/strong><\/h4>\n<p>Horario lectivo de 09:00 a 14:00 horas.<\/p>\n<p>Horario de atenci\u00f3n a las familias: Lunes, Mi\u00e9rcoles y Viernes de 9:00 &#8211; 10:30<\/p>\n<p>&nbsp;<\/p>\n<h4><strong>Datos del Centro<\/strong><\/h4>\n<p><strong>Direcci\u00f3n:<\/strong> &nbsp;Calle Par\u00eds n\u00ba13, El Ejido, Almer\u00eda 04700<\/p>\n<p><strong>Tel\u00e9fono: <\/strong>950156521<\/p>\n<p><strong>Tel\u00e9fono corporativo: <\/strong>790521<\/p>\n<p><strong>Email:<\/strong> 04005715.edu@juntadeandaluc\u00eda.es<\/p>\n<p>&nbsp;<\/p>\n<h4><strong>Oferta educativa<\/strong><\/h4>\n<p>Segundo ciclo de Educaci\u00f3n Infantil<\/p>\n<p>Tutor\u00edas:<\/p>\n<ul>\n<li>Tres y cuatro a\u00f1os: Leticia Rodr\u00edguez S\u00e1nchez<\/li>\n<li>Cinco a\u00f1os: Naiara Gayangos S\u00e1nchez<\/li>\n<li>Aula Espec\u00edfica de Educaci\u00f3n Especial: Mar Funes Esc\u00e1mez<\/li>\n<\/ul>\n<p>Maestro de Religi\u00f3n: Seydan Jos\u00e9 Bruque Abad<\/p>\n<p>Maestra de apoyo: Raquel Garc\u00eda Ruiz<\/p>\n<p>Maestra de Audici\u00f3n y Lenguaje: Maria del Mar Navarro L\u00f3pez<\/p>\n<p>Orientadora: Samantha Callej\u00f3n Romero<\/p>\n<p>PTIS: Elena Herrera Casas<\/p>\n<p>&nbsp;<\/p>\n<h4><strong>\u00bfC\u00f3mo llegar?<\/strong><\/h4>\n<p><iframe loading=\"lazy\" src=\"https:\/\/www.google.com\/maps\/embed?pb=!1m18!1m12!1m3!1d3196.1417378993838!2d-2.8020177847110443!3d36.76716707995542!2m3!1f0!2f0!3f0!3m2!1i1024!2i768!4f13.1!3m3!1m2!1s0xd7042c0fb30d2bd%3A0x6516b8b43d06f01!2zQ2FsbGUgUGFyw61zLCAwNDcwMCwgQWxtZXLDrWE!5e0!3m2!1ses!2ses!4v1605177964439!5m2!1ses!2ses\" width=\"600\" height=\"450\" frameborder=\"0\"><\/iframe><\/p>\n","protected":false},"excerpt":{"rendered":"<p>Horarios Horario lectivo de 09:00 a 14:00 horas. Horario de atenci\u00f3n a las familias: Lunes, Mi\u00e9rcoles y Viernes de 9:00 &#8211; 10:30 &nbsp; Datos del&hellip;<\/p>\n","protected":false},"author":1,"featured_media":0,"parent":0,"menu_order":0,"comment_status":"closed","ping_status":"open","template":"","meta":{"ngg_post_thumbnail":0,"footnotes":"","_mc_calendar":[]},"aioseo_notices":[],"_links":{"self":[{"href":"https:\/\/blogsaverroes.juntadeandalucia.es\/eeigloriafuertesejido\/wp-json\/wp\/v2\/pages\/35"}],"collection":[{"href":"https:\/\/blogsaverroes.juntadeandalucia.es\/eeigloriafuertesejido\/wp-json\/wp\/v2\/pages"}],"about":[{"href":"https:\/\/blogsaverroes.juntadeandalucia.es\/eeigloriafuertesejido\/wp-json\/wp\/v2\/types\/page"}],"author":[{"embeddable":true,"href":"https:\/\/blogsaverroes.juntadeandalucia.es\/eeigloriafuertesejido\/wp-json\/wp\/v2\/users\/1"}],"replies":[{"embeddable":true,"href":"https:\/\/blogsaverroes.juntadeandalucia.es\/eeigloriafuertesejido\/wp-json\/wp\/v2\/comments?post=35"}],"version-history":[{"count":35,"href":"https:\/\/blogsaverroes.juntadeandalucia.es\/eeigloriafuertesejido\/wp-json\/wp\/v2\/pages\/35\/revisions"}],"predecessor-version":[{"id":5958,"href":"https:\/\/blogsaverroes.juntadeandalucia.es\/eeigloriafuertesejido\/wp-json\/wp\/v2\/pages\/35\/revisions\/5958"}],"wp:attachment":[{"href":"https:\/\/blogsaverroes.juntadeandalucia.es\/eeigloriafuertesejido\/wp-json\/wp\/v2\/media?parent=35"}],"curies":[{"name":"wp","href":"https:\/\/api.w.org\/{rel}","templated":true}]}}