{"id":4274,"date":"2023-12-18T18:35:38","date_gmt":"2023-12-18T18:35:38","guid":{"rendered":"https:\/\/blogsaverroes.juntadeandalucia.es\/eeigloriafuertesejido\/?page_id=4274"},"modified":"2023-12-18T18:41:05","modified_gmt":"2023-12-18T18:41:05","slug":"ipasen","status":"publish","type":"page","link":"https:\/\/blogsaverroes.juntadeandalucia.es\/eeigloriafuertesejido\/ipasen\/","title":{"rendered":"Ipasen"},"content":{"rendered":"<p>Buenas familias,<\/p>\n<p>Para facilitaros la descarga y uso de la aplicaci\u00f3n de Ipasen hemos recopilado algunos tutoriales que os pueden servir de ayuda.<\/p>\n<ol>\n<li><a href=\"https:\/\/www.youtube.com\/watch?v=cHLova48ULE\">\u00bfC\u00f3mo descargar Ipasen?<\/a><\/li>\n<\/ol>\n<p>Si os sirve de utilidad, a la derecha de nuestro blog hemos a\u00f1adido un acceso directo para que os descargu\u00e9is la app, simplemente ten\u00e9is que pulsar sobre el enlace acorde al sistema operativo de vuestro m\u00f3vil.<\/p>\n<p><img loading=\"lazy\" decoding=\"async\" class=\"alignnone size-medium wp-image-4221\" src=\"https:\/\/blogsaverroes.juntadeandalucia.es\/eeigloriafuertesejido\/files\/2023\/12\/ipasen-appel-1-300x189.jpg\" alt=\"\" width=\"300\" height=\"189\" srcset=\"https:\/\/blogsaverroes.juntadeandalucia.es\/eeigloriafuertesejido\/files\/2023\/12\/ipasen-appel-1-300x189.jpg 300w, https:\/\/blogsaverroes.juntadeandalucia.es\/eeigloriafuertesejido\/files\/2023\/12\/ipasen-appel-1-768x484.jpg 768w, https:\/\/blogsaverroes.juntadeandalucia.es\/eeigloriafuertesejido\/files\/2023\/12\/ipasen-appel-1.jpg 897w\" sizes=\"(max-width: 300px) 100vw, 300px\" \/> <img loading=\"lazy\" decoding=\"async\" class=\"alignnone size-medium wp-image-4220\" src=\"https:\/\/blogsaverroes.juntadeandalucia.es\/eeigloriafuertesejido\/files\/2023\/12\/ipasen-android2-300x198.jpg\" alt=\"\" width=\"300\" height=\"198\" srcset=\"https:\/\/blogsaverroes.juntadeandalucia.es\/eeigloriafuertesejido\/files\/2023\/12\/ipasen-android2-300x198.jpg 300w, https:\/\/blogsaverroes.juntadeandalucia.es\/eeigloriafuertesejido\/files\/2023\/12\/ipasen-android2-768x507.jpg 768w, https:\/\/blogsaverroes.juntadeandalucia.es\/eeigloriafuertesejido\/files\/2023\/12\/ipasen-android2.jpg 1002w\" sizes=\"(max-width: 300px) 100vw, 300px\" \/><\/p>\n<p>2. <a href=\"https:\/\/www.youtube.com\/watch?v=wL8DKGU8xL4\">Recuperar contrase\u00f1a<\/a><\/p>\n<p>3. <a href=\"https:\/\/www.youtube.com\/watch?v=3D1UBSi-dmo\">Ver las calificaciones o \u00abNotas\u00bb&nbsp;<\/a>&nbsp;<\/p>\n<p>4. <a href=\"https:\/\/www.youtube.com\/watch?v=dEYw2fJRlgA\">Justificar faltas&nbsp;<\/a><\/p>\n<p>&nbsp;<\/p>\n<p style=\"text-align: center\">Esperamos que os sea de utilidad<\/p>\n<p style=\"text-align: center\">Un saludo<\/p>\n","protected":false},"excerpt":{"rendered":"<p>Buenas familias, Para facilitaros la descarga y uso de la aplicaci\u00f3n de Ipasen hemos recopilado algunos tutoriales que os pueden servir de ayuda. \u00bfC\u00f3mo descargar&hellip;<\/p>\n","protected":false},"author":11179,"featured_media":0,"parent":0,"menu_order":0,"comment_status":"closed","ping_status":"closed","template":"","meta":{"ngg_post_thumbnail":0,"footnotes":"","_mc_calendar":[]},"aioseo_notices":[],"_links":{"self":[{"href":"https:\/\/blogsaverroes.juntadeandalucia.es\/eeigloriafuertesejido\/wp-json\/wp\/v2\/pages\/4274"}],"collection":[{"href":"https:\/\/blogsaverroes.juntadeandalucia.es\/eeigloriafuertesejido\/wp-json\/wp\/v2\/pages"}],"about":[{"href":"https:\/\/blogsaverroes.juntadeandalucia.es\/eeigloriafuertesejido\/wp-json\/wp\/v2\/types\/page"}],"author":[{"embeddable":true,"href":"https:\/\/blogsaverroes.juntadeandalucia.es\/eeigloriafuertesejido\/wp-json\/wp\/v2\/users\/11179"}],"replies":[{"embeddable":true,"href":"https:\/\/blogsaverroes.juntadeandalucia.es\/eeigloriafuertesejido\/wp-json\/wp\/v2\/comments?post=4274"}],"version-history":[{"count":2,"href":"https:\/\/blogsaverroes.juntadeandalucia.es\/eeigloriafuertesejido\/wp-json\/wp\/v2\/pages\/4274\/revisions"}],"predecessor-version":[{"id":4278,"href":"https:\/\/blogsaverroes.juntadeandalucia.es\/eeigloriafuertesejido\/wp-json\/wp\/v2\/pages\/4274\/revisions\/4278"}],"wp:attachment":[{"href":"https:\/\/blogsaverroes.juntadeandalucia.es\/eeigloriafuertesejido\/wp-json\/wp\/v2\/media?parent=4274"}],"curies":[{"name":"wp","href":"https:\/\/api.w.org\/{rel}","templated":true}]}}