{"id":44,"date":"2015-03-13T08:42:15","date_gmt":"2015-03-13T08:42:15","guid":{"rendered":"http:\/\/blogsaverroes.juntadeandalucia.es\/pre\/ceip\/?page_id=44"},"modified":"2023-11-30T11:25:58","modified_gmt":"2023-11-30T11:25:58","slug":"planes-y-proyectos","status":"publish","type":"page","link":"https:\/\/blogsaverroes.juntadeandalucia.es\/eeigloriafuertesejido\/planes-y-proyectos\/","title":{"rendered":"Planes y Programas"},"content":{"rendered":"<p>&nbsp;<\/p>\n<ul>\n<li><strong>Plan de igualdad de g\u00e9nero en educaci\u00f3n.<\/strong><\/li>\n<li><strong>Prevenci\u00f3n de la Violencia de G\u00e9nero (pacto de estado)<\/strong><\/li>\n<li><strong>Organizaci\u00f3n y Funcionamiento de la Biblioteca<\/strong><\/li>\n<li><strong>Convivencia Escolar<\/strong><\/li>\n<li><strong>Red Andaluza Escuela: \u00abEspacio de Paz\u00bb.<\/strong><\/li>\n<li><strong>Pacto de Estado contra la violencia de g\u00e9nero.<\/strong><\/li>\n<li><strong>Plan Impulsa Inclusi\u00f3n.<\/strong><\/li>\n<li><strong>Plan de salud laboral y PRL (autoprotecci\u00f3n).<\/strong><\/li>\n<li><strong>Transformaci\u00f3n Digital Educativa (TDE)<\/strong><\/li>\n<li><b>Pr\u00e1cticum Grado Maestro<\/b><\/li>\n<\/ul>\n<p>&nbsp;<\/p>\n","protected":false},"excerpt":{"rendered":"<p>&nbsp; Plan de igualdad de g\u00e9nero en educaci\u00f3n. Prevenci\u00f3n de la Violencia de G\u00e9nero (pacto de estado) Organizaci\u00f3n y Funcionamiento de la Biblioteca Convivencia Escolar&hellip;<\/p>\n","protected":false},"author":1,"featured_media":0,"parent":0,"menu_order":0,"comment_status":"closed","ping_status":"closed","template":"","meta":{"ngg_post_thumbnail":0,"footnotes":"","_mc_calendar":[]},"aioseo_notices":[],"_links":{"self":[{"href":"https:\/\/blogsaverroes.juntadeandalucia.es\/eeigloriafuertesejido\/wp-json\/wp\/v2\/pages\/44"}],"collection":[{"href":"https:\/\/blogsaverroes.juntadeandalucia.es\/eeigloriafuertesejido\/wp-json\/wp\/v2\/pages"}],"about":[{"href":"https:\/\/blogsaverroes.juntadeandalucia.es\/eeigloriafuertesejido\/wp-json\/wp\/v2\/types\/page"}],"author":[{"embeddable":true,"href":"https:\/\/blogsaverroes.juntadeandalucia.es\/eeigloriafuertesejido\/wp-json\/wp\/v2\/users\/1"}],"replies":[{"embeddable":true,"href":"https:\/\/blogsaverroes.juntadeandalucia.es\/eeigloriafuertesejido\/wp-json\/wp\/v2\/comments?post=44"}],"version-history":[{"count":8,"href":"https:\/\/blogsaverroes.juntadeandalucia.es\/eeigloriafuertesejido\/wp-json\/wp\/v2\/pages\/44\/revisions"}],"predecessor-version":[{"id":4179,"href":"https:\/\/blogsaverroes.juntadeandalucia.es\/eeigloriafuertesejido\/wp-json\/wp\/v2\/pages\/44\/revisions\/4179"}],"wp:attachment":[{"href":"https:\/\/blogsaverroes.juntadeandalucia.es\/eeigloriafuertesejido\/wp-json\/wp\/v2\/media?parent=44"}],"curies":[{"name":"wp","href":"https:\/\/api.w.org\/{rel}","templated":true}]}}