{"id":850,"date":"2020-12-18T08:41:27","date_gmt":"2020-12-18T07:41:27","guid":{"rendered":"https:\/\/blogsaverroes.juntadeandalucia.es\/pre\/plantilla-pencil\/?page_id=850"},"modified":"2024-01-17T13:05:24","modified_gmt":"2024-01-17T12:05:24","slug":"planes-y-proyectos","status":"publish","type":"page","link":"https:\/\/blogsaverroes.juntadeandalucia.es\/eeimariadelcarmengutierrez\/planes-y-proyectos\/","title":{"rendered":"Planes y Proyectos"},"content":{"rendered":"<p>[et_pb_section fb_built=&#8221;1&#8243; _builder_version=&#8221;3.22&#8243; global_colors_info=&#8221;{}&#8221;][et_pb_row _builder_version=&#8221;3.25&#8243; background_size=&#8221;initial&#8221; background_position=&#8221;top_left&#8221; background_repeat=&#8221;repeat&#8221; global_colors_info=&#8221;{}&#8221;][et_pb_column type=&#8221;4_4&#8243; _builder_version=&#8221;3.25&#8243; custom_padding=&#8221;|||&#8221; global_colors_info=&#8221;{}&#8221; custom_padding__hover=&#8221;|||&#8221;][et_pb_text _builder_version=&#8221;4.5.0&#8243; _module_preset=&#8221;default&#8221; global_colors_info=&#8221;{}&#8221;]<\/p>\n<h1><img loading=\"lazy\" decoding=\"async\" class=\"wp-image-21  alignright\" src=\"https:\/\/blogsaverroes.juntadeandalucia.es\/eeimariadelcarmengutierrez\/files\/2020\/01\/books-1245690_1920-300x200.jpg\" alt=\"\" width=\"401\" height=\"267\" \/><span style=\"font-family: 'comic sans ms', sans-serif;color: #000080;font-size: 24pt\">Plan de Centro de la E.E.I. Mar\u00eda del Carmen Guti\u00e9rrez.<\/span><\/h1>\n<p>&nbsp;<\/p>\n<p><span style=\"font-size: 14pt\">El Plan de Centro de la E.E.I. Mar\u00eda del Carmen Guti\u00e9rrez se compone del Proyecto Educativo, Reglamento de Organizaci\u00f3n y Funcionamiento y Proyecto de Gesti\u00f3n Econ\u00f3mica.<\/span><\/p>\n<p><span style=\"font-size: 14pt\">Los documentos anteriormente citados est\u00e1n en constante revisi\u00f3n debido a los procesos de autoevaluaci\u00f3n y mejora. Por tanto, pueden sufrir modificaciones una vez sean presentados los mismos en el Consejo Escolar.<\/span><\/p>\n<p>[\/et_pb_text][\/et_pb_column][\/et_pb_row][et_pb_row column_structure=&#8221;1_5,1_5,1_5,1_5,1_5&#8243; _builder_version=&#8221;4.14.5&#8243; _module_preset=&#8221;default&#8221; border_width_all=&#8221;4px&#8221; border_color_all=&#8221;#8300E9&#8243; global_colors_info=&#8221;{}&#8221;][et_pb_column type=&#8221;1_5&#8243; _builder_version=&#8221;4.5.0&#8243; _module_preset=&#8221;default&#8221; global_colors_info=&#8221;{}&#8221;][et_pb_accordion open_toggle_text_color=&#8221;#ffffff&#8221; open_toggle_background_color=&#8221;#c88bda&#8221; closed_toggle_text_color=&#8221;#ffffff&#8221; closed_toggle_background_color=&#8221;#c88bda&#8221; icon_color=&#8221;#ffffff&#8221; _builder_version=&#8221;4.14.5&#8243; _module_preset=&#8221;default&#8221; toggle_text_color=&#8221;#ffffff&#8221; toggle_level=&#8221;h4&#8243; toggle_font=&#8221;ABeeZee||||||||&#8221; toggle_text_align=&#8221;center&#8221; toggle_font_size=&#8221;20px&#8221; toggle_line_height=&#8221;1.5em&#8221; body_font=&#8221;|600|||||||&#8221; body_text_align=&#8221;center&#8221; body_text_color=&#8221;#ffffff&#8221; text_orientation=&#8221;center&#8221; module_alignment=&#8221;center&#8221; toggle_text_shadow_style=&#8221;preset1&#8243; toggle_text_shadow_vertical_length=&#8221;0.01em&#8221; toggle_text_shadow_blur_strength=&#8221;0.2em&#8221; toggle_text_shadow_color=&#8221;#d6d6d6&#8243; border_width_all=&#8221;5px&#8221; border_color_all=&#8221;#8324db&#8221; border_style_all=&#8221;ridge&#8221; box_shadow_style=&#8221;preset1&#8243; global_colors_info=&#8221;{}&#8221;][et_pb_accordion_item title=&#8221;Proyecto Educativo&#8221; open=&#8221;on&#8221; _builder_version=&#8221;4.14.5&#8243; _module_preset=&#8221;default&#8221; global_colors_info=&#8221;{}&#8221;]<\/p>\n<p>En este documento se concretan las finalidades de la Comunidad Educativa en cuanto al tipo de persona que queremos formar. En \u00e9l se recogen los planteamientos educativos de car\u00e1cter general: principios de identidad, objetivos, contenidos\u2026<\/p>\n<p><a href=\"https:\/\/drive.google.com\/file\/d\/1unATc9SxSLQQrlQT5GVmAth9L7dw0g6g\/view?usp=sharing\"><span style=\"text-decoration: underline\">Ver Documento<\/span><\/a><\/p>\n<p>[\/et_pb_accordion_item][\/et_pb_accordion][\/et_pb_column][et_pb_column type=&#8221;1_5&#8243; _builder_version=&#8221;4.5.0&#8243; _module_preset=&#8221;default&#8221; global_colors_info=&#8221;{}&#8221;][et_pb_accordion _builder_version=&#8221;4.14.5&#8243; _module_preset=&#8221;default&#8221; body_font=&#8221;|600|||||||&#8221; body_text_align=&#8221;center&#8221; body_text_color=&#8221;#ffffff&#8221; global_colors_info=&#8221;{}&#8221;][et_pb_accordion_item title=&#8221;Reglamento de Organizaci\u00f3n y Funcionamiento &#8221; open=&#8221;on&#8221; open_toggle_text_color=&#8221;#ffffff&#8221; open_toggle_background_color=&#8221;#c88bda&#8221; closed_toggle_text_color=&#8221;#ffffff&#8221; closed_toggle_background_color=&#8221;#c88bda&#8221; icon_color=&#8221;#ffffff&#8221; _builder_version=&#8221;4.14.5&#8243; _module_preset=&#8221;default&#8221; text_orientation=&#8221;center&#8221; border_width_all=&#8221;5px&#8221; border_color_all=&#8221;#8300e9&#8243; border_style_all=&#8221;ridge&#8221; box_shadow_style=&#8221;preset1&#8243; global_colors_info=&#8221;{}&#8221; toggle_text_color=&#8221;#ffffff&#8221; toggle_level=&#8221;h4&#8243; toggle_font=&#8221;||||||||&#8221; toggle_text_align=&#8221;center&#8221; toggle_font_size=&#8221;20px&#8221; toggle_line_height=&#8221;1.5em&#8221;]<\/p>\n<p>Este documento recoge el conjunto de normas que regulan la convivencia y establece la estructura organizativa del centro.<\/p>\n<p><span style=\"text-decoration: underline\"><a href=\"https:\/\/drive.google.com\/file\/d\/1gI1YATEdWNkpHuVbVPlIY6pB5yOjEhXP\/view?usp=sharing\">Ver Documento<\/a><\/span><\/p>\n<p>[\/et_pb_accordion_item][\/et_pb_accordion][\/et_pb_column][et_pb_column type=&#8221;1_5&#8243; _builder_version=&#8221;4.5.0&#8243; _module_preset=&#8221;default&#8221; global_colors_info=&#8221;{}&#8221;][et_pb_accordion _builder_version=&#8221;4.5.0&#8243; _module_preset=&#8221;default&#8221; hover_enabled=&#8221;0&#8243; global_colors_info=&#8221;{}&#8221; sticky_enabled=&#8221;0&#8243;][et_pb_accordion_item title=&#8221;Proyecto de Gesti\u00f3n&#8221; open=&#8221;on&#8221; open_toggle_text_color=&#8221;#ffffff&#8221; open_toggle_background_color=&#8221;#c88bda&#8221; closed_toggle_text_color=&#8221;#ffffff&#8221; closed_toggle_background_color=&#8221;#c88bda&#8221; icon_color=&#8221;#ffffff&#8221; _builder_version=&#8221;4.5.0&#8243; _module_preset=&#8221;default&#8221; body_font=&#8221;|600|||||||&#8221; body_text_align=&#8221;center&#8221; body_text_color=&#8221;#ffffff&#8221; text_orientation=&#8221;center&#8221; border_width_all=&#8221;5px&#8221; border_color_all=&#8221;#8324db&#8221; border_style_all=&#8221;ridge&#8221; box_shadow_style=&#8221;preset1&#8243; global_colors_info=&#8221;{}&#8221; toggle_text_color=&#8221;#ffffff&#8221; toggle_level=&#8221;h4&#8243; toggle_font=&#8221;ABeeZee||||||||&#8221; toggle_font_size=&#8221;20px&#8221; toggle_line_height=&#8221;1.3em&#8221; closed_toggle_text_align=&#8221;center&#8221;]<\/p>\n<p><span>Se define como el documento marco que desarrolla las l\u00edneas de la gesti\u00f3n econ\u00f3mica de forma que, desde la autonom\u00eda que tiene el centro, asigne dotacines econ\u00f3micas y materiales precisos para desarrollar los objetivos que se han establecido en los documentos anteriores.<\/span><\/p>\n<p><a href=\"https:\/\/drive.google.com\/file\/d\/1E6BIwvuRFb1zMafd9eApbKEdnauYbs3O\/view?usp=sharing\"><span style=\"text-decoration: underline\">Ver documento<\/span><\/a><\/p>\n<p>[\/et_pb_accordion_item][\/et_pb_accordion][\/et_pb_column][et_pb_column type=&#8221;1_5&#8243; _builder_version=&#8221;4.14.5&#8243; _module_preset=&#8221;default&#8221; global_colors_info=&#8221;{}&#8221;][et_pb_accordion admin_label=&#8221;Acorde\u00f3n&#8221; _builder_version=&#8221;4.14.5&#8243; _module_preset=&#8221;default&#8221; background_color=&#8221;#C88BDA&#8221; hover_enabled=&#8221;0&#8243; border_color_all=&#8221;#0C71C3&#8243; global_colors_info=&#8221;{}&#8221; sticky_enabled=&#8221;0&#8243;][et_pb_accordion_item title=&#8221;Plan Digital&#8221; open=&#8221;on&#8221; open_toggle_text_color=&#8221;#ffffff&#8221; open_toggle_background_color=&#8221;#c88bda&#8221; closed_toggle_text_color=&#8221;#ffffff&#8221; closed_toggle_background_color=&#8221;#c88bda&#8221; icon_color=&#8221;#ffffff&#8221; _builder_version=&#8221;4.14.5&#8243; _module_preset=&#8221;default&#8221; body_font=&#8221;|600|||||||&#8221; body_text_align=&#8221;center&#8221; body_text_color=&#8221;#ffffff&#8221; background_color=&#8221;#C88BDA&#8221; background_enable_color=&#8221;on&#8221; text_orientation=&#8221;center&#8221; border_width_all=&#8221;5px&#8221; border_color_all=&#8221;#8324db&#8221; border_style_all=&#8221;ridge&#8221; box_shadow_style=&#8221;preset1&#8243; global_colors_info=&#8221;{}&#8221; toggle_text_color=&#8221;#ffffff&#8221; toggle_level=&#8221;h4&#8243; toggle_font=&#8221;ABeeZee||||||||&#8221; toggle_font_size=&#8221;20px&#8221; toggle_line_height=&#8221;1.3em&#8221; closed_toggle_text_align=&#8221;center&#8221;]<\/p>\n<p>El Plan de Actuaci\u00f3n Digital (P.A.D) recoge la Transformaci\u00f3n digital del centro y se concibe como un documento vivo que contiene los acuerdos alcanzados en el centro con respecto a los objetivos generales del plan, las estrategias de dinamizaci\u00f3n y gesti\u00f3n de los recursos tecnol\u00f3gicos y la inclusi\u00f3n de las TIC en las diferentes concreciones curriculares.<\/p>\n<p><a href=\"https:\/\/drive.google.com\/file\/d\/1D5D5sn3myvNz_BsZ6VGWWLmwFFqPqjhE\/view?usp=sharing\"><span style=\"text-decoration: underline\">Ver documento<\/span><\/a><\/p>\n<p>[\/et_pb_accordion_item][\/et_pb_accordion][\/et_pb_column][et_pb_column type=&#8221;1_5&#8243; disabled_on=&#8221;off|off|off&#8221; _builder_version=&#8221;4.14.5&#8243; _module_preset=&#8221;default&#8221; global_colors_info=&#8221;{}&#8221;][\/et_pb_column][\/et_pb_row][\/et_pb_section][et_pb_section fb_built=&#8221;1&#8243; _builder_version=&#8221;4.14.5&#8243; _module_preset=&#8221;default&#8221; global_colors_info=&#8221;{}&#8221;][et_pb_row _builder_version=&#8221;4.14.5&#8243; _module_preset=&#8221;default&#8221; global_colors_info=&#8221;{}&#8221;][et_pb_column type=&#8221;4_4&#8243; _builder_version=&#8221;4.14.5&#8243; _module_preset=&#8221;default&#8221; global_colors_info=&#8221;{}&#8221;][et_pb_accordion _builder_version=&#8221;4.14.5&#8243; _module_preset=&#8221;default&#8221; global_colors_info=&#8221;{}&#8221;][\/et_pb_accordion][\/et_pb_column][\/et_pb_row][\/et_pb_section]<\/p>\n","protected":false},"excerpt":{"rendered":"<p>Plan de Centro de la E.E.I. Mar\u00eda del Carmen Guti\u00e9rrez. &nbsp; El Plan de Centro de la E.E.I. Mar\u00eda del Carmen Guti\u00e9rrez se compone del Proyecto Educativo, Reglamento de Organizaci\u00f3n y Funcionamiento y Proyecto de Gesti\u00f3n Econ\u00f3mica. Los documentos anteriormente citados est\u00e1n en constante revisi\u00f3n debido a los procesos de autoevaluaci\u00f3n y mejora. Por tanto, [&hellip;]<\/p>\n","protected":false},"author":7051,"featured_media":0,"parent":0,"menu_order":0,"comment_status":"closed","ping_status":"closed","template":"","meta":{"_et_pb_use_builder":"on","_et_pb_old_content":"","_et_gb_content_width":"","ngg_post_thumbnail":0,"footnotes":""},"aioseo_notices":[],"_links":{"self":[{"href":"https:\/\/blogsaverroes.juntadeandalucia.es\/eeimariadelcarmengutierrez\/wp-json\/wp\/v2\/pages\/850"}],"collection":[{"href":"https:\/\/blogsaverroes.juntadeandalucia.es\/eeimariadelcarmengutierrez\/wp-json\/wp\/v2\/pages"}],"about":[{"href":"https:\/\/blogsaverroes.juntadeandalucia.es\/eeimariadelcarmengutierrez\/wp-json\/wp\/v2\/types\/page"}],"author":[{"embeddable":true,"href":"https:\/\/blogsaverroes.juntadeandalucia.es\/eeimariadelcarmengutierrez\/wp-json\/wp\/v2\/users\/7051"}],"replies":[{"embeddable":true,"href":"https:\/\/blogsaverroes.juntadeandalucia.es\/eeimariadelcarmengutierrez\/wp-json\/wp\/v2\/comments?post=850"}],"version-history":[{"count":39,"href":"https:\/\/blogsaverroes.juntadeandalucia.es\/eeimariadelcarmengutierrez\/wp-json\/wp\/v2\/pages\/850\/revisions"}],"predecessor-version":[{"id":1661,"href":"https:\/\/blogsaverroes.juntadeandalucia.es\/eeimariadelcarmengutierrez\/wp-json\/wp\/v2\/pages\/850\/revisions\/1661"}],"wp:attachment":[{"href":"https:\/\/blogsaverroes.juntadeandalucia.es\/eeimariadelcarmengutierrez\/wp-json\/wp\/v2\/media?parent=850"}],"curies":[{"name":"wp","href":"https:\/\/api.w.org\/{rel}","templated":true}]}}