{"id":1113,"date":"2015-03-12T11:00:55","date_gmt":"2015-03-12T11:00:55","guid":{"rendered":"http:\/\/blogsaverroes.juntadeandalucia.es\/pre\/ceip\/?page_id=2"},"modified":"2017-10-03T09:05:37","modified_gmt":"2017-10-03T09:05:37","slug":"pagina-ejemplo-2","status":"publish","type":"page","link":"https:\/\/blogsaverroes.juntadeandalucia.es\/eeimenendezpidalconil\/pagina-ejemplo-2\/","title":{"rendered":"Inicio"},"content":{"rendered":"<div class=\"osc-res-tab tabbable   osc-tabs-left\"><div style=\"clear:both;width: 100%;\"><ul class=\"nav osc-res-nav nav-tabs osc-tabs-left-ul\" id=\"oscitas-restabs-1-pagina-ejemplo-2-62634\"><li class=\"active\"><a href=\"#ert_pane1-0\" data-toggle=\"tab\">Blogs Averroes<\/a><\/li><li class=\"\"><a href=\"#ert_pane1-1\" data-toggle=\"tab\">Wordpress<\/a><\/li><li class=\"\"><a href=\"#ert_pane1-2\" data-toggle=\"tab\">P\u00e1ginas y Men\u00fas<\/a><\/li><li class=\"\"><a href=\"#ert_pane1-3\" data-toggle=\"tab\">Categor\u00edas y Entradas<\/a><\/li><\/ul><\/div><div style=\"clear:both;width: 100%;\"><ul class=\"tab-content\" id=\"oscitas-restabcontent-1-pagina-ejemplo-2-62634\"><li class=\"tab-pane active\" id=\"ert_pane1-0\"><\/p>\n<p>La granja de Blogs Averroes es un servicio gratuito de la Consejer\u00eda de Educaci\u00f3n de la Junta de Andaluc\u00eda, que tiene como finalidad proporcionar a toda la Comunidad Educativa (docentes, centros educativos, AMPAS) un espacio propio para la creaci\u00f3n, administraci\u00f3n y publicaci\u00f3n de blogs y sitios web utilizando WordPress, de manera que les permita difundir sus experiencias educativas, publicar contenidos y actividades educativas o utilizarlo como recurso did\u00e1ctico en el aula.<\/p>\n<p>El contenido que se muestra estas p\u00e1ginas simula, con car\u00e1cter general, la apariencia Web de un centro educativo. Cada centro debe adaptar a sus necesidades la informaci\u00f3n que se ofrece, a\u00f1adiendo, modificando o eliminando los diferentes men\u00fas, p\u00e1ginas y entradas.<\/p>\n<p><\/li><li class=\"tab-pane \" id=\"ert_pane1-1\"><br \/>\nEs sofware libre, se distribuye bajo licencia GNU General Public License.<\/p>\n<p>Puede incorporar multitud de Temas (plantillas), plugins y widgets, que permiten personalizar f\u00e1cilmente nuestro blog o nuestro sitio web. Actualmente existen m\u00e1s de 2.700 temas y 38.000 plugins gratuitos, aunque en Blogs Averroes solo est\u00e1n disponibles algunos de ellos.<\/p>\n<p>Es muy f\u00e1cil de usar. Dispone de una interfaz amigable e intuitiva y no requiere conocimientos de programaci\u00f3n o lenguaje HTML.<\/p>\n<p>Se adapta a los dispositivos desde el que se visualiza, tabletas, smartphone, PC, port\u00e1tiles,\u2026<\/p>\n<p>Permite la participaci\u00f3n de distintos usuarios con distintos permisos:<\/p>\n<p>Administrador \u2013 Quien tiene acceso a todas las caracter\u00edsticas de administraci\u00f3n de un sitio en particular.<br \/>\nEditor \u2013 Quien puede publicar y editar entradas, propias y de otros usuarios.<br \/>\nAutor \u2013 Quien puede publicar y editar sus propias entradas.<br \/>\nColaborador \u2013 Quien puede escribir y editar sus propias entradas pero no publicarlas.<br \/>\nSubscriptor \u2013 Quien solamente puede editar su perfil.<\/p>\n<p>Tiene una gran comunidad de usuarios que ofrecen soporte.<\/p>\n<p><\/li><li class=\"tab-pane \" id=\"ert_pane1-2\"><\/p>\n<p>Al iniciar la construcci\u00f3n de un sitio Web, es necesario un proceso de reflexi\u00f3n sobre la informaci\u00f3n que un centro muestra sobre s\u00ed mismo en cuanto a las ense\u00f1anzas que imparte, profesorado, secretar\u00eda, servicios que oferta, ubicaci\u00f3n, etc. Es decir, todo aquello que tiene un car\u00e1cter m\u00e1s o menos general e institucional y que permite al visitante que accede a la Web hacerse una idea del centro, su funcionamiento y sus caracter\u00edsticas principales. Por esta raz\u00f3n, su contenido ser\u00eda fundamentalmente de tipo est\u00e1tico, ya que la informaci\u00f3n no precisar\u00eda de modificaciones continuas, siendo el concepto P\u00e1ginas el formato mas aconsejable para su construcci\u00f3n. Las p\u00e1ginas as\u00ed creadas deben ser organizadas en Men\u00fas coherentes y comprensibles para el visitante de la Web.<\/p>\n<p><\/li><li class=\"tab-pane \" id=\"ert_pane1-3\"><\/p>\n<p>Por otro lado, en todo centro se producen noticias y eventos, asociados a su funcionamiento, cuyo rasgo esencial es el car\u00e1cter din\u00e1mico de la informaci\u00f3n. Para estos contenidos el formato m\u00e1s apropiado es el de Entradas que, organizadas en Categor\u00edas, mantienen a la comunidad educativa informada de la vida del centro y de las actividades, acontecimientos o novedades de inter\u00e9s, posibilitando al mismo tiempo interactuar con los mismos y crear una red social.<\/p>\n<p><\/li><\/ul><\/div><\/div>\n","protected":false},"excerpt":{"rendered":"","protected":false},"author":1,"featured_media":0,"parent":0,"menu_order":0,"comment_status":"closed","ping_status":"open","template":"page-c.php","meta":{"ngg_post_thumbnail":0,"footnotes":"","_mc_calendar":[]},"aioseo_notices":[],"_links":{"self":[{"href":"https:\/\/blogsaverroes.juntadeandalucia.es\/eeimenendezpidalconil\/wp-json\/wp\/v2\/pages\/1113"}],"collection":[{"href":"https:\/\/blogsaverroes.juntadeandalucia.es\/eeimenendezpidalconil\/wp-json\/wp\/v2\/pages"}],"about":[{"href":"https:\/\/blogsaverroes.juntadeandalucia.es\/eeimenendezpidalconil\/wp-json\/wp\/v2\/types\/page"}],"author":[{"embeddable":true,"href":"https:\/\/blogsaverroes.juntadeandalucia.es\/eeimenendezpidalconil\/wp-json\/wp\/v2\/users\/1"}],"replies":[{"embeddable":true,"href":"https:\/\/blogsaverroes.juntadeandalucia.es\/eeimenendezpidalconil\/wp-json\/wp\/v2\/comments?post=1113"}],"version-history":[{"count":8,"href":"https:\/\/blogsaverroes.juntadeandalucia.es\/eeimenendezpidalconil\/wp-json\/wp\/v2\/pages\/1113\/revisions"}],"predecessor-version":[{"id":2110,"href":"https:\/\/blogsaverroes.juntadeandalucia.es\/eeimenendezpidalconil\/wp-json\/wp\/v2\/pages\/1113\/revisions\/2110"}],"wp:attachment":[{"href":"https:\/\/blogsaverroes.juntadeandalucia.es\/eeimenendezpidalconil\/wp-json\/wp\/v2\/media?parent=1113"}],"curies":[{"name":"wp","href":"https:\/\/api.w.org\/{rel}","templated":true}]}}